{"id":79601,"date":"2022-03-25T07:18:09","date_gmt":"2022-03-25T06:18:09","guid":{"rendered":"https:\/\/albatrossglobal.org\/%e6%a8%a1%e5%9d%97-%e6%b0%b4%e8%bf%87%e6%bb%a4\/"},"modified":"2022-12-09T10:13:37","modified_gmt":"2022-12-09T09:13:37","slug":"%e6%a8%a1%e5%9d%97-%e6%b0%b4%e8%bf%87%e6%bb%a4","status":"publish","type":"page","link":"https:\/\/albatrossglobal.org\/zh-hans\/%e6%a8%a1%e5%9d%97-%e6%b0%b4%e8%bf%87%e6%bb%a4\/","title":{"rendered":"\u6a21\u5757 &#8211; \u6c34\u8fc7\u6ee4"},"content":{"rendered":"\n<div class=\"wp-block-cover alignfull is-light is-position-center-center\" style=\"min-height:600px;aspect-ratio:unset;\"><span aria-hidden=\"true\" class=\"has-ast-global-color-2-background-color has-background-dim-40 wp-block-cover__gradient-background has-background-dim\"><\/span><img decoding=\"async\" width=\"1920\" height=\"1280\" class=\"wp-block-cover__image-background wp-image-641 lazyload\" alt=\"\" data-src=\"https:\/\/albatrossglobal.org\/wp-content\/uploads\/2022\/03\/drop-of-water-578897_1920.jpg\" data-object-fit=\"cover\" data-srcset=\"https:\/\/albatrossglobal.org\/wp-content\/uploads\/2022\/03\/drop-of-water-578897_1920.jpg 1920w, https:\/\/albatrossglobal.org\/wp-content\/uploads\/2022\/03\/drop-of-water-578897_1920-300x200.jpg 300w, https:\/\/albatrossglobal.org\/wp-content\/uploads\/2022\/03\/drop-of-water-578897_1920-1024x683.jpg 1024w, https:\/\/albatrossglobal.org\/wp-content\/uploads\/2022\/03\/drop-of-water-578897_1920-768x512.jpg 768w, https:\/\/albatrossglobal.org\/wp-content\/uploads\/2022\/03\/drop-of-water-578897_1920-1536x1024.jpg 1536w\" data-sizes=\"(max-width: 1920px) 100vw, 1920px\" src=\"data:image\/svg+xml;base64,PHN2ZyB3aWR0aD0iMSIgaGVpZ2h0PSIxIiB4bWxucz0iaHR0cDovL3d3dy53My5vcmcvMjAwMC9zdmciPjwvc3ZnPg==\" style=\"--smush-placeholder-width: 1920px; --smush-placeholder-aspect-ratio: 1920\/1280;\" \/><div class=\"wp-block-cover__inner-container is-layout-flow wp-block-cover-is-layout-flow\">\n<h1 class=\"has-text-align-center has-text-color wp-block-heading\" style=\"color:#ffffff\">\u6c34\u8fc7\u6ee4<\/h1>\n<\/div><\/div>\n\n<section class=\"wp-block-uagb-section uagb-section__wrap uagb-section__background-undefined uagb-block-b5b66816\"><div class=\"uagb-section__overlay\"><\/div><div class=\"uagb-section__inner-wrap\">\n<p>\u6c34\u662f\u7531H2O\u5206\u5b50\u7ec4\u6210\u7684\u5316\u5b66\u7269\u8d28\u3002 \u6c34\u5929\u7136\u5b58\u5728\u4e8e\u6d77\u6d0b\u3001\u6e56\u6cca\u548c\u6cb3\u6d41\u4e2d\uff0c\u4f46\u4e5f\u5b58\u5728\u4e8e\u5730\u4e0b\u6c34\u4e2d\u3002 \u6211\u4eec\u6d74\u5ba4\u548c\u53a8\u623f\u7684\u6c34\u4e3b\u8981\u6765\u81ea\u540e\u4e24\u4e2a\u6765\u6e90\u3002<\/p>\n\n\n\n<p>\u4f46\u5728\u5230\u8fbe\u6211\u4eec\u7684\u6c34\u9f99\u5934\u4e4b\u524d\uff0c\u6c34\u5fc5\u987b\u7ecf\u8fc7\u4e00\u7cfb\u5217\u5904\u7406\u624d\u80fd\u201c\u6e05\u9664\u201d\u5176\u4e2d\u7684\u6742\u8d28\u548c\u6c61\u67d3\u7269\u3002 \u7136\u540e\u5b83\u901a\u8fc7\u4e00\u4e2a\u6c34\u5904\u7406\u5382\uff0c\u4e5f\u79f0\u4e3a\u5e9f\u6c34\u5904\u7406\u5382&#8230;&#8230;<\/p>\n\n\n\n<p>\u4f46\u662f\u4e4b\u540e\uff0c <strong>\u5982\u4f55\u201c\u6e05\u6d01\u201d\u6c34\uff1f \u8fc7\u6ee4\u7684\u9636\u6bb5\u662f\u4ec0\u4e48\uff1f<\/strong><\/p>\n\n\n\n<p>\u8fd9\u5c31\u662f\u60a8\u5c06\u5728\u7531 CNRS-LIRIS \u5f00\u53d1\u7684 Saphir \u5e94\u7528\u7a0b\u5e8f\u7684\u201c\u6c34\u8fc7\u6ee4\u201d\u6a21\u5757\u4e2d\u53d1\u73b0\u7684\u5185\u5bb9\u3002 <a href=\"https:\/\/saphir.univ-lyon1.fr\/\" target=\"_blank\" rel=\"noreferrer noopener\">\u4e0b\u8f7d SAPHIR \u5e94\u7528\u7a0b\u5e8f\u3002<\/a><\/p>\n\n\n\n<figure class=\"wp-block-gallery has-nested-images columns-default is-cropped wp-block-gallery-1 is-layout-flex wp-block-gallery-is-layout-flex\">\n<figure class=\"wp-block-image size-large\"><img decoding=\"async\" width=\"744\" height=\"493\" data-id=\"1839\" data-src=\"https:\/\/albatrossglobal.org\/wp-content\/uploads\/2022\/05\/waterfall-5523833_1280-1.jpg\" alt=\"\" class=\"wp-image-1839 lazyload\" data-srcset=\"https:\/\/albatrossglobal.org\/wp-content\/uploads\/2022\/05\/waterfall-5523833_1280-1.jpg 744w, https:\/\/albatrossglobal.org\/wp-content\/uploads\/2022\/05\/waterfall-5523833_1280-1-300x199.jpg 300w\" data-sizes=\"(max-width: 744px) 100vw, 744px\" src=\"data:image\/svg+xml;base64,PHN2ZyB3aWR0aD0iMSIgaGVpZ2h0PSIxIiB4bWxucz0iaHR0cDovL3d3dy53My5vcmcvMjAwMC9zdmciPjwvc3ZnPg==\" style=\"--smush-placeholder-width: 744px; --smush-placeholder-aspect-ratio: 744\/493;\" \/><\/figure>\n\n\n<figure class=\"wp-block-image size-large\"><img decoding=\"async\" width=\"800\" height=\"433\" data-id=\"1840\" data-src=\"https:\/\/albatrossglobal.org\/wp-content\/uploads\/2022\/05\/station-epuration-1.jpg\" alt=\"\" class=\"wp-image-1840 lazyload\" data-srcset=\"https:\/\/albatrossglobal.org\/wp-content\/uploads\/2022\/05\/station-epuration-1.jpg 800w, https:\/\/albatrossglobal.org\/wp-content\/uploads\/2022\/05\/station-epuration-1-300x162.jpg 300w, https:\/\/albatrossglobal.org\/wp-content\/uploads\/2022\/05\/station-epuration-1-768x416.jpg 768w\" data-sizes=\"(max-width: 800px) 100vw, 800px\" src=\"data:image\/svg+xml;base64,PHN2ZyB3aWR0aD0iMSIgaGVpZ2h0PSIxIiB4bWxucz0iaHR0cDovL3d3dy53My5vcmcvMjAwMC9zdmciPjwvc3ZnPg==\" style=\"--smush-placeholder-width: 800px; --smush-placeholder-aspect-ratio: 800\/433;\" \/><\/figure>\n\n\n<figure class=\"wp-block-image size-large\"><img decoding=\"async\" width=\"640\" height=\"457\" data-id=\"1841\" data-src=\"https:\/\/albatrossglobal.org\/wp-content\/uploads\/2022\/05\/pexels-pixabay-416528-1.jpg\" alt=\"\" class=\"wp-image-1841 lazyload\" data-srcset=\"https:\/\/albatrossglobal.org\/wp-content\/uploads\/2022\/05\/pexels-pixabay-416528-1.jpg 640w, https:\/\/albatrossglobal.org\/wp-content\/uploads\/2022\/05\/pexels-pixabay-416528-1-300x214.jpg 300w\" data-sizes=\"(max-width: 640px) 100vw, 640px\" src=\"data:image\/svg+xml;base64,PHN2ZyB3aWR0aD0iMSIgaGVpZ2h0PSIxIiB4bWxucz0iaHR0cDovL3d3dy53My5vcmcvMjAwMC9zdmciPjwvc3ZnPg==\" style=\"--smush-placeholder-width: 640px; --smush-placeholder-aspect-ratio: 640\/457;\" \/><\/figure><\/figure>\n\n\n\n<div style=\"height:30px\" aria-hidden=\"true\" class=\"wp-block-spacer\"><\/div>\n\n\n\n<p class=\"has-text-align-left\">Saphir \u6c34\u8fc7\u6ee4\u6a21\u5757\u5141\u8bb8\u60a8\uff1a<\/p>\n\n\n<div class=\"wp-block-uagb-faq uagb-faq__outer-wrap uagb-block-3cf9a436 uagb-faq-icon-row uagb-faq-layout-accordion uagb-faq-expand-first-true uagb-faq-inactive-other-true uagb-faq__wrap uagb-buttons-layout-wrap uagb-faq-equal-height     \" data-faqtoggle=\"true\" role=\"tablist\"><div class=\"wp-block-uagb-faq-child uagb-faq-child__outer-wrap uagb-faq-item uagb-block-d8cded42 \" role=\"tab\" tabindex=\"0\"><div class=\"uagb-faq-questions-button uagb-faq-questions\">\t\t\t<span class=\"uagb-icon uagb-faq-icon-wrap\">\n\t\t\t\t\t\t\t\t<svg xmlns=\"https:\/\/www.w3.org\/2000\/svg\" viewBox= \"0 0 448 512\"><path d=\"M432 256c0 17.69-14.33 32.01-32 32.01H256v144c0 17.69-14.33 31.99-32 31.99s-32-14.3-32-31.99v-144H48c-17.67 0-32-14.32-32-32.01s14.33-31.99 32-31.99H192v-144c0-17.69 14.33-32.01 32-32.01s32 14.32 32 32.01v144h144C417.7 224 432 238.3 432 256z\"><\/path><\/svg>\n\t\t\t\t\t\t\t<\/span>\n\t\t\t\t\t\t<span class=\"uagb-icon-active uagb-faq-icon-wrap\">\n\t\t\t\t\t\t\t\t<svg xmlns=\"https:\/\/www.w3.org\/2000\/svg\" viewBox= \"0 0 448 512\"><path d=\"M400 288h-352c-17.69 0-32-14.32-32-32.01s14.31-31.99 32-31.99h352c17.69 0 32 14.3 32 31.99S417.7 288 400 288z\"><\/path><\/svg>\n\t\t\t\t\t\t\t<\/span>\n\t\t\t<span class=\"uagb-question\">Pr\u00e9senter aux enfants ce qu&#8217;est l&#8217;eau<\/span><\/div><div class=\"uagb-faq-content\"><p>Lorem ipsum dolor sit amet, consectetur adipiscing elit, sed do eiusmod tempor incididunt ut labore et dolore magna aliqua. Ut enim ad minim veniam, quis nostrud exercitation ullamco laboris nisi ut aliquip ex ea commodo consequat.<\/p><\/div><\/div><div class=\"wp-block-uagb-faq-child uagb-faq-child__outer-wrap uagb-faq-item uagb-block-d23b7853 \" role=\"tab\" tabindex=\"0\"><div class=\"uagb-faq-questions-button uagb-faq-questions\">\t\t\t<span class=\"uagb-icon uagb-faq-icon-wrap\">\n\t\t\t\t\t\t\t\t<svg xmlns=\"https:\/\/www.w3.org\/2000\/svg\" viewBox= \"0 0 448 512\"><path d=\"M432 256c0 17.69-14.33 32.01-32 32.01H256v144c0 17.69-14.33 31.99-32 31.99s-32-14.3-32-31.99v-144H48c-17.67 0-32-14.32-32-32.01s14.33-31.99 32-31.99H192v-144c0-17.69 14.33-32.01 32-32.01s32 14.32 32 32.01v144h144C417.7 224 432 238.3 432 256z\"><\/path><\/svg>\n\t\t\t\t\t\t\t<\/span>\n\t\t\t\t\t\t<span class=\"uagb-icon-active uagb-faq-icon-wrap\">\n\t\t\t\t\t\t\t\t<svg xmlns=\"https:\/\/www.w3.org\/2000\/svg\" viewBox= \"0 0 448 512\"><path d=\"M400 288h-352c-17.69 0-32-14.32-32-32.01s14.31-31.99 32-31.99h352c17.69 0 32 14.3 32 31.99S417.7 288 400 288z\"><\/path><\/svg>\n\t\t\t\t\t\t\t<\/span>\n\t\t\t<span class=\"uagb-question\">Expliquer pourquoi il est n\u00e9cessaire de la filtrer<\/span><\/div><div class=\"uagb-faq-content\"><p>Lorem ipsum dolor sit amet, consectetur adipiscing elit, sed do eiusmod tempor incididunt ut labore et dolore magna aliqua. Ut enim ad minim veniam, quis nostrud exercitation ullamco laboris nisi ut aliquip ex ea commodo consequat.<\/p><\/div><\/div><div class=\"wp-block-uagb-faq-child uagb-faq-child__outer-wrap uagb-faq-item uagb-block-d61ba15a \" role=\"tab\" tabindex=\"0\"><div class=\"uagb-faq-questions-button uagb-faq-questions\">\t\t\t<span class=\"uagb-icon uagb-faq-icon-wrap\">\n\t\t\t\t\t\t\t\t<svg xmlns=\"https:\/\/www.w3.org\/2000\/svg\" viewBox= \"0 0 448 512\"><path d=\"M432 256c0 17.69-14.33 32.01-32 32.01H256v144c0 17.69-14.33 31.99-32 31.99s-32-14.3-32-31.99v-144H48c-17.67 0-32-14.32-32-32.01s14.33-31.99 32-31.99H192v-144c0-17.69 14.33-32.01 32-32.01s32 14.32 32 32.01v144h144C417.7 224 432 238.3 432 256z\"><\/path><\/svg>\n\t\t\t\t\t\t\t<\/span>\n\t\t\t\t\t\t<span class=\"uagb-icon-active uagb-faq-icon-wrap\">\n\t\t\t\t\t\t\t\t<svg xmlns=\"https:\/\/www.w3.org\/2000\/svg\" viewBox= \"0 0 448 512\"><path d=\"M400 288h-352c-17.69 0-32-14.32-32-32.01s14.31-31.99 32-31.99h352c17.69 0 32 14.3 32 31.99S417.7 288 400 288z\"><\/path><\/svg>\n\t\t\t\t\t\t\t<\/span>\n\t\t\t<span class=\"uagb-question\">Montrer comment nous filtrons l&#8217;eau \u00e0 grande \u00e9chelle<\/span><\/div><div class=\"uagb-faq-content\"><p>Lorem ipsum dolor sit amet, consectetur adipiscing elit, sed do eiusmod tempor incididunt ut labore et dolore magna aliqua. Ut enim ad minim veniam, quis nostrud exercitation ullamco laboris nisi ut aliquip ex ea commodo consequat.<\/p><\/div><\/div><div class=\"wp-block-uagb-faq-child uagb-faq-child__outer-wrap uagb-faq-item uagb-block-bdc66c07 \" role=\"tab\" tabindex=\"0\"><div class=\"uagb-faq-questions-button uagb-faq-questions\">\t\t\t<span class=\"uagb-icon uagb-faq-icon-wrap\">\n\t\t\t\t\t\t\t\t<svg xmlns=\"https:\/\/www.w3.org\/2000\/svg\" viewBox= \"0 0 448 512\"><path d=\"M432 256c0 17.69-14.33 32.01-32 32.01H256v144c0 17.69-14.33 31.99-32 31.99s-32-14.3-32-31.99v-144H48c-17.67 0-32-14.32-32-32.01s14.33-31.99 32-31.99H192v-144c0-17.69 14.33-32.01 32-32.01s32 14.32 32 32.01v144h144C417.7 224 432 238.3 432 256z\"><\/path><\/svg>\n\t\t\t\t\t\t\t<\/span>\n\t\t\t\t\t\t<span class=\"uagb-icon-active uagb-faq-icon-wrap\">\n\t\t\t\t\t\t\t\t<svg xmlns=\"https:\/\/www.w3.org\/2000\/svg\" viewBox= \"0 0 448 512\"><path d=\"M400 288h-352c-17.69 0-32-14.32-32-32.01s14.31-31.99 32-31.99h352c17.69 0 32 14.3 32 31.99S417.7 288 400 288z\"><\/path><\/svg>\n\t\t\t\t\t\t\t<\/span>\n\t\t\t<span class=\"uagb-question\">Expliquer qu&#8217;il est possible de filtrer l&#8217;eau soi-m\u00eame<\/span><\/div><div class=\"uagb-faq-content\"><p>Lorem ipsum dolor sit amet, consectetur adipiscing elit, sed do eiusmod tempor incididunt ut labore et dolore magna aliqua. Ut enim ad minim veniam, quis nostrud exercitation ullamco laboris nisi ut aliquip ex ea commodo consequat.<\/p><\/div><\/div><div class=\"wp-block-uagb-faq-child uagb-faq-child__outer-wrap uagb-faq-item uagb-block-f4579eef \" role=\"tab\" tabindex=\"0\"><div class=\"uagb-faq-questions-button uagb-faq-questions\">\t\t\t<span class=\"uagb-icon uagb-faq-icon-wrap\">\n\t\t\t\t\t\t\t\t<svg xmlns=\"https:\/\/www.w3.org\/2000\/svg\" viewBox= \"0 0 448 512\"><path d=\"M432 256c0 17.69-14.33 32.01-32 32.01H256v144c0 17.69-14.33 31.99-32 31.99s-32-14.3-32-31.99v-144H48c-17.67 0-32-14.32-32-32.01s14.33-31.99 32-31.99H192v-144c0-17.69 14.33-32.01 32-32.01s32 14.32 32 32.01v144h144C417.7 224 432 238.3 432 256z\"><\/path><\/svg>\n\t\t\t\t\t\t\t<\/span>\n\t\t\t\t\t\t<span class=\"uagb-icon-active uagb-faq-icon-wrap\">\n\t\t\t\t\t\t\t\t<svg xmlns=\"https:\/\/www.w3.org\/2000\/svg\" viewBox= \"0 0 448 512\"><path d=\"M400 288h-352c-17.69 0-32-14.32-32-32.01s14.31-31.99 32-31.99h352c17.69 0 32 14.3 32 31.99S417.7 288 400 288z\"><\/path><\/svg>\n\t\t\t\t\t\t\t<\/span>\n\t\t\t<span class=\"uagb-question\">D\u00e9montrer par une simple exp\u00e9rience scientifique comment la filtration de l&#8217;eau par soi-m\u00eame est possible <\/span><\/div><div class=\"uagb-faq-content\"><p>Lorem ipsum dolor sit amet, consectetur adipiscing elit, sed do eiusmod tempor incididunt ut labore et dolore magna aliqua. Ut enim ad minim veniam, quis nostrud exercitation ullamco laboris nisi ut aliquip ex ea commodo consequat.<\/p><\/div><\/div><div class=\"wp-block-uagb-faq-child uagb-faq-child__outer-wrap uagb-faq-item uagb-block-575f6b77 \" role=\"tab\" tabindex=\"0\"><div class=\"uagb-faq-questions-button uagb-faq-questions\">\t\t\t<span class=\"uagb-icon uagb-faq-icon-wrap\">\n\t\t\t\t\t\t\t\t<svg xmlns=\"https:\/\/www.w3.org\/2000\/svg\" viewBox= \"0 0 448 512\"><path d=\"M432 256c0 17.69-14.33 32.01-32 32.01H256v144c0 17.69-14.33 31.99-32 31.99s-32-14.3-32-31.99v-144H48c-17.67 0-32-14.32-32-32.01s14.33-31.99 32-31.99H192v-144c0-17.69 14.33-32.01 32-32.01s32 14.32 32 32.01v144h144C417.7 224 432 238.3 432 256z\"><\/path><\/svg>\n\t\t\t\t\t\t\t<\/span>\n\t\t\t\t\t\t<span class=\"uagb-icon-active uagb-faq-icon-wrap\">\n\t\t\t\t\t\t\t\t<svg xmlns=\"https:\/\/www.w3.org\/2000\/svg\" viewBox= \"0 0 448 512\"><path d=\"M400 288h-352c-17.69 0-32-14.32-32-32.01s14.31-31.99 32-31.99h352c17.69 0 32 14.3 32 31.99S417.7 288 400 288z\"><\/path><\/svg>\n\t\t\t\t\t\t\t<\/span>\n\t\t\t<span class=\"uagb-question\">Aider les enfants \u00e0 assimiler ce savoir via diff\u00e9rents exercices (Quizz, m\u00e9mo, associations et exp\u00e9riences)<\/span><\/div><div class=\"uagb-faq-content\"><p>Lorem ipsum dolor sit amet, consectetur adipiscing elit, sed do eiusmod tempor incididunt ut labore et dolore magna aliqua. Ut enim ad minim veniam, quis nostrud exercitation ullamco laboris nisi ut aliquip ex ea commodo consequat.<\/p><\/div><\/div><\/div>\n\n\n<p> <\/p>\n\n\n\n<p>\u5982\u679c\u60a8\u60f3\u4e86\u89e3\u66f4\u591a\u4fe1\u606f\uff0c\u6211\u4eec\u9080\u8bf7\u60a8\u8bd5\u7528\u6211\u4eec<a href=\"https:\/\/saphir.univ-lyon1.fr\/\" target=\"_blank\" rel=\"noopener\">Saphir<\/a>\u5e94\u7528\u7a0b\u5e8f\u4e2d\u7684\u5929\u7136\u6c34\u5faa\u73af\u6559\u80b2\u6a21\u5757\u3002<\/p>\n<\/div><\/section>\n\n<section class=\"wp-block-uagb-section uagb-section__wrap uagb-section__background-color alignfull uagb-block-d7e6c6ed\"><div class=\"uagb-section__overlay\"><\/div><div class=\"uagb-section__inner-wrap\">\n<section class=\"wp-block-uagb-columns uagb-columns__wrap uagb-columns__background-undefined uagb-columns__stack-mobile uagb-columns__valign-undefined uagb-columns__gap-10 alignundefined uagb-block-d0c30bdf\"><div class=\"uagb-columns__overlay\"><\/div><div class=\"uagb-columns__inner-wrap uagb-columns__columns-2\">\n<div class=\"wp-block-uagb-column uagb-column__wrap uagb-column__background-undefined uagb-block-d68e5792\"><div class=\"uagb-column__overlay\"><\/div><div class=\"uagb-column__inner-wrap\">\n<figure class=\"wp-block-image size-full is-resized\"><a href=\"https:\/\/saphir.univ-lyon1.fr\/\" target=\"_blank\" rel=\"noopener\"><img decoding=\"async\" data-src=\"https:\/\/albatrossglobal.org\/wp-content\/uploads\/2022\/05\/1-1.png\" alt=\"\" class=\"wp-image-1384 lazyload\" width=\"509\" height=\"318\" data-srcset=\"https:\/\/albatrossglobal.org\/wp-content\/uploads\/2022\/05\/1-1.png 991w, https:\/\/albatrossglobal.org\/wp-content\/uploads\/2022\/05\/1-1-300x188.png 300w, https:\/\/albatrossglobal.org\/wp-content\/uploads\/2022\/05\/1-1-768x480.png 768w\" data-sizes=\"(max-width: 509px) 100vw, 509px\" src=\"data:image\/svg+xml;base64,PHN2ZyB3aWR0aD0iMSIgaGVpZ2h0PSIxIiB4bWxucz0iaHR0cDovL3d3dy53My5vcmcvMjAwMC9zdmciPjwvc3ZnPg==\" style=\"--smush-placeholder-width: 509px; --smush-placeholder-aspect-ratio: 509\/318;\" \/><\/a><\/figure><\/div><\/div>\n\n\n\n<div class=\"wp-block-uagb-column uagb-column__wrap uagb-column__background-undefined uagb-block-fd6bbdba\"><div class=\"uagb-column__overlay\"><\/div><div class=\"uagb-column__inner-wrap\">\n<h2 class=\"has-text-align-center has-ast-global-color-5-color has-text-color wp-block-heading\">\u514d\u8d39\u4e0b\u8f7d Saphir \u5e94\u7528\u7a0b\u5e8f<\/h2>\n\n\n\n<div class=\"wp-block-buttons is-layout-flex wp-block-buttons-is-layout-flex\"><\/div>\n\n\n\n<h2 class=\"has-text-align-center has-ast-global-color-5-color has-text-color has-large-font-size wp-block-heading\">\u4ee5\u6709\u8da3\u7684\u65b9\u5f0f\u6559\u80b2\u5b69\u5b50\u4eec\u5173\u4e8e\u53ef\u6301\u7eed\u53d1\u5c55\u7684\u77e5\u8bc6<\/h2>\n\n\n\n<div class=\"wp-block-buttons is-content-justification-center is-layout-flex wp-container-core-buttons-is-layout-a89b3969 wp-block-buttons-is-layout-flex\">\n<div class=\"wp-block-button is-style-fill\"><a class=\"wp-block-button__link has-ast-global-color-5-color has-luminous-vivid-orange-background-color has-text-color has-background\" href=\"https:\/\/saphir.univ-lyon1.fr\/\" target=\"_blank\" rel=\"noopener\">\u53bb\u84dd\u5b9d\u77f3<\/a><\/div>\n<\/div>\n<\/div><\/div>\n<\/div><\/section>\n\n\n\n<div class=\"wp-block-buttons is-layout-flex wp-block-buttons-is-layout-flex\"><\/div>\n<\/div><\/section>\n","protected":false},"excerpt":{"rendered":"","protected":false},"author":7,"featured_media":2242,"parent":0,"menu_order":0,"comment_status":"closed","ping_status":"closed","template":"","meta":{"_uag_custom_page_level_css":"","site-sidebar-layout":"default","site-content-layout":"plain-container","ast-site-content-layout":"default","site-content-style":"default","site-sidebar-style":"default","ast-global-header-display":"","ast-banner-title-visibility":"","ast-main-header-display":"","ast-hfb-above-header-display":"","ast-hfb-below-header-display":"","ast-hfb-mobile-header-display":"","site-post-title":"disabled","ast-breadcrumbs-content":"","ast-featured-img":"disabled","footer-sml-layout":"","ast-disable-related-posts":"","theme-transparent-header-meta":"enabled","adv-header-id-meta":"","stick-header-meta":"","header-above-stick-meta":"","header-main-stick-meta":"","header-below-stick-meta":"","astra-migrate-meta-layouts":"default","ast-page-background-enabled":"default","ast-page-background-meta":{"desktop":{"background-color":"","background-image":"","background-repeat":"repeat","background-position":"center center","background-size":"auto","background-attachment":"scroll","background-type":"","background-media":"","overlay-type":"","overlay-color":"","overlay-opacity":"","overlay-gradient":""},"tablet":{"background-color":"","background-image":"","background-repeat":"repeat","background-position":"center center","background-size":"auto","background-attachment":"scroll","background-type":"","background-media":"","overlay-type":"","overlay-color":"","overlay-opacity":"","overlay-gradient":""},"mobile":{"background-color":"","background-image":"","background-repeat":"repeat","background-position":"center center","background-size":"auto","background-attachment":"scroll","background-type":"","background-media":"","overlay-type":"","overlay-color":"","overlay-opacity":"","overlay-gradient":""}},"ast-content-background-meta":{"desktop":{"background-color":"var(--ast-global-color-5)","background-image":"","background-repeat":"repeat","background-position":"center center","background-size":"auto","background-attachment":"scroll","background-type":"","background-media":"","overlay-type":"","overlay-color":"","overlay-opacity":"","overlay-gradient":""},"tablet":{"background-color":"var(--ast-global-color-5)","background-image":"","background-repeat":"repeat","background-position":"center center","background-size":"auto","background-attachment":"scroll","background-type":"","background-media":"","overlay-type":"","overlay-color":"","overlay-opacity":"","overlay-gradient":""},"mobile":{"background-color":"var(--ast-global-color-5)","background-image":"","background-repeat":"repeat","background-position":"center center","background-size":"auto","background-attachment":"scroll","background-type":"","background-media":"","overlay-type":"","overlay-color":"","overlay-opacity":"","overlay-gradient":""}},"footnotes":""},"class_list":["post-79601","page","type-page","status-publish","has-post-thumbnail","hentry"],"_wp_attached_file":null,"siteground_optimizer_is_optimized":null,"wp-smush-lossy":null,"wp-smpro-smush-data":null,"wpml_media_processed":null,"wp-smush-ignore-bulk":null,"_wp_attachment_image_alt":null,"_astra_sites_image_hash":null,"_elementor_source_image_hash":null,"_wp_attachment_context":null,"_oembed_82a5c35e9300b18f214e29423b80ccc1":null,"_wp_attachment_backup_sizes":null,"_oembed_962f988bbbdcfd4a23c50360ead75e99":null,"wp-smush-error":null,"wp-smush-optimization-errors":null,"_wp_trash_meta_status":null,"_wp_trash_meta_time":null,"_menu_item_type":null,"_menu_item_menu_item_parent":null,"_menu_item_object_id":null,"_menu_item_object":null,"_menu_item_target":null,"_menu_item_classes":null,"_menu_item_xfn":null,"_menu_item_url":null,"_customize_changeset_uuid":null,"site-post-title":"disabled","site-sidebar-layout":"default","site-content-layout":"plain-container","_yoast_wpseo_content_score":null,"astra-main-page-id":null,"_yoast_wpseo_estimated-reading-time-minutes":null,"ast_ist_mapping":null,"ast_self_id_48452":null,"rank_math_title":null,"rank_math_description":null,"site-content-style":null,"site-sidebar-style":null,"_wp_page_template":null,"ast_self_id_48450":null,"ast_self_id_48451":null,"ast_self_id_48449":null,"ast_self_id_48453":null,"ast-featured-img":"disabled","_oembed_57b40ba93a9ad9878fb0f0fa6f613ecc":null,"_oembed_time_57b40ba93a9ad9878fb0f0fa6f613ecc":null,"_oembed_41c9285399048f9301d0d1168e43343d":null,"_oembed_time_41c9285399048f9301d0d1168e43343d":null,"_oembed_38f3fd5741367c2221c86f09f2f9954f":null,"_oembed_time_38f3fd5741367c2221c86f09f2f9954f":null,"_oembed_93ddf6953ee718c6d9a5fefc37ed8568":null,"_oembed_time_93ddf6953ee718c6d9a5fefc37ed8568":null,"_uag_js_file_name":null,"_oembed_06dca8326686b8907e0b4154c81d6f8b":null,"cosmoswp_site_layout":null,"cosmoswp_sidebar_options":null,"cosmoswp_header_layout":null,"cosmoswp_footer_layout":null,"cosmoswp_banner_options_layout":null,"gutentor_dynamic_css":null,"gutentor_css_info":null,"rank_math_primary_category":null,"_pingme":null,"_encloseme":null,"user_id":null,"user_login":null,"_form":null,"_mail":null,"_mail_2":null,"_messages":null,"_additional_settings":null,"_locale":null,"_astra_sites_imported_wp_forms":null,"_wp_attachment_metadata":"","rank_math_news_sitemap_robots":null,"rank_math_robots":["index"],"_wpml_word_count":"{\"total\":124,\"to_translate\":{\"en\":124,\"fr\":124,\"pt-br\":124}}","_uag_page_assets":null,"_wxr_import_user_slug":null,"_astra_sites_imported_post":null,"_astra_sites_enable_for_batch":null,"_top_nav_excluded":"","_cms_nav_minihome":"","_wp_old_slug":null,"_edit_lock":null,"_last_translation_edit_mode":"translation-editor","_wp_old_date":null,"_wpml_location_migration_done":null,"rank_math_analytic_object_id":null,"rank_math_internal_links_processed":"1","rank_math_seo_score":null,"_edit_last":null,"_wpml_media_featured":"0","_wpml_media_duplicate":"0","theme-transparent-header-meta":"enabled","rank_math_focus_keyword":null,"_uag_custom_page_level_css":null,"ast-site-content-layout":null,"adv-header-id-meta":"","stick-header-meta":"","astra-migrate-meta-layouts":null,"footnotes":null,"_uag_css_file_name":"uag-css-79601.css","rank_math_og_content_image":null,"_thumbnail_id":"2242","data":null,"user_ip":null,"uagb_featured_image_src":{"full":["https:\/\/albatrossglobal.org\/wp-content\/uploads\/2022\/03\/drop-of-water-578897_1920.jpg",1920,1280,false],"thumbnail":["https:\/\/albatrossglobal.org\/wp-content\/uploads\/2022\/03\/drop-of-water-578897_1920-150x150.jpg",150,150,true],"medium":["https:\/\/albatrossglobal.org\/wp-content\/uploads\/2022\/03\/drop-of-water-578897_1920-300x200.jpg",300,200,true],"medium_large":["https:\/\/albatrossglobal.org\/wp-content\/uploads\/2022\/03\/drop-of-water-578897_1920-768x512.jpg",768,512,true],"large":["https:\/\/albatrossglobal.org\/wp-content\/uploads\/2022\/03\/drop-of-water-578897_1920-1024x683.jpg",1024,683,true],"1536x1536":["https:\/\/albatrossglobal.org\/wp-content\/uploads\/2022\/03\/drop-of-water-578897_1920-1536x1024.jpg",1536,1024,true],"2048x2048":["https:\/\/albatrossglobal.org\/wp-content\/uploads\/2022\/03\/drop-of-water-578897_1920.jpg",1920,1280,false]},"uagb_author_info":{"display_name":"Albapouilly","author_link":"https:\/\/albatrossglobal.org\/zh-hans\/"},"uagb_comment_info":0,"uagb_excerpt":null,"_links":{"self":[{"href":"https:\/\/albatrossglobal.org\/zh-hans\/wp-json\/wp\/v2\/pages\/79601","targetHints":{"allow":["GET"]}}],"collection":[{"href":"https:\/\/albatrossglobal.org\/zh-hans\/wp-json\/wp\/v2\/pages"}],"about":[{"href":"https:\/\/albatrossglobal.org\/zh-hans\/wp-json\/wp\/v2\/types\/page"}],"author":[{"embeddable":true,"href":"https:\/\/albatrossglobal.org\/zh-hans\/wp-json\/wp\/v2\/users\/7"}],"replies":[{"embeddable":true,"href":"https:\/\/albatrossglobal.org\/zh-hans\/wp-json\/wp\/v2\/comments?post=79601"}],"version-history":[{"count":1,"href":"https:\/\/albatrossglobal.org\/zh-hans\/wp-json\/wp\/v2\/pages\/79601\/revisions"}],"predecessor-version":[{"id":79609,"href":"https:\/\/albatrossglobal.org\/zh-hans\/wp-json\/wp\/v2\/pages\/79601\/revisions\/79609"}],"wp:featuredmedia":[{"embeddable":true,"href":"https:\/\/albatrossglobal.org\/zh-hans\/wp-json\/wp\/v2\/media\/2242"}],"wp:attachment":[{"href":"https:\/\/albatrossglobal.org\/zh-hans\/wp-json\/wp\/v2\/media?parent=79601"}],"curies":[{"name":"wp","href":"https:\/\/api.w.org\/{rel}","templated":true}]}}