{"id":984858,"date":"2025-03-19T00:30:48","date_gmt":"2025-03-18T23:30:48","guid":{"rendered":"https:\/\/albatrossglobal.org\/declaracao-de-principios-da-albatross-foundation-2\/"},"modified":"2025-03-19T00:34:25","modified_gmt":"2025-03-18T23:34:25","slug":"declaracao-de-principios-da-albatross-foundation-2","status":"publish","type":"page","link":"https:\/\/albatrossglobal.org\/pt-br\/declaracao-de-principios-da-albatross-foundation-2\/","title":{"rendered":"Declara\u00e7\u00e3o de Princ\u00edpios da Albatross Foundation"},"content":{"rendered":"\n<div class=\"wp-block-cover is-light\" style=\"min-height:546px;aspect-ratio:unset;\"><span aria-hidden=\"true\" class=\"wp-block-cover__background has-background-dim\" style=\"background-color:#778a8f\"><\/span><img decoding=\"async\" width=\"1465\" height=\"930\" class=\"wp-block-cover__image-background wp-image-840632 lazyload\" alt=\"\" data-src=\"https:\/\/albatrossglobal.org\/wp-content\/uploads\/2024\/11\/Capture-decran-2024-11-06-a-15.40.18.png\" data-object-fit=\"cover\" data-srcset=\"https:\/\/albatrossglobal.org\/wp-content\/uploads\/2024\/11\/Capture-decran-2024-11-06-a-15.40.18.png 1465w, https:\/\/albatrossglobal.org\/wp-content\/uploads\/2024\/11\/Capture-decran-2024-11-06-a-15.40.18-300x190.png 300w, https:\/\/albatrossglobal.org\/wp-content\/uploads\/2024\/11\/Capture-decran-2024-11-06-a-15.40.18-1024x650.png 1024w, https:\/\/albatrossglobal.org\/wp-content\/uploads\/2024\/11\/Capture-decran-2024-11-06-a-15.40.18-768x488.png 768w\" data-sizes=\"(max-width: 1465px) 100vw, 1465px\" src=\"data:image\/svg+xml;base64,PHN2ZyB3aWR0aD0iMSIgaGVpZ2h0PSIxIiB4bWxucz0iaHR0cDovL3d3dy53My5vcmcvMjAwMC9zdmciPjwvc3ZnPg==\" style=\"--smush-placeholder-width: 1465px; --smush-placeholder-aspect-ratio: 1465\/930;\" \/><div class=\"wp-block-cover__inner-container is-layout-constrained wp-block-cover-is-layout-constrained\">\n<div class=\"wp-block-uagb-advanced-heading uagb-block-00523997\"><h2 class=\"uagb-heading-text\"><strong><mark style=\"background-color:rgba(0, 0, 0, 0)\" class=\"has-inline-color has-ast-global-color-5-color\">Declara\u00e7\u00e3o de Princ\u00edpios da Albatross Foundation<\/mark><\/strong><\/h2><\/div>\n<\/div><\/div>\n\n<p><\/p>\n\n<h2 class=\"wp-block-heading has-text-align-center\"><strong>Os nossos valores<\/strong><\/h2>\n\n<p>Na Albatross Foundation, o nosso objetivo \u00e9 promover a educa\u00e7\u00e3o gratuita dos jovens para o desenvolvimento sustent\u00e1vel com ferramentas cient\u00edficas e inovadoras.<\/p>\n\n<p><strong>1. Valorizamos a educa\u00e7\u00e3o desde a mais tenra idade<\/strong> sobre os 17 objectivos de desenvolvimento sustent\u00e1vel das Na\u00e7\u00f5es Unidas. Acreditamos que os novos dispositivos digitais, as aplica\u00e7\u00f5es e a IA t\u00eam um papel preponderante a desempenhar no futuro. <\/p>\n\n<p><strong>2. <\/strong>Valorizamos <strong>um futuro pr\u00f3spero <\/strong>que depende da nossa capacidade de honrar, proteger e nutrir tanto o nosso mundo natural como as comunidades que o sustentam. Guiados por uma \u00e9tica forte, reconhecemos que a nossa Terra \u00e9 um sistema vivo e interligado &#8211; que prospera quando o equil\u00edbrio, a diversidade e o cuidado est\u00e3o no seu centro. <\/p>\n\n<p><strong>3. Valorizamos a responsabilidade.<\/strong>  Como guardi\u00f5es deste planeta, somos respons\u00e1veis n\u00e3o s\u00f3 pelas nossas ac\u00e7\u00f5es de hoje, mas tamb\u00e9m pelo mundo que deixamos para tr\u00e1s. A conserva\u00e7\u00e3o e a inova\u00e7\u00e3o \u00e9tica guiam a nossa abordagem, assegurando que as gera\u00e7\u00f5es futuras herdam um planeta capaz de sustentar toda a vida. <\/p>\n\n<p><strong>4. Valorizamos a resili\u00eancia e a regenera\u00e7\u00e3o.<\/strong>  A verdadeira sustentabilidade n\u00e3o \u00e9 apenas uma quest\u00e3o de preserva\u00e7\u00e3o &#8211; \u00e9 uma quest\u00e3o de renova\u00e7\u00e3o, adapta\u00e7\u00e3o e cura. Estamos empenhados em pr\u00e1ticas regenerativas que restauram o equil\u00edbrio, assegurando que os ciclos naturais da Terra e as comunidades humanas se fortale\u00e7am em conjunto. <\/p>\n\n<p><strong>5. Valorizamos a reciprocidade \u00e9tica.<\/strong>  A natureza fornece-nos generosamente; \u00e9 nosso dever retribuir com cuidado, respeito e a\u00e7\u00e3o consciente. Atrav\u00e9s da educa\u00e7\u00e3o, da defesa e da gest\u00e3o respons\u00e1vel, promovemos um mundo onde os seres humanos vivem n\u00e3o como exploradores, mas como parceiros da Terra. <\/p>\n\n<p><strong>6. Valorizamos a interconex\u00e3o.<\/strong>  Cada ser, desde a mais pequena semente at\u00e9 ao maior ecossistema, desempenha um papel na intrincada teia da vida. O nosso trabalho abra\u00e7a a sustentabilidade hol\u00edstica, assegurando que o bem-estar humano e ambiental nunca est\u00e3o separados. <\/p>\n\n<p><strong>7. Valorizamos as mulheres e as fam\u00edlias.<\/strong>  Tal como a natureza tem sido subvalorizada, tamb\u00e9m as mulheres &#8211; que s\u00e3o frequentemente as primeiras guardi\u00e3s da terra, da \u00e1gua e do bem-estar da comunidade &#8211; t\u00eam sido subvalorizadas. N\u00f3s elevamos e capacitamos as mulheres e as fam\u00edlias como l\u00edderes em sustentabilidade, reconhecendo que nutrir tanto as pessoas como o planeta \u00e9 essencial para o verdadeiro progresso. <\/p>\n\n<p><strong>8. Valorizamos a tecnologia e os sistemas de IA <\/strong>concebidos e utilizados de forma justa, transparente, respons\u00e1vel e alinhada com os valores humanos, evitando assim a discrimina\u00e7\u00e3o e garantindo que os sistemas de IA tratam os indiv\u00edduos de forma equitativa.<\/p>\n\n<p><strong>9. Valorizamos os direitos das crian\u00e7as.<\/strong>  As crian\u00e7as s\u00e3o membros vulner\u00e1veis da sociedade, merecem cuidados especiais, prote\u00e7\u00e3o e oportunidades para prosperar. Todas as crian\u00e7as devem ter o direito de aceder \u00e0 educa\u00e7\u00e3o, aos cuidados de sa\u00fade e a oportunidades de crescimento pessoal. Na Albatross Foundation, defendemos um mundo onde a natureza e a humanidade prosperam em harmonia &#8211; onde a educa\u00e7\u00e3o, a equidade e a \u00e9tica nos guiam para um futuro sustent\u00e1vel, justo e cheio de possibilidades.  <\/p>\n\n<p><\/p>\n\n<h2 class=\"wp-block-heading has-text-align-center\"><strong>A nossa miss\u00e3o<\/strong><\/h2>\n\n<p>Na Albatross Foundation, os nossos valores n\u00e3o s\u00e3o apenas ideais &#8211; acreditamos que eles devem moldar a forma como trabalhamos, como lideramos e como nos envolvemos com o mundo. Os nossos compromissos reflectem estes valores em a\u00e7\u00e3o, assegurando que cada decis\u00e3o que tomamos e cada programa que implementamos nos move em dire\u00e7\u00e3o a um mundo mais justo, sustent\u00e1vel e interligado. <\/p>\n\n<p><strong>1. Acreditamos em dar o exemplo.<\/strong>  Se ensinamos sustentabilidade, temos de a praticar. As nossas opera\u00e7\u00f5es &#8211; desde parcerias a aquisi\u00e7\u00f5es &#8211; s\u00e3o constru\u00eddas com base em escolhas \u00e9ticas, regenerativas e ambientalmente respons\u00e1veis. Medimos o nosso impacto e responsabilizamo-nos pelos mesmos padr\u00f5es elevados que defendemos para os outros.  <\/p>\n\n<p><strong>2. Acreditamos que a natureza n\u00e3o \u00e9 um recurso a ser consumido,<\/strong> mas um sistema vivo a ser honrado. Trabalhamos com a Terra, e n\u00e3o contra ela. Os nossos programas d\u00e3o prioridade \u00e0s solu\u00e7\u00f5es regenerativas, \u00e0s economias circulares e ao conhecimento ecol\u00f3gico tradicional &#8211; assegurando que o desenvolvimento humano nunca seja feito \u00e0 custa da destrui\u00e7\u00e3o ambiental.  <\/p>\n\n<p><strong>3. Acreditamos na centraliza\u00e7\u00e3o das mulheres como l\u00edderes em sustentabilidade.<\/strong>  H\u00e1 muito que as mulheres s\u00e3o as guardi\u00e3s da terra, da \u00e1gua e do bem-estar da comunidade. Apoiamos e capacitamos ativamente as mulheres na lideran\u00e7a, assegurando que t\u00eam uma voz na defini\u00e7\u00e3o de pol\u00edticas, neg\u00f3cios e iniciativas educativas que t\u00eam impacto no nosso planeta. <\/p>\n\n<p><strong>4. Acreditamos que a educa\u00e7\u00e3o deve inspirar a a\u00e7\u00e3o.<\/strong>  O conhecimento sem a\u00e7\u00e3o \u00e9 incompleto. Nossos programas educacionais v\u00e3o al\u00e9m da teoria, equipando alunos de todas as idades com as ferramentas para implementar mudan\u00e7as reais e duradouras em suas comunidades. Fomentamos o pensamento cr\u00edtico, a criatividade e a resolu\u00e7\u00e3o de problemas para preparar a pr\u00f3xima gera\u00e7\u00e3o de respons\u00e1veis pelo ambiente.  <\/p>\n\n<p><strong>5. Acreditamos que a sustentabilidade e a equidade devem andar de m\u00e3os dadas.<\/strong>  Um mundo justo \u00e9 um mundo sustent\u00e1vel. Rejeitamos os sistemas que exploram as pessoas ou a natureza para obter ganhos a curto prazo. Em vez disso, trabalhamos em prol de solu\u00e7\u00f5es orientadas para a comunidade, sal\u00e1rios justos e parcerias \u00e9ticas que elevam todos.  <\/p>\n\n<p><strong>6. Acreditamos na reciprocidade &#8211; devolver<\/strong>tanto quanto recebemos. Para cada recurso utilizado, algo deve ser reposto. Quer se trate de restaurar ecossistemas, reinvestir nas comunidades ou apoiar iniciativas de base, asseguramos que o nosso sucesso nunca \u00e9 obtido \u00e0 custa das gera\u00e7\u00f5es futuras.  <\/p>\n\n<p><strong>7. Acreditamos na constru\u00e7\u00e3o de ecossistemas e n\u00e3o de hierarquias.  <\/strong>A natureza prospera atrav\u00e9s de redes interligadas, e n\u00f3s tamb\u00e9m dever\u00edamos. O nosso modelo de lideran\u00e7a valoriza a colabora\u00e7\u00e3o em vez do controlo, o conhecimento partilhado em vez da competi\u00e7\u00e3o e a tomada de decis\u00f5es descentralizada &#8211; permitindo que diversas vozes moldem o nosso trabalho. <\/p>\n\n<p><strong>8. Acreditamos que o futuro pertence \u00e0queles que cuidam dele.<\/strong>  A esperan\u00e7a e a a\u00e7\u00e3o devem andar de m\u00e3os dadas. N\u00e3o aceitamos a destrui\u00e7\u00e3o ambiental, a injusti\u00e7a social ou a desigualdade como inevit\u00e1veis. Em vez disso, agimos com coragem, pensamos de forma criativa e investimos em solu\u00e7\u00f5es que reimaginam o que \u00e9 poss\u00edvel.  <\/p>\n\n<p><strong>9. Acreditamos na \u00e9tica da IA.<\/strong>  O desenvolvimento, a implanta\u00e7\u00e3o e a utiliza\u00e7\u00e3o da intelig\u00eancia artificial devem ser regidos por um conjunto de princ\u00edpios e diretrizes morais. A privacidade, a seguran\u00e7a e a responsabilidade devem ser salvaguardadas e a supervis\u00e3o humana deve ser protegida para que a IA n\u00e3o substitua a tomada de decis\u00f5es humanas cr\u00edticas. <\/p>\n\n<p><strong>10. Acreditamos firmemente nos direitos das crian\u00e7as.<\/strong>  Os princ\u00edpios e quadros morais devem orientar a prote\u00e7\u00e3o, o bem-estar e o desenvolvimento das crian\u00e7as, garantindo o respeito pelos seus direitos fundamentais. Todas as crian\u00e7as devem ser tratadas de forma igual, independentemente da sua origem, g\u00e9nero, capacidade ou outras diferen\u00e7as. Na Albatross Foundation, os nossos valores est\u00e3o vivos nas nossas pol\u00edticas, parcerias e escolhas di\u00e1rias.  <\/p>\n\n<p><\/p>\n\n<p><\/p>\n","protected":false},"excerpt":{"rendered":"<p>Os nossos valores Na Albatross Foundation, o nosso objetivo \u00e9 promover a educa\u00e7\u00e3o gratuita dos jovens para o desenvolvimento sustent\u00e1vel com ferramentas cient\u00edficas e inovadoras. 1. Valorizamos a educa\u00e7\u00e3o desde a mais tenra idade sobre os 17 objectivos de desenvolvimento sustent\u00e1vel das Na\u00e7\u00f5es Unidas. Acreditamos que os novos dispositivos digitais, as aplica\u00e7\u00f5es e a IA [&hellip;]<\/p>\n","protected":false},"author":4,"featured_media":0,"parent":0,"menu_order":0,"comment_status":"closed","ping_status":"closed","template":"","meta":{"_uag_custom_page_level_css":"","site-sidebar-layout":"default","site-content-layout":"","ast-site-content-layout":"default","site-content-style":"default","site-sidebar-style":"default","ast-global-header-display":"","ast-banner-title-visibility":"","ast-main-header-display":"","ast-hfb-above-header-display":"","ast-hfb-below-header-display":"","ast-hfb-mobile-header-display":"","site-post-title":"disabled","ast-breadcrumbs-content":"","ast-featured-img":"","footer-sml-layout":"","ast-disable-related-posts":"","theme-transparent-header-meta":"","adv-header-id-meta":"","stick-header-meta":"","header-above-stick-meta":"","header-main-stick-meta":"","header-below-stick-meta":"","astra-migrate-meta-layouts":"default","ast-page-background-enabled":"default","ast-page-background-meta":{"desktop":{"background-color":"","background-image":"","background-repeat":"repeat","background-position":"center center","background-size":"auto","background-attachment":"scroll","background-type":"","background-media":"","overlay-type":"","overlay-color":"","overlay-opacity":"","overlay-gradient":""},"tablet":{"background-color":"","background-image":"","background-repeat":"repeat","background-position":"center center","background-size":"auto","background-attachment":"scroll","background-type":"","background-media":"","overlay-type":"","overlay-color":"","overlay-opacity":"","overlay-gradient":""},"mobile":{"background-color":"","background-image":"","background-repeat":"repeat","background-position":"center center","background-size":"auto","background-attachment":"scroll","background-type":"","background-media":"","overlay-type":"","overlay-color":"","overlay-opacity":"","overlay-gradient":""}},"ast-content-background-meta":{"desktop":{"background-color":"var(--ast-global-color-5)","background-image":"","background-repeat":"repeat","background-position":"center center","background-size":"auto","background-attachment":"scroll","background-type":"","background-media":"","overlay-type":"","overlay-color":"","overlay-opacity":"","overlay-gradient":""},"tablet":{"background-color":"var(--ast-global-color-5)","background-image":"","background-repeat":"repeat","background-position":"center center","background-size":"auto","background-attachment":"scroll","background-type":"","background-media":"","overlay-type":"","overlay-color":"","overlay-opacity":"","overlay-gradient":""},"mobile":{"background-color":"var(--ast-global-color-5)","background-image":"","background-repeat":"repeat","background-position":"center center","background-size":"auto","background-attachment":"scroll","background-type":"","background-media":"","overlay-type":"","overlay-color":"","overlay-opacity":"","overlay-gradient":""}},"footnotes":""},"class_list":["post-984858","page","type-page","status-publish","hentry"],"_wp_attached_file":null,"siteground_optimizer_is_optimized":null,"wp-smush-lossy":null,"wp-smpro-smush-data":null,"wpml_media_processed":null,"wp-smush-ignore-bulk":null,"_wp_attachment_image_alt":null,"_astra_sites_image_hash":null,"_elementor_source_image_hash":null,"_wp_attachment_context":null,"_oembed_82a5c35e9300b18f214e29423b80ccc1":null,"_wp_attachment_backup_sizes":null,"_oembed_962f988bbbdcfd4a23c50360ead75e99":null,"wp-smush-error":null,"wp-smush-optimization-errors":null,"_wp_trash_meta_status":null,"_wp_trash_meta_time":null,"_menu_item_type":null,"_menu_item_menu_item_parent":null,"_menu_item_object_id":null,"_menu_item_object":null,"_menu_item_target":null,"_menu_item_classes":null,"_menu_item_xfn":null,"_menu_item_url":null,"_customize_changeset_uuid":null,"site-post-title":"disabled","site-sidebar-layout":"default","site-content-layout":"","_yoast_wpseo_content_score":null,"astra-main-page-id":null,"_yoast_wpseo_estimated-reading-time-minutes":null,"ast_ist_mapping":null,"ast_self_id_48452":null,"rank_math_title":null,"rank_math_description":null,"site-content-style":"default","site-sidebar-style":"default","_wp_page_template":"","ast_self_id_48450":null,"ast_self_id_48451":null,"ast_self_id_48449":null,"ast_self_id_48453":null,"ast-featured-img":"","_oembed_57b40ba93a9ad9878fb0f0fa6f613ecc":null,"_oembed_time_57b40ba93a9ad9878fb0f0fa6f613ecc":null,"_oembed_41c9285399048f9301d0d1168e43343d":null,"_oembed_time_41c9285399048f9301d0d1168e43343d":null,"_oembed_38f3fd5741367c2221c86f09f2f9954f":null,"_oembed_time_38f3fd5741367c2221c86f09f2f9954f":null,"_oembed_93ddf6953ee718c6d9a5fefc37ed8568":null,"_oembed_time_93ddf6953ee718c6d9a5fefc37ed8568":null,"_uag_js_file_name":null,"_oembed_06dca8326686b8907e0b4154c81d6f8b":null,"cosmoswp_site_layout":null,"cosmoswp_sidebar_options":null,"cosmoswp_header_layout":null,"cosmoswp_footer_layout":null,"cosmoswp_banner_options_layout":null,"gutentor_dynamic_css":null,"gutentor_css_info":null,"rank_math_primary_category":null,"_pingme":null,"_encloseme":null,"user_id":null,"user_login":null,"_form":null,"_mail":null,"_mail_2":null,"_messages":null,"_additional_settings":null,"_locale":null,"_astra_sites_imported_wp_forms":null,"_wp_attachment_metadata":null,"rank_math_news_sitemap_robots":null,"rank_math_robots":null,"_wpml_word_count":null,"_uag_page_assets":{"css":".wp-block-uagb-advanced-heading h1,.wp-block-uagb-advanced-heading h2,.wp-block-uagb-advanced-heading h3,.wp-block-uagb-advanced-heading h4,.wp-block-uagb-advanced-heading h5,.wp-block-uagb-advanced-heading h6,.wp-block-uagb-advanced-heading p,.wp-block-uagb-advanced-heading div{word-break:break-word}.wp-block-uagb-advanced-heading .uagb-heading-text{margin:0}.wp-block-uagb-advanced-heading .uagb-desc-text{margin:0}.wp-block-uagb-advanced-heading .uagb-separator{font-size:0;border-top-style:solid;display:inline-block;margin:0 0 10px 0}.wp-block-uagb-advanced-heading .uagb-highlight{color:#f78a0c;border:0;transition:all 0.3s ease}.uag-highlight-toolbar{border-left:0;border-top:0;border-bottom:0;border-radius:0;border-right-color:#1e1e1e}.uag-highlight-toolbar .components-button{border-radius:0;outline:none}.uag-highlight-toolbar .components-button.is-primary{color:#fff}\n.wp-block-uagb-advanced-heading.uagb-block-00523997.wp-block-uagb-advanced-heading {text-align: center;}.wp-block-uagb-advanced-heading.uagb-block-00523997.wp-block-uagb-advanced-heading .uagb-desc-text{margin-bottom: 15px;}.wp-block-uagb-advanced-heading.uagb-block-00523997.wp-block-uagb-advanced-heading .uagb-highlight{font-style: normal;font-weight: Default;background: #007cba;color: #fff;-webkit-text-fill-color: #fff;}.wp-block-uagb-advanced-heading.uagb-block-00523997.wp-block-uagb-advanced-heading .uagb-highlight::-moz-selection{color: #fff;background: #007cba;-webkit-text-fill-color: #fff;}.wp-block-uagb-advanced-heading.uagb-block-00523997.wp-block-uagb-advanced-heading .uagb-highlight::selection{color: #fff;background: #007cba;-webkit-text-fill-color: #fff;}.wp-block-uagb-advanced-heading.uagb-block-00523997 .uagb-heading-text{margin-bottom: 15px;}.uag-blocks-common-selector{z-index:var(--z-index-desktop) !important}@media (max-width: 976px){.uag-blocks-common-selector{z-index:var(--z-index-tablet) !important}}@media (max-width: 767px){.uag-blocks-common-selector{z-index:var(--z-index-mobile) !important}}\n","js":"","current_block_list":["core\/cover","uagb\/advanced-heading","core\/paragraph","core\/heading","core\/search","core\/group","core\/latest-posts","core\/latest-comments","core\/archives","core\/categories"],"uag_flag":true,"uag_version":"1776765322","gfonts":[],"gfonts_url":"","gfonts_files":[],"uag_faq_layout":false},"_wxr_import_user_slug":null,"_astra_sites_imported_post":null,"_astra_sites_enable_for_batch":null,"_top_nav_excluded":"","_cms_nav_minihome":"","_wp_old_slug":null,"_edit_lock":null,"_last_translation_edit_mode":"translation-editor","_wp_old_date":null,"_wpml_location_migration_done":null,"rank_math_analytic_object_id":null,"rank_math_internal_links_processed":"1","rank_math_seo_score":null,"_edit_last":null,"_wpml_media_featured":null,"_wpml_media_duplicate":null,"theme-transparent-header-meta":"","rank_math_focus_keyword":null,"_uag_custom_page_level_css":null,"ast-site-content-layout":"default","adv-header-id-meta":"","stick-header-meta":"","astra-migrate-meta-layouts":null,"footnotes":null,"_uag_css_file_name":"uag-css-984858.css","rank_math_og_content_image":{"check":"f0616171283994f4f6d1e0cac9ad1abc","images":[840632]},"_thumbnail_id":null,"data":null,"user_ip":null,"uagb_featured_image_src":{"full":false,"thumbnail":false,"medium":false,"medium_large":false,"large":false,"1536x1536":false,"2048x2048":false},"uagb_author_info":{"display_name":"Carlos","author_link":"https:\/\/albatrossglobal.org\/pt-br\/"},"uagb_comment_info":0,"uagb_excerpt":"Os nossos valores Na Albatross Foundation, o nosso objetivo \u00e9 promover a educa\u00e7\u00e3o gratuita dos jovens para o desenvolvimento sustent\u00e1vel com ferramentas cient\u00edficas e inovadoras. 1. Valorizamos a educa\u00e7\u00e3o desde a mais tenra idade sobre os 17 objectivos de desenvolvimento sustent\u00e1vel das Na\u00e7\u00f5es Unidas. Acreditamos que os novos dispositivos digitais, as aplica\u00e7\u00f5es e a IA&hellip;","_links":{"self":[{"href":"https:\/\/albatrossglobal.org\/pt-br\/wp-json\/wp\/v2\/pages\/984858","targetHints":{"allow":["GET"]}}],"collection":[{"href":"https:\/\/albatrossglobal.org\/pt-br\/wp-json\/wp\/v2\/pages"}],"about":[{"href":"https:\/\/albatrossglobal.org\/pt-br\/wp-json\/wp\/v2\/types\/page"}],"author":[{"embeddable":true,"href":"https:\/\/albatrossglobal.org\/pt-br\/wp-json\/wp\/v2\/users\/4"}],"replies":[{"embeddable":true,"href":"https:\/\/albatrossglobal.org\/pt-br\/wp-json\/wp\/v2\/comments?post=984858"}],"version-history":[{"count":1,"href":"https:\/\/albatrossglobal.org\/pt-br\/wp-json\/wp\/v2\/pages\/984858\/revisions"}],"predecessor-version":[{"id":984859,"href":"https:\/\/albatrossglobal.org\/pt-br\/wp-json\/wp\/v2\/pages\/984858\/revisions\/984859"}],"wp:attachment":[{"href":"https:\/\/albatrossglobal.org\/pt-br\/wp-json\/wp\/v2\/media?parent=984858"}],"curies":[{"name":"wp","href":"https:\/\/api.w.org\/{rel}","templated":true}]}}