{"id":984666,"date":"2025-03-18T23:54:46","date_gmt":"2025-03-18T22:54:46","guid":{"rendered":"https:\/\/albatrossglobal.org\/declaracao-de-principios-da-albatross-foundation\/"},"modified":"2025-03-31T06:55:06","modified_gmt":"2025-03-31T04:55:06","slug":"declaracao-de-principios-da-albatross-foundation","status":"publish","type":"page","link":"https:\/\/albatrossglobal.org\/pt-br\/declaracao-de-principios-da-albatross-foundation\/","title":{"rendered":"Os nossos princ\u00edpios fundamentais"},"content":{"rendered":"\n<div class=\"wp-block-cover is-light\" style=\"min-height:535px;aspect-ratio:unset;\"><span aria-hidden=\"true\" class=\"wp-block-cover__background has-background-dim\" style=\"background-color:#778a8f\"><\/span><img decoding=\"async\" width=\"1465\" height=\"930\" class=\"wp-block-cover__image-background wp-image-840632 lazyload\" alt=\"\" data-src=\"https:\/\/albatrossglobal.org\/wp-content\/uploads\/2024\/11\/Capture-decran-2024-11-06-a-15.40.18.png\" data-object-fit=\"cover\" data-srcset=\"https:\/\/albatrossglobal.org\/wp-content\/uploads\/2024\/11\/Capture-decran-2024-11-06-a-15.40.18.png 1465w, https:\/\/albatrossglobal.org\/wp-content\/uploads\/2024\/11\/Capture-decran-2024-11-06-a-15.40.18-300x190.png 300w, https:\/\/albatrossglobal.org\/wp-content\/uploads\/2024\/11\/Capture-decran-2024-11-06-a-15.40.18-1024x650.png 1024w, https:\/\/albatrossglobal.org\/wp-content\/uploads\/2024\/11\/Capture-decran-2024-11-06-a-15.40.18-768x488.png 768w\" data-sizes=\"(max-width: 1465px) 100vw, 1465px\" src=\"data:image\/svg+xml;base64,PHN2ZyB3aWR0aD0iMSIgaGVpZ2h0PSIxIiB4bWxucz0iaHR0cDovL3d3dy53My5vcmcvMjAwMC9zdmciPjwvc3ZnPg==\" style=\"--smush-placeholder-width: 1465px; --smush-placeholder-aspect-ratio: 1465\/930;\" \/><div class=\"wp-block-cover__inner-container is-layout-constrained wp-block-cover-is-layout-constrained\">\n<div class=\"wp-block-uagb-advanced-heading uagb-block-fde85a02\"><h2 class=\"uagb-heading-text\"><strong><mark style=\"background-color:rgba(0, 0, 0, 0)\" class=\"has-inline-color has-ast-global-color-5-color\">Declara\u00e7\u00e3o de Princ\u00edpios da Albatross Foundation  <\/mark><\/strong><\/h2><\/div>\n<\/div><\/div>\n\n<p><\/p>\n\n<h2 class=\"wp-block-heading has-text-align-center\"><\/h2>\n\n<p class=\"has-text-align-left\"><strong>VIS\u00c3O: Um mundo justo em que os sistemas econ\u00f3micos e sociais s\u00e3o sustent\u00e1veis, equitativos, colaborativos e inovadores.<\/strong><\/p>\n\n<p class=\"has-text-align-left\">MISS\u00c3O<strong>:<\/strong> Fornecer educa\u00e7\u00e3o gratuita aos jovens sobre o desenvolvimento sustent\u00e1vel utilizando ferramentas e programas cient\u00edficos, divertidos e inovadores.  <\/p>\n\n<p class=\"has-text-align-left\"><strong>VALORES:<\/strong><\/p>\n\n<p><strong>Sustentabilidade:<\/strong> Um futuro em que as solu\u00e7\u00f5es s\u00e3o regenerativas, baseadas em economias circulares e no respeito pelo planeta.<\/p>\n\n<p><strong>Equidade:<\/strong> Um mundo justo \u00e9 um mundo sustent\u00e1vel. Rejeitamos os sistemas que exploram as pessoas ou a natureza para obter ganhos a curto prazo. As nossas ac\u00e7\u00f5es centram-se em solu\u00e7\u00f5es comunit\u00e1rias, sal\u00e1rios justos e parcerias \u00e9ticas.  <\/p>\n\n<p><strong>Educa\u00e7\u00e3o e a\u00e7\u00e3o desde tenra<\/strong> <strong>idade:<\/strong> Os jovens s\u00e3o os melhores mensageiros: influenciam as suas fam\u00edlias, amigos e comunidades ao longo das suas vidas. A educa\u00e7\u00e3o precoce molda a sua forma de atuar, trabalhar e liderar. <\/p>\n\n<p><strong>Mulheres, crian\u00e7as e fam\u00edlias:<\/strong> As mulheres s\u00e3o frequentemente as guardi\u00e3s da terra, da \u00e1gua e do bem-estar das comunidades. Apoiamo-las e \u00e0s suas fam\u00edlias como actores-chave no desenvolvimento sustent\u00e1vel. As crian\u00e7as, como membros mais vulner\u00e1veis da sociedade, precisam de prote\u00e7\u00e3o, acesso \u00e0 educa\u00e7\u00e3o e cuidados e um ambiente em que possam florescer.  <\/p>\n\n<p><strong>Inova\u00e7\u00e3o e tecnologia digital \u00e9tica:<\/strong> Valorizamos a utiliza\u00e7\u00e3o \u00e9tica da tecnologia digital e da intelig\u00eancia artificial: a confidencialidade, a seguran\u00e7a e a supervis\u00e3o humana e parental devem ser garantidas. A tecnologia deve servir o ser humano, nunca substitu\u00ed-lo. <\/p>\n\n<p><strong>OBJECTIVOS<\/strong>:<\/p>\n\n<p><strong>Promover a cria\u00e7\u00e3o de Ligas Juvenis Albatroz<\/strong> em todo o mundo, movidas pelos mesmos princ\u00edpios e por jovens l\u00edderes, para implementar projectos de Educa\u00e7\u00e3o para o Desenvolvimento Sustent\u00e1vel nos seus pr\u00f3prios pa\u00edses.<\/p>\n\n<p><strong>Desenvolver a nossa rede de volunt\u00e1rios empenhados<\/strong>, especialistas na sua \u00e1rea, que se mobilizam em torno da nossa Miss\u00e3o atrav\u00e9s dos projectos Albatross.<\/p>\n\n<p><strong>Ser reconhecida como a primeira &#8220;i-Foundation&#8221;,<\/strong> com uma abordagem projeto a projeto, um m\u00e9todo de &#8220;forma\u00e7\u00e3o de formadores&#8221; e <strong>sem custos fixos<\/strong>.<br\/><strong>Todos os nossos fundos s\u00e3o dedicados aos projectos da Miss\u00e3o &#8211; n\u00e3o \u00e0 administra\u00e7\u00e3o.<\/strong><\/p>\n\n<p><\/p>\n\n<p><\/p>\n\n<p class=\"has-text-align-left\"><strong>1. Valorizamos a educa\u00e7\u00e3o desde a mais tenra idade<\/strong> <strong>sobre os 17 Objectivos de Desenvolvimento Sustent\u00e1vel das Na\u00e7\u00f5es Unidas<\/strong>. Os jovens s\u00e3o os comunicadores mais influentes, divulgando a mensagem \u00e0s suas fam\u00edlias, amigos e comunidades, agora e ao longo das suas vidas. A educa\u00e7\u00e3o numa idade precoce ir\u00e1 moldar a forma como trabalham, lideram e interagem com o mundo.  <\/p>\n\n<p class=\"has-text-align-left\"><strong>2. Valorizamos uma educa\u00e7\u00e3o que inspira a a\u00e7\u00e3o e d\u00e1 o exemplo.  <\/strong>O conhecimento sem a\u00e7\u00e3o \u00e9 incompleto. Os nossos programas educativos v\u00e3o para al\u00e9m da teoria, fornecendo aos alunos de todas as idades ferramentas concretas para implementarem mudan\u00e7as reais e duradouras nas suas comunidades.   <\/p>\n\n<p class=\"has-text-align-left\"><strong><strong>3. <\/strong>Valorizamos o respeito pelo ambiente.<\/strong> Como administradores deste planeta, somos respons\u00e1veis n\u00e3o s\u00f3 pelas nossas ac\u00e7\u00f5es de hoje, mas tamb\u00e9m pelo mundo que deixamos para tr\u00e1s. A conserva\u00e7\u00e3o e a inova\u00e7\u00e3o \u00e9tica orientam a nossa abordagem para garantir que as gera\u00e7\u00f5es futuras tenham um planeta capaz de suportar todas as formas de vida. Os nossos programas centram-se em solu\u00e7\u00f5es regenerativas e economias circulares.  <\/p>\n\n<p class=\"has-text-align-left\"><strong>4. Valorizamos as mulheres e as fam\u00edlias<\/strong>. As mulheres s\u00e3o frequentemente as principais guardi\u00e3s da terra, da \u00e1gua e do bem-estar das comunidades. Por isso, apoiamos as mulheres e as fam\u00edlias como l\u00edderes do desenvolvimento sustent\u00e1vel, nomeadamente atrav\u00e9s de iniciativas educativas.  <\/p>\n\n<p class=\"has-text-align-left\"><strong>5. Valorizamos os direitos das crian\u00e7as.  <\/strong>As crian\u00e7as, enquanto membros vulner\u00e1veis da sociedade, merecem aten\u00e7\u00e3o especial, prote\u00e7\u00e3o e oportunidades de desenvolvimento. Todas as crian\u00e7as devem ter acesso \u00e0 educa\u00e7\u00e3o, aos cuidados de sa\u00fade e a oportunidades de desenvolvimento pessoal. Estes direitos fundamentais s\u00e3o os pilares da luta contra a pobreza.  <\/p>\n\n<p><strong>6. Valorizamos a sustentabilidade e a justi\u00e7a, que devem andar de m\u00e3os dadas.<\/strong>  Um mundo justo \u00e9 um mundo sustent\u00e1vel. Rejeitamos os sistemas que exploram as pessoas ou a natureza para obter ganhos a curto prazo. Em vez disso, trabalhamos por solu\u00e7\u00f5es comunit\u00e1rias, sal\u00e1rios justos e parcerias \u00e9ticas.    <\/p>\n\n<p><strong>7. Valorizamos a \u00e9tica das ferramentas digitais e da IA<\/strong> com base em princ\u00edpios morais e diretrizes rigorosas. A confidencialidade, a seguran\u00e7a e a responsabilidade devem ser garantidas. A supervis\u00e3o humana e parental deve ser protegida para que as ferramentas digitais n\u00e3o substituam as decis\u00f5es humanas essenciais.    <\/p>\n\n<p><strong>8. Valorizamos a igualdade para todos e, em particular, para os direitos das crian\u00e7as<\/strong>. A legalidade deve estar ancorada em pr\u00e1ticas que garantam a sua prote\u00e7\u00e3o, bem-estar e desenvolvimento. Todas as crian\u00e7as devem ser tratadas de forma justa, independentemente da sua origem, g\u00e9nero, capacidade ou qualquer outra diferen\u00e7a.    <\/p>\n\n<p>Na Albatross Foundation, os nossos valores vivem atrav\u00e9s dos nossos programas, das nossas parcerias e das nossas escolhas di\u00e1rias com os nossos volunt\u00e1rios dedicados \u00e0 nossa Miss\u00e3o.<\/p>\n\n<p><\/p>\n\n<p id=\"block-3ee16cb6-33d9-4ec9-8d42-f12d30cfa120\"><strong>VIS\u00c3O &amp; OBJECTIVOS:<\/strong> Promover a cria\u00e7\u00e3o de<strong> &#8220;Ligas Juvenis<\/strong> &#8220;<strong> Albatross em todo o mundo<\/strong>, movidas pelos mesmos princ\u00edpios e l\u00edderes para a implementa\u00e7\u00e3o nos seus pa\u00edses de m\u00faltiplos projectos que contribuam para a Educa\u00e7\u00e3o para o Desenvolvimento Sustent\u00e1vel. Continuar a <strong>desenvolver a nossa rede de volunt\u00e1rios<\/strong> dedicados \u00e0 nossa Miss\u00e3o e com reconhecida compet\u00eancia na sua \u00e1rea de interven\u00e7\u00e3o nos projectos Albatross. Ser reconhecida como a <strong>primeira &#8220;i-Foundation&#8221;<\/strong> com uma abordagem projeto a projeto, um m\u00e9todo &#8220;Train-the-trainer&#8221; e operando sem custos fixos com todo o seu financiamento alocado a projectos que servem a nossa Miss\u00e3o.    <\/p>\n\n<h2 class=\"wp-block-heading has-text-align-center\"><\/h2>\n","protected":false},"excerpt":{"rendered":"<p>VIS\u00c3O: Um mundo justo em que os sistemas econ\u00f3micos e sociais s\u00e3o sustent\u00e1veis, equitativos, colaborativos e inovadores. MISS\u00c3O: Fornecer educa\u00e7\u00e3o gratuita aos jovens sobre o desenvolvimento sustent\u00e1vel utilizando ferramentas e programas cient\u00edficos, divertidos e inovadores. VALORES: Sustentabilidade: Um futuro em que as solu\u00e7\u00f5es s\u00e3o regenerativas, baseadas em economias circulares e no respeito pelo planeta. Equidade: [&hellip;]<\/p>\n","protected":false},"author":4,"featured_media":935272,"parent":0,"menu_order":0,"comment_status":"closed","ping_status":"closed","template":"","meta":{"_uag_custom_page_level_css":"","site-sidebar-layout":"default","site-content-layout":"","ast-site-content-layout":"default","site-content-style":"default","site-sidebar-style":"default","ast-global-header-display":"","ast-banner-title-visibility":"","ast-main-header-display":"","ast-hfb-above-header-display":"","ast-hfb-below-header-display":"","ast-hfb-mobile-header-display":"","site-post-title":"disabled","ast-breadcrumbs-content":"","ast-featured-img":"","footer-sml-layout":"","ast-disable-related-posts":"","theme-transparent-header-meta":"","adv-header-id-meta":"","stick-header-meta":"","header-above-stick-meta":"","header-main-stick-meta":"","header-below-stick-meta":"","astra-migrate-meta-layouts":"default","ast-page-background-enabled":"default","ast-page-background-meta":{"desktop":{"background-color":"","background-image":"","background-repeat":"repeat","background-position":"center center","background-size":"auto","background-attachment":"scroll","background-type":"","background-media":"","overlay-type":"","overlay-color":"","overlay-opacity":"","overlay-gradient":""},"tablet":{"background-color":"","background-image":"","background-repeat":"repeat","background-position":"center center","background-size":"auto","background-attachment":"scroll","background-type":"","background-media":"","overlay-type":"","overlay-color":"","overlay-opacity":"","overlay-gradient":""},"mobile":{"background-color":"","background-image":"","background-repeat":"repeat","background-position":"center center","background-size":"auto","background-attachment":"scroll","background-type":"","background-media":"","overlay-type":"","overlay-color":"","overlay-opacity":"","overlay-gradient":""}},"ast-content-background-meta":{"desktop":{"background-color":"var(--ast-global-color-5)","background-image":"","background-repeat":"repeat","background-position":"center center","background-size":"auto","background-attachment":"scroll","background-type":"","background-media":"","overlay-type":"","overlay-color":"","overlay-opacity":"","overlay-gradient":""},"tablet":{"background-color":"var(--ast-global-color-5)","background-image":"","background-repeat":"repeat","background-position":"center center","background-size":"auto","background-attachment":"scroll","background-type":"","background-media":"","overlay-type":"","overlay-color":"","overlay-opacity":"","overlay-gradient":""},"mobile":{"background-color":"var(--ast-global-color-5)","background-image":"","background-repeat":"repeat","background-position":"center center","background-size":"auto","background-attachment":"scroll","background-type":"","background-media":"","overlay-type":"","overlay-color":"","overlay-opacity":"","overlay-gradient":""}},"footnotes":""},"class_list":["post-984666","page","type-page","status-publish","has-post-thumbnail","hentry"],"_wp_attached_file":null,"siteground_optimizer_is_optimized":null,"wp-smush-lossy":null,"wp-smpro-smush-data":null,"wpml_media_processed":null,"wp-smush-ignore-bulk":null,"_wp_attachment_image_alt":null,"_astra_sites_image_hash":null,"_elementor_source_image_hash":null,"_wp_attachment_context":null,"_oembed_82a5c35e9300b18f214e29423b80ccc1":null,"_wp_attachment_backup_sizes":null,"_oembed_962f988bbbdcfd4a23c50360ead75e99":null,"wp-smush-error":null,"wp-smush-optimization-errors":null,"_wp_trash_meta_status":null,"_wp_trash_meta_time":null,"_menu_item_type":null,"_menu_item_menu_item_parent":null,"_menu_item_object_id":null,"_menu_item_object":null,"_menu_item_target":null,"_menu_item_classes":null,"_menu_item_xfn":null,"_menu_item_url":null,"_customize_changeset_uuid":null,"site-post-title":"disabled","site-sidebar-layout":"default","site-content-layout":"","_yoast_wpseo_content_score":null,"astra-main-page-id":null,"_yoast_wpseo_estimated-reading-time-minutes":null,"ast_ist_mapping":null,"ast_self_id_48452":null,"rank_math_title":null,"rank_math_description":null,"site-content-style":"default","site-sidebar-style":"default","_wp_page_template":"","ast_self_id_48450":null,"ast_self_id_48451":null,"ast_self_id_48449":null,"ast_self_id_48453":null,"ast-featured-img":"","_oembed_57b40ba93a9ad9878fb0f0fa6f613ecc":null,"_oembed_time_57b40ba93a9ad9878fb0f0fa6f613ecc":null,"_oembed_41c9285399048f9301d0d1168e43343d":null,"_oembed_time_41c9285399048f9301d0d1168e43343d":null,"_oembed_38f3fd5741367c2221c86f09f2f9954f":null,"_oembed_time_38f3fd5741367c2221c86f09f2f9954f":null,"_oembed_93ddf6953ee718c6d9a5fefc37ed8568":null,"_oembed_time_93ddf6953ee718c6d9a5fefc37ed8568":null,"_uag_js_file_name":null,"_oembed_06dca8326686b8907e0b4154c81d6f8b":null,"cosmoswp_site_layout":null,"cosmoswp_sidebar_options":null,"cosmoswp_header_layout":null,"cosmoswp_footer_layout":null,"cosmoswp_banner_options_layout":null,"gutentor_dynamic_css":null,"gutentor_css_info":null,"rank_math_primary_category":null,"_pingme":null,"_encloseme":null,"user_id":null,"user_login":null,"_form":null,"_mail":null,"_mail_2":null,"_messages":null,"_additional_settings":null,"_locale":null,"_astra_sites_imported_wp_forms":null,"_wp_attachment_metadata":null,"rank_math_news_sitemap_robots":null,"rank_math_robots":null,"_wpml_word_count":null,"_uag_page_assets":{"css":".wp-block-uagb-advanced-heading h1,.wp-block-uagb-advanced-heading h2,.wp-block-uagb-advanced-heading h3,.wp-block-uagb-advanced-heading h4,.wp-block-uagb-advanced-heading h5,.wp-block-uagb-advanced-heading h6,.wp-block-uagb-advanced-heading p,.wp-block-uagb-advanced-heading div{word-break:break-word}.wp-block-uagb-advanced-heading .uagb-heading-text{margin:0}.wp-block-uagb-advanced-heading .uagb-desc-text{margin:0}.wp-block-uagb-advanced-heading .uagb-separator{font-size:0;border-top-style:solid;display:inline-block;margin:0 0 10px 0}.wp-block-uagb-advanced-heading .uagb-highlight{color:#f78a0c;border:0;transition:all 0.3s ease}.uag-highlight-toolbar{border-left:0;border-top:0;border-bottom:0;border-radius:0;border-right-color:#1e1e1e}.uag-highlight-toolbar .components-button{border-radius:0;outline:none}.uag-highlight-toolbar .components-button.is-primary{color:#fff}\n.wp-block-uagb-advanced-heading.uagb-block-fde85a02.wp-block-uagb-advanced-heading {text-align: center;}.wp-block-uagb-advanced-heading.uagb-block-fde85a02.wp-block-uagb-advanced-heading .uagb-desc-text{margin-bottom: 15px;}.wp-block-uagb-advanced-heading.uagb-block-fde85a02.wp-block-uagb-advanced-heading .uagb-highlight{font-style: normal;font-weight: Default;background: #007cba;color: #fff;-webkit-text-fill-color: #fff;}.wp-block-uagb-advanced-heading.uagb-block-fde85a02.wp-block-uagb-advanced-heading .uagb-highlight::-moz-selection{color: #fff;background: #007cba;-webkit-text-fill-color: #fff;}.wp-block-uagb-advanced-heading.uagb-block-fde85a02.wp-block-uagb-advanced-heading .uagb-highlight::selection{color: #fff;background: #007cba;-webkit-text-fill-color: #fff;}.wp-block-uagb-advanced-heading.uagb-block-fde85a02 .uagb-heading-text{margin-bottom: 15px;}.uag-blocks-common-selector{z-index:var(--z-index-desktop) !important}@media (max-width: 976px){.uag-blocks-common-selector{z-index:var(--z-index-tablet) !important}}@media (max-width: 767px){.uag-blocks-common-selector{z-index:var(--z-index-mobile) !important}}\n","js":"","current_block_list":["core\/cover","uagb\/advanced-heading","core\/paragraph","core\/heading","core\/search","core\/group","core\/latest-posts","core\/latest-comments","core\/archives","core\/categories"],"uag_flag":true,"uag_version":"1776464977","gfonts":[],"gfonts_url":"","gfonts_files":[],"uag_faq_layout":false},"_wxr_import_user_slug":null,"_astra_sites_imported_post":null,"_astra_sites_enable_for_batch":null,"_top_nav_excluded":"","_cms_nav_minihome":"","_wp_old_slug":null,"_edit_lock":null,"_last_translation_edit_mode":"translation-editor","_wp_old_date":null,"_wpml_location_migration_done":null,"rank_math_analytic_object_id":"155","rank_math_internal_links_processed":"1","rank_math_seo_score":null,"_edit_last":null,"_wpml_media_featured":null,"_wpml_media_duplicate":null,"theme-transparent-header-meta":"","rank_math_focus_keyword":null,"_uag_custom_page_level_css":null,"ast-site-content-layout":"default","adv-header-id-meta":"","stick-header-meta":"","astra-migrate-meta-layouts":null,"footnotes":null,"_uag_css_file_name":"uag-css-984666.css","rank_math_og_content_image":null,"_thumbnail_id":"935272","data":null,"user_ip":null,"uagb_featured_image_src":{"full":["https:\/\/albatrossglobal.org\/wp-content\/uploads\/2025\/02\/AlbaHomes2-1.png",1004,675,false],"thumbnail":["https:\/\/albatrossglobal.org\/wp-content\/uploads\/2025\/02\/AlbaHomes2-1-150x150.png",150,150,true],"medium":["https:\/\/albatrossglobal.org\/wp-content\/uploads\/2025\/02\/AlbaHomes2-1-300x202.png",300,202,true],"medium_large":["https:\/\/albatrossglobal.org\/wp-content\/uploads\/2025\/02\/AlbaHomes2-1-768x516.png",768,516,true],"large":["https:\/\/albatrossglobal.org\/wp-content\/uploads\/2025\/02\/AlbaHomes2-1.png",1004,675,false],"1536x1536":["https:\/\/albatrossglobal.org\/wp-content\/uploads\/2025\/02\/AlbaHomes2-1.png",1004,675,false],"2048x2048":["https:\/\/albatrossglobal.org\/wp-content\/uploads\/2025\/02\/AlbaHomes2-1.png",1004,675,false]},"uagb_author_info":{"display_name":"Carlos","author_link":"https:\/\/albatrossglobal.org\/pt-br\/"},"uagb_comment_info":0,"uagb_excerpt":"VIS\u00c3O: Um mundo justo em que os sistemas econ\u00f3micos e sociais s\u00e3o sustent\u00e1veis, equitativos, colaborativos e inovadores. MISS\u00c3O: Fornecer educa\u00e7\u00e3o gratuita aos jovens sobre o desenvolvimento sustent\u00e1vel utilizando ferramentas e programas cient\u00edficos, divertidos e inovadores. VALORES: Sustentabilidade: Um futuro em que as solu\u00e7\u00f5es s\u00e3o regenerativas, baseadas em economias circulares e no respeito pelo planeta. Equidade:&hellip;","_links":{"self":[{"href":"https:\/\/albatrossglobal.org\/pt-br\/wp-json\/wp\/v2\/pages\/984666","targetHints":{"allow":["GET"]}}],"collection":[{"href":"https:\/\/albatrossglobal.org\/pt-br\/wp-json\/wp\/v2\/pages"}],"about":[{"href":"https:\/\/albatrossglobal.org\/pt-br\/wp-json\/wp\/v2\/types\/page"}],"author":[{"embeddable":true,"href":"https:\/\/albatrossglobal.org\/pt-br\/wp-json\/wp\/v2\/users\/4"}],"replies":[{"embeddable":true,"href":"https:\/\/albatrossglobal.org\/pt-br\/wp-json\/wp\/v2\/comments?post=984666"}],"version-history":[{"count":11,"href":"https:\/\/albatrossglobal.org\/pt-br\/wp-json\/wp\/v2\/pages\/984666\/revisions"}],"predecessor-version":[{"id":1002945,"href":"https:\/\/albatrossglobal.org\/pt-br\/wp-json\/wp\/v2\/pages\/984666\/revisions\/1002945"}],"wp:featuredmedia":[{"embeddable":true,"href":"https:\/\/albatrossglobal.org\/pt-br\/wp-json\/wp\/v2\/media\/935272"}],"wp:attachment":[{"href":"https:\/\/albatrossglobal.org\/pt-br\/wp-json\/wp\/v2\/media?parent=984666"}],"curies":[{"name":"wp","href":"https:\/\/api.w.org\/{rel}","templated":true}]}}