{"id":952146,"date":"2024-11-07T10:58:08","date_gmt":"2024-11-07T09:58:08","guid":{"rendered":"https:\/\/albatrossglobal.org\/termos-do-servico\/"},"modified":"2025-04-13T17:41:48","modified_gmt":"2025-04-13T15:41:48","slug":"termos-do-servico","status":"publish","type":"page","link":"https:\/\/albatrossglobal.org\/pt-br\/termos-do-servico\/","title":{"rendered":"Termos de servi\u00e7o e condi\u00e7\u00f5es gerais de venda"},"content":{"rendered":"\n<p>Estes termos e condi\u00e7\u00f5es aplicam-se \u00e0 Albatross Foundation (www.albatrossglobal.org), Albatross Legal (www.albatrosslegal.org) e Create2donate (www.create2donate.org), doravante referidas separadamente ou em conjunto como &#8220;Albatross&#8221;.<\/p>\n\n<h2 class=\"wp-block-heading\">I. Exonera\u00e7\u00e3o de responsabilidade<\/h2>\n\n<p>A Albatross fornece as informa\u00e7\u00f5es contidas neste site apenas como um recurso para os seus utilizadores, sem qualquer forma de garantia. Embora a Albatross se esforce por fornecer conte\u00fado de alta qualidade no seu site, n\u00e3o garante a exatid\u00e3o, fiabilidade ou atualidade de tais informa\u00e7\u00f5es e, portanto, n\u00e3o ser\u00e1 respons\u00e1vel de qualquer forma por quaisquer danos ou perdas sofridas pelo utilizador que possam resultar da utiliza\u00e7\u00e3o de tais informa\u00e7\u00f5es. Da mesma forma, a Albatross n\u00e3o se responsabiliza por quaisquer erros, omiss\u00f5es ou altera\u00e7\u00f5es inadvertidas que possam ocorrer na divulga\u00e7\u00e3o do conte\u00fado do seu s\u00edtio na Internet. As opini\u00f5es expressas no s\u00edtio s\u00e3o da exclusiva responsabilidade da Albatross. A Albatross n\u00e3o garante a exatid\u00e3o dos dados inclu\u00eddos na sua publica\u00e7\u00e3o e n\u00e3o se responsabiliza pelas consequ\u00eancias da sua utiliza\u00e7\u00e3o.    <\/p>\n\n<h2 class=\"wp-block-heading\">II. Liga\u00e7\u00f5es a s\u00edtios Web de terceiros<\/h2>\n\n<p>A Albatross fornece uma s\u00e9rie de links para sites de terceiros como uma conveni\u00eancia para os seus utilizadores. A inclus\u00e3o destes links n\u00e3o implica o apoio da Albatross. Na medida em que estes links n\u00e3o est\u00e3o sob o controlo da Albatross, a Albatross n\u00e3o \u00e9 respons\u00e1vel pelo conte\u00fado de tais sites ou por quaisquer opini\u00f5es ou declara\u00e7\u00f5es expressas nos mesmos. Isto tamb\u00e9m se aplica a quaisquer liga\u00e7\u00f5es que possam aparecer em tais s\u00edtios.   <\/p>\n\n<h2 class=\"wp-block-heading\">III. Liga\u00e7\u00f5es para s\u00edtios Web de albatrozes<\/h2>\n\n<p>Em geral, os s\u00edtios web podem ligar a s\u00edtios web da Albatross sem pedir autoriza\u00e7\u00e3o \u00e0 Albatross. Contudo, tais liga\u00e7\u00f5es devem indicar claramente que a Albatross \u00e9 a fonte da informa\u00e7\u00e3o apresentada e devem preservar a integridade das p\u00e1ginas web da Albatross sem as modificar. <\/p>\n\n<h2 class=\"wp-block-heading\">IV. Den\u00fancia de irregularidades<\/h2>\n\n<h3 class=\"wp-block-heading\">4.1 Procedimento de den\u00fancia<\/h3>\n\n<p>Qualquer parte interessada deve comunicar quaisquer observa\u00e7\u00f5es ou suspeitas:<\/p>\n\n<ul class=\"wp-block-list\">\n<li>fraude, roubo ou m\u00e1 conduta financeira<\/li>\n\n\n\n<li>Riscos de seguran\u00e7a ou infrac\u00e7\u00f5es \u00e0s normas de sa\u00fade e seguran\u00e7a<\/li>\n\n\n\n<li>Discrimina\u00e7\u00e3o, ass\u00e9dio ou outras viola\u00e7\u00f5es da legisla\u00e7\u00e3o em mat\u00e9ria de igualdade no emprego<\/li>\n\n\n\n<li>Viola\u00e7\u00e3o da pol\u00edtica da empresa ou de regulamentos legais<\/li>\n\n\n\n<li>Qualquer outro comportamento n\u00e3o \u00e9tico, ilegal ou inadequado.<\/li>\n<\/ul>\n\n<p>As reclama\u00e7\u00f5es podem ser feitas por correio eletr\u00f3nico para Info@albatrossglobal.org ou por correio para Albatross, Domaine du Buis, 207 chemin du Buis, 42110 Pouilly les Feurs, Fran\u00e7a.  <\/p>\n\n<h3 class=\"wp-block-heading\">4.2 Confidencialidade<\/h3>\n\n<p>A Albatross tratar\u00e1 todos os relat\u00f3rios de Den\u00fancias como confidenciais, na medida do poss\u00edvel, enquanto permite uma investiga\u00e7\u00e3o completa. A identidade do denunciante n\u00e3o ser\u00e1 divulgada sem o consentimento do denunciante, a menos que exigido por lei. <\/p>\n\n<h3 class=\"wp-block-heading\">4.3 Exig\u00eancia de boa f\u00e9<\/h3>\n\n<p>As comunica\u00e7\u00f5es devem ser efectuadas de boa f\u00e9, na convic\u00e7\u00e3o razo\u00e1vel de que as informa\u00e7\u00f5es fornecidas s\u00e3o verdadeiras. Qualquer pessoa que tenha feito intencionalmente den\u00fancias falsas ou maliciosas pode ser objeto de uma a\u00e7\u00e3o disciplinar. <\/p>\n\n<h3 class=\"wp-block-heading\">4.4 Processo de investiga\u00e7\u00e3o<\/h3>\n\n<p>Ap\u00f3s a rece\u00e7\u00e3o do relat\u00f3rio, a Albatross :<\/p>\n\n<ul class=\"wp-block-list\">\n<li>conduz uma investiga\u00e7\u00e3o r\u00e1pida, completa e imparcial<\/li>\n\n\n\n<li>Mant\u00e9m a documenta\u00e7\u00e3o dos resultados e das medidas tomadas<\/li>\n\n\n\n<li>Toma medidas corretivas se a m\u00e1 conduta for confirmada.<\/li>\n<\/ul>\n\n<h3 class=\"wp-block-heading\">4.5 Revis\u00e3o e altera\u00e7\u00e3o<\/h3>\n\n<p>Estas condi\u00e7\u00f5es ser\u00e3o revistas periodicamente e podem ser alteradas para refletir altera\u00e7\u00f5es na legisla\u00e7\u00e3o, melhores pr\u00e1ticas ou altera\u00e7\u00f5es organizacionais.<\/p>\n\n<h2 class=\"wp-block-heading\">V. Termos e condi\u00e7\u00f5es gerais de venda<\/h2>\n\n<h3 class=\"wp-block-heading\">5.1 Aceita\u00e7\u00e3o da encomenda<\/h3>\n\n<p>Ao fazeres uma encomenda no nosso website Albatross, concordas com estes termos e condi\u00e7\u00f5es. Todas as encomendas est\u00e3o sujeitas \u00e0 disponibilidade e \u00e0 confirma\u00e7\u00e3o do pre\u00e7o de encomenda. <\/p>\n\n<h3 class=\"wp-block-heading\">5.2 Pre\u00e7os e pagamentos<\/h3>\n\n<p>Os pre\u00e7os indicados no nosso site Albatross est\u00e3o na moeda aplic\u00e1vel e incluem os impostos aplic\u00e1veis, salvo indica\u00e7\u00e3o em contr\u00e1rio, e excluem os direitos aduaneiros aplic\u00e1veis.<br\/>Salvo acordo expresso em contr\u00e1rio, o pagamento \u00e9 devido utilizando o m\u00e9todo de pagamento STRIPE inclu\u00eddo.<br\/>Reservamo-nos o direito de ajustar os pre\u00e7os em qualquer altura.<\/p>\n\n<h3 class=\"wp-block-heading\">5.3 Expedi\u00e7\u00e3o e entrega<\/h3>\n\n<p>O nosso objetivo \u00e9 enviar todas as encomendas atempadamente. Os prazos de entrega podem variar consoante a localiza\u00e7\u00e3o e o m\u00e9todo de envio. A Albatross n\u00e3o \u00e9 respons\u00e1vel, direta ou indiretamente, por quaisquer atrasos.  <\/p>\n\n<h3 class=\"wp-block-heading\">5.4 Exclus\u00e3o de responsabilidade<\/h3>\n\n<p>A Albatross n\u00e3o ser\u00e1 respons\u00e1vel por quaisquer danos diretos, indirectos, acidentais ou consequenciais relacionados com a utiliza\u00e7\u00e3o dos seus produtos e servi\u00e7os, exceto quando expressamente exigido por lei. Nestes casos, a responsabilidade \u00e9 sempre limitada ao custo do artigo adquirido. <\/p>\n\n<h3 class=\"wp-block-heading\">5.5 Altera\u00e7\u00f5es das condi\u00e7\u00f5es<\/h3>\n\n<p>Estes termos e condi\u00e7\u00f5es est\u00e3o sujeitos a altera\u00e7\u00f5es sem aviso pr\u00e9vio. Ao continuar a utilizar o website da Albatross, aceita estas altera\u00e7\u00f5es. <\/p>\n\n<h3 class=\"wp-block-heading\">VI Direito aplic\u00e1vel<\/h3>\n\n<p>As presentes condi\u00e7\u00f5es s\u00e3o regidas, interpretadas e aplicadas em conformidade com a lei francesa, sendo a l\u00edngua de interpreta\u00e7\u00e3o o franc\u00eas. Em caso de lit\u00edgio, procurar-se-\u00e1 chegar a um acordo amig\u00e1vel. Na aus\u00eancia de acordo amig\u00e1vel, qualquer lit\u00edgio ser\u00e1 submetido \u00e0 jurisdi\u00e7\u00e3o exclusiva dos tribunais franceses.  <\/p>\n\n<p><\/p>\n","protected":false},"excerpt":{"rendered":"<p>Estes termos e condi\u00e7\u00f5es aplicam-se \u00e0 Albatross Foundation (www.albatrossglobal.org), Albatross Legal (www.albatrosslegal.org) e Create2donate (www.create2donate.org), doravante referidas separadamente ou em conjunto como &#8220;Albatross&#8221;. I. Exonera\u00e7\u00e3o de responsabilidade A Albatross fornece as informa\u00e7\u00f5es contidas neste site apenas como um recurso para os seus utilizadores, sem qualquer forma de garantia. Embora a Albatross se esforce por fornecer [&hellip;]<\/p>\n","protected":false},"author":7,"featured_media":0,"parent":0,"menu_order":0,"comment_status":"closed","ping_status":"closed","template":"","meta":{"_uag_custom_page_level_css":"","site-sidebar-layout":"default","site-content-layout":"","ast-site-content-layout":"default","site-content-style":"default","site-sidebar-style":"default","ast-global-header-display":"","ast-banner-title-visibility":"","ast-main-header-display":"","ast-hfb-above-header-display":"","ast-hfb-below-header-display":"","ast-hfb-mobile-header-display":"","site-post-title":"","ast-breadcrumbs-content":"","ast-featured-img":"","footer-sml-layout":"","ast-disable-related-posts":"","theme-transparent-header-meta":"","adv-header-id-meta":"","stick-header-meta":"","header-above-stick-meta":"","header-main-stick-meta":"","header-below-stick-meta":"","astra-migrate-meta-layouts":"default","ast-page-background-enabled":"default","ast-page-background-meta":{"desktop":{"background-color":"","background-image":"","background-repeat":"repeat","background-position":"center center","background-size":"auto","background-attachment":"scroll","background-type":"","background-media":"","overlay-type":"","overlay-color":"","overlay-opacity":"","overlay-gradient":""},"tablet":{"background-color":"","background-image":"","background-repeat":"repeat","background-position":"center center","background-size":"auto","background-attachment":"scroll","background-type":"","background-media":"","overlay-type":"","overlay-color":"","overlay-opacity":"","overlay-gradient":""},"mobile":{"background-color":"","background-image":"","background-repeat":"repeat","background-position":"center center","background-size":"auto","background-attachment":"scroll","background-type":"","background-media":"","overlay-type":"","overlay-color":"","overlay-opacity":"","overlay-gradient":""}},"ast-content-background-meta":{"desktop":{"background-color":"var(--ast-global-color-5)","background-image":"","background-repeat":"repeat","background-position":"center center","background-size":"auto","background-attachment":"scroll","background-type":"","background-media":"","overlay-type":"","overlay-color":"","overlay-opacity":"","overlay-gradient":""},"tablet":{"background-color":"var(--ast-global-color-5)","background-image":"","background-repeat":"repeat","background-position":"center center","background-size":"auto","background-attachment":"scroll","background-type":"","background-media":"","overlay-type":"","overlay-color":"","overlay-opacity":"","overlay-gradient":""},"mobile":{"background-color":"var(--ast-global-color-5)","background-image":"","background-repeat":"repeat","background-position":"center center","background-size":"auto","background-attachment":"scroll","background-type":"","background-media":"","overlay-type":"","overlay-color":"","overlay-opacity":"","overlay-gradient":""}},"footnotes":""},"class_list":["post-952146","page","type-page","status-publish","hentry"],"_wp_attached_file":null,"siteground_optimizer_is_optimized":null,"wp-smush-lossy":null,"wp-smpro-smush-data":null,"wpml_media_processed":null,"wp-smush-ignore-bulk":null,"_wp_attachment_image_alt":null,"_astra_sites_image_hash":null,"_elementor_source_image_hash":null,"_wp_attachment_context":null,"_oembed_82a5c35e9300b18f214e29423b80ccc1":null,"_wp_attachment_backup_sizes":null,"_oembed_962f988bbbdcfd4a23c50360ead75e99":null,"wp-smush-error":null,"wp-smush-optimization-errors":null,"_wp_trash_meta_status":null,"_wp_trash_meta_time":null,"_menu_item_type":null,"_menu_item_menu_item_parent":null,"_menu_item_object_id":null,"_menu_item_object":null,"_menu_item_target":null,"_menu_item_classes":null,"_menu_item_xfn":null,"_menu_item_url":null,"_customize_changeset_uuid":null,"site-post-title":null,"site-sidebar-layout":null,"site-content-layout":null,"_yoast_wpseo_content_score":null,"astra-main-page-id":null,"_yoast_wpseo_estimated-reading-time-minutes":null,"ast_ist_mapping":null,"ast_self_id_48452":null,"rank_math_title":null,"rank_math_description":null,"site-content-style":null,"site-sidebar-style":null,"_wp_page_template":"","ast_self_id_48450":null,"ast_self_id_48451":null,"ast_self_id_48449":null,"ast_self_id_48453":null,"ast-featured-img":null,"_oembed_57b40ba93a9ad9878fb0f0fa6f613ecc":null,"_oembed_time_57b40ba93a9ad9878fb0f0fa6f613ecc":null,"_oembed_41c9285399048f9301d0d1168e43343d":null,"_oembed_time_41c9285399048f9301d0d1168e43343d":null,"_oembed_38f3fd5741367c2221c86f09f2f9954f":null,"_oembed_time_38f3fd5741367c2221c86f09f2f9954f":null,"_oembed_93ddf6953ee718c6d9a5fefc37ed8568":null,"_oembed_time_93ddf6953ee718c6d9a5fefc37ed8568":null,"_uag_js_file_name":null,"_oembed_06dca8326686b8907e0b4154c81d6f8b":null,"cosmoswp_site_layout":null,"cosmoswp_sidebar_options":null,"cosmoswp_header_layout":null,"cosmoswp_footer_layout":null,"cosmoswp_banner_options_layout":null,"gutentor_dynamic_css":null,"gutentor_css_info":null,"rank_math_primary_category":null,"_pingme":null,"_encloseme":null,"user_id":null,"user_login":null,"_form":null,"_mail":null,"_mail_2":null,"_messages":null,"_additional_settings":null,"_locale":null,"_astra_sites_imported_wp_forms":null,"_wp_attachment_metadata":null,"rank_math_news_sitemap_robots":null,"rank_math_robots":null,"_wpml_word_count":"930","_uag_page_assets":{"css":".uag-blocks-common-selector{z-index:var(--z-index-desktop) !important}@media (max-width: 976px){.uag-blocks-common-selector{z-index:var(--z-index-tablet) !important}}@media (max-width: 767px){.uag-blocks-common-selector{z-index:var(--z-index-mobile) !important}}\n","js":"","current_block_list":["core\/paragraph","core\/heading","core\/list","core\/list-item","core\/search","core\/group","core\/latest-posts","core\/latest-comments","core\/archives","core\/categories"],"uag_flag":false,"uag_version":"1776623943","gfonts":[],"gfonts_url":"","gfonts_files":[],"uag_faq_layout":false},"_wxr_import_user_slug":null,"_astra_sites_imported_post":null,"_astra_sites_enable_for_batch":null,"_top_nav_excluded":"","_cms_nav_minihome":"","_wp_old_slug":null,"_edit_lock":null,"_last_translation_edit_mode":"translation-editor","_wp_old_date":null,"_wpml_location_migration_done":null,"rank_math_analytic_object_id":"190","rank_math_internal_links_processed":"1","rank_math_seo_score":null,"_edit_last":null,"_wpml_media_featured":null,"_wpml_media_duplicate":null,"theme-transparent-header-meta":"","rank_math_focus_keyword":null,"_uag_custom_page_level_css":null,"ast-site-content-layout":"default","adv-header-id-meta":"","stick-header-meta":"","astra-migrate-meta-layouts":null,"footnotes":null,"_uag_css_file_name":"uag-css-952146.css","rank_math_og_content_image":null,"_thumbnail_id":null,"data":null,"user_ip":null,"uagb_featured_image_src":{"full":false,"thumbnail":false,"medium":false,"medium_large":false,"large":false,"1536x1536":false,"2048x2048":false},"uagb_author_info":{"display_name":"Albapouilly","author_link":"https:\/\/albatrossglobal.org\/pt-br\/"},"uagb_comment_info":0,"uagb_excerpt":"Estes termos e condi\u00e7\u00f5es aplicam-se \u00e0 Albatross Foundation (www.albatrossglobal.org), Albatross Legal (www.albatrosslegal.org) e Create2donate (www.create2donate.org), doravante referidas separadamente ou em conjunto como &#8220;Albatross&#8221;. I. Exonera\u00e7\u00e3o de responsabilidade A Albatross fornece as informa\u00e7\u00f5es contidas neste site apenas como um recurso para os seus utilizadores, sem qualquer forma de garantia. Embora a Albatross se esforce por fornecer&hellip;","_links":{"self":[{"href":"https:\/\/albatrossglobal.org\/pt-br\/wp-json\/wp\/v2\/pages\/952146","targetHints":{"allow":["GET"]}}],"collection":[{"href":"https:\/\/albatrossglobal.org\/pt-br\/wp-json\/wp\/v2\/pages"}],"about":[{"href":"https:\/\/albatrossglobal.org\/pt-br\/wp-json\/wp\/v2\/types\/page"}],"author":[{"embeddable":true,"href":"https:\/\/albatrossglobal.org\/pt-br\/wp-json\/wp\/v2\/users\/7"}],"replies":[{"embeddable":true,"href":"https:\/\/albatrossglobal.org\/pt-br\/wp-json\/wp\/v2\/comments?post=952146"}],"version-history":[{"count":5,"href":"https:\/\/albatrossglobal.org\/pt-br\/wp-json\/wp\/v2\/pages\/952146\/revisions"}],"predecessor-version":[{"id":1021381,"href":"https:\/\/albatrossglobal.org\/pt-br\/wp-json\/wp\/v2\/pages\/952146\/revisions\/1021381"}],"wp:attachment":[{"href":"https:\/\/albatrossglobal.org\/pt-br\/wp-json\/wp\/v2\/media?parent=952146"}],"curies":[{"name":"wp","href":"https:\/\/api.w.org\/{rel}","templated":true}]}}