{"id":81055,"date":"2022-05-17T11:02:23","date_gmt":"2022-05-17T09:02:23","guid":{"rendered":"https:\/\/albatrossglobal.org\/politica-de-privacidade\/"},"modified":"2025-04-13T18:07:38","modified_gmt":"2025-04-13T16:07:38","slug":"politica-de-privacidade","status":"publish","type":"page","link":"https:\/\/albatrossglobal.org\/pt-br\/politica-de-privacidade\/","title":{"rendered":"Pol\u00edtica de privacidade"},"content":{"rendered":"\n<div class=\"wp-block-cover alignfull\" style=\"min-height:600px;aspect-ratio:unset;\"><span aria-hidden=\"true\" class=\"wp-block-cover__background has-ast-global-color-2-background-color has-background-dim-80 has-background-dim\"><\/span><img decoding=\"async\" width=\"1600\" height=\"898\" class=\"wp-block-cover__image-background wp-image-1691 lazyload\" alt=\"\" data-src=\"https:\/\/albatrossglobal.org\/wp-content\/uploads\/2022\/05\/le-buis-2.jpeg\" style=\"--smush-placeholder-width: 1600px; --smush-placeholder-aspect-ratio: 1600\/898;object-position:55% 59%\" data-object-fit=\"cover\" data-object-position=\"55% 59%\" data-srcset=\"https:\/\/albatrossglobal.org\/wp-content\/uploads\/2022\/05\/le-buis-2.jpeg 1600w, https:\/\/albatrossglobal.org\/wp-content\/uploads\/2022\/05\/le-buis-2-300x168.jpeg 300w, https:\/\/albatrossglobal.org\/wp-content\/uploads\/2022\/05\/le-buis-2-1024x575.jpeg 1024w, https:\/\/albatrossglobal.org\/wp-content\/uploads\/2022\/05\/le-buis-2-768x431.jpeg 768w, https:\/\/albatrossglobal.org\/wp-content\/uploads\/2022\/05\/le-buis-2-1536x862.jpeg 1536w\" data-sizes=\"(max-width: 1600px) 100vw, 1600px\" src=\"data:image\/svg+xml;base64,PHN2ZyB3aWR0aD0iMSIgaGVpZ2h0PSIxIiB4bWxucz0iaHR0cDovL3d3dy53My5vcmcvMjAwMC9zdmciPjwvc3ZnPg==\" \/><div class=\"wp-block-cover__inner-container is-layout-flow wp-block-cover-is-layout-flow\">\n<h1 class=\"wp-block-heading has-text-color\" style=\"color:#ffffff\">Pol\u00edtica de privacidade<\/h1>\n<\/div><\/div>\n\n<div style=\"height:50px\" aria-hidden=\"true\" class=\"wp-block-spacer\"><\/div>\n\n<section class=\"wp-block-uagb-section uagb-section__wrap uagb-section__background-undefined uagb-block-ce7782c0\"><div class=\"uagb-section__overlay\"><\/div><div class=\"uagb-section__inner-wrap\">\n<h2 class=\"wp-block-heading\">I. Gest\u00e3o dos dados pessoais<\/h2>\n\n\n\n<p>Esta Pol\u00edtica de Privacidade aplica-se a Albatross Foundation (website: www.albatrossglobal.org), Albatross Legal (website: www.albatrosslegal.org) e Create2Donate (website: www.create2donate.org) (em conjunto ou separadamente referidos como &#8220;o S\u00edtio&#8221;).<\/p>\n\n\n\n<p>  O S\u00edtio est\u00e1 empenhado em proteger a privacidade das informa\u00e7\u00f5es pessoais dos utilizadores do seu s\u00edtio Web. Esta pol\u00edtica de privacidade explica como recolhemos, usamos, armazenamos e protegemos os teus dados pessoais de acordo com o Regulamento Geral de Prote\u00e7\u00e3o de Dados (RGPD) e as leis aplic\u00e1veis. <\/p>\n\n\n\n<p>Ao acederes ou ligares-te ao S\u00edtio e ao utiliz\u00e1-lo, aceitas os termos desta pol\u00edtica de confidencialidade.  <\/p>\n\n\n\n<p>Em Fran\u00e7a, os dados pessoais s\u00e3o protegidos pela Lei n.\u00ba 78-87 de 6 de janeiro de 1978, pela Lei n.\u00ba 2004-801 de 6 de agosto de 2004, pelo artigo L. 226-13 do C\u00f3digo Penal e pela Diretiva Europeia de 24 de outubro de 1995.<\/p>\n\n\n\n<p>No S\u00edtio, o propriet\u00e1rio do s\u00edtio recolhe informa\u00e7\u00f5es pessoais relativas ao utilizador apenas para a necessidade de determinados servi\u00e7os oferecidos pelo S\u00edtio. Os utilizadores fornecem estas informa\u00e7\u00f5es com pleno conhecimento de causa, nomeadamente quando s\u00e3o eles pr\u00f3prios a introduzi-las. Os utilizadores do s\u00edtio s\u00e3o ent\u00e3o informados se s\u00e3o ou n\u00e3o obrigados a fornecer essas informa\u00e7\u00f5es.  <\/p>\n\n\n\n<p>Em conformidade com as disposi\u00e7\u00f5es dos artigos 38 e seguintes da Lei 78-17 de 6 de janeiro de 1978 relativa ao tratamento de dados, aos ficheiros de dados e \u00e0s liberdades individuais, todos os utilizadores t\u00eam o direito de aceder, retificar, apagar e opor-se aos dados pessoais que lhes dizem respeito. Para exercer este direito, envia o teu pedido por correio eletr\u00f3nico para: info@albatrossglobal.org ou por correio para: Albatross, Domaine du Buis, 207 chemin du Buis, 42110 Pouilly les Feurs, Fran\u00e7a, enviando um pedido escrito e assinado, acompanhado de uma c\u00f3pia do documento de identidade com a assinatura do portador do documento, especificando o endere\u00e7o para o qual a resposta deve ser enviada. <\/p>\n\n\n\n<p>Nenhuma informa\u00e7\u00e3o pessoal do utilizador do S\u00edtio \u00e9 publicada sem o conhecimento do utilizador, trocada, transferida, cedida ou vendida a terceiros, seja por que meio for. Apenas a assun\u00e7\u00e3o da compra do S\u00edtio pelo propriet\u00e1rio do S\u00edtio e dos seus direitos permitiria a transmiss\u00e3o das referidas informa\u00e7\u00f5es ao eventual comprador que, por sua vez, estaria vinculado \u00e0 mesma obriga\u00e7\u00e3o de conserva\u00e7\u00e3o e modifica\u00e7\u00e3o dos dados relativos ao utilizador do S\u00edtio. <\/p>\n\n\n\n<p>As bases de dados s\u00e3o protegidas pelas disposi\u00e7\u00f5es da lei de 1 de julho de 1998 que transp\u00f5e a Diretiva 96\/9 de 11 de mar\u00e7o de 1996 relativa \u00e0 prote\u00e7\u00e3o jur\u00eddica das bases de dados.<\/p>\n\n\n\n<h2 class=\"wp-block-heading\">II. Regulamento Europeu de Prote\u00e7\u00e3o de Dados (RGPD)<\/h2>\n\n\n\n<p>Com a entrada em vigor do Regulamento Europeu de Prote\u00e7\u00e3o de Dados (RGPD), gostar\u00edamos de te recordar os nossos compromissos em mat\u00e9ria de seguran\u00e7a e confidencialidade dos dados pessoais no Site.<\/p>\n\n\n\n<p><strong>Em termos concretos<\/strong>:<\/p>\n\n\n\n<ul class=\"wp-block-list\">\n<li>Atualiza\u00e7\u00e3o dos nossos sistemas de acesso aos dados.<\/li>\n\n\n\n<li>M\u00f3dulo de gest\u00e3o de cookies no s\u00edtio<\/li>\n\n\n\n<li>Atualiza\u00e7\u00e3o da nossa carta interna para a utiliza\u00e7\u00e3o dos sistemas de informa\u00e7\u00e3o.<\/li>\n<\/ul>\n\n\n\n<p>Comprometemo-nos a n\u00e3o partilhar os dados pessoais que recolhemos com outras organiza\u00e7\u00f5es.<\/p>\n\n\n\n<h2 class=\"wp-block-heading\">III. Conte\u00fado incorporado de outros sites<\/h2>\n\n\n\n<p>Os artigos no S\u00edtio podem incluir conte\u00fado incorporado (por exemplo, v\u00eddeos, imagens, artigos, etc.). O conte\u00fado integrado de outros s\u00edtios comporta-se da mesma forma como se o visitante estivesse a visitar esse outro s\u00edtio. <\/p>\n\n\n\n<p>Estes s\u00edtios Web podem recolher dados sobre ti, utilizar cookies, incorporar ferramentas de rastreio de terceiros e rastrear as tuas intera\u00e7\u00f5es com este conte\u00fado incorporado se tiveres uma conta ligada ao seu s\u00edtio Web.<\/p>\n\n\n\n<h2 class=\"wp-block-heading\">IV. Gest\u00e3o de cookies<\/h2>\n\n\n\n<p>O S\u00edtio utiliza cookies para melhorar a tua experi\u00eancia de utilizador e para compilar estat\u00edsticas de visitantes.<\/p>\n\n\n\n<h3 class=\"wp-block-heading\">O que \u00e9 uma bolacha?<\/h3>\n\n\n\n<p>Os cookies s\u00e3o pequenos ficheiros de texto que s\u00e3o instalados no teu computador ou dispositivo quando visitas o nosso s\u00edtio Web.<\/p>\n\n\n\n<h3 class=\"wp-block-heading\">Finalidade dos cookies<\/h3>\n\n\n\n<p>Utilizamos cookies para tornar as tuas visitas ao S\u00edtio mais eficientes. Os cookies tamb\u00e9m nos permitem melhorar a navega\u00e7\u00e3o no S\u00edtio e compreender o teu comportamento. <\/p>\n\n\n\n<h3 class=\"wp-block-heading\">A nossa utiliza\u00e7\u00e3o de cookies<\/h3>\n\n\n\n<p>Utilizamos cookies para :<\/p>\n\n\n\n<ul class=\"wp-block-list\">\n<li>Lembra-te dos teus dados de acesso.<\/li>\n\n\n\n<li>Identificar-te quando te ligas ao S\u00edtio.<\/li>\n\n\n\n<li>Para recordar as tuas prefer\u00eancias de navega\u00e7\u00e3o, para que possas navegar no nosso site de forma mais r\u00e1pida e f\u00e1cil.<\/li>\n\n\n\n<li>Recolher informa\u00e7\u00f5es anal\u00edticas para, por exemplo, contar o n\u00famero de visitantes do Web site e identificar as p\u00e1ginas que visitas com mais frequ\u00eancia.<\/li>\n\n\n\n<li>Utilizamos os dados de an\u00e1lise que recolhemos para fins de marketing e planeamento de recursos.<\/li>\n\n\n\n<li>Para determinar se os nossos clientes e visitantes se adaptam facilmente \u00e0s altera\u00e7\u00f5es que podemos efetuar no S\u00edtio.<\/li>\n<\/ul>\n\n\n\n<h3 class=\"wp-block-heading\">Informa\u00e7\u00f5es recolhidas atrav\u00e9s de cookies<\/h3>\n\n\n\n<p>Os cookies ajudam-nos a recolher informa\u00e7\u00f5es sobre a forma como utilizas o Site, mas n\u00e3o armazenamos quaisquer informa\u00e7\u00f5es pessoais identific\u00e1veis sobre ti nos nossos dados de cookies. Apenas registamos um identificador de sess\u00e3o \u00fanico que nos ajudar\u00e1 a encontrar um perfil de utilizador e as tuas prefer\u00eancias na pr\u00f3xima vez que nos visitares. <\/p>\n\n\n\n<h3 class=\"wp-block-heading\">Tipos de cookies<\/h3>\n\n\n\n<p>Cookies de sess\u00e3o: os cookies deste tipo s\u00e3o armazenados temporariamente no teu computador ou dispositivo durante uma sess\u00e3o de navega\u00e7\u00e3o. S\u00e3o eliminados do teu computador ou dispositivo no final da sess\u00e3o de navega\u00e7\u00e3o. Cookies permanentes: os cookies deste tipo permanecem no teu computador durante um per\u00edodo de tempo mais longo. Os cookies permanentes ajudam-nos a reconhecer-te quando precisamos de saber quem \u00e9s durante mais de uma sess\u00e3o de navega\u00e7\u00e3o.   <\/p>\n\n\n\n<h3 class=\"wp-block-heading\">Gest\u00e3o de cookies<\/h3>\n\n\n\n<p>O menu da maioria dos browsers inclui op\u00e7\u00f5es que te permitem gerir os teus cookies, ajustando ou configurando as tuas defini\u00e7\u00f5es de cookies. Em geral, o navegador oferece-te a possibilidade de : <\/p>\n\n\n\n<ul class=\"wp-block-list\">\n<li>mostra os teus cookies;<\/li>\n\n\n\n<li>permite cookies;<\/li>\n\n\n\n<li>desativar todos os cookies ou apenas cookies espec\u00edficos;<\/li>\n\n\n\n<li>desativar todos os cookies quando fechas o teu browser;<\/li>\n\n\n\n<li>bloqueia os cookies;<\/li>\n\n\n\n<li>para seres informado quando receberes um cookie.<\/li>\n<\/ul>\n\n\n\n<p>Tem em aten\u00e7\u00e3o que, se optares por bloquear os nossos cookies, a maior parte das funcionalidades do S\u00edtio ser\u00e3o desactivadas (incluindo o registo, a possibilidade de publicar coment\u00e1rios e outras intera\u00e7\u00f5es) e a tua navega\u00e7\u00e3o poder\u00e1 tamb\u00e9m ser afetada. Se definires as op\u00e7\u00f5es do teu browser para apagar todos os cookies, as tuas prefer\u00eancias de navega\u00e7\u00e3o ser\u00e3o apagadas quando fechares o browser. <\/p>\n\n\n\n<p>Tem em aten\u00e7\u00e3o que, a menos que tenhas definido os par\u00e2metros do teu browser para recusar cookies, o nosso sistema emitir\u00e1 cookies assim que visitares o S\u00edtio.<\/p>\n<\/div><\/section>\n","protected":false},"excerpt":{"rendered":"","protected":false},"author":7,"featured_media":0,"parent":0,"menu_order":0,"comment_status":"closed","ping_status":"closed","template":"","meta":{"_uag_custom_page_level_css":"","site-sidebar-layout":"default","site-content-layout":"plain-container","ast-site-content-layout":"normal-width-container","site-content-style":"unboxed","site-sidebar-style":"unboxed","ast-global-header-display":"","ast-banner-title-visibility":"","ast-main-header-display":"","ast-hfb-above-header-display":"","ast-hfb-below-header-display":"","ast-hfb-mobile-header-display":"","site-post-title":"disabled","ast-breadcrumbs-content":"","ast-featured-img":"","footer-sml-layout":"","ast-disable-related-posts":"","theme-transparent-header-meta":"enabled","adv-header-id-meta":"","stick-header-meta":"","header-above-stick-meta":"","header-main-stick-meta":"","header-below-stick-meta":"","astra-migrate-meta-layouts":"default","ast-page-background-enabled":"default","ast-page-background-meta":{"desktop":{"background-color":"","background-image":"","background-repeat":"repeat","background-position":"center center","background-size":"auto","background-attachment":"scroll","background-type":"","background-media":"","overlay-type":"","overlay-color":"","overlay-opacity":"","overlay-gradient":""},"tablet":{"background-color":"","background-image":"","background-repeat":"repeat","background-position":"center center","background-size":"auto","background-attachment":"scroll","background-type":"","background-media":"","overlay-type":"","overlay-color":"","overlay-opacity":"","overlay-gradient":""},"mobile":{"background-color":"","background-image":"","background-repeat":"repeat","background-position":"center center","background-size":"auto","background-attachment":"scroll","background-type":"","background-media":"","overlay-type":"","overlay-color":"","overlay-opacity":"","overlay-gradient":""}},"ast-content-background-meta":{"desktop":{"background-color":"var(--ast-global-color-5)","background-image":"","background-repeat":"repeat","background-position":"center center","background-size":"auto","background-attachment":"scroll","background-type":"","background-media":"","overlay-type":"","overlay-color":"","overlay-opacity":"","overlay-gradient":""},"tablet":{"background-color":"var(--ast-global-color-5)","background-image":"","background-repeat":"repeat","background-position":"center center","background-size":"auto","background-attachment":"scroll","background-type":"","background-media":"","overlay-type":"","overlay-color":"","overlay-opacity":"","overlay-gradient":""},"mobile":{"background-color":"var(--ast-global-color-5)","background-image":"","background-repeat":"repeat","background-position":"center center","background-size":"auto","background-attachment":"scroll","background-type":"","background-media":"","overlay-type":"","overlay-color":"","overlay-opacity":"","overlay-gradient":""}},"footnotes":""},"class_list":["post-81055","page","type-page","status-publish","hentry"],"_wp_attached_file":null,"siteground_optimizer_is_optimized":null,"wp-smush-lossy":null,"wp-smpro-smush-data":null,"wpml_media_processed":null,"wp-smush-ignore-bulk":null,"_wp_attachment_image_alt":null,"_astra_sites_image_hash":null,"_elementor_source_image_hash":null,"_wp_attachment_context":null,"_oembed_82a5c35e9300b18f214e29423b80ccc1":null,"_wp_attachment_backup_sizes":null,"_oembed_962f988bbbdcfd4a23c50360ead75e99":null,"wp-smush-error":null,"wp-smush-optimization-errors":null,"_wp_trash_meta_status":null,"_wp_trash_meta_time":null,"_menu_item_type":null,"_menu_item_menu_item_parent":null,"_menu_item_object_id":null,"_menu_item_object":null,"_menu_item_target":null,"_menu_item_classes":null,"_menu_item_xfn":null,"_menu_item_url":null,"_customize_changeset_uuid":null,"site-post-title":"disabled","site-sidebar-layout":"default","site-content-layout":"plain-container","_yoast_wpseo_content_score":null,"astra-main-page-id":null,"_yoast_wpseo_estimated-reading-time-minutes":null,"ast_ist_mapping":null,"ast_self_id_48452":null,"rank_math_title":null,"rank_math_description":null,"site-content-style":"unboxed","site-sidebar-style":"unboxed","_wp_page_template":"","ast_self_id_48450":null,"ast_self_id_48451":null,"ast_self_id_48449":null,"ast_self_id_48453":null,"ast-featured-img":"","_oembed_57b40ba93a9ad9878fb0f0fa6f613ecc":null,"_oembed_time_57b40ba93a9ad9878fb0f0fa6f613ecc":null,"_oembed_41c9285399048f9301d0d1168e43343d":null,"_oembed_time_41c9285399048f9301d0d1168e43343d":null,"_oembed_38f3fd5741367c2221c86f09f2f9954f":null,"_oembed_time_38f3fd5741367c2221c86f09f2f9954f":null,"_oembed_93ddf6953ee718c6d9a5fefc37ed8568":null,"_oembed_time_93ddf6953ee718c6d9a5fefc37ed8568":null,"_uag_js_file_name":null,"_oembed_06dca8326686b8907e0b4154c81d6f8b":null,"cosmoswp_site_layout":null,"cosmoswp_sidebar_options":null,"cosmoswp_header_layout":null,"cosmoswp_footer_layout":null,"cosmoswp_banner_options_layout":null,"gutentor_dynamic_css":null,"gutentor_css_info":null,"rank_math_primary_category":null,"_pingme":null,"_encloseme":null,"user_id":null,"user_login":null,"_form":null,"_mail":null,"_mail_2":null,"_messages":null,"_additional_settings":null,"_locale":null,"_astra_sites_imported_wp_forms":null,"_wp_attachment_metadata":null,"rank_math_news_sitemap_robots":null,"rank_math_robots":["index"],"_wpml_word_count":"1148","_uag_page_assets":{"css":".uagb-section__wrap{position:relative}.uagb-section__wrap .uagb-section__inner-wrap{position:relative;z-index:2;margin-right:auto;margin-left:auto}.uagb-section__wrap .uagb-section__overlay{position:absolute;top:0;left:0;width:100%;height:100%}.uagb-section__wrap .uagb-section__video-wrap{position:absolute;top:0;left:0;z-index:0;width:100%;height:100%;transition:opacity 1s;overflow:hidden;-webkit-transition:opacity 1s;-o-transition:opacity 1s}.uagb-section__wrap .uagb-section__video-wrap video{display:inline-block;vertical-align:baseline;width:100%;height:100%;max-width:100%;margin:0;background-size:cover;border:none;object-fit:cover;line-height:1;-o-object-fit:cover}@media (min-width: 768px) and (max-width: 1024px){.wp-block-uagb-section.uagb-section__wrap.uagb-section__background-image{background-attachment:scroll}}\n.uagb-block-ce7782c0.uagb-section__wrap{padding-top: 20px;padding-bottom: 20px;padding-left: 20px;padding-right: 20px;margin-top: 0px;margin-bottom: 0px;border-style: none;margin-right: auto;margin-left: auto;max-width: 1200px;}.uagb-block-ce7782c0 > .uagb-section__video-wrap{opacity: 0.5;}.uagb-block-ce7782c0 > .uagb-section__inner-wrap{max-width: 100%;}.uagb-block-ce7782c0.wp-block-uagb-section{box-shadow: 0px 0px    ;}.uagb-block-ce7782c0 > .uagb-section__overlay{border-radius:    ;}@media only screen and (max-width: 976px) {.uagb-block-ce7782c0.uagb-section__wrap{border-style: none;}}@media only screen and (max-width: 767px) {.uagb-block-ce7782c0.uagb-section__wrap{border-style: none;}}.uag-blocks-common-selector{z-index:var(--z-index-desktop) !important}@media (max-width: 976px){.uag-blocks-common-selector{z-index:var(--z-index-tablet) !important}}@media (max-width: 767px){.uag-blocks-common-selector{z-index:var(--z-index-mobile) !important}}\n","js":"","current_block_list":["core\/cover","core\/heading","core\/spacer","uagb\/section","core\/paragraph","core\/list","core\/list-item","core\/search","core\/group","core\/latest-posts","core\/latest-comments","core\/archives","core\/categories"],"uag_flag":true,"uag_version":"1775310919","gfonts":[],"gfonts_url":"","gfonts_files":[],"uag_faq_layout":false},"_wxr_import_user_slug":null,"_astra_sites_imported_post":null,"_astra_sites_enable_for_batch":null,"_top_nav_excluded":"","_cms_nav_minihome":"","_wp_old_slug":null,"_edit_lock":null,"_last_translation_edit_mode":"translation-editor","_wp_old_date":null,"_wpml_location_migration_done":null,"rank_math_analytic_object_id":"125","rank_math_internal_links_processed":"1","rank_math_seo_score":null,"_edit_last":null,"_wpml_media_featured":"0","_wpml_media_duplicate":"0","theme-transparent-header-meta":"enabled","rank_math_focus_keyword":null,"_uag_custom_page_level_css":null,"ast-site-content-layout":"normal-width-container","adv-header-id-meta":"","stick-header-meta":"","astra-migrate-meta-layouts":null,"footnotes":null,"_uag_css_file_name":"uag-css-81055.css","rank_math_og_content_image":{"check":"15e6af39ff523c255b41be30af35b5a4","images":[1691]},"_thumbnail_id":null,"data":null,"user_ip":null,"uagb_featured_image_src":{"full":false,"thumbnail":false,"medium":false,"medium_large":false,"large":false,"1536x1536":false,"2048x2048":false},"uagb_author_info":{"display_name":"Albapouilly","author_link":"https:\/\/albatrossglobal.org\/pt-br\/"},"uagb_comment_info":0,"uagb_excerpt":null,"_links":{"self":[{"href":"https:\/\/albatrossglobal.org\/pt-br\/wp-json\/wp\/v2\/pages\/81055","targetHints":{"allow":["GET"]}}],"collection":[{"href":"https:\/\/albatrossglobal.org\/pt-br\/wp-json\/wp\/v2\/pages"}],"about":[{"href":"https:\/\/albatrossglobal.org\/pt-br\/wp-json\/wp\/v2\/types\/page"}],"author":[{"embeddable":true,"href":"https:\/\/albatrossglobal.org\/pt-br\/wp-json\/wp\/v2\/users\/7"}],"replies":[{"embeddable":true,"href":"https:\/\/albatrossglobal.org\/pt-br\/wp-json\/wp\/v2\/comments?post=81055"}],"version-history":[{"count":8,"href":"https:\/\/albatrossglobal.org\/pt-br\/wp-json\/wp\/v2\/pages\/81055\/revisions"}],"predecessor-version":[{"id":1021551,"href":"https:\/\/albatrossglobal.org\/pt-br\/wp-json\/wp\/v2\/pages\/81055\/revisions\/1021551"}],"wp:attachment":[{"href":"https:\/\/albatrossglobal.org\/pt-br\/wp-json\/wp\/v2\/media?parent=81055"}],"curies":[{"name":"wp","href":"https:\/\/api.w.org\/{rel}","templated":true}]}}