{"id":81036,"date":"2022-05-17T10:03:38","date_gmt":"2022-05-17T08:03:38","guid":{"rendered":"https:\/\/albatrossglobal.org\/aviso-legal\/"},"modified":"2025-04-13T17:58:37","modified_gmt":"2025-04-13T15:58:37","slug":"aviso-legal","status":"publish","type":"page","link":"https:\/\/albatrossglobal.org\/pt-br\/aviso-legal\/","title":{"rendered":"Informa\u00e7\u00e3o jur\u00eddica"},"content":{"rendered":"\n<div class=\"wp-block-cover alignfull\" style=\"min-height:600px;aspect-ratio:unset;\"><span aria-hidden=\"true\" class=\"wp-block-cover__background has-ast-global-color-2-background-color has-background-dim-80 has-background-dim\"><\/span><img decoding=\"async\" width=\"1600\" height=\"898\" class=\"wp-block-cover__image-background wp-image-1691 lazyload\" alt=\"\" data-src=\"https:\/\/albatrossglobal.org\/wp-content\/uploads\/2022\/05\/le-buis-2.jpeg\" style=\"--smush-placeholder-width: 1600px; --smush-placeholder-aspect-ratio: 1600\/898;object-position:55% 59%\" data-object-fit=\"cover\" data-object-position=\"55% 59%\" data-srcset=\"https:\/\/albatrossglobal.org\/wp-content\/uploads\/2022\/05\/le-buis-2.jpeg 1600w, https:\/\/albatrossglobal.org\/wp-content\/uploads\/2022\/05\/le-buis-2-300x168.jpeg 300w, https:\/\/albatrossglobal.org\/wp-content\/uploads\/2022\/05\/le-buis-2-1024x575.jpeg 1024w, https:\/\/albatrossglobal.org\/wp-content\/uploads\/2022\/05\/le-buis-2-768x431.jpeg 768w, https:\/\/albatrossglobal.org\/wp-content\/uploads\/2022\/05\/le-buis-2-1536x862.jpeg 1536w\" data-sizes=\"(max-width: 1600px) 100vw, 1600px\" src=\"data:image\/svg+xml;base64,PHN2ZyB3aWR0aD0iMSIgaGVpZ2h0PSIxIiB4bWxucz0iaHR0cDovL3d3dy53My5vcmcvMjAwMC9zdmciPjwvc3ZnPg==\" \/><div class=\"wp-block-cover__inner-container is-layout-flow wp-block-cover-is-layout-flow\">\n<h1 class=\"wp-block-heading has-text-color\" style=\"color:#ffffff\">Informa\u00e7\u00e3o jur\u00eddica<\/h1>\n<\/div><\/div>\n\n<div style=\"height:50px\" aria-hidden=\"true\" class=\"wp-block-spacer\"><\/div>\n\n<section class=\"wp-block-uagb-section uagb-section__wrap uagb-section__background-undefined uagb-block-de7071a4\"><div class=\"uagb-section__overlay\"><\/div><div class=\"uagb-section__inner-wrap\">\n<p>L\u00ea atentamente as diferentes condi\u00e7\u00f5es de utiliza\u00e7\u00e3o dos s\u00edtios Web: www.albatrossglobal.org, www.albatrosslegal.org, www.create2donate.org (a seguir designados separadamente ou em conjunto como &#8220;o s\u00edtio&#8221;) antes de navegares nas p\u00e1ginas.<\/p>\n\n\n\n<p>  Ao ligares-te a estes s\u00edtios, aceitas estes termos e condi\u00e7\u00f5es sem reservas.<\/p>\n\n\n\n<h2 class=\"wp-block-heading\">I. Informa\u00e7\u00f5es sobre o s\u00edtio<\/h2>\n\n\n\n<p>Em conformidade com o artigo 6 da Lei n.\u00ba 2004-575, de 21 de junho de 2004, relativa \u00e0 confian\u00e7a na economia digital, os respons\u00e1veis pelo s\u00edtio Web s\u00e3o :<\/p>\n\n\n\n<p><b>Editora do s\u00edtio Web: <\/b> Ghislaine Bouillet-Cordonnier (a seguir designada &#8220;Editora&#8221;)<\/p>\n\n\n\n<p>Associa\u00e7\u00e3o: Albatross Fundation<\/p>\n\n\n\n<p>N\u00famero SIRET: 837 532 019 000 10  <\/p>\n\n\n\n<p>Diretor editorial: o editor<\/p>\n\n\n\n<p>Endere\u00e7o: Domaine Le Buis, 42110 Pouilly-les-Feurs<\/p>\n\n\n\n<p>Telefone: + 33 6 19 58 00 68<\/p>\n\n\n\n<p>Email : info@albatrossglobal.org  <\/p>\n\n\n\n<p>Anfitri\u00e3o : OVH 2 rue Kellermann, 59100 Roubaix, Fran\u00e7a  <\/p>\n\n\n\n<p>S\u00edtio Web: <a href=\"http:\/\/www.ovhcloud.com\" target=\"_blank\" rel=\"noopener\">www.ovhcloud.com<\/a><\/p>\n\n\n\n<p><b>Desenvolvimento : <\/b> Aurore Belle Yang  <\/p>\n\n\n\n<p>Endere\u00e7o: 78 chemin Rambaud, 42110 Pouilly-les-Feurs  <\/p>\n\n\n\n<p>S\u00edtio Web: <a href=\"http:\/\/oraconseils.fr\" target=\"_blank\" rel=\"noopener\">oraconseils.fr<\/a><br\/><\/p>\n\n\n\n<h2 class=\"wp-block-heading\">II.  <b>Termos e condi\u00e7\u00f5es de utiliza\u00e7\u00e3o  <\/b><\/h2>\n\n\n\n<p>Este Website est\u00e1 dispon\u00edvel em v\u00e1rias linguagens web (HTML, HTML5, Javascript, CSS, etc.) para uma maior facilidade de utiliza\u00e7\u00e3o e gr\u00e1ficos mais atractivos. Recomendamos que utilizes browsers modernos como o Internet Explorer, Safari, Firefox, Google Chrome, etc.<\/p>\n\n\n\n<p>A Editora faz todos os esfor\u00e7os para fornecer informa\u00e7\u00f5es fi\u00e1veis e para atualizar os seus s\u00edtios Web de forma fi\u00e1vel. No entanto, podem ocorrer erros ou omiss\u00f5es. Os utilizadores da Internet devem, por conseguinte, verificar a exatid\u00e3o desta informa\u00e7\u00e3o com , e comunicar quaisquer altera\u00e7\u00f5es ao S\u00edtio que considerem \u00fateis. O editor n\u00e3o \u00e9 de forma alguma respons\u00e1vel pela utiliza\u00e7\u00e3o desta informa\u00e7\u00e3o, nem por qualquer preju\u00edzo direto ou indireto que da\u00ed possa resultar. <\/p>\n\n\n\n<h2 class=\"wp-block-heading\">III.  <b>Cookies<\/b><\/h2>\n\n\n\n<p>O S\u00edtio pode pedir-te que aceites cookies para fins estat\u00edsticos e de visualiza\u00e7\u00e3o. Um cookie \u00e9 um peda\u00e7o de informa\u00e7\u00e3o colocado no teu disco r\u00edgido pelo servidor do site que est\u00e1s a visitar. Cont\u00e9m uma s\u00e9rie de dados que s\u00e3o armazenados no teu computador num ficheiro de texto simples a que um servidor acede para ler e registar informa\u00e7\u00f5es. Algumas partes deste s\u00edtio n\u00e3o podem ser utilizadas sem aceitares os cookies.   <\/p>\n\n\n\n<h2 class=\"wp-block-heading\">IV.  <b>Liga\u00e7\u00f5es de hipertexto  <\/b><\/h2>\n\n\n\n<p>Os s\u00edtios Web podem fornecer liga\u00e7\u00f5es a outros s\u00edtios Web ou a outros recursos dispon\u00edveis na Internet. A Editora n\u00e3o tem meios para controlar os s\u00edtios ligados aos seus s\u00edtios Web. N\u00e3o \u00e9 respons\u00e1vel pela disponibilidade desses s\u00edtios e fontes externos, nem os garante. N\u00e3o pode ser responsabilizada por qualquer dano resultante do conte\u00fado destes s\u00edtios ou fontes externas e, em particular, das informa\u00e7\u00f5es, produtos ou servi\u00e7os que oferecem, ou de qualquer utiliza\u00e7\u00e3o que possa ser feita destes elementos. Os riscos associados a essa utiliza\u00e7\u00e3o s\u00e3o da inteira responsabilidade do utilizador da Internet, que deve respeitar as suas condi\u00e7\u00f5es de utiliza\u00e7\u00e3o. Os utilizadores, assinantes e visitantes do s\u00edtio Web n\u00e3o podem criar uma hiperliga\u00e7\u00e3o para o s\u00edtio Web sem a autoriza\u00e7\u00e3o pr\u00e9via expressa do editor. No caso de um utilizador ou visitante desejar criar uma hiperliga\u00e7\u00e3o para o S\u00edtio do Editor, deve enviar um e-mail acess\u00edvel no s\u00edtio para formular o seu pedido de cria\u00e7\u00e3o de uma hiperliga\u00e7\u00e3o. O Editor reserva-se o direito de aceitar ou recusar uma hiperliga\u00e7\u00e3o sem ter de justificar a sua decis\u00e3o.         <br\/><\/p>\n\n\n\n<h2 class=\"wp-block-heading\"><b>V. Servi\u00e7os prestados  <\/b><\/h2>\n\n\n\n<p>Todas as actividades e informa\u00e7\u00f5es s\u00e3o apresentadas no s\u00edtio Web.<\/p>\n\n\n\n<p>A Editora esfor\u00e7a-se por fornecer informa\u00e7\u00f5es no S\u00edtio que sejam t\u00e3o exactas quanto poss\u00edvel. As informa\u00e7\u00f5es contidas no s\u00edtio n\u00e3o s\u00e3o exaustivas e as fotografias n\u00e3o s\u00e3o contratuais. S\u00e3o fornecidas sob reserva de modifica\u00e7\u00f5es efectuadas desde a sua coloca\u00e7\u00e3o em linha. Al\u00e9m disso, todas as informa\u00e7\u00f5es indicadas no s\u00edtio   <b> <\/b>s\u00e3o fornecidas apenas a t\u00edtulo informativo e est\u00e3o sujeitas a altera\u00e7\u00f5es ou desenvolvimento sem aviso pr\u00e9vio.  <br\/><\/p>\n\n\n\n<h2 class=\"wp-block-heading\"><b>VI. Restri\u00e7\u00f5es contratuais relativas aos dados  <\/b><\/h2>\n\n\n\n<p>As informa\u00e7\u00f5es contidas no s\u00edtio s\u00e3o t\u00e3o exactas quanto poss\u00edvel e o s\u00edtio \u00e9 atualizado em diferentes alturas do ano, mas pode conter imprecis\u00f5es ou omiss\u00f5es. Se detectares uma lacuna, um erro ou o que parece ser um mau funcionamento, por favor, comunica-o por e-mail para info@albatrossglobal.org ou por correio para Albatross, Domaine du Buis, 207 chemin du Buis, 42110 Pouilly les Feurs, Fran\u00e7a, descrevendo o problema com a maior precis\u00e3o poss\u00edvel (p\u00e1gina que causa o problema, tipo de computador e navegador utilizado, etc.).<\/p>\n\n\n\n<p>Qualquer conte\u00fado descarregado \u00e9 feito por conta e risco do utilizador e sob a sua exclusiva responsabilidade. Consequentemente, a empresa n\u00e3o pode ser responsabilizada por quaisquer danos no computador do utilizador ou por qualquer perda de dados resultante do descarregamento. Al\u00e9m disso, os utilizadores do S\u00edtio comprometem-se a aceder ao S\u00edtio utilizando equipamento recente, isento de v\u00edrus e com um programa de navega\u00e7\u00e3o atualizado e de \u00faltima gera\u00e7\u00e3o.  <\/p>\n\n\n\n<p>O editor n\u00e3o pode ser responsabilizado pelas liga\u00e7\u00f5es de hipertexto criadas no s\u00edtio Web para outros recursos na Internet.<br\/><\/p>\n\n\n\n<h2 class=\"wp-block-heading\">VII.  <b>Propriedade intelectual  <\/b><\/h2>\n\n\n\n<p>Todo o conte\u00fado do Site, incluindo, entre outros, gr\u00e1ficos, imagens, textos, v\u00eddeos, anima\u00e7\u00f5es, sons, log\u00f3tipos, gifs e \u00edcones, bem como a sua disposi\u00e7\u00e3o, s\u00e3o propriedade exclusiva da Editora, com exce\u00e7\u00e3o das marcas, log\u00f3tipos ou conte\u00fados pertencentes a outras empresas parceiras ou autores.<\/p>\n\n\n\n<p>Qualquer reprodu\u00e7\u00e3o, distribui\u00e7\u00e3o, modifica\u00e7\u00e3o, adapta\u00e7\u00e3o, retransmiss\u00e3o ou publica\u00e7\u00e3o, mesmo parcial, destes v\u00e1rios elementos \u00e9 estritamente proibida sem o consentimento expresso por escrito do editor. Esta representa\u00e7\u00e3o ou reprodu\u00e7\u00e3o, por qualquer meio que seja, constitui uma infra\u00e7\u00e3o pun\u00edvel pelos artigos L.335-2 e seguintes do C\u00f3digo da Propriedade Intelectual. O n\u00e3o cumprimento desta proibi\u00e7\u00e3o constitui uma infra\u00e7\u00e3o pela qual o infrator pode ser responsabilizado civil e criminalmente. Al\u00e9m disso, os propriet\u00e1rios do conte\u00fado copiado podem tomar medidas legais contra ti.   <\/p>\n\n\n\n<h2 class=\"wp-block-heading\">VIII.  <b>Contencioso  <\/b><\/h2>\n\n\n\n<p>As presentes condi\u00e7\u00f5es do s\u00edtio s\u00e3o regidas, interpretadas e aplicadas em conformidade com a lei francesa, sendo a l\u00edngua de interpreta\u00e7\u00e3o o franc\u00eas. Em caso de lit\u00edgio, deve ser encontrada uma solu\u00e7\u00e3o amig\u00e1vel. Na aus\u00eancia de acordo amig\u00e1vel, qualquer lit\u00edgio ser\u00e1 submetido \u00e0 jurisdi\u00e7\u00e3o exclusiva dos tribunais franceses.    <br\/><\/p>\n\n\n\n<h2 class=\"wp-block-heading\">IX.  <b>Dados pessoais<\/b><\/h2>\n\n\n\n<p>Em geral, n\u00e3o \u00e9s obrigado a fornecer-nos os teus dados pessoais quando visitas o S\u00edtio.<\/p>\n\n\n\n<p>No entanto, existem algumas excep\u00e7\u00f5es a este princ\u00edpio. Para determinados servi\u00e7os oferecidos pelo S\u00edtio, pode ser-te pedido que nos forne\u00e7as determinados dados, tais como: o teu nome, o teu cargo, o nome da tua empresa, o teu endere\u00e7o de correio eletr\u00f3nico e o teu n\u00famero de telefone. \u00c9 o caso de preencheres o formul\u00e1rio online na sec\u00e7\u00e3o &#8220;contacto&#8221;. Em todos os casos, podes recusar-te a fornecer os teus dados pessoais. Neste caso, n\u00e3o poder\u00e1s utilizar os servi\u00e7os do S\u00edtio.    <\/p>\n\n\n\n<p>Por \u00faltimo, podemos recolher automaticamente determinadas informa\u00e7\u00f5es sobre ti quando simplesmente navegas no S\u00edtio, em particular: informa\u00e7\u00f5es sobre a tua utiliza\u00e7\u00e3o do S\u00edtio, tais como as \u00e1reas que visitas e os servi\u00e7os a que acedes, o teu endere\u00e7o IP, o tipo de browser que utilizas e os teus tempos de acesso. Estas informa\u00e7\u00f5es s\u00e3o utilizadas exclusivamente para fins estat\u00edsticos internos, a fim de melhorar a qualidade dos servi\u00e7os que te s\u00e3o oferecidos.  As bases de dados s\u00e3o protegidas pelas disposi\u00e7\u00f5es da lei de 1 de julho de 1998 que transp\u00f5e a Diretiva 96\/9 de 11 de mar\u00e7o de 1996 relativa \u00e0 prote\u00e7\u00e3o jur\u00eddica das bases de dados.<\/p>\n\n\n\n<p><\/p>\n<\/div><\/section>\n","protected":false},"excerpt":{"rendered":"","protected":false},"author":7,"featured_media":0,"parent":0,"menu_order":0,"comment_status":"closed","ping_status":"closed","template":"","meta":{"_uag_custom_page_level_css":"","site-sidebar-layout":"default","site-content-layout":"plain-container","ast-site-content-layout":"normal-width-container","site-content-style":"unboxed","site-sidebar-style":"unboxed","ast-global-header-display":"","ast-banner-title-visibility":"","ast-main-header-display":"","ast-hfb-above-header-display":"","ast-hfb-below-header-display":"","ast-hfb-mobile-header-display":"","site-post-title":"disabled","ast-breadcrumbs-content":"","ast-featured-img":"","footer-sml-layout":"","ast-disable-related-posts":"","theme-transparent-header-meta":"enabled","adv-header-id-meta":"","stick-header-meta":"","header-above-stick-meta":"","header-main-stick-meta":"","header-below-stick-meta":"","astra-migrate-meta-layouts":"default","ast-page-background-enabled":"default","ast-page-background-meta":{"desktop":{"background-color":"","background-image":"","background-repeat":"repeat","background-position":"center center","background-size":"auto","background-attachment":"scroll","background-type":"","background-media":"","overlay-type":"","overlay-color":"","overlay-opacity":"","overlay-gradient":""},"tablet":{"background-color":"","background-image":"","background-repeat":"repeat","background-position":"center center","background-size":"auto","background-attachment":"scroll","background-type":"","background-media":"","overlay-type":"","overlay-color":"","overlay-opacity":"","overlay-gradient":""},"mobile":{"background-color":"","background-image":"","background-repeat":"repeat","background-position":"center center","background-size":"auto","background-attachment":"scroll","background-type":"","background-media":"","overlay-type":"","overlay-color":"","overlay-opacity":"","overlay-gradient":""}},"ast-content-background-meta":{"desktop":{"background-color":"var(--ast-global-color-5)","background-image":"","background-repeat":"repeat","background-position":"center center","background-size":"auto","background-attachment":"scroll","background-type":"","background-media":"","overlay-type":"","overlay-color":"","overlay-opacity":"","overlay-gradient":""},"tablet":{"background-color":"var(--ast-global-color-5)","background-image":"","background-repeat":"repeat","background-position":"center center","background-size":"auto","background-attachment":"scroll","background-type":"","background-media":"","overlay-type":"","overlay-color":"","overlay-opacity":"","overlay-gradient":""},"mobile":{"background-color":"var(--ast-global-color-5)","background-image":"","background-repeat":"repeat","background-position":"center center","background-size":"auto","background-attachment":"scroll","background-type":"","background-media":"","overlay-type":"","overlay-color":"","overlay-opacity":"","overlay-gradient":""}},"footnotes":""},"class_list":["post-81036","page","type-page","status-publish","hentry"],"_wp_attached_file":null,"siteground_optimizer_is_optimized":null,"wp-smush-lossy":null,"wp-smpro-smush-data":null,"wpml_media_processed":null,"wp-smush-ignore-bulk":null,"_wp_attachment_image_alt":null,"_astra_sites_image_hash":null,"_elementor_source_image_hash":null,"_wp_attachment_context":null,"_oembed_82a5c35e9300b18f214e29423b80ccc1":null,"_wp_attachment_backup_sizes":null,"_oembed_962f988bbbdcfd4a23c50360ead75e99":null,"wp-smush-error":null,"wp-smush-optimization-errors":null,"_wp_trash_meta_status":null,"_wp_trash_meta_time":null,"_menu_item_type":null,"_menu_item_menu_item_parent":null,"_menu_item_object_id":null,"_menu_item_object":null,"_menu_item_target":null,"_menu_item_classes":null,"_menu_item_xfn":null,"_menu_item_url":null,"_customize_changeset_uuid":null,"site-post-title":"disabled","site-sidebar-layout":"default","site-content-layout":"plain-container","_yoast_wpseo_content_score":null,"astra-main-page-id":null,"_yoast_wpseo_estimated-reading-time-minutes":null,"ast_ist_mapping":null,"ast_self_id_48452":null,"rank_math_title":null,"rank_math_description":null,"site-content-style":"unboxed","site-sidebar-style":"unboxed","_wp_page_template":"","ast_self_id_48450":null,"ast_self_id_48451":null,"ast_self_id_48449":null,"ast_self_id_48453":null,"ast-featured-img":"","_oembed_57b40ba93a9ad9878fb0f0fa6f613ecc":null,"_oembed_time_57b40ba93a9ad9878fb0f0fa6f613ecc":null,"_oembed_41c9285399048f9301d0d1168e43343d":null,"_oembed_time_41c9285399048f9301d0d1168e43343d":null,"_oembed_38f3fd5741367c2221c86f09f2f9954f":null,"_oembed_time_38f3fd5741367c2221c86f09f2f9954f":null,"_oembed_93ddf6953ee718c6d9a5fefc37ed8568":null,"_oembed_time_93ddf6953ee718c6d9a5fefc37ed8568":null,"_uag_js_file_name":null,"_oembed_06dca8326686b8907e0b4154c81d6f8b":null,"cosmoswp_site_layout":null,"cosmoswp_sidebar_options":null,"cosmoswp_header_layout":null,"cosmoswp_footer_layout":null,"cosmoswp_banner_options_layout":null,"gutentor_dynamic_css":null,"gutentor_css_info":null,"rank_math_primary_category":null,"_pingme":null,"_encloseme":null,"user_id":null,"user_login":null,"_form":null,"_mail":null,"_mail_2":null,"_messages":null,"_additional_settings":null,"_locale":null,"_astra_sites_imported_wp_forms":null,"_wp_attachment_metadata":null,"rank_math_news_sitemap_robots":null,"rank_math_robots":["index"],"_wpml_word_count":"1310","_uag_page_assets":{"css":".uagb-section__wrap{position:relative}.uagb-section__wrap .uagb-section__inner-wrap{position:relative;z-index:2;margin-right:auto;margin-left:auto}.uagb-section__wrap .uagb-section__overlay{position:absolute;top:0;left:0;width:100%;height:100%}.uagb-section__wrap .uagb-section__video-wrap{position:absolute;top:0;left:0;z-index:0;width:100%;height:100%;transition:opacity 1s;overflow:hidden;-webkit-transition:opacity 1s;-o-transition:opacity 1s}.uagb-section__wrap .uagb-section__video-wrap video{display:inline-block;vertical-align:baseline;width:100%;height:100%;max-width:100%;margin:0;background-size:cover;border:none;object-fit:cover;line-height:1;-o-object-fit:cover}@media (min-width: 768px) and (max-width: 1024px){.wp-block-uagb-section.uagb-section__wrap.uagb-section__background-image{background-attachment:scroll}}\n.uagb-block-de7071a4.uagb-section__wrap{padding-top: 20px;padding-bottom: 20px;padding-left: 20px;padding-right: 20px;margin-top: 0px;margin-bottom: 0px;border-style: none;margin-right: auto;margin-left: auto;max-width: 1200px;}.uagb-block-de7071a4 > .uagb-section__video-wrap{opacity: 0.5;}.uagb-block-de7071a4 > .uagb-section__inner-wrap{max-width: 100%;}.uagb-block-de7071a4.wp-block-uagb-section{box-shadow: 0px 0px    ;}.uagb-block-de7071a4 > .uagb-section__overlay{border-radius:    ;}@media only screen and (max-width: 976px) {.uagb-block-de7071a4.uagb-section__wrap{border-style: none;}}@media only screen and (max-width: 767px) {.uagb-block-de7071a4.uagb-section__wrap{border-style: none;}}.uag-blocks-common-selector{z-index:var(--z-index-desktop) !important}@media (max-width: 976px){.uag-blocks-common-selector{z-index:var(--z-index-tablet) !important}}@media (max-width: 767px){.uag-blocks-common-selector{z-index:var(--z-index-mobile) !important}}\n","js":"","current_block_list":["core\/cover","core\/heading","core\/spacer","uagb\/section","core\/paragraph","core\/search","core\/group","core\/latest-posts","core\/latest-comments","core\/archives","core\/categories"],"uag_flag":true,"uag_version":"1775824787","gfonts":[],"gfonts_url":"","gfonts_files":[],"uag_faq_layout":false},"_wxr_import_user_slug":null,"_astra_sites_imported_post":null,"_astra_sites_enable_for_batch":null,"_top_nav_excluded":"","_cms_nav_minihome":"","_wp_old_slug":null,"_edit_lock":null,"_last_translation_edit_mode":"translation-editor","_wp_old_date":null,"_wpml_location_migration_done":null,"rank_math_analytic_object_id":"186","rank_math_internal_links_processed":"1","rank_math_seo_score":null,"_edit_last":null,"_wpml_media_featured":"0","_wpml_media_duplicate":"0","theme-transparent-header-meta":"enabled","rank_math_focus_keyword":null,"_uag_custom_page_level_css":null,"ast-site-content-layout":"normal-width-container","adv-header-id-meta":"","stick-header-meta":"","astra-migrate-meta-layouts":null,"footnotes":null,"_uag_css_file_name":"uag-css-81036.css","rank_math_og_content_image":{"check":"5e7178174bf23af9c7a5b0025ff949da","images":[1691]},"_thumbnail_id":null,"data":null,"user_ip":null,"uagb_featured_image_src":{"full":false,"thumbnail":false,"medium":false,"medium_large":false,"large":false,"1536x1536":false,"2048x2048":false},"uagb_author_info":{"display_name":"Albapouilly","author_link":"https:\/\/albatrossglobal.org\/pt-br\/"},"uagb_comment_info":0,"uagb_excerpt":null,"_links":{"self":[{"href":"https:\/\/albatrossglobal.org\/pt-br\/wp-json\/wp\/v2\/pages\/81036","targetHints":{"allow":["GET"]}}],"collection":[{"href":"https:\/\/albatrossglobal.org\/pt-br\/wp-json\/wp\/v2\/pages"}],"about":[{"href":"https:\/\/albatrossglobal.org\/pt-br\/wp-json\/wp\/v2\/types\/page"}],"author":[{"embeddable":true,"href":"https:\/\/albatrossglobal.org\/pt-br\/wp-json\/wp\/v2\/users\/7"}],"replies":[{"embeddable":true,"href":"https:\/\/albatrossglobal.org\/pt-br\/wp-json\/wp\/v2\/comments?post=81036"}],"version-history":[{"count":8,"href":"https:\/\/albatrossglobal.org\/pt-br\/wp-json\/wp\/v2\/pages\/81036\/revisions"}],"predecessor-version":[{"id":1021478,"href":"https:\/\/albatrossglobal.org\/pt-br\/wp-json\/wp\/v2\/pages\/81036\/revisions\/1021478"}],"wp:attachment":[{"href":"https:\/\/albatrossglobal.org\/pt-br\/wp-json\/wp\/v2\/media?parent=81036"}],"curies":[{"name":"wp","href":"https:\/\/api.w.org\/{rel}","templated":true}]}}