{"id":81026,"date":"2022-05-16T15:18:06","date_gmt":"2022-05-16T13:18:06","guid":{"rendered":"https:\/\/albatrossglobal.org\/campos-de-verao-de-alba\/"},"modified":"2025-03-30T07:02:52","modified_gmt":"2025-03-30T05:02:52","slug":"campos-de-verao-de-alba","status":"publish","type":"page","link":"https:\/\/albatrossglobal.org\/pt-br\/campos-de-verao-de-alba\/","title":{"rendered":"AlbaCamps"},"content":{"rendered":"\n<div class=\"wp-block-cover alignfull\" style=\"min-height:600px;aspect-ratio:unset;\"><span aria-hidden=\"true\" class=\"wp-block-cover__background has-ast-global-color-2-background-color has-background-dim-80 has-background-dim\"><\/span><img decoding=\"async\" width=\"1666\" height=\"1129\" class=\"wp-block-cover__image-background wp-image-1714 lazyload\" alt=\"\" data-src=\"https:\/\/albatrossglobal.org\/wp-content\/uploads\/2022\/05\/camp-albatross-camping.jpeg\" style=\"--smush-placeholder-width: 1666px; --smush-placeholder-aspect-ratio: 1666\/1129;object-position:55% 59%\" data-object-fit=\"cover\" data-object-position=\"55% 59%\" data-srcset=\"https:\/\/albatrossglobal.org\/wp-content\/uploads\/2022\/05\/camp-albatross-camping.jpeg 1666w, https:\/\/albatrossglobal.org\/wp-content\/uploads\/2022\/05\/camp-albatross-camping-300x203.jpeg 300w, https:\/\/albatrossglobal.org\/wp-content\/uploads\/2022\/05\/camp-albatross-camping-1024x694.jpeg 1024w, https:\/\/albatrossglobal.org\/wp-content\/uploads\/2022\/05\/camp-albatross-camping-768x520.jpeg 768w, https:\/\/albatrossglobal.org\/wp-content\/uploads\/2022\/05\/camp-albatross-camping-1536x1041.jpeg 1536w\" data-sizes=\"(max-width: 1666px) 100vw, 1666px\" src=\"data:image\/svg+xml;base64,PHN2ZyB3aWR0aD0iMSIgaGVpZ2h0PSIxIiB4bWxucz0iaHR0cDovL3d3dy53My5vcmcvMjAwMC9zdmciPjwvc3ZnPg==\" \/><div class=\"wp-block-cover__inner-container is-layout-flow wp-block-cover-is-layout-flow\">\n<h1 class=\"wp-block-heading has-text-color\" style=\"color:#ffffff\">Os nossos campos de f\u00e9rias para jovens &#8211; Les Albacamps<\/h1>\n<\/div><\/div>\n\n<div style=\"height:50px\" aria-hidden=\"true\" class=\"wp-block-spacer\"><\/div>\n\n<section class=\"wp-block-uagb-section uagb-section__wrap uagb-section__background-undefined uagb-block-c8aa4c00\"><div class=\"uagb-section__overlay\"><\/div><div class=\"uagb-section__inner-wrap\">\n<p>As crian\u00e7as participam nos campos de f\u00e9rias da Albatross desde 2015. A Funda\u00e7\u00e3o Albatross acolhe no Domaine du Buis, com 5 hectares, crian\u00e7as de diferentes origens, incluindo : <\/p>\n\n\n\n<ul class=\"wp-block-list\">\n<li>Aulas ecol\u00f3gicas na escola Arc-en-Ciel em Violay,  <\/li>\n\n\n\n<li>Acampamentos e opera\u00e7\u00f5es dos escuteiros,<\/li>\n\n\n\n<li>os campos de f\u00e9rias para crian\u00e7as em Xangai.<\/li>\n<\/ul>\n\n\n\n<p>N\u00e3o hesites em <a href=\"https:\/\/albatrossglobal.org\/pt-br\/contacto\/\" target=\"_blank\" rel=\"noreferrer noopener\">contactar-nos<\/a> se quiseres organizar uma estadia connosco. Estamos ansiosos por te receber!<\/p>\n\n\n\n<figure class=\"wp-block-gallery has-nested-images columns-default is-cropped wp-block-gallery-1 is-layout-flex wp-block-gallery-is-layout-flex\">\n<figure class=\"wp-block-image size-large\"><img decoding=\"async\" width=\"878\" height=\"564\" data-id=\"1740\" data-src=\"https:\/\/albatrossglobal.org\/wp-content\/uploads\/2022\/05\/camp-albatross.jpeg\" alt=\"\" class=\"wp-image-1740 lazyload\" data-srcset=\"https:\/\/albatrossglobal.org\/wp-content\/uploads\/2022\/05\/camp-albatross.jpeg 878w, https:\/\/albatrossglobal.org\/wp-content\/uploads\/2022\/05\/camp-albatross-300x193.jpeg 300w, https:\/\/albatrossglobal.org\/wp-content\/uploads\/2022\/05\/camp-albatross-768x493.jpeg 768w\" data-sizes=\"(max-width: 878px) 100vw, 878px\" src=\"data:image\/svg+xml;base64,PHN2ZyB3aWR0aD0iMSIgaGVpZ2h0PSIxIiB4bWxucz0iaHR0cDovL3d3dy53My5vcmcvMjAwMC9zdmciPjwvc3ZnPg==\" style=\"--smush-placeholder-width: 878px; --smush-placeholder-aspect-ratio: 878\/564;\" \/><\/figure>\n\n\n<figure class=\"wp-block-image size-large\"><img decoding=\"async\" width=\"640\" height=\"428\" data-id=\"1692\" data-src=\"https:\/\/albatrossglobal.org\/wp-content\/uploads\/2022\/05\/camp-albatross-2.jpeg\" alt=\"\" class=\"wp-image-1692 lazyload\" data-srcset=\"https:\/\/albatrossglobal.org\/wp-content\/uploads\/2022\/05\/camp-albatross-2.jpeg 640w, https:\/\/albatrossglobal.org\/wp-content\/uploads\/2022\/05\/camp-albatross-2-300x201.jpeg 300w\" data-sizes=\"(max-width: 640px) 100vw, 640px\" src=\"data:image\/svg+xml;base64,PHN2ZyB3aWR0aD0iMSIgaGVpZ2h0PSIxIiB4bWxucz0iaHR0cDovL3d3dy53My5vcmcvMjAwMC9zdmciPjwvc3ZnPg==\" style=\"--smush-placeholder-width: 640px; --smush-placeholder-aspect-ratio: 640\/428;\" \/><\/figure>\n\n\n<figure class=\"wp-block-image size-large\"><img decoding=\"async\" width=\"900\" height=\"602\" data-id=\"870\" data-src=\"https:\/\/albatrossglobal.org\/wp-content\/uploads\/2022\/04\/CAMPS.jpg\" alt=\"\" class=\"wp-image-870 lazyload\" data-srcset=\"https:\/\/albatrossglobal.org\/wp-content\/uploads\/2022\/04\/CAMPS.jpg 900w, https:\/\/albatrossglobal.org\/wp-content\/uploads\/2022\/04\/CAMPS-300x201.jpg 300w, https:\/\/albatrossglobal.org\/wp-content\/uploads\/2022\/04\/CAMPS-768x514.jpg 768w\" data-sizes=\"(max-width: 900px) 100vw, 900px\" src=\"data:image\/svg+xml;base64,PHN2ZyB3aWR0aD0iMSIgaGVpZ2h0PSIxIiB4bWxucz0iaHR0cDovL3d3dy53My5vcmcvMjAwMC9zdmciPjwvc3ZnPg==\" style=\"--smush-placeholder-width: 900px; --smush-placeholder-aspect-ratio: 900\/602;\" \/><\/figure><\/figure>\n<\/div><\/section>\n","protected":false},"excerpt":{"rendered":"","protected":false},"author":7,"featured_media":0,"parent":0,"menu_order":0,"comment_status":"closed","ping_status":"closed","template":"","meta":{"_uag_custom_page_level_css":"","site-sidebar-layout":"default","site-content-layout":"plain-container","ast-site-content-layout":"normal-width-container","site-content-style":"unboxed","site-sidebar-style":"unboxed","ast-global-header-display":"","ast-banner-title-visibility":"","ast-main-header-display":"","ast-hfb-above-header-display":"","ast-hfb-below-header-display":"","ast-hfb-mobile-header-display":"","site-post-title":"disabled","ast-breadcrumbs-content":"","ast-featured-img":"","footer-sml-layout":"","ast-disable-related-posts":"","theme-transparent-header-meta":"enabled","adv-header-id-meta":"","stick-header-meta":"","header-above-stick-meta":"","header-main-stick-meta":"","header-below-stick-meta":"","astra-migrate-meta-layouts":"default","ast-page-background-enabled":"default","ast-page-background-meta":{"desktop":{"background-color":"","background-image":"","background-repeat":"repeat","background-position":"center center","background-size":"auto","background-attachment":"scroll","background-type":"","background-media":"","overlay-type":"","overlay-color":"","overlay-opacity":"","overlay-gradient":""},"tablet":{"background-color":"","background-image":"","background-repeat":"repeat","background-position":"center center","background-size":"auto","background-attachment":"scroll","background-type":"","background-media":"","overlay-type":"","overlay-color":"","overlay-opacity":"","overlay-gradient":""},"mobile":{"background-color":"","background-image":"","background-repeat":"repeat","background-position":"center center","background-size":"auto","background-attachment":"scroll","background-type":"","background-media":"","overlay-type":"","overlay-color":"","overlay-opacity":"","overlay-gradient":""}},"ast-content-background-meta":{"desktop":{"background-color":"var(--ast-global-color-5)","background-image":"","background-repeat":"repeat","background-position":"center center","background-size":"auto","background-attachment":"scroll","background-type":"","background-media":"","overlay-type":"","overlay-color":"","overlay-opacity":"","overlay-gradient":""},"tablet":{"background-color":"var(--ast-global-color-5)","background-image":"","background-repeat":"repeat","background-position":"center center","background-size":"auto","background-attachment":"scroll","background-type":"","background-media":"","overlay-type":"","overlay-color":"","overlay-opacity":"","overlay-gradient":""},"mobile":{"background-color":"var(--ast-global-color-5)","background-image":"","background-repeat":"repeat","background-position":"center center","background-size":"auto","background-attachment":"scroll","background-type":"","background-media":"","overlay-type":"","overlay-color":"","overlay-opacity":"","overlay-gradient":""}},"footnotes":""},"class_list":["post-81026","page","type-page","status-publish","hentry"],"_wp_attached_file":null,"siteground_optimizer_is_optimized":null,"wp-smush-lossy":null,"wp-smpro-smush-data":null,"wpml_media_processed":null,"wp-smush-ignore-bulk":null,"_wp_attachment_image_alt":null,"_astra_sites_image_hash":null,"_elementor_source_image_hash":null,"_wp_attachment_context":null,"_oembed_82a5c35e9300b18f214e29423b80ccc1":null,"_wp_attachment_backup_sizes":null,"_oembed_962f988bbbdcfd4a23c50360ead75e99":null,"wp-smush-error":null,"wp-smush-optimization-errors":null,"_wp_trash_meta_status":null,"_wp_trash_meta_time":null,"_menu_item_type":null,"_menu_item_menu_item_parent":null,"_menu_item_object_id":null,"_menu_item_object":null,"_menu_item_target":null,"_menu_item_classes":null,"_menu_item_xfn":null,"_menu_item_url":null,"_customize_changeset_uuid":null,"site-post-title":"disabled","site-sidebar-layout":"default","site-content-layout":"plain-container","_yoast_wpseo_content_score":null,"astra-main-page-id":null,"_yoast_wpseo_estimated-reading-time-minutes":null,"ast_ist_mapping":null,"ast_self_id_48452":null,"rank_math_title":null,"rank_math_description":null,"site-content-style":"unboxed","site-sidebar-style":"unboxed","_wp_page_template":"","ast_self_id_48450":null,"ast_self_id_48451":null,"ast_self_id_48449":null,"ast_self_id_48453":null,"ast-featured-img":"","_oembed_57b40ba93a9ad9878fb0f0fa6f613ecc":null,"_oembed_time_57b40ba93a9ad9878fb0f0fa6f613ecc":null,"_oembed_41c9285399048f9301d0d1168e43343d":null,"_oembed_time_41c9285399048f9301d0d1168e43343d":null,"_oembed_38f3fd5741367c2221c86f09f2f9954f":null,"_oembed_time_38f3fd5741367c2221c86f09f2f9954f":null,"_oembed_93ddf6953ee718c6d9a5fefc37ed8568":null,"_oembed_time_93ddf6953ee718c6d9a5fefc37ed8568":null,"_uag_js_file_name":null,"_oembed_06dca8326686b8907e0b4154c81d6f8b":null,"cosmoswp_site_layout":null,"cosmoswp_sidebar_options":null,"cosmoswp_header_layout":null,"cosmoswp_footer_layout":null,"cosmoswp_banner_options_layout":null,"gutentor_dynamic_css":null,"gutentor_css_info":null,"rank_math_primary_category":null,"_pingme":null,"_encloseme":null,"user_id":null,"user_login":null,"_form":null,"_mail":null,"_mail_2":null,"_messages":null,"_additional_settings":null,"_locale":null,"_astra_sites_imported_wp_forms":null,"_wp_attachment_metadata":null,"rank_math_news_sitemap_robots":null,"rank_math_robots":["index"],"_wpml_word_count":"{\"total\":86,\"to_translate\":{\"zh-hans\":86,\"en\":86,\"fr\":86}}","_uag_page_assets":{"css":".uagb-section__wrap{position:relative}.uagb-section__wrap .uagb-section__inner-wrap{position:relative;z-index:2;margin-right:auto;margin-left:auto}.uagb-section__wrap .uagb-section__overlay{position:absolute;top:0;left:0;width:100%;height:100%}.uagb-section__wrap .uagb-section__video-wrap{position:absolute;top:0;left:0;z-index:0;width:100%;height:100%;transition:opacity 1s;overflow:hidden;-webkit-transition:opacity 1s;-o-transition:opacity 1s}.uagb-section__wrap .uagb-section__video-wrap video{display:inline-block;vertical-align:baseline;width:100%;height:100%;max-width:100%;margin:0;background-size:cover;border:none;object-fit:cover;line-height:1;-o-object-fit:cover}@media (min-width: 768px) and (max-width: 1024px){.wp-block-uagb-section.uagb-section__wrap.uagb-section__background-image{background-attachment:scroll}}\n.uagb-block-c8aa4c00.uagb-section__wrap{padding-top: 20px;padding-bottom: 20px;padding-left: 20px;padding-right: 20px;margin-top: 0px;margin-bottom: 0px;border-style: none;margin-right: auto;margin-left: auto;max-width: 1200px;}.uagb-block-c8aa4c00 > .uagb-section__video-wrap{opacity: 0.5;}.uagb-block-c8aa4c00 > .uagb-section__inner-wrap{max-width: 100%;}.uagb-block-c8aa4c00.wp-block-uagb-section{box-shadow: 0px 0px    ;}.uagb-block-c8aa4c00 > .uagb-section__overlay{border-radius:    ;}@media only screen and (max-width: 976px) {.uagb-block-c8aa4c00.uagb-section__wrap{border-style: none;}}@media only screen and (max-width: 767px) {.uagb-block-c8aa4c00.uagb-section__wrap{border-style: none;}}.uag-blocks-common-selector{z-index:var(--z-index-desktop) !important}@media (max-width: 976px){.uag-blocks-common-selector{z-index:var(--z-index-tablet) !important}}@media (max-width: 767px){.uag-blocks-common-selector{z-index:var(--z-index-mobile) !important}}\n","js":"","current_block_list":["core\/cover","core\/heading","core\/spacer","uagb\/section","core\/paragraph","core\/list","core\/list-item","core\/gallery","core\/image","core\/search","core\/group","core\/latest-posts","core\/latest-comments","core\/archives","core\/categories"],"uag_flag":true,"uag_version":"1776623943","gfonts":[],"gfonts_url":"","gfonts_files":[],"uag_faq_layout":false},"_wxr_import_user_slug":null,"_astra_sites_imported_post":null,"_astra_sites_enable_for_batch":null,"_top_nav_excluded":"","_cms_nav_minihome":"","_wp_old_slug":null,"_edit_lock":null,"_last_translation_edit_mode":"translation-editor","_wp_old_date":null,"_wpml_location_migration_done":null,"rank_math_analytic_object_id":null,"rank_math_internal_links_processed":"1","rank_math_seo_score":null,"_edit_last":null,"_wpml_media_featured":"0","_wpml_media_duplicate":"0","theme-transparent-header-meta":"enabled","rank_math_focus_keyword":null,"_uag_custom_page_level_css":null,"ast-site-content-layout":"normal-width-container","adv-header-id-meta":"","stick-header-meta":"","astra-migrate-meta-layouts":null,"footnotes":null,"_uag_css_file_name":"uag-css-81026.css","rank_math_og_content_image":{"check":"60ec7050940c72c0366c1af01a91353e","images":[1714]},"_thumbnail_id":null,"data":null,"user_ip":null,"uagb_featured_image_src":{"full":false,"thumbnail":false,"medium":false,"medium_large":false,"large":false,"1536x1536":false,"2048x2048":false},"uagb_author_info":{"display_name":"Albapouilly","author_link":"https:\/\/albatrossglobal.org\/pt-br\/"},"uagb_comment_info":0,"uagb_excerpt":null,"_links":{"self":[{"href":"https:\/\/albatrossglobal.org\/pt-br\/wp-json\/wp\/v2\/pages\/81026","targetHints":{"allow":["GET"]}}],"collection":[{"href":"https:\/\/albatrossglobal.org\/pt-br\/wp-json\/wp\/v2\/pages"}],"about":[{"href":"https:\/\/albatrossglobal.org\/pt-br\/wp-json\/wp\/v2\/types\/page"}],"author":[{"embeddable":true,"href":"https:\/\/albatrossglobal.org\/pt-br\/wp-json\/wp\/v2\/users\/7"}],"replies":[{"embeddable":true,"href":"https:\/\/albatrossglobal.org\/pt-br\/wp-json\/wp\/v2\/comments?post=81026"}],"version-history":[{"count":3,"href":"https:\/\/albatrossglobal.org\/pt-br\/wp-json\/wp\/v2\/pages\/81026\/revisions"}],"predecessor-version":[{"id":1000813,"href":"https:\/\/albatrossglobal.org\/pt-br\/wp-json\/wp\/v2\/pages\/81026\/revisions\/1000813"}],"wp:attachment":[{"href":"https:\/\/albatrossglobal.org\/pt-br\/wp-json\/wp\/v2\/media?parent=81026"}],"curies":[{"name":"wp","href":"https:\/\/api.w.org\/{rel}","templated":true}]}}