{"id":80589,"date":"2022-03-25T08:27:27","date_gmt":"2022-03-25T07:27:27","guid":{"rendered":"https:\/\/albatrossglobal.org\/quem-somos-nos\/"},"modified":"2025-04-28T21:37:25","modified_gmt":"2025-04-28T19:37:25","slug":"quem-somos-nos","status":"publish","type":"page","link":"https:\/\/albatrossglobal.org\/pt-br\/quem-somos-nos\/","title":{"rendered":"Quem \u00e9s tu?"},"content":{"rendered":"\n<div class=\"wp-block-cover alignfull is-position-center-center\" style=\"min-height:600px;aspect-ratio:unset;\"><img decoding=\"async\" width=\"900\" height=\"377\" class=\"wp-block-cover__image-background wp-image-867 lazyload\" alt=\"\" data-src=\"https:\/\/albatrossglobal.org\/wp-content\/uploads\/2022\/04\/LANCEMENT.jpg\" data-object-fit=\"cover\" data-srcset=\"https:\/\/albatrossglobal.org\/wp-content\/uploads\/2022\/04\/LANCEMENT.jpg 900w, https:\/\/albatrossglobal.org\/wp-content\/uploads\/2022\/04\/LANCEMENT-300x126.jpg 300w, https:\/\/albatrossglobal.org\/wp-content\/uploads\/2022\/04\/LANCEMENT-768x322.jpg 768w\" data-sizes=\"(max-width: 900px) 100vw, 900px\" src=\"data:image\/svg+xml;base64,PHN2ZyB3aWR0aD0iMSIgaGVpZ2h0PSIxIiB4bWxucz0iaHR0cDovL3d3dy53My5vcmcvMjAwMC9zdmciPjwvc3ZnPg==\" style=\"--smush-placeholder-width: 900px; --smush-placeholder-aspect-ratio: 900\/377;\" \/><span aria-hidden=\"true\" class=\"wp-block-cover__background has-ast-global-color-2-background-color has-background-dim\"><\/span><div class=\"wp-block-cover__inner-container is-layout-flow wp-block-cover-is-layout-flow\">\n<h1 class=\"wp-block-heading has-text-align-center has-text-color\" style=\"color:#ffffff\">Quem \u00e9s tu?<\/h1>\n<\/div><\/div>\n\n<div style=\"height:50px\" aria-hidden=\"true\" class=\"wp-block-spacer\"><\/div>\n\n<section class=\"wp-block-uagb-section uagb-section__wrap uagb-section__background-undefined uagb-block-739232d2\"><div class=\"uagb-section__overlay\"><\/div><div class=\"uagb-section__inner-wrap\">\n<p class=\"has-ast-global-color-2-color has-text-color\" style=\"font-size:18px\">A Albatross Foundation \u00e9 uma associa\u00e7\u00e3o sem fins lucrativos, legalmente criada em 2011 em Singapura, em 2012 na China e em 2017 em Fran\u00e7a. A sua miss\u00e3o \u00e9 promover a educa\u00e7\u00e3o gratuita para todos e construir uma organiza\u00e7\u00e3o global para <strong>educar os jovens sobre o desenvolvimento sustent\u00e1vel<\/strong> utilizando ferramentas inovadoras, interactivas e divertidas. <\/p>\n<\/div><\/section>\n\n<div class=\"inherit-container-width wp-block-group alignfull has-white-background-color has-background is-layout-constrained wp-block-group-is-layout-constrained\"><div class=\"wp-block-group__inner-container\">\n<div class=\"wp-block-media-text alignwide has-media-on-the-right is-stacked-on-mobile is-vertically-aligned-center is-image-fill-element\" style=\"grid-template-columns:auto 48%\"><div class=\"wp-block-media-text__content\">\n<h2 class=\"wp-block-heading has-ast-global-color-2-color has-text-color\">Quais s\u00e3o os nossos objectivos?<\/h2>\n\n\n\n<p class=\"has-ast-global-color-3-color has-text-color\">A destrui\u00e7\u00e3o cont\u00ednua do ambiente terrestre \u00e9 um problema que exige a\u00e7\u00e3o. Acreditamos que a educa\u00e7\u00e3o \u00e9 uma forma de a\u00e7\u00e3o eficaz e sustent\u00e1vel.<br\/>Por isso, queremos<strong>sensibilizar e educar as crian\u00e7as para o desenvolvimento sustent\u00e1vel e para os valores humanistas<\/strong>, porque acreditamos que elas s\u00e3o o futuro e que desempenhar\u00e3o um papel importante na resposta ao desafio de proteger o planeta. <br\/>Porque estamos convencidos de que a prote\u00e7\u00e3o do planeta n\u00e3o deve ser monop\u00f3lio de uma \u00fanica organiza\u00e7\u00e3o, estamos a trabalhar de v\u00e1rias formas com diferentes parceiros para aumentar a sensibiliza\u00e7\u00e3o para o desenvolvimento sustent\u00e1vel em todo o mundo.  <\/p>\n<\/div><figure class=\"wp-block-media-text__media\"><img decoding=\"async\" width=\"900\" height=\"602\" data-src=\"https:\/\/albatrossglobal.org\/wp-content\/uploads\/2022\/04\/CAMPS.jpg\" alt=\"\" class=\"wp-image-870 size-full lazyload\" style=\"--smush-placeholder-width: 900px; --smush-placeholder-aspect-ratio: 900\/602;object-position:50% 50%\" data-srcset=\"https:\/\/albatrossglobal.org\/wp-content\/uploads\/2022\/04\/CAMPS.jpg 900w, https:\/\/albatrossglobal.org\/wp-content\/uploads\/2022\/04\/CAMPS-300x201.jpg 300w, https:\/\/albatrossglobal.org\/wp-content\/uploads\/2022\/04\/CAMPS-768x514.jpg 768w\" data-sizes=\"(max-width: 900px) 100vw, 900px\" src=\"data:image\/svg+xml;base64,PHN2ZyB3aWR0aD0iMSIgaGVpZ2h0PSIxIiB4bWxucz0iaHR0cDovL3d3dy53My5vcmcvMjAwMC9zdmciPjwvc3ZnPg==\" \/><\/figure><\/div>\n<\/div><\/div>\n\n<div class=\"inherit-container-width wp-block-group alignfull has-ast-global-color-5-background-color has-background is-layout-constrained wp-block-group-is-layout-constrained\"><div class=\"wp-block-group__inner-container\">\n<div class=\"wp-block-media-text alignwide is-stacked-on-mobile is-vertically-aligned-center is-image-fill-element\" style=\"grid-template-columns:48% auto\"><figure class=\"wp-block-media-text__media\"><img decoding=\"async\" width=\"945\" height=\"746\" data-src=\"https:\/\/albatrossglobal.org\/wp-content\/uploads\/2022\/04\/decouverte-de-saphir-en-classe.jpeg\" alt=\"\" class=\"wp-image-765 size-full lazyload\" style=\"--smush-placeholder-width: 945px; --smush-placeholder-aspect-ratio: 945\/746;object-position:51% 100%\" data-srcset=\"https:\/\/albatrossglobal.org\/wp-content\/uploads\/2022\/04\/decouverte-de-saphir-en-classe.jpeg 945w, https:\/\/albatrossglobal.org\/wp-content\/uploads\/2022\/04\/decouverte-de-saphir-en-classe-300x237.jpeg 300w, https:\/\/albatrossglobal.org\/wp-content\/uploads\/2022\/04\/decouverte-de-saphir-en-classe-768x606.jpeg 768w\" data-sizes=\"(max-width: 945px) 100vw, 945px\" src=\"data:image\/svg+xml;base64,PHN2ZyB3aWR0aD0iMSIgaGVpZ2h0PSIxIiB4bWxucz0iaHR0cDovL3d3dy53My5vcmcvMjAwMC9zdmciPjwvc3ZnPg==\" \/><\/figure><div class=\"wp-block-media-text__content\">\n<h2 class=\"wp-block-heading has-ast-global-color-2-color has-text-color\">O que \u00e9 que fazemos?<\/h2>\n\n\n\n<p>A Albatross trabalha de v\u00e1rias formas para aumentar a consciencializa\u00e7\u00e3o:  <\/p>\n\n\n\n<ul class=\"wp-block-list\">\n<li>Atrav\u00e9s de uma cole\u00e7\u00e3o de <a href=\"https:\/\/albatrossglobal.org\/pt-br\/coleccao-de-livros-infantis-sobre-o-ambiente\/\">6 livros trilingues<\/a> (franc\u00eas, ingl\u00eas, chin\u00eas) de hist\u00f3rias infantis, actividades e jogos, destinados a ajudar as crian\u00e7as a explorar o mundo e a respeitar melhor o seu ambiente.<\/li>\n\n\n\n<li>Atrav\u00e9s de um programa <a href=\"https:\/\/albatrossglobal.org\/pt-br\/o-nosso-programa-de-formacao\/\">de forma\u00e7\u00e3o para adultos e jovens adultos<\/a>, que podem depois ensinar os cursos Albatross \u00e0s crian\u00e7as.<\/li>\n\n\n\n<li>Atrav\u00e9s da <a href=\"https:\/\/albatrossglobal.org\/pt-br\/a-nossa-aplicacao-sapphire\/\">aplica\u00e7\u00e3o Saphir<\/a>, desenvolvida pelo CNRS-Liris, que oferece uma viagem completa de descoberta do ambiente, de forma interactiva e divertida, com sec\u00e7\u00f5es pedag\u00f3gicas, testes e jogos de mem\u00f3ria.  <\/li>\n\n\n\n<li>Atrav\u00e9s de workshops tem\u00e1ticos (cozinha, permacultura) e campos de f\u00e9rias para crian\u00e7as.<\/li>\n<\/ul>\n<\/div><\/div>\n<\/div><\/div>\n\n<div class=\"inherit-container-width wp-block-group alignfull has-white-background-color has-background is-layout-constrained wp-block-group-is-layout-constrained\"><div class=\"wp-block-group__inner-container\">\n<div class=\"wp-block-media-text alignwide has-media-on-the-right is-stacked-on-mobile is-vertically-aligned-center is-image-fill-element\" style=\"grid-template-columns:auto 48%\"><div class=\"wp-block-media-text__content\">\n<h2 class=\"wp-block-heading has-ast-global-color-2-color has-text-color\">Como \u00e9 que trabalhamos?<\/h2>\n\n\n\n<p class=\"has-ast-global-color-3-color has-text-color\">A Albatross \u00e9 uma &#8220;i-foundation&#8221; que opera com <strong>zero custos fixos, zero empregados<\/strong> e 100 membros fundadores honor\u00e1rios de alto n\u00edvel de todo o mundo.<\/p>\n\n\n\n<p class=\"has-ast-global-color-3-color has-text-color\">Os membros s\u00e3o 1\/3 cientistas, 1\/3 advogados e 1\/3 artistas. Todos eles trabalham como volunt\u00e1rios para a associa\u00e7\u00e3o, ajudando a desenvolver condi\u00e7\u00f5es de vida sustent\u00e1veis. <\/p>\n<\/div><figure class=\"wp-block-media-text__media\"><img decoding=\"async\" width=\"605\" height=\"403\" data-src=\"https:\/\/albatrossglobal.org\/wp-content\/uploads\/2022\/03\/Albatross-Dir.jpg\" alt=\"\" class=\"wp-image-585 size-full lazyload\" style=\"--smush-placeholder-width: 605px; --smush-placeholder-aspect-ratio: 605\/403;object-position:51% 100%\" data-srcset=\"https:\/\/albatrossglobal.org\/wp-content\/uploads\/2022\/03\/Albatross-Dir.jpg 605w, https:\/\/albatrossglobal.org\/wp-content\/uploads\/2022\/03\/Albatross-Dir-300x200.jpg 300w\" data-sizes=\"(max-width: 605px) 100vw, 605px\" src=\"data:image\/svg+xml;base64,PHN2ZyB3aWR0aD0iMSIgaGVpZ2h0PSIxIiB4bWxucz0iaHR0cDovL3d3dy53My5vcmcvMjAwMC9zdmciPjwvc3ZnPg==\" \/><\/figure><\/div>\n<\/div><\/div>\n\n<div class=\"inherit-container-width wp-block-group alignfull has-ast-global-color-5-background-color has-background is-layout-constrained wp-block-group-is-layout-constrained\"><div class=\"wp-block-group__inner-container\">\n<div class=\"wp-block-media-text alignwide is-stacked-on-mobile is-vertically-aligned-center is-image-fill-element\" style=\"grid-template-columns:48% auto\"><figure class=\"wp-block-media-text__media\"><img decoding=\"async\" width=\"1024\" height=\"614\" data-src=\"https:\/\/albatrossglobal.org\/wp-content\/uploads\/2022\/04\/map-of-the-world-g6c480095c_1920-1024x614.jpg\" alt=\"\" class=\"wp-image-705 size-full lazyload\" style=\"--smush-placeholder-width: 1024px; --smush-placeholder-aspect-ratio: 1024\/614;object-position:50% 50%\" data-srcset=\"https:\/\/albatrossglobal.org\/wp-content\/uploads\/2022\/04\/map-of-the-world-g6c480095c_1920-1024x614.jpg 1024w, https:\/\/albatrossglobal.org\/wp-content\/uploads\/2022\/04\/map-of-the-world-g6c480095c_1920-300x180.jpg 300w, https:\/\/albatrossglobal.org\/wp-content\/uploads\/2022\/04\/map-of-the-world-g6c480095c_1920-768x460.jpg 768w, https:\/\/albatrossglobal.org\/wp-content\/uploads\/2022\/04\/map-of-the-world-g6c480095c_1920-1536x921.jpg 1536w, https:\/\/albatrossglobal.org\/wp-content\/uploads\/2022\/04\/map-of-the-world-g6c480095c_1920.jpg 1920w\" data-sizes=\"(max-width: 1024px) 100vw, 1024px\" src=\"data:image\/svg+xml;base64,PHN2ZyB3aWR0aD0iMSIgaGVpZ2h0PSIxIiB4bWxucz0iaHR0cDovL3d3dy53My5vcmcvMjAwMC9zdmciPjwvc3ZnPg==\" \/><\/figure><div class=\"wp-block-media-text__content\">\n<h2 class=\"wp-block-heading has-ast-global-color-2-color has-text-color\"><strong>Onde \u00e9 que estamos situados?  <\/strong><\/h2>\n\n\n\n<p class=\"has-ast-global-color-3-color has-text-color\">Devido aos desafios ambientais na China, o trabalho inicial da Albatross Foundation centrou-se na forma\u00e7\u00e3o de crian\u00e7as chinesas em escolas prim\u00e1rias.  <\/p>\n\n\n\n<p class=\"has-ast-global-color-3-color has-text-color\">Tamb\u00e9m foram formadas crian\u00e7as na regi\u00e3o de S\u00e3o Paulo, no Brasil.  <\/p>\n\n\n\n<p class=\"has-ast-global-color-3-color has-text-color\">Desde 2015, o nosso trabalho centra-se em Fran\u00e7a, com uma presen\u00e7a na regi\u00e3o AuRA, com programas sobre o ambiente e a conserva\u00e7\u00e3o dos ecossistemas.<\/p>\n<\/div><\/div>\n<\/div><\/div>\n\n<div class=\"inherit-container-width wp-block-group alignfull has-white-background-color has-background is-layout-constrained wp-block-group-is-layout-constrained\"><div class=\"wp-block-group__inner-container\">\n<div class=\"wp-block-media-text alignwide has-media-on-the-right is-stacked-on-mobile is-vertically-aligned-center is-image-fill-element\" style=\"grid-template-columns:auto 48%\"><div class=\"wp-block-media-text__content\">\n<h2 class=\"wp-block-heading has-ast-global-color-2-color has-text-color\">Os nossos pr\u00e9mios<\/h2>\n\n\n\n<p>Em dezembro de 2019, a Albatross Foundation recebeu o <strong>pr\u00e9mio de inova\u00e7\u00e3o<\/strong> do comit\u00e9 franco-chin\u00eas do MEDEF pelo seu projeto de actividades l\u00fadicas de filtragem da \u00e1gua na sala de aula e atrav\u00e9s da aplica\u00e7\u00e3o digital SAPHIR, desenvolvida pelo laborat\u00f3rio de IA Liris\/CNRS.<\/p>\n\n\n\n<p>Em 2020, a Albatross ganhou o Troph\u00e9e Pro Bono da Ordem dos Advogados de Paris na categoria Prix Paris-Qu\u00e9bec.<\/p>\n\n\n\n<p>E em 2021, o Albatross recebeu o Pr\u00e9mio da Funda\u00e7\u00e3o Rei Baudoin.<\/p>\n<\/div><figure class=\"wp-block-media-text__media\"><img decoding=\"async\" width=\"640\" height=\"480\" data-src=\"https:\/\/albatrossglobal.org\/wp-content\/uploads\/2022\/05\/prix.jpeg\" alt=\"\" class=\"wp-image-1708 size-full lazyload\" style=\"--smush-placeholder-width: 640px; --smush-placeholder-aspect-ratio: 640\/480;object-position:51% 0%\" data-srcset=\"https:\/\/albatrossglobal.org\/wp-content\/uploads\/2022\/05\/prix.jpeg 640w, https:\/\/albatrossglobal.org\/wp-content\/uploads\/2022\/05\/prix-300x225.jpeg 300w\" data-sizes=\"(max-width: 640px) 100vw, 640px\" src=\"data:image\/svg+xml;base64,PHN2ZyB3aWR0aD0iMSIgaGVpZ2h0PSIxIiB4bWxucz0iaHR0cDovL3d3dy53My5vcmcvMjAwMC9zdmciPjwvc3ZnPg==\" \/><\/figure><\/div>\n<\/div><\/div>\n\n<div class=\"inherit-container-width wp-block-group alignfull has-ast-global-color-5-background-color has-background is-layout-constrained wp-block-group-is-layout-constrained\"><div class=\"wp-block-group__inner-container\">\n<div class=\"wp-block-media-text alignwide is-stacked-on-mobile is-vertically-aligned-center is-image-fill-element\" style=\"grid-template-columns:48% auto\"><figure class=\"wp-block-media-text__media\"><img decoding=\"async\" width=\"1024\" height=\"576\" data-src=\"https:\/\/albatrossglobal.org\/wp-content\/uploads\/2020\/07\/bg-10-free-img-1024x576.jpg\" alt=\"Imagem de fundo\" class=\"wp-image-135 size-full lazyload\" style=\"--smush-placeholder-width: 1024px; --smush-placeholder-aspect-ratio: 1024\/576;object-position:50% 50%\" data-srcset=\"https:\/\/albatrossglobal.org\/wp-content\/uploads\/2020\/07\/bg-10-free-img-1024x576.jpg 1024w, https:\/\/albatrossglobal.org\/wp-content\/uploads\/2020\/07\/bg-10-free-img-300x169.jpg 300w, https:\/\/albatrossglobal.org\/wp-content\/uploads\/2020\/07\/bg-10-free-img-768x432.jpg 768w, https:\/\/albatrossglobal.org\/wp-content\/uploads\/2020\/07\/bg-10-free-img-1536x864.jpg 1536w, https:\/\/albatrossglobal.org\/wp-content\/uploads\/2020\/07\/bg-10-free-img.jpg 1920w\" data-sizes=\"(max-width: 1024px) 100vw, 1024px\" src=\"data:image\/svg+xml;base64,PHN2ZyB3aWR0aD0iMSIgaGVpZ2h0PSIxIiB4bWxucz0iaHR0cDovL3d3dy53My5vcmcvMjAwMC9zdmciPjwvc3ZnPg==\" \/><\/figure><div class=\"wp-block-media-text__content\">\n<h2 class=\"wp-block-heading has-ast-global-color-2-color has-text-color\"><strong>O nosso apoio \u00e0s associa\u00e7\u00f5es<\/strong><\/h2>\n\n\n\n<p>Apoiamos regularmente outras associa\u00e7\u00f5es, tais como :<\/p>\n\n\n\n<ul class=\"wp-block-list\">\n<li><a href=\"http:\/\/www.noise-emlyon\">www.noise-emlyon<\/a> &#8211; Associa\u00e7\u00e3o de estudantes para o empreendedorismo social e ambiental na EMLyon Business School.  <\/li>\n\n\n\n<li><a href=\"http:\/\/www.minese-stetienne.fr\" target=\"_blank\" rel=\"noopener\">http:\/\/www.minese-stetienne.fr<\/a> &#8211; Uma escola de engenharia de alto n\u00edvel com investiga\u00e7\u00e3o orientada para a ind\u00fastria, que desenvolveu um kit de filtragem de \u00e1gua para o Albatross.<\/li>\n\n\n\n<li><a href=\"http:\/\/www.aadh.fr\" target=\"_blank\" rel=\"noreferrer noopener\">AADH<\/a> &#8211; Alliance des Avocats pour les Droits de l&#8217;Homme: &#8220;\u00catre D\u00e9fendu, un Droit Universel&#8221;.<\/li>\n\n\n\n<li><a href=\"http:\/\/www.jeunes-ambassadeurs.com\" target=\"_blank\" rel=\"noopener\">www.jeunes-ambassadeurs.com<\/a> para estabelecer la\u00e7os duradouros entre os estudantes internacionais e os principais actores da regi\u00e3o Auvergne-Rh\u00f4ne-Alpes.<\/li>\n\n\n\n<li><a href=\"http:\/\/www.tigercenter.org\" target=\"_blank\" rel=\"noopener\">www.tigercenter.org,<\/a> The Tiger Center no centro da \u00cdndia (o local onde Kippling escreveu &#8220;O Livro da Selva&#8221;) \u00e9 uma reserva natural dedicada \u00e0 preserva\u00e7\u00e3o da vida selvagem e, em particular, \u00e0 prote\u00e7\u00e3o dos tigres de Bengala. As suas actividades incluem tamb\u00e9m um dispens\u00e1rio, uma escola de costura e uma galeria de arte tradicional Baiga. Estas actividades econ\u00f3micas de RSE (Responsabilidade Social das Empresas) ajudaram-na a ganhar o Pr\u00e9mio Empresa Social Inovadora 2023.  <\/li>\n<\/ul>\n<\/div><\/div>\n<\/div><\/div>\n\n<p><\/p>\n","protected":false},"excerpt":{"rendered":"<p>Quais s\u00e3o os nossos objectivos? A destrui\u00e7\u00e3o cont\u00ednua do ambiente terrestre \u00e9 um problema que exige a\u00e7\u00e3o. Acreditamos que a educa\u00e7\u00e3o \u00e9 uma forma de a\u00e7\u00e3o eficaz e sustent\u00e1vel.Por isso, queremossensibilizar e educar as crian\u00e7as para o desenvolvimento sustent\u00e1vel e para os valores humanistas, porque acreditamos que elas s\u00e3o o futuro e que desempenhar\u00e3o um [&hellip;]<\/p>\n","protected":false},"author":7,"featured_media":0,"parent":0,"menu_order":0,"comment_status":"closed","ping_status":"closed","template":"","meta":{"_uag_custom_page_level_css":"","site-sidebar-layout":"default","site-content-layout":"plain-container","ast-site-content-layout":"normal-width-container","site-content-style":"unboxed","site-sidebar-style":"unboxed","ast-global-header-display":"","ast-banner-title-visibility":"","ast-main-header-display":"","ast-hfb-above-header-display":"","ast-hfb-below-header-display":"","ast-hfb-mobile-header-display":"","site-post-title":"disabled","ast-breadcrumbs-content":"","ast-featured-img":"","footer-sml-layout":"","ast-disable-related-posts":"","theme-transparent-header-meta":"enabled","adv-header-id-meta":"","stick-header-meta":"","header-above-stick-meta":"","header-main-stick-meta":"","header-below-stick-meta":"","astra-migrate-meta-layouts":"default","ast-page-background-enabled":"default","ast-page-background-meta":{"desktop":{"background-color":"","background-image":"","background-repeat":"repeat","background-position":"center center","background-size":"auto","background-attachment":"scroll","background-type":"","background-media":"","overlay-type":"","overlay-color":"","overlay-opacity":"","overlay-gradient":""},"tablet":{"background-color":"","background-image":"","background-repeat":"repeat","background-position":"center center","background-size":"auto","background-attachment":"scroll","background-type":"","background-media":"","overlay-type":"","overlay-color":"","overlay-opacity":"","overlay-gradient":""},"mobile":{"background-color":"","background-image":"","background-repeat":"repeat","background-position":"center center","background-size":"auto","background-attachment":"scroll","background-type":"","background-media":"","overlay-type":"","overlay-color":"","overlay-opacity":"","overlay-gradient":""}},"ast-content-background-meta":{"desktop":{"background-color":"var(--ast-global-color-5)","background-image":"","background-repeat":"repeat","background-position":"center center","background-size":"auto","background-attachment":"scroll","background-type":"","background-media":"","overlay-type":"","overlay-color":"","overlay-opacity":"","overlay-gradient":""},"tablet":{"background-color":"var(--ast-global-color-5)","background-image":"","background-repeat":"repeat","background-position":"center center","background-size":"auto","background-attachment":"scroll","background-type":"","background-media":"","overlay-type":"","overlay-color":"","overlay-opacity":"","overlay-gradient":""},"mobile":{"background-color":"var(--ast-global-color-5)","background-image":"","background-repeat":"repeat","background-position":"center center","background-size":"auto","background-attachment":"scroll","background-type":"","background-media":"","overlay-type":"","overlay-color":"","overlay-opacity":"","overlay-gradient":""}},"footnotes":""},"class_list":["post-80589","page","type-page","status-publish","hentry"],"_wp_attached_file":null,"siteground_optimizer_is_optimized":null,"wp-smush-lossy":null,"wp-smpro-smush-data":null,"wpml_media_processed":null,"wp-smush-ignore-bulk":null,"_wp_attachment_image_alt":null,"_astra_sites_image_hash":null,"_elementor_source_image_hash":null,"_wp_attachment_context":null,"_oembed_82a5c35e9300b18f214e29423b80ccc1":null,"_wp_attachment_backup_sizes":null,"_oembed_962f988bbbdcfd4a23c50360ead75e99":null,"wp-smush-error":null,"wp-smush-optimization-errors":null,"_wp_trash_meta_status":null,"_wp_trash_meta_time":null,"_menu_item_type":null,"_menu_item_menu_item_parent":null,"_menu_item_object_id":null,"_menu_item_object":null,"_menu_item_target":null,"_menu_item_classes":null,"_menu_item_xfn":null,"_menu_item_url":null,"_customize_changeset_uuid":null,"site-post-title":"disabled","site-sidebar-layout":"default","site-content-layout":"plain-container","_yoast_wpseo_content_score":null,"astra-main-page-id":null,"_yoast_wpseo_estimated-reading-time-minutes":null,"ast_ist_mapping":null,"ast_self_id_48452":null,"rank_math_title":null,"rank_math_description":null,"site-content-style":"unboxed","site-sidebar-style":"unboxed","_wp_page_template":"","ast_self_id_48450":null,"ast_self_id_48451":null,"ast_self_id_48449":null,"ast_self_id_48453":null,"ast-featured-img":"","_oembed_57b40ba93a9ad9878fb0f0fa6f613ecc":null,"_oembed_time_57b40ba93a9ad9878fb0f0fa6f613ecc":null,"_oembed_41c9285399048f9301d0d1168e43343d":null,"_oembed_time_41c9285399048f9301d0d1168e43343d":null,"_oembed_38f3fd5741367c2221c86f09f2f9954f":null,"_oembed_time_38f3fd5741367c2221c86f09f2f9954f":null,"_oembed_93ddf6953ee718c6d9a5fefc37ed8568":null,"_oembed_time_93ddf6953ee718c6d9a5fefc37ed8568":null,"_uag_js_file_name":null,"_oembed_06dca8326686b8907e0b4154c81d6f8b":null,"cosmoswp_site_layout":null,"cosmoswp_sidebar_options":null,"cosmoswp_header_layout":null,"cosmoswp_footer_layout":null,"cosmoswp_banner_options_layout":null,"gutentor_dynamic_css":null,"gutentor_css_info":null,"rank_math_primary_category":null,"_pingme":null,"_encloseme":null,"user_id":null,"user_login":null,"_form":null,"_mail":null,"_mail_2":null,"_messages":null,"_additional_settings":null,"_locale":null,"_astra_sites_imported_wp_forms":null,"_wp_attachment_metadata":"","rank_math_news_sitemap_robots":null,"rank_math_robots":["index"],"_wpml_word_count":"707","_uag_page_assets":{"css":".uagb-section__wrap{position:relative}.uagb-section__wrap .uagb-section__inner-wrap{position:relative;z-index:2;margin-right:auto;margin-left:auto}.uagb-section__wrap .uagb-section__overlay{position:absolute;top:0;left:0;width:100%;height:100%}.uagb-section__wrap .uagb-section__video-wrap{position:absolute;top:0;left:0;z-index:0;width:100%;height:100%;transition:opacity 1s;overflow:hidden;-webkit-transition:opacity 1s;-o-transition:opacity 1s}.uagb-section__wrap .uagb-section__video-wrap video{display:inline-block;vertical-align:baseline;width:100%;height:100%;max-width:100%;margin:0;background-size:cover;border:none;object-fit:cover;line-height:1;-o-object-fit:cover}@media (min-width: 768px) and (max-width: 1024px){.wp-block-uagb-section.uagb-section__wrap.uagb-section__background-image{background-attachment:scroll}}\n.uagb-block-739232d2.uagb-section__wrap{padding-top: 20px;padding-bottom: 0px;padding-left: 20px;padding-right: 20px;margin-top: 0px;margin-bottom: 0px;border-style: none;margin-right: 0px;margin-left: 0px;max-width: 100%;}.uagb-block-739232d2 > .uagb-section__video-wrap{opacity: 0.5;}.uagb-block-739232d2 > .uagb-section__inner-wrap{max-width: 1200px;}.uagb-block-739232d2.wp-block-uagb-section{box-shadow: 0px 0px    ;}.uagb-block-739232d2 > .uagb-section__overlay{border-radius:    ;}@media only screen and (max-width: 976px) {.uagb-block-739232d2.uagb-section__wrap{border-style: none;}}@media only screen and (max-width: 767px) {.uagb-block-739232d2.uagb-section__wrap{border-style: none;}}.uag-blocks-common-selector{z-index:var(--z-index-desktop) !important}@media (max-width: 976px){.uag-blocks-common-selector{z-index:var(--z-index-tablet) !important}}@media (max-width: 767px){.uag-blocks-common-selector{z-index:var(--z-index-mobile) !important}}\n","js":"","current_block_list":["core\/cover","core\/heading","core\/spacer","uagb\/section","core\/paragraph","core\/group","core\/media-text","core\/list","core\/list-item","core\/search","core\/latest-posts","core\/latest-comments","core\/archives","core\/categories"],"uag_flag":true,"uag_version":"1776711251","gfonts":[],"gfonts_url":"","gfonts_files":[],"uag_faq_layout":false},"_wxr_import_user_slug":null,"_astra_sites_imported_post":null,"_astra_sites_enable_for_batch":null,"_top_nav_excluded":"","_cms_nav_minihome":"","_wp_old_slug":null,"_edit_lock":null,"_last_translation_edit_mode":"translation-editor","_wp_old_date":null,"_wpml_location_migration_done":null,"rank_math_analytic_object_id":null,"rank_math_internal_links_processed":"1","rank_math_seo_score":null,"_edit_last":null,"_wpml_media_featured":"0","_wpml_media_duplicate":"0","theme-transparent-header-meta":"enabled","rank_math_focus_keyword":null,"_uag_custom_page_level_css":null,"ast-site-content-layout":"normal-width-container","adv-header-id-meta":"","stick-header-meta":"","astra-migrate-meta-layouts":null,"footnotes":null,"_uag_css_file_name":"uag-css-80589.css","rank_math_og_content_image":{"check":"d64ea082bf28cfe229f1860b7b62fd16","images":[867]},"_thumbnail_id":null,"data":null,"user_ip":null,"uagb_featured_image_src":{"full":false,"thumbnail":false,"medium":false,"medium_large":false,"large":false,"1536x1536":false,"2048x2048":false},"uagb_author_info":{"display_name":"Albapouilly","author_link":"https:\/\/albatrossglobal.org\/pt-br\/"},"uagb_comment_info":0,"uagb_excerpt":"Quais s\u00e3o os nossos objectivos? A destrui\u00e7\u00e3o cont\u00ednua do ambiente terrestre \u00e9 um problema que exige a\u00e7\u00e3o. Acreditamos que a educa\u00e7\u00e3o \u00e9 uma forma de a\u00e7\u00e3o eficaz e sustent\u00e1vel.Por isso, queremossensibilizar e educar as crian\u00e7as para o desenvolvimento sustent\u00e1vel e para os valores humanistas, porque acreditamos que elas s\u00e3o o futuro e que desempenhar\u00e3o um&hellip;","_links":{"self":[{"href":"https:\/\/albatrossglobal.org\/pt-br\/wp-json\/wp\/v2\/pages\/80589","targetHints":{"allow":["GET"]}}],"collection":[{"href":"https:\/\/albatrossglobal.org\/pt-br\/wp-json\/wp\/v2\/pages"}],"about":[{"href":"https:\/\/albatrossglobal.org\/pt-br\/wp-json\/wp\/v2\/types\/page"}],"author":[{"embeddable":true,"href":"https:\/\/albatrossglobal.org\/pt-br\/wp-json\/wp\/v2\/users\/7"}],"replies":[{"embeddable":true,"href":"https:\/\/albatrossglobal.org\/pt-br\/wp-json\/wp\/v2\/comments?post=80589"}],"version-history":[{"count":7,"href":"https:\/\/albatrossglobal.org\/pt-br\/wp-json\/wp\/v2\/pages\/80589\/revisions"}],"predecessor-version":[{"id":1040417,"href":"https:\/\/albatrossglobal.org\/pt-br\/wp-json\/wp\/v2\/pages\/80589\/revisions\/1040417"}],"wp:attachment":[{"href":"https:\/\/albatrossglobal.org\/pt-br\/wp-json\/wp\/v2\/media?parent=80589"}],"curies":[{"name":"wp","href":"https:\/\/api.w.org\/{rel}","templated":true}]}}