{"id":80524,"date":"2020-08-24T04:53:52","date_gmt":"2020-08-24T02:53:52","guid":{"rendered":"https:\/\/albatrossglobal.org\/inicio\/"},"modified":"2025-02-03T11:48:56","modified_gmt":"2025-02-03T10:48:56","slug":"inicio","status":"publish","type":"page","link":"https:\/\/albatrossglobal.org\/pt-br\/inicio\/","title":{"rendered":"In\u00edcio"},"content":{"rendered":"<div class=\"wp-block-cover alignfull has-parallax\" style=\"min-height: 800px;\">\n<div class=\"wp-block-cover__image-background wp-image-713 has-parallax lazyload\" style=\"background-position: 50% 50%; background-image:inherit;\" role=\"img\" data-bg-image=\"url(&#039;https:\/\/albatrossglobal.org\/wp-content\/uploads\/2022\/04\/camp-Albatross.jpeg&#039;)\"><\/div>\n<div class=\"wp-block-cover__inner-container\">\n<div class=\"wp-block-spacer\" style=\"height: 125px;\" aria-hidden=\"true\"><\/div>\n<h1 class=\"wp-block-heading has-text-align-center has-text-color\" style=\"color: #ffffff;\">Funda\u00e7\u00e3o Albatross<\/h1>\n<div class=\"wp-block-spacer\" style=\"height: 65px;\" aria-hidden=\"true\"><\/div>\n<h2 class=\"wp-block-heading has-text-align-center has-text-color\" style=\"color: #ffffff; font-size: 34px;\">Associa\u00e7\u00e3o para a Sensibiliza\u00e7\u00e3o das Crian\u00e7as para o Desenvolvimento Sustent\u00e1vel<\/h2>\n<h2 class=\"wp-block-heading has-text-align-center has-ast-global-color-5-color has-text-color\" style=\"font-size: 34px;\">de uma forma cient\u00edfica, livre e divertida, gra\u00e7as a ferramentas inovadoras<\/h2>\n<div class=\"wp-block-spacer\" style=\"height: 65px;\" aria-hidden=\"true\"><\/div>\n<div class=\"wp-block-buttons\">\n<div class=\"wp-block-button\"><a class=\"wp-block-button__link wp-element-button\" href=\"https:\/\/albatrossglobal.org\/application-saphir\/\">Descubra a aplica\u00e7\u00e3o Sapphire<\/a><\/div>\n<\/div>\n<div class=\"wp-block-spacer\" style=\"height: 65px;\" aria-hidden=\"true\"><\/div>\n<p class=\"has-text-align-center\"><span style=\"color: #ffffff;\">Mais de 15.000 crian\u00e7as formadas na China, Fran\u00e7a e Brasil<\/span><\/p>\n<div class=\"wp-block-spacer\" style=\"height: 65px;\" aria-hidden=\"true\"><\/div>\n<\/div>\n<\/div>\n<div class=\"wp-block-buttons\"><\/div>\n<div class=\"wp-block-group alignfull has-ast-global-color-4-background-color has-background\">\n<div class=\"wp-block-group__inner-container\">\n<div class=\"wp-block-columns alignwide\">\n<div class=\"wp-block-column has-ast-global-color-4-background-color has-background\">\n<h2 class=\"wp-block-heading has-text-align-center\">As nossas iniciativas de sensibiliza\u00e7\u00e3o dos jovens<\/h2>\n<h2 class=\"wp-block-heading has-text-align-center\">ao Desenvolvimento Sustent\u00e1vel<\/h2>\n<\/div>\n<\/div>\n<div class=\"wp-block-columns alignwide\">\n<div class=\"wp-block-column has-ast-global-color-4-background-color has-background\">\n<figure class=\"wp-block-image size-full\"><img decoding=\"async\" width=\"945\" height=\"746\" class=\"wp-image-765 lazyload\" data-src=\"https:\/\/albatrossglobal.org\/wp-content\/uploads\/2022\/04\/decouverte-de-saphir-en-classe.jpeg\" alt=\"\" data-srcset=\"https:\/\/albatrossglobal.org\/wp-content\/uploads\/2022\/04\/decouverte-de-saphir-en-classe.jpeg 945w, https:\/\/albatrossglobal.org\/wp-content\/uploads\/2022\/04\/decouverte-de-saphir-en-classe-300x237.jpeg 300w, https:\/\/albatrossglobal.org\/wp-content\/uploads\/2022\/04\/decouverte-de-saphir-en-classe-768x606.jpeg 768w\" data-sizes=\"(max-width: 945px) 100vw, 945px\" src=\"data:image\/svg+xml;base64,PHN2ZyB3aWR0aD0iMSIgaGVpZ2h0PSIxIiB4bWxucz0iaHR0cDovL3d3dy53My5vcmcvMjAwMC9zdmciPjwvc3ZnPg==\" style=\"--smush-placeholder-width: 945px; --smush-placeholder-aspect-ratio: 945\/746;\" \/><\/figure>\n<h3 class=\"wp-block-heading has-text-align-center has-large-font-size\">Aplica\u00e7\u00e3o m\u00f3vel SAPHIR<\/h3>\n<div class=\"wp-block-buttons\">\n<div class=\"wp-block-button\"><a class=\"wp-block-button__link wp-element-button\" href=\"https:\/\/albatrossglobal.org\/application-saphir\/\">Leia mais<\/a><\/div>\n<\/div>\n<\/div>\n<div class=\"wp-block-column has-ast-global-color-4-background-color has-background\">\n<figure class=\"wp-block-image size-full\"><img decoding=\"async\" width=\"945\" height=\"756\" class=\"wp-image-768 lazyload\" data-src=\"https:\/\/albatrossglobal.org\/wp-content\/uploads\/2022\/04\/jardin-pedagogique.png\" alt=\"\" data-srcset=\"https:\/\/albatrossglobal.org\/wp-content\/uploads\/2022\/04\/jardin-pedagogique.png 945w, https:\/\/albatrossglobal.org\/wp-content\/uploads\/2022\/04\/jardin-pedagogique-300x240.png 300w, https:\/\/albatrossglobal.org\/wp-content\/uploads\/2022\/04\/jardin-pedagogique-768x614.png 768w\" data-sizes=\"(max-width: 945px) 100vw, 945px\" src=\"data:image\/svg+xml;base64,PHN2ZyB3aWR0aD0iMSIgaGVpZ2h0PSIxIiB4bWxucz0iaHR0cDovL3d3dy53My5vcmcvMjAwMC9zdmciPjwvc3ZnPg==\" style=\"--smush-placeholder-width: 945px; --smush-placeholder-aspect-ratio: 945\/756;\" \/><\/figure>\n<h3 class=\"wp-block-heading has-text-align-center has-large-font-size\">Jardim Pedag\u00f3gico de Permacultura<\/h3>\n<div class=\"wp-block-buttons\">\n<div class=\"wp-block-button\"><a class=\"wp-block-button__link wp-element-button\" href=\"https:\/\/albatrossglobal.org\/jardin-pedagogique\/\">Leia mais<\/a><\/div>\n<\/div>\n<\/div>\n<div class=\"wp-block-column has-ast-global-color-4-background-color has-background\">\n<figure class=\"wp-block-image size-full\"><img decoding=\"async\" width=\"945\" height=\"756\" class=\"wp-image-770 lazyload\" data-src=\"https:\/\/albatrossglobal.org\/wp-content\/uploads\/2022\/04\/livres-1.png\" alt=\"livros sobre o ambiente\" data-srcset=\"https:\/\/albatrossglobal.org\/wp-content\/uploads\/2022\/04\/livres-1.png 945w, https:\/\/albatrossglobal.org\/wp-content\/uploads\/2022\/04\/livres-1-300x240.png 300w, https:\/\/albatrossglobal.org\/wp-content\/uploads\/2022\/04\/livres-1-768x614.png 768w\" data-sizes=\"(max-width: 945px) 100vw, 945px\" src=\"data:image\/svg+xml;base64,PHN2ZyB3aWR0aD0iMSIgaGVpZ2h0PSIxIiB4bWxucz0iaHR0cDovL3d3dy53My5vcmcvMjAwMC9zdmciPjwvc3ZnPg==\" style=\"--smush-placeholder-width: 945px; --smush-placeholder-aspect-ratio: 945\/756;\" \/><\/figure>\n<h3 class=\"wp-block-heading has-text-align-center has-large-font-size\">Livros sobre o Ambiente<\/h3>\n<div class=\"wp-block-buttons\">\n<div class=\"wp-block-button\"><a class=\"wp-block-button__link wp-element-button\" href=\"\/livres\/\">Descarregar<\/a><\/div>\n<\/div>\n<\/div>\n<\/div>\n<\/div>\n<div class=\"wp-block-cover alignfull has-parallax\" style=\"min-height: 900px;\">\n<div class=\"wp-block-cover__image-background wp-image-740 has-parallax lazyload\" style=\"background-position: 50% 50%; background-image:inherit;\" role=\"img\" data-bg-image=\"url(&#039;https:\/\/albatrossglobal.org\/wp-content\/uploads\/2022\/04\/ecole.jpeg&#039;)\"><\/div>\n<div class=\"wp-block-cover__inner-container\">\n<div class=\"wp-block-columns alignwide are-vertically-aligned-center\">\n<div class=\"wp-block-column is-vertically-aligned-center\"><\/div>\n<div class=\"wp-block-column is-vertically-aligned-center\">\n<p class=\"has-text-color\" style=\"color: #ffffff;\"><strong>JUNTE-SE A N\u00d3S<\/strong><\/p>\n<hr class=\"wp-block-separator has-css-opacity is-style-wide\">\n<h3 class=\"wp-block-heading has-text-color has-x-large-font-size\" style=\"color: #ffffff;\">Siga o nosso Programa de Forma\u00e7\u00e3o de Formadores e realize os nossos programas de Sensibiliza\u00e7\u00e3o da Crian\u00e7a<\/h3>\n<div class=\"wp-block-buttons\">\n<div class=\"wp-block-button\"><a class=\"wp-block-button__link wp-element-button\" href=\"https:\/\/albatrossglobal.org\/programme-de-formation\/\">Torne-se um treinador Albatross<\/a><\/div>\n<\/div>\n<\/div>\n<\/div>\n<\/div>\n<\/div>\n<div class=\"wp-block-group alignfull has-ast-global-color-4-background-color has-background\">\n<div class=\"wp-block-columns alignfull are-vertically-aligned-center has-background\" style=\"background-color: #f3f6f6;\">\n<div class=\"wp-block-column is-vertically-aligned-center\">\n<h2 class=\"wp-block-heading\">O que \u00e9 o Albatross?<\/h2>\n<p>A Albatross Foundation \u00e9 uma associa\u00e7\u00e3o sem fins lucrativos legalmente constitu\u00edda em 2011 em Singapura, em 2012 na China e em 2017 em Fran\u00e7a.<\/p>\n<p>O seu objetivo \u00e9 promover a educa\u00e7\u00e3o gratuita para todos e construir uma organiza\u00e7\u00e3o global para sensibilizar os jovens para o desenvolvimento sustent\u00e1vel, utilizando ferramentas inovadoras, interactivas e divertidas.<\/p>\n<\/div>\n<div class=\"wp-block-column is-vertically-aligned-center\">\n<figure class=\"wp-block-video\"><video src=\"https:\/\/albatrossglobal.org\/wp-content\/uploads\/2022\/04\/Video-Albatross-Global-FR.mp4\" poster=\"https:\/\/albatrossglobal.org\/wp-content\/uploads\/2022\/04\/Screen-Shot-2022-04-01-at-14.52.19.png\" preload=\"auto\" controls=\"controls\" width=\"300\" height=\"150\"><\/video><\/figure>\n<\/div>\n<\/div>\n<\/div>\n<div class=\"wp-block-cover alignfull has-parallax\" style=\"min-height: 900px;\">\n<div class=\"wp-block-cover__image-background wp-image-828 has-parallax lazyload\" style=\"background-position: 50% 50%; background-image:inherit;\" role=\"img\" data-bg-image=\"url(&#039;https:\/\/albatrossglobal.org\/wp-content\/uploads\/2022\/04\/albacoin_tournaire.png&#039;)\"><\/div>\n<div class=\"wp-block-cover__inner-container\">\n<div class=\"wp-block-columns alignwide are-vertically-aligned-center\">\n<div class=\"wp-block-column is-vertically-aligned-center\">\n<p id=\"albacoin\" class=\"has-text-color\" style=\"color: #ffffff;\"><strong>APOIE-NOS<\/strong><\/p>\n<hr class=\"wp-block-separator has-css-opacity is-style-wide\">\n<h3 class=\"wp-block-heading has-text-color has-x-large-font-size\" style=\"color: #ffffff;\">Fa\u00e7a um Presente de Solidariedade, Ofere\u00e7a uma J\u00f3ia Albacoin\u00a9 Jewel<\/h3>\n<p class=\"has-ast-global-color-5-color has-text-color\"><span style=\"color: #ffffff;\">O que \u00e9 ALBACOIN\u00a9?<\/span><\/p>\n<p class=\"has-ast-global-color-5-color has-text-color\"><span style=\"color: #ffffff;\">\u00c9 uma obra de arte sob a forma de uma moeda que representa, no lado da cabe\u00e7a, o logotipo emblem\u00e1tico de ALBATROSS FOUNDATION, que trabalha para a educa\u00e7\u00e3o gratuita dos jovens no desenvolvimento sustent\u00e1vel, e no reverso, o ideograma chin\u00eas mais popular da dupla alegria\/dupla uni\u00e3o.<br \/>\nEsta j\u00f3ia de bronze pode ser usada como um pingente ou pulseira.<br \/>\nEstes albacoins foram produzidos numa edi\u00e7\u00e3o limitada de 100 pe\u00e7as.  <\/span><\/p>\n<div class=\"wp-block-spacer\" style=\"height: 30px;\" aria-hidden=\"true\"><\/div>\n<div class=\"wp-block-buttons\">\n<div class=\"wp-block-button\"><a class=\"wp-block-button__link wp-element-button\" href=\"https:\/\/www.payasso.fr\/albatrossfoundation\/albacoin\" target=\"_blank\" rel=\"noreferrer noopener\">Solicitar o meu albacoin<\/a><\/div>\n<\/div>\n<\/div>\n<div class=\"wp-block-column is-vertically-aligned-center\">\n<div class=\"wp-block-buttons\"><\/div>\n<\/div>\n<\/div>\n<\/div>\n<\/div>\n<div class=\"wp-block-group alignfull has-ast-global-color-4-background-color has-background\">\n<div class=\"wp-block-columns alignwide\">\n<div class=\"wp-block-column has-ast-global-color-4-background-color has-background\">\n<h2 class=\"wp-block-heading has-text-align-center\">Os nossos m\u00e9todos de participa\u00e7\u00e3o inovadores<\/h2>\n<\/div>\n<\/div>\n<div class=\"wp-block-columns alignwide\">\n<div class=\"wp-block-column has-ast-global-color-4-background-color has-background\">\n<figure class=\"wp-block-image size-full\"><img decoding=\"async\" width=\"640\" height=\"480\" class=\"wp-image-1707 lazyload\" data-src=\"https:\/\/albatrossglobal.org\/wp-content\/uploads\/2022\/05\/create2donate.jpeg\" alt=\"\" data-srcset=\"https:\/\/albatrossglobal.org\/wp-content\/uploads\/2022\/05\/create2donate.jpeg 640w, https:\/\/albatrossglobal.org\/wp-content\/uploads\/2022\/05\/create2donate-300x225.jpeg 300w\" data-sizes=\"(max-width: 640px) 100vw, 640px\" src=\"data:image\/svg+xml;base64,PHN2ZyB3aWR0aD0iMSIgaGVpZ2h0PSIxIiB4bWxucz0iaHR0cDovL3d3dy53My5vcmcvMjAwMC9zdmciPjwvc3ZnPg==\" style=\"--smush-placeholder-width: 640px; --smush-placeholder-aspect-ratio: 640\/480;\" \/><\/figure>\n<h3 class=\"wp-block-heading has-text-align-center has-large-font-size\">Com\u00e9rcio electr\u00f3nico solid\u00e1rio<\/h3>\n<div class=\"wp-block-buttons\">\n<div class=\"wp-block-button is-style-fill\"><a class=\"wp-block-button__link wp-element-button\" href=\"https:\/\/create2donate.org\" target=\"_blank\" rel=\"noreferrer noopener\">Visite Create2Donate.org<\/a><\/div>\n<\/div>\n<\/div>\n<div class=\"wp-block-column has-ast-global-color-4-background-color has-background\">\n<figure class=\"wp-block-image size-full\"><img decoding=\"async\" width=\"640\" height=\"480\" class=\"wp-image-1684 lazyload\" data-src=\"https:\/\/albatrossglobal.org\/wp-content\/uploads\/2022\/05\/Photo-05-02-2015-09-45-03-1.jpg\" alt=\"\" data-srcset=\"https:\/\/albatrossglobal.org\/wp-content\/uploads\/2022\/05\/Photo-05-02-2015-09-45-03-1.jpg 640w, https:\/\/albatrossglobal.org\/wp-content\/uploads\/2022\/05\/Photo-05-02-2015-09-45-03-1-300x225.jpg 300w\" data-sizes=\"(max-width: 640px) 100vw, 640px\" src=\"data:image\/svg+xml;base64,PHN2ZyB3aWR0aD0iMSIgaGVpZ2h0PSIxIiB4bWxucz0iaHR0cDovL3d3dy53My5vcmcvMjAwMC9zdmciPjwvc3ZnPg==\" style=\"--smush-placeholder-width: 640px; --smush-placeholder-aspect-ratio: 640\/480;\" \/><\/figure>\n<h3 class=\"wp-block-heading has-text-align-center has-large-font-size\">Arrendamento de AlbaHomes<\/h3>\n<div class=\"wp-block-buttons\">\n<div class=\"wp-block-button\"><a class=\"wp-block-button__link wp-element-button\" href=\"\/gites-albahomes\/\" target=\"_blank\" rel=\"noreferrer noopener\">Leia mais<\/a><\/div>\n<\/div>\n<\/div>\n<div class=\"wp-block-column has-ast-global-color-4-background-color has-background\">\n<figure class=\"wp-block-image size-full\"><img decoding=\"async\" width=\"640\" height=\"480\" class=\"wp-image-1711 lazyload\" data-src=\"https:\/\/albatrossglobal.org\/wp-content\/uploads\/2022\/05\/Sans-titre.jpg\" alt=\"\" data-srcset=\"https:\/\/albatrossglobal.org\/wp-content\/uploads\/2022\/05\/Sans-titre.jpg 640w, https:\/\/albatrossglobal.org\/wp-content\/uploads\/2022\/05\/Sans-titre-300x225.jpg 300w\" data-sizes=\"(max-width: 640px) 100vw, 640px\" src=\"data:image\/svg+xml;base64,PHN2ZyB3aWR0aD0iMSIgaGVpZ2h0PSIxIiB4bWxucz0iaHR0cDovL3d3dy53My5vcmcvMjAwMC9zdmciPjwvc3ZnPg==\" style=\"--smush-placeholder-width: 640px; --smush-placeholder-aspect-ratio: 640\/480;\" \/><\/figure>\n<h3 class=\"wp-block-heading has-text-align-center has-large-font-size\">Albatroz Comunidade Legal<\/h3>\n<div class=\"wp-block-buttons\">\n<div class=\"wp-block-button\"><a class=\"wp-block-button__link wp-element-button\" href=\"https:\/\/albatrosslegal.org\/\" target=\"_blank\" rel=\"noreferrer noopener\">Ver os nossos Livros<\/a><\/div>\n<\/div>\n<\/div>\n<\/div>\n<\/div>\n<div class=\"wp-block-cover alignfull has-parallax\" style=\"min-height: 900px;\">\n<div class=\"wp-block-cover__image-background wp-image-1714 has-parallax lazyload\" style=\"background-position: 50% 50%; background-image:inherit;\" role=\"img\" data-bg-image=\"url(&#039;https:\/\/albatrossglobal.org\/wp-content\/uploads\/2022\/05\/camp-albatross-camping.jpeg&#039;)\"><\/div>\n<div class=\"wp-block-cover__inner-container\">\n<div class=\"wp-block-columns alignwide are-vertically-aligned-center\">\n<div class=\"wp-block-column is-vertically-aligned-center\"><\/div>\n<div class=\"wp-block-column is-vertically-aligned-center\">\n<p class=\"has-text-color\" style=\"color: #ffffff;\"><strong>ORGANIZAR UMA ESTADIA<\/strong><\/p>\n<hr class=\"wp-block-separator has-css-opacity is-style-wide\">\n<h3 class=\"wp-block-heading has-text-color has-x-large-font-size\" style=\"color: #ffffff;\">As nossas G\u00eetes AlbaHomes acolhem-te<\/h3>\n<p class=\"has-ast-global-color-5-color has-text-color\">As AlbaHomes s\u00e3o um local onde as crian\u00e7as podem ser alojadas gratuitamente: aulas verdes, campos de escuteiros e sa\u00eddas educacionais.<\/p>\n<p class=\"has-ast-global-color-5-color has-text-color\">Pode tamb\u00e9m alugar as nossas g\u00eetes para umas f\u00e9rias ou um semin\u00e1rio de neg\u00f3cios.<br \/>\nOs rendimentos do aluguer s\u00e3o utilizados para financiar a associa\u00e7\u00e3o. <\/p>\n<div class=\"wp-block-buttons\">\n<div class=\"wp-block-button\"><a class=\"wp-block-button__link wp-element-button\" href=\"\/gites-albahomes\/\" target=\"_blank\" rel=\"noreferrer noopener\">Descubra a Albahomes<\/a><\/div>\n<\/div>\n<\/div>\n<\/div>\n<\/div>\n<\/div>\n<div class=\"wp-block-group alignfull has-ast-global-color-5-background-color has-background\"><\/div>\n<\/div>\n<h2 class=\"wp-block-heading\">Not\u00edcias da Funda\u00e7\u00e3o Albatross<\/h2>\n<p>[\/et_pb_text][\/et_pb_column][\/et_pb_row][\/et_pb_section]<\/p>\n","protected":false},"excerpt":{"rendered":"<p>Funda\u00e7\u00e3o Albatross Associa\u00e7\u00e3o para a Sensibiliza\u00e7\u00e3o das Crian\u00e7as para o Desenvolvimento Sustent\u00e1vel de uma forma cient\u00edfica, livre e divertida, gra\u00e7as a ferramentas inovadoras Descubra a aplica\u00e7\u00e3o Sapphire Mais de 15.000 crian\u00e7as formadas na China, Fran\u00e7a e Brasil As nossas iniciativas de sensibiliza\u00e7\u00e3o dos jovens ao Desenvolvimento Sustent\u00e1vel Aplica\u00e7\u00e3o m\u00f3vel SAPHIR Leia mais Jardim Pedag\u00f3gico de [&hellip;]<\/p>\n","protected":false},"author":7,"featured_media":0,"parent":0,"menu_order":0,"comment_status":"closed","ping_status":"closed","template":"","meta":{"_uag_custom_page_level_css":"","site-sidebar-layout":"default","site-content-layout":"plain-container","ast-site-content-layout":"normal-width-container","site-content-style":"unboxed","site-sidebar-style":"unboxed","ast-global-header-display":"","ast-banner-title-visibility":"","ast-main-header-display":"","ast-hfb-above-header-display":"","ast-hfb-below-header-display":"","ast-hfb-mobile-header-display":"","site-post-title":"disabled","ast-breadcrumbs-content":"","ast-featured-img":"","footer-sml-layout":"","ast-disable-related-posts":"","theme-transparent-header-meta":"enabled","adv-header-id-meta":"","stick-header-meta":"","header-above-stick-meta":"","header-main-stick-meta":"","header-below-stick-meta":"","astra-migrate-meta-layouts":"default","ast-page-background-enabled":"default","ast-page-background-meta":{"desktop":{"background-color":"","background-image":"","background-repeat":"repeat","background-position":"center center","background-size":"auto","background-attachment":"scroll","background-type":"","background-media":"","overlay-type":"","overlay-color":"","overlay-opacity":"","overlay-gradient":""},"tablet":{"background-color":"","background-image":"","background-repeat":"repeat","background-position":"center center","background-size":"auto","background-attachment":"scroll","background-type":"","background-media":"","overlay-type":"","overlay-color":"","overlay-opacity":"","overlay-gradient":""},"mobile":{"background-color":"","background-image":"","background-repeat":"repeat","background-position":"center center","background-size":"auto","background-attachment":"scroll","background-type":"","background-media":"","overlay-type":"","overlay-color":"","overlay-opacity":"","overlay-gradient":""}},"ast-content-background-meta":{"desktop":{"background-color":"var(--ast-global-color-5)","background-image":"","background-repeat":"repeat","background-position":"center center","background-size":"auto","background-attachment":"scroll","background-type":"","background-media":"","overlay-type":"","overlay-color":"","overlay-opacity":"","overlay-gradient":""},"tablet":{"background-color":"var(--ast-global-color-5)","background-image":"","background-repeat":"repeat","background-position":"center center","background-size":"auto","background-attachment":"scroll","background-type":"","background-media":"","overlay-type":"","overlay-color":"","overlay-opacity":"","overlay-gradient":""},"mobile":{"background-color":"var(--ast-global-color-5)","background-image":"","background-repeat":"repeat","background-position":"center center","background-size":"auto","background-attachment":"scroll","background-type":"","background-media":"","overlay-type":"","overlay-color":"","overlay-opacity":"","overlay-gradient":""}},"footnotes":""},"class_list":["post-80524","page","type-page","status-publish","hentry"],"_wp_attached_file":null,"siteground_optimizer_is_optimized":null,"wp-smush-lossy":null,"wp-smpro-smush-data":null,"wpml_media_processed":null,"wp-smush-ignore-bulk":null,"_wp_attachment_image_alt":null,"_astra_sites_image_hash":null,"_elementor_source_image_hash":null,"_wp_attachment_context":null,"_oembed_82a5c35e9300b18f214e29423b80ccc1":null,"_wp_attachment_backup_sizes":null,"_oembed_962f988bbbdcfd4a23c50360ead75e99":null,"wp-smush-error":null,"wp-smush-optimization-errors":null,"_wp_trash_meta_status":null,"_wp_trash_meta_time":null,"_menu_item_type":null,"_menu_item_menu_item_parent":null,"_menu_item_object_id":null,"_menu_item_object":null,"_menu_item_target":null,"_menu_item_classes":null,"_menu_item_xfn":null,"_menu_item_url":null,"_customize_changeset_uuid":null,"site-post-title":"disabled","site-sidebar-layout":"default","site-content-layout":"plain-container","_yoast_wpseo_content_score":null,"astra-main-page-id":null,"_yoast_wpseo_estimated-reading-time-minutes":null,"ast_ist_mapping":null,"ast_self_id_48452":null,"rank_math_title":"%sitename% - Sensibiliza\u00e7\u00e3o para o desenvolvimento sustent\u00e1vel","rank_math_description":"\nAssociation pour la Sensibilisation des Enfants au D\u00e9veloppement Durable (Associa\u00e7\u00e3o para a Sensibiliza\u00e7\u00e3o das Crian\u00e7as para o Desenvolvimento Sustent\u00e1vel) de uma forma divertida e cient\u00edfica, utilizando ferramentas inovadoras...","site-content-style":"unboxed","site-sidebar-style":"unboxed","_wp_page_template":"","ast_self_id_48450":null,"ast_self_id_48451":null,"ast_self_id_48449":null,"ast_self_id_48453":null,"ast-featured-img":null,"_oembed_57b40ba93a9ad9878fb0f0fa6f613ecc":null,"_oembed_time_57b40ba93a9ad9878fb0f0fa6f613ecc":null,"_oembed_41c9285399048f9301d0d1168e43343d":null,"_oembed_time_41c9285399048f9301d0d1168e43343d":null,"_oembed_38f3fd5741367c2221c86f09f2f9954f":null,"_oembed_time_38f3fd5741367c2221c86f09f2f9954f":null,"_oembed_93ddf6953ee718c6d9a5fefc37ed8568":null,"_oembed_time_93ddf6953ee718c6d9a5fefc37ed8568":null,"_uag_js_file_name":null,"_oembed_06dca8326686b8907e0b4154c81d6f8b":null,"cosmoswp_site_layout":null,"cosmoswp_sidebar_options":null,"cosmoswp_header_layout":null,"cosmoswp_footer_layout":null,"cosmoswp_banner_options_layout":null,"gutentor_dynamic_css":null,"gutentor_css_info":null,"rank_math_primary_category":null,"_pingme":null,"_encloseme":null,"user_id":null,"user_login":null,"_form":null,"_mail":null,"_mail_2":null,"_messages":null,"_additional_settings":null,"_locale":null,"_astra_sites_imported_wp_forms":null,"_wp_attachment_metadata":"","rank_math_news_sitemap_robots":null,"rank_math_robots":["index"],"_wpml_word_count":null,"_uag_page_assets":{"css":".uag-blocks-common-selector{z-index:var(--z-index-desktop) !important}@media (max-width: 976px){.uag-blocks-common-selector{z-index:var(--z-index-tablet) !important}}@media (max-width: 767px){.uag-blocks-common-selector{z-index:var(--z-index-mobile) !important}}\n","js":"","current_block_list":["core\/search","core\/group","core\/heading","core\/latest-posts","core\/latest-comments","core\/archives","core\/categories","core\/paragraph"],"uag_flag":false,"uag_version":"1776394987","gfonts":[],"gfonts_url":"","gfonts_files":[],"uag_faq_layout":false},"_wxr_import_user_slug":null,"_astra_sites_imported_post":null,"_astra_sites_enable_for_batch":null,"_top_nav_excluded":"","_cms_nav_minihome":"","_wp_old_slug":null,"_edit_lock":null,"_last_translation_edit_mode":"translation-editor","_wp_old_date":null,"_wpml_location_migration_done":null,"rank_math_analytic_object_id":"50","rank_math_internal_links_processed":"1","rank_math_seo_score":null,"_edit_last":null,"_wpml_media_featured":"0","_wpml_media_duplicate":"0","theme-transparent-header-meta":"enabled","rank_math_focus_keyword":"funda\u00e7\u00e3o albatroz","_uag_custom_page_level_css":null,"ast-site-content-layout":"normal-width-container","adv-header-id-meta":"","stick-header-meta":"","astra-migrate-meta-layouts":null,"footnotes":null,"_uag_css_file_name":"uag-css-80524.css","rank_math_og_content_image":{"check":"6a3c83fa166331b0e548bba5ba6d4f6d","images":[765]},"_thumbnail_id":null,"data":null,"user_ip":null,"uagb_featured_image_src":{"full":false,"thumbnail":false,"medium":false,"medium_large":false,"large":false,"1536x1536":false,"2048x2048":false},"uagb_author_info":{"display_name":"Albapouilly","author_link":"https:\/\/albatrossglobal.org\/pt-br\/"},"uagb_comment_info":0,"uagb_excerpt":"Funda\u00e7\u00e3o Albatross Associa\u00e7\u00e3o para a Sensibiliza\u00e7\u00e3o das Crian\u00e7as para o Desenvolvimento Sustent\u00e1vel de uma forma cient\u00edfica, livre e divertida, gra\u00e7as a ferramentas inovadoras Descubra a aplica\u00e7\u00e3o Sapphire Mais de 15.000 crian\u00e7as formadas na China, Fran\u00e7a e Brasil As nossas iniciativas de sensibiliza\u00e7\u00e3o dos jovens ao Desenvolvimento Sustent\u00e1vel Aplica\u00e7\u00e3o m\u00f3vel SAPHIR Leia mais Jardim Pedag\u00f3gico de&hellip;","_links":{"self":[{"href":"https:\/\/albatrossglobal.org\/pt-br\/wp-json\/wp\/v2\/pages\/80524","targetHints":{"allow":["GET"]}}],"collection":[{"href":"https:\/\/albatrossglobal.org\/pt-br\/wp-json\/wp\/v2\/pages"}],"about":[{"href":"https:\/\/albatrossglobal.org\/pt-br\/wp-json\/wp\/v2\/types\/page"}],"author":[{"embeddable":true,"href":"https:\/\/albatrossglobal.org\/pt-br\/wp-json\/wp\/v2\/users\/7"}],"replies":[{"embeddable":true,"href":"https:\/\/albatrossglobal.org\/pt-br\/wp-json\/wp\/v2\/comments?post=80524"}],"version-history":[{"count":11,"href":"https:\/\/albatrossglobal.org\/pt-br\/wp-json\/wp\/v2\/pages\/80524\/revisions"}],"predecessor-version":[{"id":934913,"href":"https:\/\/albatrossglobal.org\/pt-br\/wp-json\/wp\/v2\/pages\/80524\/revisions\/934913"}],"wp:attachment":[{"href":"https:\/\/albatrossglobal.org\/pt-br\/wp-json\/wp\/v2\/media?parent=80524"}],"curies":[{"name":"wp","href":"https:\/\/api.w.org\/{rel}","templated":true}]}}