{"id":1296150,"date":"2026-03-29T17:35:42","date_gmt":"2026-03-29T15:35:42","guid":{"rendered":"https:\/\/albatrossglobal.org\/saude-mental-dos-jovens\/"},"modified":"2026-04-04T09:01:07","modified_gmt":"2026-04-04T07:01:07","slug":"saude-mental-dos-jovens","status":"publish","type":"page","link":"https:\/\/albatrossglobal.org\/pt-br\/saude-mental-dos-jovens\/","title":{"rendered":"Sa\u00fade mental dos jovens"},"content":{"rendered":"\n<h2 class=\"wp-block-heading\"><strong>1. Sec\u00e7\u00e3o Her\u00f3i (In\u00edcio da p\u00e1gina)<\/strong><\/h2>\n\n<ul class=\"wp-block-list\">\n<li><strong>Manchete:<\/strong><br\/><em>&#8220;Porque \u00e9 que os 17 ODS n\u00e3o s\u00e3o suficientes<\/em><\/li>\n\n\n\n<li><strong>Subt\u00edtulo:<\/strong><br\/>Apresenta\u00e7\u00e3o do <strong>ODS 18: Respeito e boa vontade para com a humanidade e mais al\u00e9m<\/strong><\/li>\n\n\n\n<li><strong>Apelo \u00e0 a\u00e7\u00e3o (CTA):<\/strong>\n<ul class=\"wp-block-list\">\n<li>V\u00ea a vis\u00e3o<\/li>\n\n\n\n<li>Explora a solu\u00e7\u00e3o<\/li>\n<\/ul>\n<\/li>\n<\/ul>\n\n<hr class=\"wp-block-separator has-alpha-channel-opacity\"\/>\n\n<h2 class=\"wp-block-heading\"><strong>2. O problema<\/strong><\/h2>\n\n<h3 class=\"wp-block-heading\"><strong>Porque \u00e9 que os primeiros 17 ODS s\u00e3o insuficientes<\/strong><\/h3>\n\n<ul class=\"wp-block-list\">\n<li>Breve introdu\u00e7\u00e3o para explicar os Objectivos de Desenvolvimento Sustent\u00e1vel da ONU<\/li>\n\n\n\n<li>Lacuna fundamental:\n<ul class=\"wp-block-list\">\n<li>Concentra-te nos sistemas externos (pobreza, clima, infra-estruturas)<\/li>\n\n\n\n<li>Falta de <strong>transforma\u00e7\u00e3o interior<\/strong> (mentalidade, consci\u00eancia, comportamento humano)<\/li>\n<\/ul>\n<\/li>\n\n\n\n<li>Argumento central:\n<ul class=\"wp-block-list\">\n<li>Sem <strong>respeito, empatia e boa vontade<\/strong>, o progresso \u00e9 fr\u00e1gil<\/li>\n\n\n\n<li>Muitos desafios globais resultam da <strong>desconex\u00e3o humana e<\/strong> de <strong>padr\u00f5es mentais<\/strong><\/li>\n<\/ul>\n<\/li>\n\n\n\n<li>Pontos de apoio:\n<ul class=\"wp-block-list\">\n<li>Aumento dos problemas de sa\u00fade mental<\/li>\n\n\n\n<li>Polariza\u00e7\u00e3o e conflito<\/li>\n\n\n\n<li>Desconex\u00e3o com a natureza e com os outros<\/li>\n<\/ul>\n<\/li>\n<\/ul>\n\n<hr class=\"wp-block-separator has-alpha-channel-opacity\"\/>\n\n<h2 class=\"wp-block-heading\"><strong>3. A pe\u00e7a que falta: ODS 18<\/strong><\/h2>\n\n<h3 class=\"wp-block-heading\"><strong>Respeito e boa vontade para com a humanidade e mais al\u00e9m<\/strong><\/h3>\n\n<ul class=\"wp-block-list\">\n<li>Defini\u00e7\u00e3o do ODS 18<\/li>\n\n\n\n<li>V\u00ea:\n<ul class=\"wp-block-list\">\n<li>Um mundo onde o desenvolvimento humano inclui <strong>o crescimento interior<\/strong><\/li>\n\n\n\n<li>Estender o respeito n\u00e3o s\u00f3 \u00e0s pessoas, mas a <strong>todos os sistemas vivos<\/strong><\/li>\n<\/ul>\n<\/li>\n\n\n\n<li>Pilares fundamentais:\n<ul class=\"wp-block-list\">\n<li>Consci\u00eancia<\/li>\n\n\n\n<li>Compaix\u00e3o<\/li>\n\n\n\n<li>Responsabilidade<\/li>\n\n\n\n<li>Interliga\u00e7\u00e3o<\/li>\n<\/ul>\n<\/li>\n<\/ul>\n\n<hr class=\"wp-block-separator has-alpha-channel-opacity\"\/>\n\n<h2 class=\"wp-block-heading\"><strong>4. Observa e aprende (Sec\u00e7\u00e3o Media)<\/strong><\/h2>\n\n<p>Incorpora ou liga v\u00eddeos com descri\u00e7\u00f5es curtas:<\/p>\n\n<ul class=\"wp-block-list\">\n<li><strong>V\u00eddeo 1:<\/strong> Vis\u00e3o e conceito<br\/><a href=\"https:\/\/www.youtube.com\/watch?v=OTfdSppfhnM\" target=\"_blank\" rel=\"noopener\">https:\/\/www.youtube.com\/watch?v=OTfdSppfhnM<\/a><\/li>\n\n\n\n<li><strong>V\u00eddeo 2:<\/strong> Perspetiva alargada<br\/><a href=\"https:\/\/www.youtube.com\/watch?v=LSZtOFfSTVs\" target=\"_blank\" rel=\"noopener\">https:\/\/www.youtube.com\/watch?v=LSZtOFfSTVs<\/a><\/li>\n<\/ul>\n\n<p>Optativo:<\/p>\n\n<ul class=\"wp-block-list\">\n<li>Adiciona resumos de 1-2 frases por baixo de cada v\u00eddeo<\/li>\n<\/ul>\n\n<hr class=\"wp-block-separator has-alpha-channel-opacity\"\/>\n\n<h2 class=\"wp-block-heading\"><strong>5. As nossas solu\u00e7\u00f5es<\/strong><\/h2>\n\n<h3 class=\"wp-block-heading\"><strong>Transformar o ODS 18 em realidade<\/strong><\/h3>\n\n<hr class=\"wp-block-separator has-alpha-channel-opacity\"\/>\n\n<h3 class=\"wp-block-heading\"><strong>5.1 Gaia Voice<\/strong><\/h3>\n\n<p><strong>T\u00edtulo:<\/strong> Intelig\u00eancia atenta para o crescimento humano<\/p>\n\n<ul class=\"wp-block-list\">\n<li>O que \u00e9:\n<ul class=\"wp-block-list\">\n<li>Plataforma educativa alimentada por IA<\/li>\n<\/ul>\n<\/li>\n\n\n\n<li>Objetivo:\n<ul class=\"wp-block-list\">\n<li>Ensina <strong>sa\u00fade mental e psicoeduca\u00e7\u00e3o<\/strong> aos jovens<\/li>\n<\/ul>\n<\/li>\n\n\n\n<li>Carater\u00edsticas principais:\n<ul class=\"wp-block-list\">\n<li>Experi\u00eancias de aprendizagem guiadas<\/li>\n\n\n\n<li>Ferramentas de consci\u00eancia emocional<\/li>\n\n\n\n<li>Conhecimentos baseados em provas<\/li>\n<\/ul>\n<\/li>\n\n\n\n<li>Credibilidade:\n<ul class=\"wp-block-list\">\n<li>Colabora\u00e7\u00e3o com peritos de renome<br\/>(por exemplo, <strong>a Professora Ellen Langer<\/strong>, Harvard, pioneira da aten\u00e7\u00e3o plena)<\/li>\n<\/ul>\n<\/li>\n\n\n\n<li>Impacto:\n<ul class=\"wp-block-list\">\n<li>Desenvolve a autoconsci\u00eancia<\/li>\n\n\n\n<li>Refor\u00e7a a resili\u00eancia<\/li>\n\n\n\n<li>Incentiva a tomada de decis\u00f5es conscientes<\/li>\n<\/ul>\n<\/li>\n<\/ul>\n\n<hr class=\"wp-block-separator has-alpha-channel-opacity\"\/>\n\n<h3 class=\"wp-block-heading\"><strong>5.2 G\u00e9meo digital da Albatross Foundation<\/strong><\/h3>\n\n<p><strong>T\u00edtulo:<\/strong> Aumenta o impacto atrav\u00e9s da IA<\/p>\n\n<ul class=\"wp-block-list\">\n<li>O que \u00e9:\n<ul class=\"wp-block-list\">\n<li>Plataforma de IA que representa a miss\u00e3o da Albatross Foundation<\/li>\n<\/ul>\n<\/li>\n\n\n\n<li>Objetivo:\n<ul class=\"wp-block-list\">\n<li>Educa e envolve os utilizadores a n\u00edvel global<\/li>\n<\/ul>\n<\/li>\n\n\n\n<li>Carater\u00edsticas principais:\n<ul class=\"wp-block-list\">\n<li>Aprendizagem interactiva<\/li>\n\n\n\n<li>Miss\u00e3o de contar hist\u00f3rias<\/li>\n\n\n\n<li>Alcance escal\u00e1vel<\/li>\n<\/ul>\n<\/li>\n\n\n\n<li>Impacto:\n<ul class=\"wp-block-list\">\n<li>Torna o trabalho da funda\u00e7\u00e3o acess\u00edvel em todo o mundo<\/li>\n\n\n\n<li>Amplia a sensibiliza\u00e7\u00e3o e a participa\u00e7\u00e3o<\/li>\n<\/ul>\n<\/li>\n<\/ul>\n\n<hr class=\"wp-block-separator has-alpha-channel-opacity\"\/>\n\n<h2 class=\"wp-block-heading\"><strong>6. Porque \u00e9 que isto \u00e9 importante<\/strong><\/h2>\n\n<ul class=\"wp-block-list\">\n<li>Liga o ODS 18 aos desafios globais<\/li>\n\n\n\n<li>Sublinha:\n<ul class=\"wp-block-list\">\n<li>A mudan\u00e7a exterior requer uma mudan\u00e7a interior<\/li>\n\n\n\n<li>Tecnologia + consci\u00eancia = futuro sustent\u00e1vel<\/li>\n<\/ul>\n<\/li>\n\n\n\n<li>Declara\u00e7\u00e3o curta e poderosa:<br\/><em>&#8220;N\u00e3o podemos resolver os problemas globais com a mesma mentalidade que os criou&#8221;.<\/em><\/li>\n<\/ul>\n\n<hr class=\"wp-block-separator has-alpha-channel-opacity\"\/>\n\n<h2 class=\"wp-block-heading\"><strong>7. Apelo \u00e0 a\u00e7\u00e3o<\/strong><\/h2>\n\n<ul class=\"wp-block-list\">\n<li>Junta-te ao movimento<\/li>\n\n\n\n<li>Explora o Gaia Voice<\/li>\n\n\n\n<li>Apoia o ODS 18<\/li>\n\n\n\n<li>Partilha a vis\u00e3o<\/li>\n<\/ul>\n","protected":false},"excerpt":{"rendered":"<p>1. Sec\u00e7\u00e3o Her\u00f3i (In\u00edcio da p\u00e1gina) 2. O problema Porque \u00e9 que os primeiros 17 ODS s\u00e3o insuficientes 3. A pe\u00e7a que falta: ODS 18 Respeito e boa vontade para com a humanidade e mais al\u00e9m 4. Observa e aprende (Sec\u00e7\u00e3o Media) Incorpora ou liga v\u00eddeos com descri\u00e7\u00f5es curtas: Optativo: 5. As nossas solu\u00e7\u00f5es Transformar [&hellip;]<\/p>\n","protected":false},"author":7,"featured_media":0,"parent":0,"menu_order":0,"comment_status":"closed","ping_status":"closed","template":"","meta":{"_uag_custom_page_level_css":"","site-sidebar-layout":"default","site-content-layout":"","ast-site-content-layout":"default","site-content-style":"default","site-sidebar-style":"default","ast-global-header-display":"","ast-banner-title-visibility":"","ast-main-header-display":"","ast-hfb-above-header-display":"","ast-hfb-below-header-display":"","ast-hfb-mobile-header-display":"","site-post-title":"","ast-breadcrumbs-content":"","ast-featured-img":"","footer-sml-layout":"","ast-disable-related-posts":"","theme-transparent-header-meta":"","adv-header-id-meta":"","stick-header-meta":"","header-above-stick-meta":"","header-main-stick-meta":"","header-below-stick-meta":"","astra-migrate-meta-layouts":"default","ast-page-background-enabled":"default","ast-page-background-meta":{"desktop":{"background-color":"","background-image":"","background-repeat":"repeat","background-position":"center center","background-size":"auto","background-attachment":"scroll","background-type":"","background-media":"","overlay-type":"","overlay-color":"","overlay-opacity":"","overlay-gradient":""},"tablet":{"background-color":"","background-image":"","background-repeat":"repeat","background-position":"center center","background-size":"auto","background-attachment":"scroll","background-type":"","background-media":"","overlay-type":"","overlay-color":"","overlay-opacity":"","overlay-gradient":""},"mobile":{"background-color":"","background-image":"","background-repeat":"repeat","background-position":"center center","background-size":"auto","background-attachment":"scroll","background-type":"","background-media":"","overlay-type":"","overlay-color":"","overlay-opacity":"","overlay-gradient":""}},"ast-content-background-meta":{"desktop":{"background-color":"var(--ast-global-color-5)","background-image":"","background-repeat":"repeat","background-position":"center center","background-size":"auto","background-attachment":"scroll","background-type":"","background-media":"","overlay-type":"","overlay-color":"","overlay-opacity":"","overlay-gradient":""},"tablet":{"background-color":"var(--ast-global-color-5)","background-image":"","background-repeat":"repeat","background-position":"center center","background-size":"auto","background-attachment":"scroll","background-type":"","background-media":"","overlay-type":"","overlay-color":"","overlay-opacity":"","overlay-gradient":""},"mobile":{"background-color":"var(--ast-global-color-5)","background-image":"","background-repeat":"repeat","background-position":"center center","background-size":"auto","background-attachment":"scroll","background-type":"","background-media":"","overlay-type":"","overlay-color":"","overlay-opacity":"","overlay-gradient":""}},"footnotes":""},"class_list":["post-1296150","page","type-page","status-publish","hentry"],"_wp_attached_file":null,"siteground_optimizer_is_optimized":null,"wp-smush-lossy":null,"wp-smpro-smush-data":null,"wpml_media_processed":null,"wp-smush-ignore-bulk":null,"_wp_attachment_image_alt":null,"_astra_sites_image_hash":null,"_elementor_source_image_hash":null,"_wp_attachment_context":null,"_oembed_82a5c35e9300b18f214e29423b80ccc1":null,"_wp_attachment_backup_sizes":null,"_oembed_962f988bbbdcfd4a23c50360ead75e99":null,"wp-smush-error":null,"wp-smush-optimization-errors":null,"_wp_trash_meta_status":null,"_wp_trash_meta_time":null,"_menu_item_type":null,"_menu_item_menu_item_parent":null,"_menu_item_object_id":null,"_menu_item_object":null,"_menu_item_target":null,"_menu_item_classes":null,"_menu_item_xfn":null,"_menu_item_url":null,"_customize_changeset_uuid":null,"site-post-title":"","site-sidebar-layout":"default","site-content-layout":"","_yoast_wpseo_content_score":null,"astra-main-page-id":null,"_yoast_wpseo_estimated-reading-time-minutes":null,"ast_ist_mapping":null,"ast_self_id_48452":null,"rank_math_title":null,"rank_math_description":null,"site-content-style":"default","site-sidebar-style":"default","_wp_page_template":"","ast_self_id_48450":null,"ast_self_id_48451":null,"ast_self_id_48449":null,"ast_self_id_48453":null,"ast-featured-img":"","_oembed_57b40ba93a9ad9878fb0f0fa6f613ecc":null,"_oembed_time_57b40ba93a9ad9878fb0f0fa6f613ecc":null,"_oembed_41c9285399048f9301d0d1168e43343d":null,"_oembed_time_41c9285399048f9301d0d1168e43343d":null,"_oembed_38f3fd5741367c2221c86f09f2f9954f":null,"_oembed_time_38f3fd5741367c2221c86f09f2f9954f":null,"_oembed_93ddf6953ee718c6d9a5fefc37ed8568":null,"_oembed_time_93ddf6953ee718c6d9a5fefc37ed8568":null,"_uag_js_file_name":null,"_oembed_06dca8326686b8907e0b4154c81d6f8b":null,"cosmoswp_site_layout":null,"cosmoswp_sidebar_options":null,"cosmoswp_header_layout":null,"cosmoswp_footer_layout":null,"cosmoswp_banner_options_layout":null,"gutentor_dynamic_css":null,"gutentor_css_info":null,"rank_math_primary_category":null,"_pingme":null,"_encloseme":null,"user_id":null,"user_login":null,"_form":null,"_mail":null,"_mail_2":null,"_messages":null,"_additional_settings":null,"_locale":null,"_astra_sites_imported_wp_forms":null,"_wp_attachment_metadata":null,"rank_math_news_sitemap_robots":null,"rank_math_robots":null,"_wpml_word_count":"499","_uag_page_assets":{"css":".uag-blocks-common-selector{z-index:var(--z-index-desktop) !important}@media (max-width: 976px){.uag-blocks-common-selector{z-index:var(--z-index-tablet) !important}}@media (max-width: 767px){.uag-blocks-common-selector{z-index:var(--z-index-mobile) !important}}\n","js":"","current_block_list":["core\/heading","core\/list","core\/list-item","core\/separator","core\/paragraph","core\/search","core\/group","core\/latest-posts","core\/latest-comments","core\/archives","core\/categories"],"uag_flag":false,"uag_version":"1776620206","gfonts":[],"gfonts_url":"","gfonts_files":[],"uag_faq_layout":false},"_wxr_import_user_slug":null,"_astra_sites_imported_post":null,"_astra_sites_enable_for_batch":null,"_top_nav_excluded":"","_cms_nav_minihome":"","_wp_old_slug":null,"_edit_lock":null,"_last_translation_edit_mode":"translation-editor","_wp_old_date":null,"_wpml_location_migration_done":null,"rank_math_analytic_object_id":"234","rank_math_internal_links_processed":"1","rank_math_seo_score":null,"_edit_last":null,"_wpml_media_featured":null,"_wpml_media_duplicate":null,"theme-transparent-header-meta":"","rank_math_focus_keyword":null,"_uag_custom_page_level_css":null,"ast-site-content-layout":"default","adv-header-id-meta":"","stick-header-meta":"","astra-migrate-meta-layouts":null,"footnotes":null,"_uag_css_file_name":"uag-css-1296150.css","rank_math_og_content_image":null,"_thumbnail_id":null,"data":null,"user_ip":null,"uagb_featured_image_src":{"full":false,"thumbnail":false,"medium":false,"medium_large":false,"large":false,"1536x1536":false,"2048x2048":false},"uagb_author_info":{"display_name":"Albapouilly","author_link":"https:\/\/albatrossglobal.org\/pt-br\/"},"uagb_comment_info":0,"uagb_excerpt":"1. Sec\u00e7\u00e3o Her\u00f3i (In\u00edcio da p\u00e1gina) 2. O problema Porque \u00e9 que os primeiros 17 ODS s\u00e3o insuficientes 3. A pe\u00e7a que falta: ODS 18 Respeito e boa vontade para com a humanidade e mais al\u00e9m 4. Observa e aprende (Sec\u00e7\u00e3o Media) Incorpora ou liga v\u00eddeos com descri\u00e7\u00f5es curtas: Optativo: 5. As nossas solu\u00e7\u00f5es Transformar&hellip;","_links":{"self":[{"href":"https:\/\/albatrossglobal.org\/pt-br\/wp-json\/wp\/v2\/pages\/1296150","targetHints":{"allow":["GET"]}}],"collection":[{"href":"https:\/\/albatrossglobal.org\/pt-br\/wp-json\/wp\/v2\/pages"}],"about":[{"href":"https:\/\/albatrossglobal.org\/pt-br\/wp-json\/wp\/v2\/types\/page"}],"author":[{"embeddable":true,"href":"https:\/\/albatrossglobal.org\/pt-br\/wp-json\/wp\/v2\/users\/7"}],"replies":[{"embeddable":true,"href":"https:\/\/albatrossglobal.org\/pt-br\/wp-json\/wp\/v2\/comments?post=1296150"}],"version-history":[{"count":2,"href":"https:\/\/albatrossglobal.org\/pt-br\/wp-json\/wp\/v2\/pages\/1296150\/revisions"}],"predecessor-version":[{"id":1296178,"href":"https:\/\/albatrossglobal.org\/pt-br\/wp-json\/wp\/v2\/pages\/1296150\/revisions\/1296178"}],"wp:attachment":[{"href":"https:\/\/albatrossglobal.org\/pt-br\/wp-json\/wp\/v2\/media?parent=1296150"}],"curies":[{"name":"wp","href":"https:\/\/api.w.org\/{rel}","templated":true}]}}