{"id":996898,"date":"2025-03-28T10:10:50","date_gmt":"2025-03-28T09:10:50","guid":{"rendered":"https:\/\/albatrossglobal.org\/albatros-naturaleza\/"},"modified":"2025-03-29T08:39:17","modified_gmt":"2025-03-29T07:39:17","slug":"albatros-naturaleza","status":"publish","type":"page","link":"https:\/\/albatrossglobal.org\/es\/albatros-naturaleza\/","title":{"rendered":"Albatros Naturaleza"},"content":{"rendered":"\n<div class=\"wp-block-cover alignfull\" style=\"min-height:600px;aspect-ratio:unset;\"><span aria-hidden=\"true\" class=\"wp-block-cover__background has-ast-global-color-2-background-color has-background-dim-80 has-background-dim\"><\/span><img decoding=\"async\" width=\"1666\" height=\"1129\" class=\"wp-block-cover__image-background wp-image-1714 lazyload\" alt=\"\" data-src=\"https:\/\/albatrossglobal.org\/wp-content\/uploads\/2022\/05\/camp-albatross-camping.jpeg\" style=\"--smush-placeholder-width: 1666px; --smush-placeholder-aspect-ratio: 1666\/1129;object-position:31% 73%\" data-object-fit=\"cover\" data-object-position=\"31% 73%\" data-srcset=\"https:\/\/albatrossglobal.org\/wp-content\/uploads\/2022\/05\/camp-albatross-camping.jpeg 1666w, https:\/\/albatrossglobal.org\/wp-content\/uploads\/2022\/05\/camp-albatross-camping-300x203.jpeg 300w, https:\/\/albatrossglobal.org\/wp-content\/uploads\/2022\/05\/camp-albatross-camping-1024x694.jpeg 1024w, https:\/\/albatrossglobal.org\/wp-content\/uploads\/2022\/05\/camp-albatross-camping-768x520.jpeg 768w, https:\/\/albatrossglobal.org\/wp-content\/uploads\/2022\/05\/camp-albatross-camping-1536x1041.jpeg 1536w\" data-sizes=\"(max-width: 1666px) 100vw, 1666px\" src=\"data:image\/svg+xml;base64,PHN2ZyB3aWR0aD0iMSIgaGVpZ2h0PSIxIiB4bWxucz0iaHR0cDovL3d3dy53My5vcmcvMjAwMC9zdmciPjwvc3ZnPg==\" \/><div class=\"wp-block-cover__inner-container is-layout-flow wp-block-cover-is-layout-flow\">\n<h1 class=\"wp-block-heading has-text-align-center has-text-color\" style=\"color:#ffffff\">Albatros Naturaleza<\/h1>\n\n\n\n<figure class=\"wp-block-image aligncenter size-large is-resized\"><img decoding=\"async\" width=\"1024\" height=\"333\" data-src=\"https:\/\/albatrossglobal.org\/wp-content\/uploads\/2025\/02\/Logo-Albatross-Nature-1024x333.png\" alt=\"\" class=\"wp-image-935290 lazyload\" style=\"--smush-placeholder-width: 1024px; --smush-placeholder-aspect-ratio: 1024\/333;width:500px\" data-srcset=\"https:\/\/albatrossglobal.org\/wp-content\/uploads\/2025\/02\/Logo-Albatross-Nature-1024x333.png 1024w, https:\/\/albatrossglobal.org\/wp-content\/uploads\/2025\/02\/Logo-Albatross-Nature-300x98.png 300w, https:\/\/albatrossglobal.org\/wp-content\/uploads\/2025\/02\/Logo-Albatross-Nature-768x250.png 768w, https:\/\/albatrossglobal.org\/wp-content\/uploads\/2025\/02\/Logo-Albatross-Nature-1536x499.png 1536w, https:\/\/albatrossglobal.org\/wp-content\/uploads\/2025\/02\/Logo-Albatross-Nature.png 2000w\" data-sizes=\"(max-width: 1024px) 100vw, 1024px\" src=\"data:image\/svg+xml;base64,PHN2ZyB3aWR0aD0iMSIgaGVpZ2h0PSIxIiB4bWxucz0iaHR0cDovL3d3dy53My5vcmcvMjAwMC9zdmciPjwvc3ZnPg==\" \/><\/figure><\/div><\/div>\n\n<div style=\"height:50px\" aria-hidden=\"true\" class=\"wp-block-spacer\"><\/div>\n\n<section class=\"wp-block-uagb-section uagb-section__wrap uagb-section__background-undefined uagb-block-4b475160\"><div class=\"uagb-section__overlay\"><\/div><div class=\"uagb-section__inner-wrap\">\n<p>Albatross ofrece sus caba\u00f1as con cocina AlbaHomes y AlbaCamps para vivir al aire libre.  <\/p>\n\n\n\n<section class=\"wp-block-uagb-columns uagb-columns__wrap uagb-columns__background-none uagb-columns__stack-mobile uagb-columns__valign- uagb-columns__gap-10 align uagb-block-4bf07da4 uagb-columns__columns-2 uagb-columns__max_width-theme\"><div class=\"uagb-columns__overlay\"><\/div><div class=\"uagb-columns__inner-wrap uagb-columns__columns-2\">\n<div class=\"wp-block-uagb-column uagb-column__wrap uagb-column__background-undefined uagb-block-1c621f64\"><div class=\"uagb-column__overlay\"><\/div>\n<figure class=\"wp-block-image size-full\"><img decoding=\"async\" width=\"878\" height=\"564\" data-src=\"https:\/\/albatrossglobal.org\/wp-content\/uploads\/2022\/05\/camp-albatross.jpeg\" alt=\"\" class=\"wp-image-1740 lazyload\" data-srcset=\"https:\/\/albatrossglobal.org\/wp-content\/uploads\/2022\/05\/camp-albatross.jpeg 878w, https:\/\/albatrossglobal.org\/wp-content\/uploads\/2022\/05\/camp-albatross-300x193.jpeg 300w, https:\/\/albatrossglobal.org\/wp-content\/uploads\/2022\/05\/camp-albatross-768x493.jpeg 768w\" data-sizes=\"(max-width: 878px) 100vw, 878px\" src=\"data:image\/svg+xml;base64,PHN2ZyB3aWR0aD0iMSIgaGVpZ2h0PSIxIiB4bWxucz0iaHR0cDovL3d3dy53My5vcmcvMjAwMC9zdmciPjwvc3ZnPg==\" style=\"--smush-placeholder-width: 878px; --smush-placeholder-aspect-ratio: 878\/564;\" \/><\/figure>\n\n\n<h2 class=\"wp-block-heading\">AlbaCamps<\/h2>\n\n\n\n<p>La asociaci\u00f3n Albatross organiza campamentos para j\u00f3venes en su finca de 5 hect\u00e1reas del Domaine du Buis, en el Loira. Ni\u00f1os de or\u00edgenes muy diversos han participado en AlbaCamps: classes vertes, campamentos scouts y otras salidas educativas. <\/p>\n\n\n\n<div class=\"wp-block-buttons is-layout-flex wp-block-buttons-is-layout-flex\">\n<div class=\"wp-block-button\"><a class=\"wp-block-button__link wp-element-button\" href=\"https:\/\/albatrossglobal.org\/es\/campamentos-de-verano-alba\/\" target=\"_blank\" rel=\"noreferrer noopener\">Descubre AlbaCamps<\/a><\/div>\n<\/div>\n<\/div>\n\n\n\n<div class=\"wp-block-uagb-column uagb-column__wrap uagb-column__background-undefined uagb-block-69f09273\"><div class=\"uagb-column__overlay\"><\/div>\n<figure class=\"wp-block-image size-full is-resized\"><img decoding=\"async\" width=\"1004\" height=\"675\" data-src=\"https:\/\/albatrossglobal.org\/wp-content\/uploads\/2025\/02\/AlbaHomes2-1.png\" alt=\"\" class=\"wp-image-935269 lazyload\" style=\"--smush-placeholder-width: 1004px; --smush-placeholder-aspect-ratio: 1004\/675;width:518px;height:auto\" data-srcset=\"https:\/\/albatrossglobal.org\/wp-content\/uploads\/2025\/02\/AlbaHomes2-1.png 1004w, https:\/\/albatrossglobal.org\/wp-content\/uploads\/2025\/02\/AlbaHomes2-1-300x202.png 300w, https:\/\/albatrossglobal.org\/wp-content\/uploads\/2025\/02\/AlbaHomes2-1-768x516.png 768w\" data-sizes=\"(max-width: 1004px) 100vw, 1004px\" src=\"data:image\/svg+xml;base64,PHN2ZyB3aWR0aD0iMSIgaGVpZ2h0PSIxIiB4bWxucz0iaHR0cDovL3d3dy53My5vcmcvMjAwMC9zdmciPjwvc3ZnPg==\" \/><\/figure>\n\n\n<h2 class=\"wp-block-heading\">AlbaHomes<\/h2>\n\n\n\n<p>La Fundaci\u00f3n Albatross utiliza sus AlbaHomes para organizar cursos de formaci\u00f3n sobre diversos temas, como agricultura sostenible y talleres de cocina. Para financiar sus actividades, que son gratuitas para los j\u00f3venes, la Fundaci\u00f3n Albatross tambi\u00e9n alquila sus AlbaHomes.   <\/p>\n\n\n\n<p>Descubre las ALBAHOMES: <a href=\"https:\/\/albatrossglobal.org\/es\/casas-rurales-albahomes\/\">Casas rurales AlbaHomes &#8211; Fundaci\u00f3n Albatros<\/a><\/p>\n\n\n\n<div class=\"wp-block-buttons is-layout-flex wp-block-buttons-is-layout-flex\">\n<div class=\"wp-block-button is-style-fill\"><a class=\"wp-block-button__link wp-element-button\" href=\"https:\/\/albatrossglobal.org\/es\/ponte-en-contacto-con\/\" target=\"_blank\" rel=\"noreferrer noopener\">Contacta con nosotros<\/a><\/div>\n<\/div>\n<\/div>\n<\/div><\/section>\n<\/div><\/section>\n\n<p><\/p>\n","protected":false},"excerpt":{"rendered":"","protected":false},"author":7,"featured_media":0,"parent":0,"menu_order":0,"comment_status":"closed","ping_status":"closed","template":"","meta":{"_uag_custom_page_level_css":"","site-sidebar-layout":"default","site-content-layout":"plain-container","ast-site-content-layout":"normal-width-container","site-content-style":"unboxed","site-sidebar-style":"unboxed","ast-global-header-display":"","ast-banner-title-visibility":"","ast-main-header-display":"","ast-hfb-above-header-display":"","ast-hfb-below-header-display":"","ast-hfb-mobile-header-display":"","site-post-title":"disabled","ast-breadcrumbs-content":"","ast-featured-img":"","footer-sml-layout":"","ast-disable-related-posts":"","theme-transparent-header-meta":"enabled","adv-header-id-meta":"","stick-header-meta":"","header-above-stick-meta":"","header-main-stick-meta":"","header-below-stick-meta":"","astra-migrate-meta-layouts":"default","ast-page-background-enabled":"default","ast-page-background-meta":{"desktop":{"background-color":"","background-image":"","background-repeat":"repeat","background-position":"center center","background-size":"auto","background-attachment":"scroll","background-type":"","background-media":"","overlay-type":"","overlay-color":"","overlay-opacity":"","overlay-gradient":""},"tablet":{"background-color":"","background-image":"","background-repeat":"repeat","background-position":"center center","background-size":"auto","background-attachment":"scroll","background-type":"","background-media":"","overlay-type":"","overlay-color":"","overlay-opacity":"","overlay-gradient":""},"mobile":{"background-color":"","background-image":"","background-repeat":"repeat","background-position":"center center","background-size":"auto","background-attachment":"scroll","background-type":"","background-media":"","overlay-type":"","overlay-color":"","overlay-opacity":"","overlay-gradient":""}},"ast-content-background-meta":{"desktop":{"background-color":"var(--ast-global-color-5)","background-image":"","background-repeat":"repeat","background-position":"center center","background-size":"auto","background-attachment":"scroll","background-type":"","background-media":"","overlay-type":"","overlay-color":"","overlay-opacity":"","overlay-gradient":""},"tablet":{"background-color":"var(--ast-global-color-5)","background-image":"","background-repeat":"repeat","background-position":"center center","background-size":"auto","background-attachment":"scroll","background-type":"","background-media":"","overlay-type":"","overlay-color":"","overlay-opacity":"","overlay-gradient":""},"mobile":{"background-color":"var(--ast-global-color-5)","background-image":"","background-repeat":"repeat","background-position":"center center","background-size":"auto","background-attachment":"scroll","background-type":"","background-media":"","overlay-type":"","overlay-color":"","overlay-opacity":"","overlay-gradient":""}},"footnotes":""},"class_list":["post-996898","page","type-page","status-publish","hentry"],"_wp_attached_file":null,"siteground_optimizer_is_optimized":null,"wp-smush-lossy":null,"wp-smpro-smush-data":null,"wpml_media_processed":null,"wp-smush-ignore-bulk":null,"_wp_attachment_image_alt":null,"_astra_sites_image_hash":null,"_elementor_source_image_hash":null,"_wp_attachment_context":null,"_oembed_82a5c35e9300b18f214e29423b80ccc1":null,"_wp_attachment_backup_sizes":null,"_oembed_962f988bbbdcfd4a23c50360ead75e99":null,"wp-smush-error":null,"wp-smush-optimization-errors":null,"_wp_trash_meta_status":null,"_wp_trash_meta_time":null,"_menu_item_type":null,"_menu_item_menu_item_parent":null,"_menu_item_object_id":null,"_menu_item_object":null,"_menu_item_target":null,"_menu_item_classes":null,"_menu_item_xfn":null,"_menu_item_url":null,"_customize_changeset_uuid":null,"site-post-title":"disabled","site-sidebar-layout":"default","site-content-layout":"plain-container","_yoast_wpseo_content_score":null,"astra-main-page-id":null,"_yoast_wpseo_estimated-reading-time-minutes":null,"ast_ist_mapping":null,"ast_self_id_48452":null,"rank_math_title":null,"rank_math_description":null,"site-content-style":"unboxed","site-sidebar-style":"unboxed","_wp_page_template":"","ast_self_id_48450":null,"ast_self_id_48451":null,"ast_self_id_48449":null,"ast_self_id_48453":null,"ast-featured-img":"","_oembed_57b40ba93a9ad9878fb0f0fa6f613ecc":null,"_oembed_time_57b40ba93a9ad9878fb0f0fa6f613ecc":null,"_oembed_41c9285399048f9301d0d1168e43343d":null,"_oembed_time_41c9285399048f9301d0d1168e43343d":null,"_oembed_38f3fd5741367c2221c86f09f2f9954f":null,"_oembed_time_38f3fd5741367c2221c86f09f2f9954f":null,"_oembed_93ddf6953ee718c6d9a5fefc37ed8568":null,"_oembed_time_93ddf6953ee718c6d9a5fefc37ed8568":null,"_uag_js_file_name":null,"_oembed_06dca8326686b8907e0b4154c81d6f8b":null,"cosmoswp_site_layout":null,"cosmoswp_sidebar_options":null,"cosmoswp_header_layout":null,"cosmoswp_footer_layout":null,"cosmoswp_banner_options_layout":null,"gutentor_dynamic_css":null,"gutentor_css_info":null,"rank_math_primary_category":null,"_pingme":null,"_encloseme":null,"user_id":null,"user_login":null,"_form":null,"_mail":null,"_mail_2":null,"_messages":null,"_additional_settings":null,"_locale":null,"_astra_sites_imported_wp_forms":null,"_wp_attachment_metadata":null,"rank_math_news_sitemap_robots":null,"rank_math_robots":["index"],"_wpml_word_count":null,"_uag_page_assets":{"css":".uagb-section__wrap{position:relative}.uagb-section__wrap .uagb-section__inner-wrap{position:relative;z-index:2;margin-right:auto;margin-left:auto}.uagb-section__wrap .uagb-section__overlay{position:absolute;top:0;left:0;width:100%;height:100%}.uagb-section__wrap .uagb-section__video-wrap{position:absolute;top:0;left:0;z-index:0;width:100%;height:100%;transition:opacity 1s;overflow:hidden;-webkit-transition:opacity 1s;-o-transition:opacity 1s}.uagb-section__wrap .uagb-section__video-wrap video{display:inline-block;vertical-align:baseline;width:100%;height:100%;max-width:100%;margin:0;background-size:cover;border:none;object-fit:cover;line-height:1;-o-object-fit:cover}@media (min-width: 768px) and (max-width: 1024px){.wp-block-uagb-section.uagb-section__wrap.uagb-section__background-image{background-attachment:scroll}}\n[class*=\"uagb-columns__columns-\"],.uagb-columns__inner-wrap{position:relative;margin-left:auto;margin-right:auto;z-index:2;display:flex;flex-wrap:nowrap;width:100%}.uagb-columns__wrap{position:relative;margin-left:auto;margin-right:auto}.uagb-columns__wrap .uagb-columns__overlay,.uagb-columns__wrap .uagb-columns__video-wrap{height:100%;width:100%;top:0;left:0;position:absolute}.uagb-columns__wrap .uagb-columns__video-wrap{overflow:hidden;z-index:0;-webkit-transition:opacity 1s;-o-transition:opacity 1s;transition:opacity 1s}.uagb-columns__wrap .uagb-columns__video-wrap video{max-width:100%;width:100%;height:100%;margin:0;line-height:1;border:none;display:inline-block;vertical-align:baseline;-o-object-fit:cover;object-fit:cover;background-size:cover}.uagb-columns__wrap .uagb-columns__shape{overflow:hidden;position:absolute;left:0;width:100%;line-height:0;direction:ltr;z-index:1}.uagb-columns__wrap .uagb-columns__shape-top{top:-3px}.uagb-columns__wrap .uagb-columns__shape-bottom{bottom:-3px}.uagb-columns__wrap .uagb-columns__shape[data-negative=\"false\"].uagb-columns__shape-bottom,.uagb-columns__wrap .uagb-columns__shape[data-negative=\"true\"].uagb-columns__shape-top{-webkit-transform:rotate(180deg);-ms-transform:rotate(180deg);transform:rotate(180deg)}.uagb-columns__wrap .uagb-columns__shape.uagb-columns__shape-flip svg{transform:translateX(-50%) rotateY(180deg)}.uagb-columns__wrap .uagb-columns__shape svg{display:block;width:-webkit-calc(100% + 1.3px);width:calc(100% + 1.3px);position:relative;left:50%;-webkit-transform:translateX(-50%);-ms-transform:translateX(-50%);transform:translateX(-50%)}.uagb-columns__wrap .uagb-columns__shape .uagb-columns__shape-fill{fill:#333;-webkit-transform-origin:center;-ms-transform-origin:center;transform-origin:center;-webkit-transform:rotateY(0deg);transform:rotateY(0deg)}.uagb-columns__wrap .uagb-columns__shape.uagb-columns__shape-above-content{z-index:9;pointer-events:none}.uagb-columns__valign-center .uagb-column__wrap,.uagb-columns__valign-middle .uagb-column__wrap{display:flex;flex-direction:column;justify-content:center}.uagb-columns__valign-top .uagb-column__wrap{-webkit-box-align:flex-start;-webkit-align-items:flex-start;-ms-flex-align:flex-start;align-items:flex-start}.uagb-columns__valign-bottom .uagb-column__wrap{display:flex;flex-direction:column;justify-content:flex-end}.uagb-columns__columns-1>.uagb-column__wrap{width:100%}.uagb-columns__columns-2>.uagb-column__wrap{width:50%}.uagb-columns__columns-3>.uagb-column__wrap{width:33.33%}.uagb-columns__columns-4>.uagb-column__wrap{width:25%}.uagb-columns__columns-5>.uagb-column__wrap{width:20%}.uagb-columns__columns-6>.uagb-column__wrap{width:16.66%}.uagb-columns__gap-nogap>.uagb-columns__inner-wrap>.wp-block[data-type=\"uagb\/column\"]{padding:0}.uagb-columns__gap-default>.uagb-columns__inner-wrap>.wp-block[data-type=\"uagb\/column\"]{padding:10px}.uagb-columns__gap-narrow>.uagb-columns__inner-wrap>.wp-block[data-type=\"uagb\/column\"]{padding:5px}.uagb-columns__gap-extended>.uagb-columns__inner-wrap>.wp-block[data-type=\"uagb\/column\"]{padding:15px}.uagb-columns__gap-wide>.uagb-columns__inner-wrap>.wp-block[data-type=\"uagb\/column\"]{padding:20px}.uagb-columns__gap-wider>.uagb-columns__inner-wrap>.wp-block[data-type=\"uagb\/column\"]{padding:30px}@media (max-width: 976px){.uagb-columns__stack-tablet>.uagb-columns__columns-1>.uagb-column__wrap,.uagb-columns__stack-tablet>.uagb-columns__columns-2>.uagb-column__wrap,.uagb-columns__stack-tablet>.uagb-columns__columns-3>.uagb-column__wrap,.uagb-columns__stack-tablet>.uagb-columns__columns-4>.uagb-column__wrap,.uagb-columns__stack-tablet>.uagb-columns__columns-5>.uagb-column__wrap,.uagb-columns__stack-tablet>.uagb-columns__columns-6>.uagb-column__wrap{width:100% !important}.uagb-columns__stack-tablet{display:block}.uagb-columns__stack-tablet>.uagb-columns__inner-wrap{display:block}.uagb-columns__stack-tablet.uagb-columns__reverse-tablet .uagb-columns__inner-wrap{display:flex;flex-direction:column-reverse}.uagb-columns__reverse-tablet .uagb-columns__inner-wrap{display:flex;flex-direction:row-reverse}}@media (max-width: 767px){.uagb-columns__stack-mobile>.uagb-columns__columns-1>.uagb-column__wrap,.uagb-columns__stack-mobile>.uagb-columns__columns-2>.uagb-column__wrap,.uagb-columns__stack-mobile>.uagb-columns__columns-3>.uagb-column__wrap,.uagb-columns__stack-mobile>.uagb-columns__columns-4>.uagb-column__wrap,.uagb-columns__stack-mobile>.uagb-columns__columns-5>.uagb-column__wrap,.uagb-columns__stack-mobile>.uagb-columns__columns-6>.uagb-column__wrap{width:100% !important}.uagb-columns__stack-mobile{display:block}.uagb-columns__stack-mobile>.uagb-columns__inner-wrap{display:block}.uagb-columns__stack-mobile.uagb-columns__reverse-mobile .uagb-columns__inner-wrap,.uagb-columns__stack-mobile.uagb-columns__reverse-tablet .uagb-columns__inner-wrap{display:flex;flex-direction:column-reverse}.uagb-columns__stack-tablet.uagb-columns__reverse-mobile .uagb-columns__inner-wrap{display:flex;flex-direction:column-reverse}.uagb-columns__reverse-mobile .uagb-columns__inner-wrap{display:flex;flex-direction:row-reverse}}@media (min-width: 768px) and (max-width: 1024px){.wp-block-uagb-columns.uagb-columns__wrap.uagb-columns__background-image{background-attachment:scroll}}@media (max-width: 449px){.uagb-columns__wrap .uagb-column__wrap.uagb-column__background-image{background-attachment:scroll !important}}\n.uagb-column__wrap,.uagb-column__inner-wrap{margin-left:auto;margin-right:auto;position:relative;width:100%;z-index:2}.uagb-column__wrap{position:relative;overflow:visible}.uagb-column__wrap>*{z-index:1;width:100%;position:relative}.uagb-column__wrap .aligncenter{display:block;text-align:center}.uagb-column__wrap .aligncenter figcaption{display:block;text-align:center}.uagb-column__wrap .alignright{display:block;text-align:right}.uagb-column__wrap .alignright figcaption{display:block;text-align:right}.uagb-column__wrap .wp-block-image{width:100%}.uagb-column__wrap.uagb-column__align-left{margin-left:0;margin-right:auto}.uagb-column__wrap.uagb-column__align-right{margin-left:auto;margin-right:0}.uagb-column__wrap .uagb-column__video-wrap,.uagb-column__wrap .uagb-column__overlay{height:100%;width:100%;top:0;left:0;position:absolute;border-radius:inherit}.uagb-column__wrap .uagb-column__video-wrap{overflow:hidden;z-index:0;-webkit-transition:opacity 1s;-o-transition:opacity 1s;transition:opacity 1s}.uagb-column__wrap .uagb-column__video-wrap video{max-width:100%;width:100%;height:100%;margin:0;line-height:1;border:none;display:inline-block;vertical-align:baseline;-o-object-fit:cover;object-fit:cover;background-size:cover}.wp-block-uagb-columns>.editor-inner-blocks>.editor-block-list__layout>[data-type=\"uagb\/column\"]{display:flex;flex-direction:column;flex:1;padding-left:0;padding-right:0;margin-left:-14px;margin-right:-14px;min-width:0;word-break:break-word;overflow-wrap:break-word;flex-basis:100%}@media (max-width: 976px){.uagb-column__align-tablet-left{margin-left:0;margin-right:auto}.uagb-column__align-tablet-right{margin-left:auto;margin-right:0}}@media (max-width: 767px){.uagb-column__align-mobile-left{margin-left:0;margin-right:auto}.uagb-column__align-mobile-right{margin-left:auto;margin-right:0}}@media (max-width: 449px){.uagb-columns__wrap.uagb-columns__background-image{background-attachment:scroll !important}}\n.uagb-block-4b475160.uagb-section__wrap{padding-top: 20px;padding-bottom: 20px;padding-left: 20px;padding-right: 20px;margin-top: 0px;margin-bottom: 0px;border-style: none;margin-right: auto;margin-left: auto;max-width: 1200px;}.uagb-block-4b475160 > .uagb-section__video-wrap{opacity: 0.5;}.uagb-block-4b475160 > .uagb-section__inner-wrap{max-width: 100%;}.uagb-block-4b475160.wp-block-uagb-section{box-shadow: 0px 0px    ;}.uagb-block-4b475160 > .uagb-section__overlay{border-radius:    ;}.uagb-block-4bf07da4.wp-block-uagb-columns.uagb-columns__wrap{padding-top: 20px;padding-bottom: 20px;padding-left: 20px;padding-right: 20px;margin-top: 0px;margin-bottom: 0px;}.uagb-block-4bf07da4 .uagb-columns__video-wrap{opacity: 0.5;}.uagb-block-4bf07da4 > .uagb-columns__inner-wrap{max-width: 1500px;}.uagb-block-4bf07da4 .uagb-column__inner-wrap{padding: 10px;}.uagb-block-4bf07da4 .uagb-column__wrap{padding: 10px;}.uagb-block-4bf07da4 .uagb-columns__shape.uagb-columns__shape-top .uagb-columns__shape-fill{fill: rgba(51,51,51,1);}.uagb-block-4bf07da4 .uagb-columns__shape.uagb-columns__shape-bottom .uagb-columns__shape-fill{fill: rgba(51,51,51,1);}.uagb-block-4bf07da4.wp-block-uagb-columns{box-shadow: 0px 0px    ;}.uagb-block-4bf07da4 > .uagb-columns__overlay{border-radius:    ;}.uagb-block-4bf07da4.uagb-columns__wrap{border-style: none;}.wp-block-uagb-column.uagb-block-1c621f64.uagb-column__wrap{border-style: none;width: 50%;}.wp-block-uagb-column.uagb-block-1c621f64 > .uagb-column__overlay{border-radius:    ;}.wp-block-uagb-column.uagb-block-69f09273.uagb-column__wrap{border-style: none;width: 50%;}.wp-block-uagb-column.uagb-block-69f09273 > .uagb-column__overlay{border-radius:    ;}@media only screen and (max-width: 976px) {.uagb-block-4b475160.uagb-section__wrap{border-style: none;}.uagb-block-4bf07da4.uagb-columns__wrap{border-style: none;}.wp-block-uagb-column.uagb-block-1c621f64.uagb-column__wrap{border-style: none;}.wp-block-uagb-column.uagb-block-69f09273.uagb-column__wrap{border-style: none;}}@media only screen and (max-width: 767px) {.uagb-block-4b475160.uagb-section__wrap{border-style: none;}.uagb-block-4bf07da4.uagb-columns__wrap{border-style: none;}.wp-block-uagb-column.uagb-block-1c621f64.uagb-column__wrap{border-style: none;}.wp-block-uagb-column.uagb-block-69f09273.uagb-column__wrap{border-style: none;}}.uag-blocks-common-selector{z-index:var(--z-index-desktop) !important}@media (max-width: 976px){.uag-blocks-common-selector{z-index:var(--z-index-tablet) !important}}@media (max-width: 767px){.uag-blocks-common-selector{z-index:var(--z-index-mobile) !important}}\n","js":"","current_block_list":["core\/cover","core\/heading","core\/image","core\/spacer","uagb\/section","core\/paragraph","uagb\/columns","uagb\/column","core\/buttons","core\/button","core\/search","core\/group","core\/latest-posts","core\/latest-comments","core\/archives","core\/categories"],"uag_flag":true,"uag_version":"1775813286","gfonts":[],"gfonts_url":"","gfonts_files":[],"uag_faq_layout":false},"_wxr_import_user_slug":null,"_astra_sites_imported_post":null,"_astra_sites_enable_for_batch":null,"_top_nav_excluded":"","_cms_nav_minihome":"","_wp_old_slug":null,"_edit_lock":null,"_last_translation_edit_mode":"translation-editor","_wp_old_date":null,"_wpml_location_migration_done":null,"rank_math_analytic_object_id":"167","rank_math_internal_links_processed":"1","rank_math_seo_score":null,"_edit_last":null,"_wpml_media_featured":null,"_wpml_media_duplicate":null,"theme-transparent-header-meta":"enabled","rank_math_focus_keyword":null,"_uag_custom_page_level_css":null,"ast-site-content-layout":"normal-width-container","adv-header-id-meta":"","stick-header-meta":"","astra-migrate-meta-layouts":null,"footnotes":null,"_uag_css_file_name":"uag-css-996898.css","rank_math_og_content_image":{"check":"c18cd6237f1665841174a28f8f9fbdf6","images":[1714]},"_thumbnail_id":null,"data":null,"user_ip":null,"uagb_featured_image_src":{"full":false,"thumbnail":false,"medium":false,"medium_large":false,"large":false,"1536x1536":false,"2048x2048":false},"uagb_author_info":{"display_name":"Albapouilly","author_link":"https:\/\/albatrossglobal.org\/es\/"},"uagb_comment_info":0,"uagb_excerpt":null,"_links":{"self":[{"href":"https:\/\/albatrossglobal.org\/es\/wp-json\/wp\/v2\/pages\/996898","targetHints":{"allow":["GET"]}}],"collection":[{"href":"https:\/\/albatrossglobal.org\/es\/wp-json\/wp\/v2\/pages"}],"about":[{"href":"https:\/\/albatrossglobal.org\/es\/wp-json\/wp\/v2\/types\/page"}],"author":[{"embeddable":true,"href":"https:\/\/albatrossglobal.org\/es\/wp-json\/wp\/v2\/users\/7"}],"replies":[{"embeddable":true,"href":"https:\/\/albatrossglobal.org\/es\/wp-json\/wp\/v2\/comments?post=996898"}],"version-history":[{"count":7,"href":"https:\/\/albatrossglobal.org\/es\/wp-json\/wp\/v2\/pages\/996898\/revisions"}],"predecessor-version":[{"id":998383,"href":"https:\/\/albatrossglobal.org\/es\/wp-json\/wp\/v2\/pages\/996898\/revisions\/998383"}],"wp:attachment":[{"href":"https:\/\/albatrossglobal.org\/es\/wp-json\/wp\/v2\/media?parent=996898"}],"curies":[{"name":"wp","href":"https:\/\/api.w.org\/{rel}","templated":true}]}}