{"id":984856,"date":"2025-03-19T00:30:48","date_gmt":"2025-03-18T23:30:48","guid":{"rendered":"https:\/\/albatrossglobal.org\/declaracion-de-principios-de-la-fundacion-albatross\/"},"modified":"2025-03-19T00:34:25","modified_gmt":"2025-03-18T23:34:25","slug":"declaracion-de-principios-de-la-fundacion-albatross","status":"publish","type":"page","link":"https:\/\/albatrossglobal.org\/es\/declaracion-de-principios-de-la-fundacion-albatross\/","title":{"rendered":"Declaraci\u00f3n de principios de la Fundaci\u00f3n Albatross"},"content":{"rendered":"\n<div class=\"wp-block-cover is-light\" style=\"min-height:546px;aspect-ratio:unset;\"><span aria-hidden=\"true\" class=\"wp-block-cover__background has-background-dim\" style=\"background-color:#778a8f\"><\/span><img decoding=\"async\" width=\"1465\" height=\"930\" class=\"wp-block-cover__image-background wp-image-840632 lazyload\" alt=\"\" data-src=\"https:\/\/albatrossglobal.org\/wp-content\/uploads\/2024\/11\/Capture-decran-2024-11-06-a-15.40.18.png\" data-object-fit=\"cover\" data-srcset=\"https:\/\/albatrossglobal.org\/wp-content\/uploads\/2024\/11\/Capture-decran-2024-11-06-a-15.40.18.png 1465w, https:\/\/albatrossglobal.org\/wp-content\/uploads\/2024\/11\/Capture-decran-2024-11-06-a-15.40.18-300x190.png 300w, https:\/\/albatrossglobal.org\/wp-content\/uploads\/2024\/11\/Capture-decran-2024-11-06-a-15.40.18-1024x650.png 1024w, https:\/\/albatrossglobal.org\/wp-content\/uploads\/2024\/11\/Capture-decran-2024-11-06-a-15.40.18-768x488.png 768w\" data-sizes=\"(max-width: 1465px) 100vw, 1465px\" src=\"data:image\/svg+xml;base64,PHN2ZyB3aWR0aD0iMSIgaGVpZ2h0PSIxIiB4bWxucz0iaHR0cDovL3d3dy53My5vcmcvMjAwMC9zdmciPjwvc3ZnPg==\" style=\"--smush-placeholder-width: 1465px; --smush-placeholder-aspect-ratio: 1465\/930;\" \/><div class=\"wp-block-cover__inner-container is-layout-constrained wp-block-cover-is-layout-constrained\">\n<div class=\"wp-block-uagb-advanced-heading uagb-block-00523997\"><h2 class=\"uagb-heading-text\"><strong><mark style=\"background-color:rgba(0, 0, 0, 0)\" class=\"has-inline-color has-ast-global-color-5-color\">Declaraci\u00f3n de principios de la Fundaci\u00f3n Albatross<\/mark><\/strong><\/h2><\/div>\n<\/div><\/div>\n\n<p><\/p>\n\n<h2 class=\"wp-block-heading has-text-align-center\"><strong>Nuestros valores<\/strong><\/h2>\n\n<p>En la Fundaci\u00f3n Albatross, nuestro objetivo es promover la educaci\u00f3n gratuita de los j\u00f3venes sobre el desarrollo sostenible con herramientas cient\u00edficas e innovadoras.<\/p>\n\n<p><strong>1. Valoramos la educaci\u00f3n a la edad m\u00e1s temprana<\/strong> sobre los 17 objetivos de desarrollo sostenible de Naciones Unidas. 2. Creemos que los nuevos dispositivos digitales, las aplicaciones y la IA tienen un papel preeminente que desempe\u00f1ar en el futuro. <\/p>\n\n<p><strong>2. Valoramos que un futuro floreciente <\/strong>dependa de nuestra capacidad para honrar, proteger y nutrir tanto nuestro mundo natural como las comunidades que lo sustentan. Guiados por una \u00e9tica s\u00f3lida, reconocemos que nuestra Tierra es un sistema vivo e interconectado, que prospera cuando el equilibrio, la diversidad y el cuidado son su n\u00facleo. <\/p>\n\n<p><strong>3. Valoramos la responsabilidad.<\/strong>  Como cuidadores de este planeta, somos responsables no s\u00f3lo de nuestras acciones de hoy, sino tambi\u00e9n del mundo que dejamos atr\u00e1s. La conservaci\u00f3n y la innovaci\u00f3n \u00e9tica gu\u00edan nuestro enfoque, garantizando que las generaciones futuras hereden un planeta capaz de sustentar toda la vida. <\/p>\n\n<p><strong>4. Valoramos la resiliencia y la regeneraci\u00f3n.<\/strong>  La verdadera sostenibilidad no consiste s\u00f3lo en preservar, sino en renovar, adaptar y sanar. Estamos comprometidos con las pr\u00e1cticas regenerativas que restauran el equilibrio, garantizando que los ciclos naturales de la Tierra y las comunidades humanas se fortalezcan juntos. <\/p>\n\n<p><strong>5. Valoramos la reciprocidad \u00e9tica.<\/strong>  La naturaleza nos provee generosamente; es nuestro deber devolverle con cuidado, respeto y acci\u00f3n consciente. Mediante la educaci\u00f3n, la defensa y la administraci\u00f3n responsable, fomentamos un mundo en el que los seres humanos no vivan como explotadores, sino como socios de la Tierra. <\/p>\n\n<p><strong>6. Valoramos la interconexi\u00f3n.<\/strong>  Cada ser, desde la semilla m\u00e1s peque\u00f1a hasta el ecosistema m\u00e1s grande, desempe\u00f1a un papel en la intrincada red de la vida. Nuestro trabajo abarca la sostenibilidad hol\u00edstica, garantizando que el bienestar humano y el medioambiental nunca est\u00e9n separados. <\/p>\n\n<p><strong>7. Valoramos a las mujeres y a las familias.<\/strong>  Al igual que se ha infravalorado la naturaleza, tambi\u00e9n se ha infravalorado a las mujeres, que a menudo son las primeras administradoras de la tierra, el agua y el bienestar de la comunidad. Promovemos y capacitamos a las mujeres y a las familias como l\u00edderes de la sostenibilidad, reconociendo que nutrir tanto a las personas como al planeta es esencial para el verdadero progreso. <\/p>\n\n<p><strong>8. Valoramos la tecnolog\u00eda y los sistemas de IA <\/strong>dise\u00f1ados y utilizados de forma justa, transparente, responsable y alineada con los valores humanos, evitando as\u00ed la discriminaci\u00f3n y garantizando que los sistemas de IA traten a las personas de forma equitativa.<\/p>\n\n<p><strong>9. Valoramos los derechos de los ni\u00f1os.<\/strong>  Los ni\u00f1os son miembros vulnerables de la sociedad, merecen cuidados especiales, protecci\u00f3n y oportunidades para prosperar. Todos los ni\u00f1os tendr\u00e1n derecho a acceder a la educaci\u00f3n, la atenci\u00f3n sanitaria y las oportunidades de crecimiento personal. En la Fundaci\u00f3n Albatros defendemos un mundo en el que la naturaleza y la humanidad prosperen en armon\u00eda, en el que la educaci\u00f3n, la equidad y la \u00e9tica nos gu\u00eden hacia un futuro sostenible, justo y lleno de posibilidades.  <\/p>\n\n<p><\/p>\n\n<h2 class=\"wp-block-heading has-text-align-center\"><strong>Nuestra misi\u00f3n<\/strong><\/h2>\n\n<p>En la Fundaci\u00f3n Albatross, nuestros valores no son s\u00f3lo ideales: creemos que deben conformar nuestra forma de trabajar, de dirigir y de comprometernos con el mundo. Nuestros compromisos reflejan estos valores en acci\u00f3n, garantizando que cada decisi\u00f3n que tomamos y cada programa que implementamos nos mueven hacia un mundo m\u00e1s justo, sostenible e interconectado. <\/p>\n\n<p><strong>1. Creemos en predicar con el ejemplo.<\/strong>  Si ense\u00f1amos sostenibilidad, debemos practicarla. Nuestras operaciones -desde las asociaciones hasta las adquisiciones- se basan en opciones \u00e9ticas, regenerativas y responsables con el medio ambiente. Medimos nuestro impacto y nos hacemos responsables de los mismos est\u00e1ndares elevados que defendemos para los dem\u00e1s.  <\/p>\n\n<p><strong>2. Creemos que la naturaleza no es un recurso que consumir,<\/strong> sino un sistema vivo al que honrar. Trabajamos con la Tierra, no contra ella. Nuestros programas dan prioridad a las soluciones regenerativas, las econom\u00edas circulares y los conocimientos ecol\u00f3gicos tradicionales, garantizando que el desarrollo humano nunca se produzca a costa de la destrucci\u00f3n del medio ambiente.  <\/p>\n\n<p><strong>3. Creemos en centrar a las mujeres como l\u00edderes de la sostenibilidad.<\/strong>  Las mujeres han sido durante mucho tiempo las administradoras de la tierra, el agua y el bienestar de la comunidad. Apoyamos y capacitamos activamente a las mujeres en el liderazgo, garantizando que tengan voz en la configuraci\u00f3n de pol\u00edticas, empresas e iniciativas educativas que repercuten en nuestro planeta. <\/p>\n\n<p><strong>4. Creemos que la educaci\u00f3n debe inspirar la acci\u00f3n.<\/strong>  El conocimiento sin acci\u00f3n est\u00e1 incompleto. Nuestros programas educativos van m\u00e1s all\u00e1 de la teor\u00eda, dotando a alumnos de todas las edades de las herramientas necesarias para poner en pr\u00e1ctica cambios reales y duraderos en sus comunidades. Fomentamos el pensamiento cr\u00edtico, la creatividad y la resoluci\u00f3n de problemas para preparar a la pr\u00f3xima generaci\u00f3n de guardianes del medio ambiente.  <\/p>\n\n<p><strong>5. Creemos que la sostenibilidad y la equidad deben ir de la mano.<\/strong>  Un mundo justo es un mundo sostenible. Rechazamos los sistemas que explotan a las personas o la naturaleza para obtener beneficios a corto plazo. En lugar de ello, trabajamos por soluciones impulsadas por la comunidad, salarios justos y asociaciones \u00e9ticas que eleven a todos.  <\/p>\n\n<p><strong>6. Creemos en la reciprocidad<\/strong>: devolver tanto como recibimos. Por cada recurso utilizado, hay que reponer algo. Ya sea restaurando ecosistemas, reinvirtiendo en las comunidades o apoyando iniciativas de base, nos aseguramos de que nuestro \u00e9xito nunca se produzca a expensas de las generaciones futuras.  <\/p>\n\n<p><strong>7. Creemos en la construcci\u00f3n de ecosistemas, no de jerarqu\u00edas.  <\/strong>La naturaleza prospera a trav\u00e9s de redes interconectadas, y nosotros tambi\u00e9n deber\u00edamos hacerlo. Nuestro modelo de liderazgo valora la colaboraci\u00f3n sobre el control, el conocimiento compartido sobre la competencia y la toma de decisiones descentralizada, permitiendo que diversas voces den forma a nuestro trabajo. <\/p>\n\n<p><strong>8. Creemos que el futuro pertenece a quienes cuidan de \u00e9l.<\/strong>  La esperanza y la acci\u00f3n deben ir de la mano. No aceptamos la destrucci\u00f3n medioambiental, la injusticia social o la desigualdad como inevitables. Por el contrario, actuamos con valent\u00eda, pensamos creativamente e invertimos en soluciones que reimaginan lo que es posible.  <\/p>\n\n<p><strong>9. Creemos en la \u00e9tica de la IA.<\/strong>  Un conjunto de principios y directrices morales debe regir el desarrollo, despliegue y uso de la inteligencia artificial. Deben salvaguardarse la privacidad, la seguridad y la responsabilidad, y debe protegerse la supervisi\u00f3n humana para que la IA no sustituya a la toma de decisiones humanas cr\u00edticas. <\/p>\n\n<p><strong>10. Creemos firmemente en los derechos de los ni\u00f1os.<\/strong>  Los principios y marcos morales deben guiar la protecci\u00f3n, el bienestar y el desarrollo de los ni\u00f1os, garantizando que se respeten sus derechos fundamentales. Todos los ni\u00f1os deben ser tratados por igual, independientemente de su origen, sexo, capacidad u otras diferencias. En la Fundaci\u00f3n Albatross, nuestros valores est\u00e1n vivos en nuestras pol\u00edticas, asociaciones y elecciones diarias.  <\/p>\n\n<p><\/p>\n\n<p><\/p>\n","protected":false},"excerpt":{"rendered":"<p>Nuestros valores En la Fundaci\u00f3n Albatross, nuestro objetivo es promover la educaci\u00f3n gratuita de los j\u00f3venes sobre el desarrollo sostenible con herramientas cient\u00edficas e innovadoras. 1. Valoramos la educaci\u00f3n a la edad m\u00e1s temprana sobre los 17 objetivos de desarrollo sostenible de Naciones Unidas. 2. Creemos que los nuevos dispositivos digitales, las aplicaciones y la [&hellip;]<\/p>\n","protected":false},"author":4,"featured_media":0,"parent":0,"menu_order":0,"comment_status":"closed","ping_status":"closed","template":"","meta":{"_uag_custom_page_level_css":"","site-sidebar-layout":"default","site-content-layout":"","ast-site-content-layout":"default","site-content-style":"default","site-sidebar-style":"default","ast-global-header-display":"","ast-banner-title-visibility":"","ast-main-header-display":"","ast-hfb-above-header-display":"","ast-hfb-below-header-display":"","ast-hfb-mobile-header-display":"","site-post-title":"disabled","ast-breadcrumbs-content":"","ast-featured-img":"","footer-sml-layout":"","ast-disable-related-posts":"","theme-transparent-header-meta":"","adv-header-id-meta":"","stick-header-meta":"","header-above-stick-meta":"","header-main-stick-meta":"","header-below-stick-meta":"","astra-migrate-meta-layouts":"default","ast-page-background-enabled":"default","ast-page-background-meta":{"desktop":{"background-color":"","background-image":"","background-repeat":"repeat","background-position":"center center","background-size":"auto","background-attachment":"scroll","background-type":"","background-media":"","overlay-type":"","overlay-color":"","overlay-opacity":"","overlay-gradient":""},"tablet":{"background-color":"","background-image":"","background-repeat":"repeat","background-position":"center center","background-size":"auto","background-attachment":"scroll","background-type":"","background-media":"","overlay-type":"","overlay-color":"","overlay-opacity":"","overlay-gradient":""},"mobile":{"background-color":"","background-image":"","background-repeat":"repeat","background-position":"center center","background-size":"auto","background-attachment":"scroll","background-type":"","background-media":"","overlay-type":"","overlay-color":"","overlay-opacity":"","overlay-gradient":""}},"ast-content-background-meta":{"desktop":{"background-color":"var(--ast-global-color-5)","background-image":"","background-repeat":"repeat","background-position":"center center","background-size":"auto","background-attachment":"scroll","background-type":"","background-media":"","overlay-type":"","overlay-color":"","overlay-opacity":"","overlay-gradient":""},"tablet":{"background-color":"var(--ast-global-color-5)","background-image":"","background-repeat":"repeat","background-position":"center center","background-size":"auto","background-attachment":"scroll","background-type":"","background-media":"","overlay-type":"","overlay-color":"","overlay-opacity":"","overlay-gradient":""},"mobile":{"background-color":"var(--ast-global-color-5)","background-image":"","background-repeat":"repeat","background-position":"center center","background-size":"auto","background-attachment":"scroll","background-type":"","background-media":"","overlay-type":"","overlay-color":"","overlay-opacity":"","overlay-gradient":""}},"footnotes":""},"class_list":["post-984856","page","type-page","status-publish","hentry"],"_wp_attached_file":null,"siteground_optimizer_is_optimized":null,"wp-smush-lossy":null,"wp-smpro-smush-data":null,"wpml_media_processed":null,"wp-smush-ignore-bulk":null,"_wp_attachment_image_alt":null,"_astra_sites_image_hash":null,"_elementor_source_image_hash":null,"_wp_attachment_context":null,"_oembed_82a5c35e9300b18f214e29423b80ccc1":null,"_wp_attachment_backup_sizes":null,"_oembed_962f988bbbdcfd4a23c50360ead75e99":null,"wp-smush-error":null,"wp-smush-optimization-errors":null,"_wp_trash_meta_status":null,"_wp_trash_meta_time":null,"_menu_item_type":null,"_menu_item_menu_item_parent":null,"_menu_item_object_id":null,"_menu_item_object":null,"_menu_item_target":null,"_menu_item_classes":null,"_menu_item_xfn":null,"_menu_item_url":null,"_customize_changeset_uuid":null,"site-post-title":"disabled","site-sidebar-layout":"default","site-content-layout":"","_yoast_wpseo_content_score":null,"astra-main-page-id":null,"_yoast_wpseo_estimated-reading-time-minutes":null,"ast_ist_mapping":null,"ast_self_id_48452":null,"rank_math_title":null,"rank_math_description":null,"site-content-style":"default","site-sidebar-style":"default","_wp_page_template":"","ast_self_id_48450":null,"ast_self_id_48451":null,"ast_self_id_48449":null,"ast_self_id_48453":null,"ast-featured-img":"","_oembed_57b40ba93a9ad9878fb0f0fa6f613ecc":null,"_oembed_time_57b40ba93a9ad9878fb0f0fa6f613ecc":null,"_oembed_41c9285399048f9301d0d1168e43343d":null,"_oembed_time_41c9285399048f9301d0d1168e43343d":null,"_oembed_38f3fd5741367c2221c86f09f2f9954f":null,"_oembed_time_38f3fd5741367c2221c86f09f2f9954f":null,"_oembed_93ddf6953ee718c6d9a5fefc37ed8568":null,"_oembed_time_93ddf6953ee718c6d9a5fefc37ed8568":null,"_uag_js_file_name":null,"_oembed_06dca8326686b8907e0b4154c81d6f8b":null,"cosmoswp_site_layout":null,"cosmoswp_sidebar_options":null,"cosmoswp_header_layout":null,"cosmoswp_footer_layout":null,"cosmoswp_banner_options_layout":null,"gutentor_dynamic_css":null,"gutentor_css_info":null,"rank_math_primary_category":null,"_pingme":null,"_encloseme":null,"user_id":null,"user_login":null,"_form":null,"_mail":null,"_mail_2":null,"_messages":null,"_additional_settings":null,"_locale":null,"_astra_sites_imported_wp_forms":null,"_wp_attachment_metadata":null,"rank_math_news_sitemap_robots":null,"rank_math_robots":null,"_wpml_word_count":null,"_uag_page_assets":{"css":".wp-block-uagb-advanced-heading h1,.wp-block-uagb-advanced-heading h2,.wp-block-uagb-advanced-heading h3,.wp-block-uagb-advanced-heading h4,.wp-block-uagb-advanced-heading h5,.wp-block-uagb-advanced-heading h6,.wp-block-uagb-advanced-heading p,.wp-block-uagb-advanced-heading div{word-break:break-word}.wp-block-uagb-advanced-heading .uagb-heading-text{margin:0}.wp-block-uagb-advanced-heading .uagb-desc-text{margin:0}.wp-block-uagb-advanced-heading .uagb-separator{font-size:0;border-top-style:solid;display:inline-block;margin:0 0 10px 0}.wp-block-uagb-advanced-heading .uagb-highlight{color:#f78a0c;border:0;transition:all 0.3s ease}.uag-highlight-toolbar{border-left:0;border-top:0;border-bottom:0;border-radius:0;border-right-color:#1e1e1e}.uag-highlight-toolbar .components-button{border-radius:0;outline:none}.uag-highlight-toolbar .components-button.is-primary{color:#fff}\n.wp-block-uagb-advanced-heading.uagb-block-00523997.wp-block-uagb-advanced-heading {text-align: center;}.wp-block-uagb-advanced-heading.uagb-block-00523997.wp-block-uagb-advanced-heading .uagb-desc-text{margin-bottom: 15px;}.wp-block-uagb-advanced-heading.uagb-block-00523997.wp-block-uagb-advanced-heading .uagb-highlight{font-style: normal;font-weight: Default;background: #007cba;color: #fff;-webkit-text-fill-color: #fff;}.wp-block-uagb-advanced-heading.uagb-block-00523997.wp-block-uagb-advanced-heading .uagb-highlight::-moz-selection{color: #fff;background: #007cba;-webkit-text-fill-color: #fff;}.wp-block-uagb-advanced-heading.uagb-block-00523997.wp-block-uagb-advanced-heading .uagb-highlight::selection{color: #fff;background: #007cba;-webkit-text-fill-color: #fff;}.wp-block-uagb-advanced-heading.uagb-block-00523997 .uagb-heading-text{margin-bottom: 15px;}.uag-blocks-common-selector{z-index:var(--z-index-desktop) !important}@media (max-width: 976px){.uag-blocks-common-selector{z-index:var(--z-index-tablet) !important}}@media (max-width: 767px){.uag-blocks-common-selector{z-index:var(--z-index-mobile) !important}}\n","js":"","current_block_list":["core\/cover","uagb\/advanced-heading","core\/paragraph","core\/heading","core\/search","core\/group","core\/latest-posts","core\/latest-comments","core\/archives","core\/categories"],"uag_flag":true,"uag_version":"1776431631","gfonts":[],"gfonts_url":"","gfonts_files":[],"uag_faq_layout":false},"_wxr_import_user_slug":null,"_astra_sites_imported_post":null,"_astra_sites_enable_for_batch":null,"_top_nav_excluded":"","_cms_nav_minihome":"","_wp_old_slug":null,"_edit_lock":null,"_last_translation_edit_mode":"translation-editor","_wp_old_date":null,"_wpml_location_migration_done":null,"rank_math_analytic_object_id":"158","rank_math_internal_links_processed":"1","rank_math_seo_score":null,"_edit_last":null,"_wpml_media_featured":null,"_wpml_media_duplicate":null,"theme-transparent-header-meta":"","rank_math_focus_keyword":null,"_uag_custom_page_level_css":null,"ast-site-content-layout":"default","adv-header-id-meta":"","stick-header-meta":"","astra-migrate-meta-layouts":null,"footnotes":null,"_uag_css_file_name":"uag-css-984856.css","rank_math_og_content_image":{"check":"8a469f49652f70fc477b4f814e5c3a56","images":[840632]},"_thumbnail_id":null,"data":null,"user_ip":null,"uagb_featured_image_src":{"full":false,"thumbnail":false,"medium":false,"medium_large":false,"large":false,"1536x1536":false,"2048x2048":false},"uagb_author_info":{"display_name":"Carlos","author_link":"https:\/\/albatrossglobal.org\/es\/"},"uagb_comment_info":0,"uagb_excerpt":"Nuestros valores En la Fundaci\u00f3n Albatross, nuestro objetivo es promover la educaci\u00f3n gratuita de los j\u00f3venes sobre el desarrollo sostenible con herramientas cient\u00edficas e innovadoras. 1. Valoramos la educaci\u00f3n a la edad m\u00e1s temprana sobre los 17 objetivos de desarrollo sostenible de Naciones Unidas. 2. Creemos que los nuevos dispositivos digitales, las aplicaciones y la&hellip;","_links":{"self":[{"href":"https:\/\/albatrossglobal.org\/es\/wp-json\/wp\/v2\/pages\/984856","targetHints":{"allow":["GET"]}}],"collection":[{"href":"https:\/\/albatrossglobal.org\/es\/wp-json\/wp\/v2\/pages"}],"about":[{"href":"https:\/\/albatrossglobal.org\/es\/wp-json\/wp\/v2\/types\/page"}],"author":[{"embeddable":true,"href":"https:\/\/albatrossglobal.org\/es\/wp-json\/wp\/v2\/users\/4"}],"replies":[{"embeddable":true,"href":"https:\/\/albatrossglobal.org\/es\/wp-json\/wp\/v2\/comments?post=984856"}],"version-history":[{"count":1,"href":"https:\/\/albatrossglobal.org\/es\/wp-json\/wp\/v2\/pages\/984856\/revisions"}],"predecessor-version":[{"id":984857,"href":"https:\/\/albatrossglobal.org\/es\/wp-json\/wp\/v2\/pages\/984856\/revisions\/984857"}],"wp:attachment":[{"href":"https:\/\/albatrossglobal.org\/es\/wp-json\/wp\/v2\/media?parent=984856"}],"curies":[{"name":"wp","href":"https:\/\/api.w.org\/{rel}","templated":true}]}}