{"id":984664,"date":"2025-03-18T23:54:46","date_gmt":"2025-03-18T22:54:46","guid":{"rendered":"https:\/\/albatrossglobal.org\/declaracion-de-principios-de-la-fundacion-albatros\/"},"modified":"2025-03-31T06:55:06","modified_gmt":"2025-03-31T04:55:06","slug":"declaracion-de-principios-de-la-fundacion-albatros","status":"publish","type":"page","link":"https:\/\/albatrossglobal.org\/es\/declaracion-de-principios-de-la-fundacion-albatros\/","title":{"rendered":"Nuestros principios fundamentales"},"content":{"rendered":"\n<div class=\"wp-block-cover is-light\" style=\"min-height:535px;aspect-ratio:unset;\"><span aria-hidden=\"true\" class=\"wp-block-cover__background has-background-dim\" style=\"background-color:#778a8f\"><\/span><img decoding=\"async\" width=\"1465\" height=\"930\" class=\"wp-block-cover__image-background wp-image-840632 lazyload\" alt=\"\" data-src=\"https:\/\/albatrossglobal.org\/wp-content\/uploads\/2024\/11\/Capture-decran-2024-11-06-a-15.40.18.png\" data-object-fit=\"cover\" data-srcset=\"https:\/\/albatrossglobal.org\/wp-content\/uploads\/2024\/11\/Capture-decran-2024-11-06-a-15.40.18.png 1465w, https:\/\/albatrossglobal.org\/wp-content\/uploads\/2024\/11\/Capture-decran-2024-11-06-a-15.40.18-300x190.png 300w, https:\/\/albatrossglobal.org\/wp-content\/uploads\/2024\/11\/Capture-decran-2024-11-06-a-15.40.18-1024x650.png 1024w, https:\/\/albatrossglobal.org\/wp-content\/uploads\/2024\/11\/Capture-decran-2024-11-06-a-15.40.18-768x488.png 768w\" data-sizes=\"(max-width: 1465px) 100vw, 1465px\" src=\"data:image\/svg+xml;base64,PHN2ZyB3aWR0aD0iMSIgaGVpZ2h0PSIxIiB4bWxucz0iaHR0cDovL3d3dy53My5vcmcvMjAwMC9zdmciPjwvc3ZnPg==\" style=\"--smush-placeholder-width: 1465px; --smush-placeholder-aspect-ratio: 1465\/930;\" \/><div class=\"wp-block-cover__inner-container is-layout-constrained wp-block-cover-is-layout-constrained\">\n<div class=\"wp-block-uagb-advanced-heading uagb-block-fde85a02\"><h2 class=\"uagb-heading-text\"><strong><mark style=\"background-color:rgba(0, 0, 0, 0)\" class=\"has-inline-color has-ast-global-color-5-color\">Declaraci\u00f3n de Principios de la Fundaci\u00f3n Albatross  <\/mark><\/strong><\/h2><\/div>\n<\/div><\/div>\n\n<p><\/p>\n\n<h2 class=\"wp-block-heading has-text-align-center\"><\/h2>\n\n<p class=\"has-text-align-left\"><strong>VISI\u00d3N: Un mundo justo en el que los sistemas econ\u00f3micos y sociales sean sostenibles, equitativos, colaborativos e innovadores.<\/strong><\/p>\n\n<p class=\"has-text-align-left\">MISI\u00d3N<strong>:<\/strong> Proporcionar educaci\u00f3n gratuita a los j\u00f3venes sobre el desarrollo sostenible utilizando herramientas y programas cient\u00edficos, divertidos e innovadores.  <\/p>\n\n<p class=\"has-text-align-left\"><strong>VALORES:<\/strong><\/p>\n\n<p><strong>Sostenibilidad:<\/strong> Un futuro en el que las soluciones sean regenerativas, basadas en econom\u00edas circulares y en el respeto al planeta.<\/p>\n\n<p><strong>Equidad:<\/strong> Un mundo justo es un mundo sostenible. Rechazamos los sistemas que explotan a las personas o la naturaleza para obtener beneficios a corto plazo. Nuestras acciones se centran en soluciones comunitarias, salarios justos y asociaciones \u00e9ticas.  <\/p>\n\n<p><strong>Educaci\u00f3n y acci\u00f3n desde una edad temprana<\/strong> <strong>:<\/strong> Los j\u00f3venes son los mejores mensajeros: influyen en sus familias, amigos y comunidades durante toda su vida. La educaci\u00f3n temprana moldea su forma de actuar, trabajar y dirigir. <\/p>\n\n<p><strong>Mujeres, ni\u00f1os y familias:<\/strong> Las mujeres son a menudo las guardianas de la tierra, el agua y el bienestar de las comunidades. Las apoyamos a ellas y a sus familias como agentes clave del desarrollo sostenible. Los ni\u00f1os, como miembros m\u00e1s vulnerables de la sociedad, necesitan protecci\u00f3n, acceso a la educaci\u00f3n y a los cuidados, y un entorno en el que puedan prosperar.  <\/p>\n\n<p><strong>Innovaci\u00f3n y tecnolog\u00eda digital \u00e9tica:<\/strong> Valoramos el uso \u00e9tico de la tecnolog\u00eda digital y la inteligencia artificial: deben garantizarse la confidencialidad, la seguridad y la supervisi\u00f3n humana y parental. La tecnolog\u00eda debe estar al servicio de los humanos, nunca sustituirlos. <\/p>\n\n<p><strong>OBJETIVOS<\/strong>:<\/p>\n\n<p><strong>Promover la creaci\u00f3n de Ligas Juveniles Albatros<\/strong> en todo el mundo, impulsadas por los mismos principios y por j\u00f3venes l\u00edderes, para poner en marcha proyectos de Educaci\u00f3n para el Desarrollo Sostenible en sus propios pa\u00edses.<\/p>\n\n<p><strong>Desarrollar nuestra red de voluntarios comprometidos<\/strong>, expertos en su campo, que se movilizan en torno a nuestra Misi\u00f3n a trav\u00e9s de los proyectos Albatross.<\/p>\n\n<p><strong>Ser reconocida como la primera \u00abi-Fundaci\u00f3n\u00bb,<\/strong> con un enfoque proyecto por proyecto, un m\u00e9todo de \u00abformaci\u00f3n de formadores\u00bb y <strong>sin costes fijos<\/strong>.<br\/><strong>Toda nuestra financiaci\u00f3n se dedica a los proyectos de la Misi\u00f3n, no a la administraci\u00f3n.<\/strong><\/p>\n\n<p><\/p>\n\n<p><\/p>\n\n<p class=\"has-text-align-left\"><strong>1. Valoramos la educaci\u00f3n desde la m\u00e1s temprana edad<\/strong> <strong>sobre los 17 Objetivos de Desarrollo Sostenible de las Naciones<\/strong> Unidas. Los j\u00f3venes son los comunicadores m\u00e1s influyentes, que difunden el mensaje a sus familias, amigos y comunidades ahora y durante toda su vida. La educaci\u00f3n a una edad temprana configurar\u00e1 su forma de trabajar, dirigir e interactuar con el mundo.  <\/p>\n\n<p class=\"has-text-align-left\"><strong>2. Valoramos una educaci\u00f3n que inspire la acci\u00f3n y d\u00e9 ejemplo.  <\/strong>El conocimiento sin acci\u00f3n est\u00e1 incompleto. Nuestros programas educativos van m\u00e1s all\u00e1 de la teor\u00eda, proporcionando a alumnos de todas las edades herramientas concretas para poner en pr\u00e1ctica un cambio real y duradero en sus comunidades.   <\/p>\n\n<p class=\"has-text-align-left\"><strong><strong>3. <\/strong>Valoramos el respeto al medio ambiente.<\/strong> Como administradores de este planeta, somos responsables no s\u00f3lo de nuestras acciones de hoy, sino tambi\u00e9n del mundo que dejamos atr\u00e1s. La conservaci\u00f3n y la innovaci\u00f3n \u00e9tica gu\u00edan nuestro enfoque para garantizar que las generaciones futuras tengan un planeta capaz de sustentar todas las formas de vida. Nuestros programas se centran en soluciones regenerativas y econom\u00edas circulares.  <\/p>\n\n<p class=\"has-text-align-left\"><strong>4. Valoramos a las mujeres y a las familias<\/strong>. Las mujeres suelen ser las principales guardianas de la tierra, el agua y el bienestar de las comunidades. Por ello, apoyamos a las mujeres y a las familias como l\u00edderes del desarrollo sostenible, especialmente mediante iniciativas educativas.  <\/p>\n\n<p class=\"has-text-align-left\"><strong>5. Valoramos los derechos de los ni\u00f1os.  <\/strong>Los ni\u00f1os, como miembros vulnerables de la sociedad, merecen atenci\u00f3n especial, protecci\u00f3n y oportunidades para prosperar. Todos los ni\u00f1os deben tener acceso a la educaci\u00f3n, la atenci\u00f3n sanitaria y oportunidades de desarrollo personal. Estos derechos fundamentales son pilares en la lucha contra la pobreza.  <\/p>\n\n<p><strong>6. Valoramos la sostenibilidad y la equidad, que deben ir de la mano.<\/strong>  Un mundo justo es un mundo sostenible. Rechazamos los sistemas que explotan a las personas o la naturaleza para obtener beneficios a corto plazo. En su lugar, trabajamos por soluciones comunitarias, salarios justos y asociaciones \u00e9ticas.    <\/p>\n\n<p><strong>7. Valoramos la \u00e9tica de las herramientas digitales y de la IA<\/strong> basada en principios morales y directrices rigurosas. Deben garantizarse la confidencialidad, la seguridad y la responsabilidad. Debe protegerse la supervisi\u00f3n humana y parental para que las herramientas digitales no sustituyan a las decisiones humanas esenciales.    <\/p>\n\n<p><strong>8. Valoramos la igualdad para todos, y en particular los derechos de los ni\u00f1os<\/strong>. La legalidad debe anclarse en pr\u00e1cticas que garanticen su protecci\u00f3n, bienestar y desarrollo. Todos los ni\u00f1os deben recibir un trato justo, independientemente de su origen, sexo, capacidad o cualquier otra diferencia.    <\/p>\n\n<p>En la Fundaci\u00f3n Albatross, nuestros valores viven a trav\u00e9s de nuestros programas, nuestras asociaciones y nuestras elecciones diarias con nuestros voluntarios dedicados a nuestra Misi\u00f3n.<\/p>\n\n<p><\/p>\n\n<p id=\"block-3ee16cb6-33d9-4ec9-8d42-f12d30cfa120\"><strong>VISI\u00d3N Y OBJETIVOS:<\/strong> Promover la creaci\u00f3n de<strong> \u00abLigas Juveniles\u00bb Albatross en todo el mundo<\/strong>, impulsadas por los mismos principios y l\u00edderes para la implementaci\u00f3n en sus pa\u00edses de m\u00faltiples proyectos que contribuyan a la Educaci\u00f3n para el Desarrollo Sostenible. Continuar <strong>desarrollando nuestra red de voluntarios<\/strong> dedicados a nuestra Misi\u00f3n y con reconocida experiencia en su campo de intervenci\u00f3n dentro de los proyectos Albatross. Ser reconocida como la <strong>primera \u00abi-Fundaci\u00f3n<\/strong> \u00bb con un enfoque proyecto por proyecto, un m\u00e9todo de \u00abFormaci\u00f3n de Formadores\u00bb y que opera sin costes fijos con toda su financiaci\u00f3n asignada a proyectos al servicio de nuestra Misi\u00f3n.    <\/p>\n\n<h2 class=\"wp-block-heading has-text-align-center\"><\/h2>\n","protected":false},"excerpt":{"rendered":"<p>VISI\u00d3N: Un mundo justo en el que los sistemas econ\u00f3micos y sociales sean sostenibles, equitativos, colaborativos e innovadores. MISI\u00d3N: Proporcionar educaci\u00f3n gratuita a los j\u00f3venes sobre el desarrollo sostenible utilizando herramientas y programas cient\u00edficos, divertidos e innovadores. VALORES: Sostenibilidad: Un futuro en el que las soluciones sean regenerativas, basadas en econom\u00edas circulares y en el [&hellip;]<\/p>\n","protected":false},"author":4,"featured_media":935273,"parent":0,"menu_order":0,"comment_status":"closed","ping_status":"closed","template":"","meta":{"_uag_custom_page_level_css":"","site-sidebar-layout":"default","site-content-layout":"","ast-site-content-layout":"default","site-content-style":"default","site-sidebar-style":"default","ast-global-header-display":"","ast-banner-title-visibility":"","ast-main-header-display":"","ast-hfb-above-header-display":"","ast-hfb-below-header-display":"","ast-hfb-mobile-header-display":"","site-post-title":"disabled","ast-breadcrumbs-content":"","ast-featured-img":"","footer-sml-layout":"","ast-disable-related-posts":"","theme-transparent-header-meta":"","adv-header-id-meta":"","stick-header-meta":"","header-above-stick-meta":"","header-main-stick-meta":"","header-below-stick-meta":"","astra-migrate-meta-layouts":"default","ast-page-background-enabled":"default","ast-page-background-meta":{"desktop":{"background-color":"","background-image":"","background-repeat":"repeat","background-position":"center center","background-size":"auto","background-attachment":"scroll","background-type":"","background-media":"","overlay-type":"","overlay-color":"","overlay-opacity":"","overlay-gradient":""},"tablet":{"background-color":"","background-image":"","background-repeat":"repeat","background-position":"center center","background-size":"auto","background-attachment":"scroll","background-type":"","background-media":"","overlay-type":"","overlay-color":"","overlay-opacity":"","overlay-gradient":""},"mobile":{"background-color":"","background-image":"","background-repeat":"repeat","background-position":"center center","background-size":"auto","background-attachment":"scroll","background-type":"","background-media":"","overlay-type":"","overlay-color":"","overlay-opacity":"","overlay-gradient":""}},"ast-content-background-meta":{"desktop":{"background-color":"var(--ast-global-color-5)","background-image":"","background-repeat":"repeat","background-position":"center center","background-size":"auto","background-attachment":"scroll","background-type":"","background-media":"","overlay-type":"","overlay-color":"","overlay-opacity":"","overlay-gradient":""},"tablet":{"background-color":"var(--ast-global-color-5)","background-image":"","background-repeat":"repeat","background-position":"center center","background-size":"auto","background-attachment":"scroll","background-type":"","background-media":"","overlay-type":"","overlay-color":"","overlay-opacity":"","overlay-gradient":""},"mobile":{"background-color":"var(--ast-global-color-5)","background-image":"","background-repeat":"repeat","background-position":"center center","background-size":"auto","background-attachment":"scroll","background-type":"","background-media":"","overlay-type":"","overlay-color":"","overlay-opacity":"","overlay-gradient":""}},"footnotes":""},"class_list":["post-984664","page","type-page","status-publish","has-post-thumbnail","hentry"],"_wp_attached_file":null,"siteground_optimizer_is_optimized":null,"wp-smush-lossy":null,"wp-smpro-smush-data":null,"wpml_media_processed":null,"wp-smush-ignore-bulk":null,"_wp_attachment_image_alt":null,"_astra_sites_image_hash":null,"_elementor_source_image_hash":null,"_wp_attachment_context":null,"_oembed_82a5c35e9300b18f214e29423b80ccc1":null,"_wp_attachment_backup_sizes":null,"_oembed_962f988bbbdcfd4a23c50360ead75e99":null,"wp-smush-error":null,"wp-smush-optimization-errors":null,"_wp_trash_meta_status":null,"_wp_trash_meta_time":null,"_menu_item_type":null,"_menu_item_menu_item_parent":null,"_menu_item_object_id":null,"_menu_item_object":null,"_menu_item_target":null,"_menu_item_classes":null,"_menu_item_xfn":null,"_menu_item_url":null,"_customize_changeset_uuid":null,"site-post-title":"disabled","site-sidebar-layout":"default","site-content-layout":"","_yoast_wpseo_content_score":null,"astra-main-page-id":null,"_yoast_wpseo_estimated-reading-time-minutes":null,"ast_ist_mapping":null,"ast_self_id_48452":null,"rank_math_title":null,"rank_math_description":null,"site-content-style":"default","site-sidebar-style":"default","_wp_page_template":"","ast_self_id_48450":null,"ast_self_id_48451":null,"ast_self_id_48449":null,"ast_self_id_48453":null,"ast-featured-img":"","_oembed_57b40ba93a9ad9878fb0f0fa6f613ecc":null,"_oembed_time_57b40ba93a9ad9878fb0f0fa6f613ecc":null,"_oembed_41c9285399048f9301d0d1168e43343d":null,"_oembed_time_41c9285399048f9301d0d1168e43343d":null,"_oembed_38f3fd5741367c2221c86f09f2f9954f":null,"_oembed_time_38f3fd5741367c2221c86f09f2f9954f":null,"_oembed_93ddf6953ee718c6d9a5fefc37ed8568":null,"_oembed_time_93ddf6953ee718c6d9a5fefc37ed8568":null,"_uag_js_file_name":null,"_oembed_06dca8326686b8907e0b4154c81d6f8b":null,"cosmoswp_site_layout":null,"cosmoswp_sidebar_options":null,"cosmoswp_header_layout":null,"cosmoswp_footer_layout":null,"cosmoswp_banner_options_layout":null,"gutentor_dynamic_css":null,"gutentor_css_info":null,"rank_math_primary_category":null,"_pingme":null,"_encloseme":null,"user_id":null,"user_login":null,"_form":null,"_mail":null,"_mail_2":null,"_messages":null,"_additional_settings":null,"_locale":null,"_astra_sites_imported_wp_forms":null,"_wp_attachment_metadata":null,"rank_math_news_sitemap_robots":null,"rank_math_robots":null,"_wpml_word_count":null,"_uag_page_assets":{"css":".wp-block-uagb-advanced-heading h1,.wp-block-uagb-advanced-heading h2,.wp-block-uagb-advanced-heading h3,.wp-block-uagb-advanced-heading h4,.wp-block-uagb-advanced-heading h5,.wp-block-uagb-advanced-heading h6,.wp-block-uagb-advanced-heading p,.wp-block-uagb-advanced-heading div{word-break:break-word}.wp-block-uagb-advanced-heading .uagb-heading-text{margin:0}.wp-block-uagb-advanced-heading .uagb-desc-text{margin:0}.wp-block-uagb-advanced-heading .uagb-separator{font-size:0;border-top-style:solid;display:inline-block;margin:0 0 10px 0}.wp-block-uagb-advanced-heading .uagb-highlight{color:#f78a0c;border:0;transition:all 0.3s ease}.uag-highlight-toolbar{border-left:0;border-top:0;border-bottom:0;border-radius:0;border-right-color:#1e1e1e}.uag-highlight-toolbar .components-button{border-radius:0;outline:none}.uag-highlight-toolbar .components-button.is-primary{color:#fff}\n.wp-block-uagb-advanced-heading.uagb-block-fde85a02.wp-block-uagb-advanced-heading {text-align: center;}.wp-block-uagb-advanced-heading.uagb-block-fde85a02.wp-block-uagb-advanced-heading .uagb-desc-text{margin-bottom: 15px;}.wp-block-uagb-advanced-heading.uagb-block-fde85a02.wp-block-uagb-advanced-heading .uagb-highlight{font-style: normal;font-weight: Default;background: #007cba;color: #fff;-webkit-text-fill-color: #fff;}.wp-block-uagb-advanced-heading.uagb-block-fde85a02.wp-block-uagb-advanced-heading .uagb-highlight::-moz-selection{color: #fff;background: #007cba;-webkit-text-fill-color: #fff;}.wp-block-uagb-advanced-heading.uagb-block-fde85a02.wp-block-uagb-advanced-heading .uagb-highlight::selection{color: #fff;background: #007cba;-webkit-text-fill-color: #fff;}.wp-block-uagb-advanced-heading.uagb-block-fde85a02 .uagb-heading-text{margin-bottom: 15px;}.uag-blocks-common-selector{z-index:var(--z-index-desktop) !important}@media (max-width: 976px){.uag-blocks-common-selector{z-index:var(--z-index-tablet) !important}}@media (max-width: 767px){.uag-blocks-common-selector{z-index:var(--z-index-mobile) !important}}\n","js":"","current_block_list":["core\/cover","uagb\/advanced-heading","core\/paragraph","core\/heading","core\/search","core\/group","core\/latest-posts","core\/latest-comments","core\/archives","core\/categories"],"uag_flag":true,"uag_version":"1775732686","gfonts":[],"gfonts_url":"","gfonts_files":[],"uag_faq_layout":false},"_wxr_import_user_slug":null,"_astra_sites_imported_post":null,"_astra_sites_enable_for_batch":null,"_top_nav_excluded":"","_cms_nav_minihome":"","_wp_old_slug":null,"_edit_lock":null,"_last_translation_edit_mode":"translation-editor","_wp_old_date":null,"_wpml_location_migration_done":null,"rank_math_analytic_object_id":"154","rank_math_internal_links_processed":"1","rank_math_seo_score":null,"_edit_last":null,"_wpml_media_featured":null,"_wpml_media_duplicate":null,"theme-transparent-header-meta":"","rank_math_focus_keyword":null,"_uag_custom_page_level_css":null,"ast-site-content-layout":"default","adv-header-id-meta":"","stick-header-meta":"","astra-migrate-meta-layouts":null,"footnotes":null,"_uag_css_file_name":"uag-css-984664.css","rank_math_og_content_image":null,"_thumbnail_id":"935273","data":null,"user_ip":null,"uagb_featured_image_src":{"full":["https:\/\/albatrossglobal.org\/wp-content\/uploads\/2025\/02\/AlbaHomes2-1.png",1004,675,false],"thumbnail":["https:\/\/albatrossglobal.org\/wp-content\/uploads\/2025\/02\/AlbaHomes2-1-150x150.png",150,150,true],"medium":["https:\/\/albatrossglobal.org\/wp-content\/uploads\/2025\/02\/AlbaHomes2-1-300x202.png",300,202,true],"medium_large":["https:\/\/albatrossglobal.org\/wp-content\/uploads\/2025\/02\/AlbaHomes2-1-768x516.png",768,516,true],"large":["https:\/\/albatrossglobal.org\/wp-content\/uploads\/2025\/02\/AlbaHomes2-1.png",1004,675,false],"1536x1536":["https:\/\/albatrossglobal.org\/wp-content\/uploads\/2025\/02\/AlbaHomes2-1.png",1004,675,false],"2048x2048":["https:\/\/albatrossglobal.org\/wp-content\/uploads\/2025\/02\/AlbaHomes2-1.png",1004,675,false]},"uagb_author_info":{"display_name":"Carlos","author_link":"https:\/\/albatrossglobal.org\/es\/"},"uagb_comment_info":0,"uagb_excerpt":"VISI\u00d3N: Un mundo justo en el que los sistemas econ\u00f3micos y sociales sean sostenibles, equitativos, colaborativos e innovadores. MISI\u00d3N: Proporcionar educaci\u00f3n gratuita a los j\u00f3venes sobre el desarrollo sostenible utilizando herramientas y programas cient\u00edficos, divertidos e innovadores. VALORES: Sostenibilidad: Un futuro en el que las soluciones sean regenerativas, basadas en econom\u00edas circulares y en el&hellip;","_links":{"self":[{"href":"https:\/\/albatrossglobal.org\/es\/wp-json\/wp\/v2\/pages\/984664","targetHints":{"allow":["GET"]}}],"collection":[{"href":"https:\/\/albatrossglobal.org\/es\/wp-json\/wp\/v2\/pages"}],"about":[{"href":"https:\/\/albatrossglobal.org\/es\/wp-json\/wp\/v2\/types\/page"}],"author":[{"embeddable":true,"href":"https:\/\/albatrossglobal.org\/es\/wp-json\/wp\/v2\/users\/4"}],"replies":[{"embeddable":true,"href":"https:\/\/albatrossglobal.org\/es\/wp-json\/wp\/v2\/comments?post=984664"}],"version-history":[{"count":13,"href":"https:\/\/albatrossglobal.org\/es\/wp-json\/wp\/v2\/pages\/984664\/revisions"}],"predecessor-version":[{"id":1002944,"href":"https:\/\/albatrossglobal.org\/es\/wp-json\/wp\/v2\/pages\/984664\/revisions\/1002944"}],"wp:featuredmedia":[{"embeddable":true,"href":"https:\/\/albatrossglobal.org\/es\/wp-json\/wp\/v2\/media\/935273"}],"wp:attachment":[{"href":"https:\/\/albatrossglobal.org\/es\/wp-json\/wp\/v2\/media?parent=984664"}],"curies":[{"name":"wp","href":"https:\/\/api.w.org\/{rel}","templated":true}]}}