{"id":952137,"date":"2024-11-07T10:58:08","date_gmt":"2024-11-07T09:58:08","guid":{"rendered":"https:\/\/albatrossglobal.org\/condiciones-del-servicio\/"},"modified":"2025-04-13T17:41:47","modified_gmt":"2025-04-13T15:41:47","slug":"condiciones-del-servicio","status":"publish","type":"page","link":"https:\/\/albatrossglobal.org\/es\/condiciones-del-servicio\/","title":{"rendered":"Condiciones de servicio y condiciones generales de venta"},"content":{"rendered":"\n<p>Estos t\u00e9rminos y condiciones se aplican a la Fundaci\u00f3n Albatross (www.albatrossglobal.org), Albatross Legal (www.albatrosslegal.org) y Create2donate (www.create2donate.org), en lo sucesivo denominadas por separado o conjuntamente \u00abAlbatross\u00bb.<\/p>\n\n<h2 class=\"wp-block-heading\">I. Exenci\u00f3n de responsabilidad<\/h2>\n\n<p>Albatross proporciona la informaci\u00f3n contenida en este sitio web \u00fanicamente como un recurso para sus usuarios, sin ning\u00fan tipo de garant\u00eda. Aunque Albatross se esfuerza por ofrecer contenidos de alta calidad en su sitio, no garantiza la exactitud, fiabilidad o actualidad de dicha informaci\u00f3n y, por tanto, no ser\u00e1 responsable en modo alguno de los da\u00f1os o p\u00e9rdidas sufridos por el usuario que puedan derivarse del uso de dicha informaci\u00f3n. Del mismo modo, Albatross no se responsabiliza de los errores, omisiones o alteraciones involuntarias que puedan producirse en la divulgaci\u00f3n de los contenidos de su sitio web. Las opiniones expresadas en el sitio web son exclusivamente las de Albatross. Albatross no garantiza la exactitud de los datos incluidos en su publicaci\u00f3n y no se responsabiliza de las consecuencias de su uso.    <\/p>\n\n<h2 class=\"wp-block-heading\">II. Enlaces a sitios web de terceros<\/h2>\n\n<p>Albatross proporciona una serie de enlaces a sitios web de terceros para comodidad de sus usuarios. La inclusi\u00f3n de estos enlaces no implica la aprobaci\u00f3n por parte de Albatross. En la medida en que dichos enlaces no est\u00e9n bajo el control de Albatross, Albatross no se hace responsable del contenido de dichos sitios ni de las opiniones o declaraciones expresadas en los mismos. Esto tambi\u00e9n se aplica a los enlaces que puedan aparecer en dichos sitios.   <\/p>\n\n<h2 class=\"wp-block-heading\">III. Enlaces a sitios web de Albatros<\/h2>\n\n<p>En general, los sitios web pueden enlazar con los sitios web de Albatross sin solicitar permiso a Albatross. Sin embargo, dichos enlaces deben indicar claramente que Albatross es la fuente de la informaci\u00f3n mostrada y deben preservar la integridad de las p\u00e1ginas web de Albatross sin modificarlas. <\/p>\n\n<h2 class=\"wp-block-heading\">IV. Denuncia de irregularidades<\/h2>\n\n<h3 class=\"wp-block-heading\">4.1 Procedimiento de denuncia<\/h3>\n\n<p>Cualquier parte interesada debe informar de cualquier observaci\u00f3n o sospecha:<\/p>\n\n<ul class=\"wp-block-list\">\n<li>fraude, robo o mala conducta financiera<\/li>\n\n\n\n<li>Riesgos para la seguridad o infracciones de las normas de salud y seguridad<\/li>\n\n\n\n<li>Discriminaci\u00f3n, acoso u otras violaciones de las leyes de igualdad laboral<\/li>\n\n\n\n<li>Violaci\u00f3n de la pol\u00edtica de la empresa o de la normativa legal<\/li>\n\n\n\n<li>Cualquier otro comportamiento poco \u00e9tico, ilegal o inapropiado.<\/li>\n<\/ul>\n\n<p>Las reclamaciones pueden enviarse por correo electr\u00f3nico a Info@albatrossglobal.org o por correo postal a Albatross, Domaine du Buis, 207 chemin du Buis, 42110 Pouilly les Feurs, Francia.  <\/p>\n\n<h3 class=\"wp-block-heading\">4.2 Confidencialidad<\/h3>\n\n<p>Albatross tratar\u00e1 todos los informes de los denunciantes como confidenciales, en la medida de lo posible, permitiendo al mismo tiempo una investigaci\u00f3n exhaustiva. La identidad del denunciante no se revelar\u00e1 sin su consentimiento, a menos que lo exija la ley. <\/p>\n\n<h3 class=\"wp-block-heading\">4.3 Exigencia de buena fe<\/h3>\n\n<p>Las denuncias deben hacerse de buena fe, en la creencia razonable de que la informaci\u00f3n proporcionada es verdadera. Cualquier persona a la que se descubra que ha realizado intencionadamente informes falsos o malintencionados puede ser objeto de medidas disciplinarias. <\/p>\n\n<h3 class=\"wp-block-heading\">4.4 Proceso de investigaci\u00f3n<\/h3>\n\n<p>Tras recibir el informe, Albatross :<\/p>\n\n<ul class=\"wp-block-list\">\n<li>lleva a cabo una investigaci\u00f3n r\u00e1pida, exhaustiva e imparcial<\/li>\n\n\n\n<li>Conserva la documentaci\u00f3n de los resultados y las medidas adoptadas<\/li>\n\n\n\n<li>Tomar medidas correctivas si se confirma la mala conducta.<\/li>\n<\/ul>\n\n<h3 class=\"wp-block-heading\">4.5 Revisi\u00f3n y modificaci\u00f3n<\/h3>\n\n<p>Estas condiciones se revisar\u00e1n peri\u00f3dicamente y podr\u00e1n modificarse para reflejar cambios en la legislaci\u00f3n, las mejores pr\u00e1cticas o cambios organizativos.<\/p>\n\n<h2 class=\"wp-block-heading\">V. Condiciones generales de venta<\/h2>\n\n<h3 class=\"wp-block-heading\">5.1 Aceptaci\u00f3n del pedido<\/h3>\n\n<p>Al hacer un pedido en nuestro sitio web Albatross, aceptas estas condiciones. Todos los pedidos est\u00e1n sujetos a disponibilidad y a la confirmaci\u00f3n del precio del pedido. <\/p>\n\n<h3 class=\"wp-block-heading\">5.2 Precios y pago<\/h3>\n\n<p>Los precios indicados en nuestro sitio Albatross se expresan en la moneda aplicable e incluyen los impuestos aplicables, salvo que se indique lo contrario, y excluyen los derechos de aduana aplicables.<br\/>Salvo que se acuerde expresamente lo contrario, el pago se efectuar\u00e1 mediante el m\u00e9todo de pago STRIPE incluido.<br\/>Nos reservamos el derecho a ajustar los precios en cualquier momento.<\/p>\n\n<h3 class=\"wp-block-heading\">5.3 Env\u00edo y entrega<\/h3>\n\n<p>Nuestro objetivo es enviar todos los pedidos a tiempo. Los plazos de entrega pueden variar seg\u00fan la ubicaci\u00f3n y el m\u00e9todo de env\u00edo. Albatross no es responsable, directa o indirectamente, de ning\u00fan retraso.  <\/p>\n\n<h3 class=\"wp-block-heading\">5.4 Exclusi\u00f3n de responsabilidad<\/h3>\n\n<p>Albatross no ser\u00e1 responsable de ning\u00fan da\u00f1o directo, indirecto, incidental o consecuente en relaci\u00f3n con el uso de sus productos y servicios, salvo que la ley lo exija expresamente. En tales casos, la responsabilidad se limitar\u00e1 siempre al coste del art\u00edculo adquirido. <\/p>\n\n<h3 class=\"wp-block-heading\">5.5 Modificaci\u00f3n de las condiciones<\/h3>\n\n<p>Estos t\u00e9rminos y condiciones est\u00e1n sujetos a cambios sin previo aviso. Al seguir utilizando el sitio web de Albatross, aceptas estos cambios. <\/p>\n\n<h3 class=\"wp-block-heading\">VI Legislaci\u00f3n aplicable<\/h3>\n\n<p>Estas condiciones se rigen, interpretan y aplican de acuerdo con la legislaci\u00f3n francesa, siendo la lengua de interpretaci\u00f3n el franc\u00e9s. En caso de litigio, se buscar\u00e1 un acuerdo amistoso. A falta de acuerdo amistoso, cualquier litigio se someter\u00e1 a la jurisdicci\u00f3n exclusiva de los tribunales franceses.  <\/p>\n\n<p><\/p>\n","protected":false},"excerpt":{"rendered":"<p>Estos t\u00e9rminos y condiciones se aplican a la Fundaci\u00f3n Albatross (www.albatrossglobal.org), Albatross Legal (www.albatrosslegal.org) y Create2donate (www.create2donate.org), en lo sucesivo denominadas por separado o conjuntamente \u00abAlbatross\u00bb. I. Exenci\u00f3n de responsabilidad Albatross proporciona la informaci\u00f3n contenida en este sitio web \u00fanicamente como un recurso para sus usuarios, sin ning\u00fan tipo de garant\u00eda. Aunque Albatross se esfuerza [&hellip;]<\/p>\n","protected":false},"author":7,"featured_media":0,"parent":0,"menu_order":0,"comment_status":"closed","ping_status":"closed","template":"","meta":{"_uag_custom_page_level_css":"","site-sidebar-layout":"default","site-content-layout":"","ast-site-content-layout":"default","site-content-style":"default","site-sidebar-style":"default","ast-global-header-display":"","ast-banner-title-visibility":"","ast-main-header-display":"","ast-hfb-above-header-display":"","ast-hfb-below-header-display":"","ast-hfb-mobile-header-display":"","site-post-title":"","ast-breadcrumbs-content":"","ast-featured-img":"","footer-sml-layout":"","ast-disable-related-posts":"","theme-transparent-header-meta":"","adv-header-id-meta":"","stick-header-meta":"","header-above-stick-meta":"","header-main-stick-meta":"","header-below-stick-meta":"","astra-migrate-meta-layouts":"default","ast-page-background-enabled":"default","ast-page-background-meta":{"desktop":{"background-color":"","background-image":"","background-repeat":"repeat","background-position":"center center","background-size":"auto","background-attachment":"scroll","background-type":"","background-media":"","overlay-type":"","overlay-color":"","overlay-opacity":"","overlay-gradient":""},"tablet":{"background-color":"","background-image":"","background-repeat":"repeat","background-position":"center center","background-size":"auto","background-attachment":"scroll","background-type":"","background-media":"","overlay-type":"","overlay-color":"","overlay-opacity":"","overlay-gradient":""},"mobile":{"background-color":"","background-image":"","background-repeat":"repeat","background-position":"center center","background-size":"auto","background-attachment":"scroll","background-type":"","background-media":"","overlay-type":"","overlay-color":"","overlay-opacity":"","overlay-gradient":""}},"ast-content-background-meta":{"desktop":{"background-color":"var(--ast-global-color-5)","background-image":"","background-repeat":"repeat","background-position":"center center","background-size":"auto","background-attachment":"scroll","background-type":"","background-media":"","overlay-type":"","overlay-color":"","overlay-opacity":"","overlay-gradient":""},"tablet":{"background-color":"var(--ast-global-color-5)","background-image":"","background-repeat":"repeat","background-position":"center center","background-size":"auto","background-attachment":"scroll","background-type":"","background-media":"","overlay-type":"","overlay-color":"","overlay-opacity":"","overlay-gradient":""},"mobile":{"background-color":"var(--ast-global-color-5)","background-image":"","background-repeat":"repeat","background-position":"center center","background-size":"auto","background-attachment":"scroll","background-type":"","background-media":"","overlay-type":"","overlay-color":"","overlay-opacity":"","overlay-gradient":""}},"footnotes":""},"class_list":["post-952137","page","type-page","status-publish","hentry"],"_wp_attached_file":null,"siteground_optimizer_is_optimized":null,"wp-smush-lossy":null,"wp-smpro-smush-data":null,"wpml_media_processed":null,"wp-smush-ignore-bulk":null,"_wp_attachment_image_alt":null,"_astra_sites_image_hash":null,"_elementor_source_image_hash":null,"_wp_attachment_context":null,"_oembed_82a5c35e9300b18f214e29423b80ccc1":null,"_wp_attachment_backup_sizes":null,"_oembed_962f988bbbdcfd4a23c50360ead75e99":null,"wp-smush-error":null,"wp-smush-optimization-errors":null,"_wp_trash_meta_status":null,"_wp_trash_meta_time":null,"_menu_item_type":null,"_menu_item_menu_item_parent":null,"_menu_item_object_id":null,"_menu_item_object":null,"_menu_item_target":null,"_menu_item_classes":null,"_menu_item_xfn":null,"_menu_item_url":null,"_customize_changeset_uuid":null,"site-post-title":null,"site-sidebar-layout":null,"site-content-layout":null,"_yoast_wpseo_content_score":null,"astra-main-page-id":null,"_yoast_wpseo_estimated-reading-time-minutes":null,"ast_ist_mapping":null,"ast_self_id_48452":null,"rank_math_title":null,"rank_math_description":null,"site-content-style":null,"site-sidebar-style":null,"_wp_page_template":"","ast_self_id_48450":null,"ast_self_id_48451":null,"ast_self_id_48449":null,"ast_self_id_48453":null,"ast-featured-img":null,"_oembed_57b40ba93a9ad9878fb0f0fa6f613ecc":null,"_oembed_time_57b40ba93a9ad9878fb0f0fa6f613ecc":null,"_oembed_41c9285399048f9301d0d1168e43343d":null,"_oembed_time_41c9285399048f9301d0d1168e43343d":null,"_oembed_38f3fd5741367c2221c86f09f2f9954f":null,"_oembed_time_38f3fd5741367c2221c86f09f2f9954f":null,"_oembed_93ddf6953ee718c6d9a5fefc37ed8568":null,"_oembed_time_93ddf6953ee718c6d9a5fefc37ed8568":null,"_uag_js_file_name":null,"_oembed_06dca8326686b8907e0b4154c81d6f8b":null,"cosmoswp_site_layout":null,"cosmoswp_sidebar_options":null,"cosmoswp_header_layout":null,"cosmoswp_footer_layout":null,"cosmoswp_banner_options_layout":null,"gutentor_dynamic_css":null,"gutentor_css_info":null,"rank_math_primary_category":null,"_pingme":null,"_encloseme":null,"user_id":null,"user_login":null,"_form":null,"_mail":null,"_mail_2":null,"_messages":null,"_additional_settings":null,"_locale":null,"_astra_sites_imported_wp_forms":null,"_wp_attachment_metadata":null,"rank_math_news_sitemap_robots":null,"rank_math_robots":null,"_wpml_word_count":"905","_uag_page_assets":{"css":".uag-blocks-common-selector{z-index:var(--z-index-desktop) !important}@media (max-width: 976px){.uag-blocks-common-selector{z-index:var(--z-index-tablet) !important}}@media (max-width: 767px){.uag-blocks-common-selector{z-index:var(--z-index-mobile) !important}}\n","js":"","current_block_list":["core\/paragraph","core\/heading","core\/list","core\/list-item","core\/search","core\/group","core\/latest-posts","core\/latest-comments","core\/archives","core\/categories"],"uag_flag":false,"uag_version":"1775989119","gfonts":[],"gfonts_url":"","gfonts_files":[],"uag_faq_layout":false},"_wxr_import_user_slug":null,"_astra_sites_imported_post":null,"_astra_sites_enable_for_batch":null,"_top_nav_excluded":"","_cms_nav_minihome":"","_wp_old_slug":null,"_edit_lock":null,"_last_translation_edit_mode":"translation-editor","_wp_old_date":null,"_wpml_location_migration_done":null,"rank_math_analytic_object_id":"189","rank_math_internal_links_processed":"1","rank_math_seo_score":null,"_edit_last":null,"_wpml_media_featured":null,"_wpml_media_duplicate":null,"theme-transparent-header-meta":"","rank_math_focus_keyword":null,"_uag_custom_page_level_css":null,"ast-site-content-layout":"default","adv-header-id-meta":"","stick-header-meta":"","astra-migrate-meta-layouts":null,"footnotes":null,"_uag_css_file_name":"uag-css-952137.css","rank_math_og_content_image":null,"_thumbnail_id":null,"data":null,"user_ip":null,"uagb_featured_image_src":{"full":false,"thumbnail":false,"medium":false,"medium_large":false,"large":false,"1536x1536":false,"2048x2048":false},"uagb_author_info":{"display_name":"Albapouilly","author_link":"https:\/\/albatrossglobal.org\/es\/"},"uagb_comment_info":0,"uagb_excerpt":"Estos t\u00e9rminos y condiciones se aplican a la Fundaci\u00f3n Albatross (www.albatrossglobal.org), Albatross Legal (www.albatrosslegal.org) y Create2donate (www.create2donate.org), en lo sucesivo denominadas por separado o conjuntamente \u00abAlbatross\u00bb. I. Exenci\u00f3n de responsabilidad Albatross proporciona la informaci\u00f3n contenida en este sitio web \u00fanicamente como un recurso para sus usuarios, sin ning\u00fan tipo de garant\u00eda. Aunque Albatross se esfuerza&hellip;","_links":{"self":[{"href":"https:\/\/albatrossglobal.org\/es\/wp-json\/wp\/v2\/pages\/952137","targetHints":{"allow":["GET"]}}],"collection":[{"href":"https:\/\/albatrossglobal.org\/es\/wp-json\/wp\/v2\/pages"}],"about":[{"href":"https:\/\/albatrossglobal.org\/es\/wp-json\/wp\/v2\/types\/page"}],"author":[{"embeddable":true,"href":"https:\/\/albatrossglobal.org\/es\/wp-json\/wp\/v2\/users\/7"}],"replies":[{"embeddable":true,"href":"https:\/\/albatrossglobal.org\/es\/wp-json\/wp\/v2\/comments?post=952137"}],"version-history":[{"count":3,"href":"https:\/\/albatrossglobal.org\/es\/wp-json\/wp\/v2\/pages\/952137\/revisions"}],"predecessor-version":[{"id":1021388,"href":"https:\/\/albatrossglobal.org\/es\/wp-json\/wp\/v2\/pages\/952137\/revisions\/1021388"}],"wp:attachment":[{"href":"https:\/\/albatrossglobal.org\/es\/wp-json\/wp\/v2\/media?parent=952137"}],"curies":[{"name":"wp","href":"https:\/\/api.w.org\/{rel}","templated":true}]}}