{"id":872380,"date":"2022-03-18T12:29:32","date_gmt":"2022-03-18T11:29:32","guid":{"rendered":"https:\/\/albatrossglobal.org\/nuestros-modulos-de-aprendizaje-disponibles\/"},"modified":"2024-12-10T19:28:54","modified_gmt":"2024-12-10T18:28:54","slug":"nuestros-modulos-de-aprendizaje-disponibles","status":"publish","type":"page","link":"https:\/\/albatrossglobal.org\/es\/nuestros-modulos-de-aprendizaje-disponibles\/","title":{"rendered":"Nuestros m\u00f3dulos de aprendizaje disponibles"},"content":{"rendered":"\n<p><strong>Sobre el tema del agua<\/strong><\/p>\n\n<p>Filtraci\u00f3n del agua (enlace de hipertexto)<\/p>\n\n<p>El ciclo urbano del agua<\/p>\n\n<p>El ciclo natural del agua<\/p>\n\n<p>Contaminaci\u00f3n del agua<\/p>\n\n<p>Contaminaci\u00f3n oce\u00e1nica<\/p>\n\n<p>La creciente escasez de agua dulce<\/p>\n\n<p>\u00bfQu\u00e9 puedo cambiar?<\/p>\n\n<p><strong>Sobre el tema del aire<\/strong><\/p>\n\n<p>Fuentes de contaminaci\u00f3n atmosf\u00e9rica<\/p>\n\n<p>El efecto invernadero (enlace de hipertexto)<\/p>\n\n<p>El efecto invernadero y la contaminaci\u00f3n<\/p>\n\n<p>Contaminaci\u00f3n del aire y de interiores<\/p>\n\n<p>Contaminaci\u00f3n atmosf\u00e9rica y salud<\/p>\n\n<p>\u00bfQu\u00e9 puedo cambiar?<\/p>\n\n<p><strong>Sobre el tema de la energ\u00eda<\/strong><\/p>\n\n<p>\u00bfQu\u00e9 es la energ\u00eda?<\/p>\n\n<p>Energ\u00eda solar<\/p>\n\n<p>Energ\u00edas renovables<\/p>\n\n<p>\u00bfQu\u00e9 puedo cambiar?<\/p>\n\n<p><strong>Sobre el tema de la tierra<\/strong><\/p>\n\n<p>Biodiversidad<\/p>\n\n<p>El ciclo de la fertilidad del suelo<\/p>\n\n<p>Degradaci\u00f3n del suelo<\/p>\n\n<p>El papel del \u00e1rbol<\/p>\n\n<p>Las abejas<\/p>\n","protected":false},"excerpt":{"rendered":"<p>Sobre el tema del agua Filtraci\u00f3n del agua (enlace de hipertexto) El ciclo urbano del agua El ciclo natural del agua Contaminaci\u00f3n del agua Contaminaci\u00f3n oce\u00e1nica La creciente escasez de agua dulce \u00bfQu\u00e9 puedo cambiar? Sobre el tema del aire Fuentes de contaminaci\u00f3n atmosf\u00e9rica El efecto invernadero (enlace de hipertexto) El efecto invernadero y la [&hellip;]<\/p>\n","protected":false},"author":7,"featured_media":0,"parent":0,"menu_order":0,"comment_status":"closed","ping_status":"closed","template":"","meta":{"_uag_custom_page_level_css":"","site-sidebar-layout":"default","site-content-layout":"","ast-site-content-layout":"default","site-content-style":"default","site-sidebar-style":"default","ast-global-header-display":"","ast-banner-title-visibility":"","ast-main-header-display":"","ast-hfb-above-header-display":"","ast-hfb-below-header-display":"","ast-hfb-mobile-header-display":"","site-post-title":"","ast-breadcrumbs-content":"","ast-featured-img":"","footer-sml-layout":"","ast-disable-related-posts":"","theme-transparent-header-meta":"","adv-header-id-meta":"","stick-header-meta":"","header-above-stick-meta":"","header-main-stick-meta":"","header-below-stick-meta":"","astra-migrate-meta-layouts":"default","ast-page-background-enabled":"default","ast-page-background-meta":{"desktop":{"background-color":"","background-image":"","background-repeat":"repeat","background-position":"center center","background-size":"auto","background-attachment":"scroll","background-type":"","background-media":"","overlay-type":"","overlay-color":"","overlay-opacity":"","overlay-gradient":""},"tablet":{"background-color":"","background-image":"","background-repeat":"repeat","background-position":"center center","background-size":"auto","background-attachment":"scroll","background-type":"","background-media":"","overlay-type":"","overlay-color":"","overlay-opacity":"","overlay-gradient":""},"mobile":{"background-color":"","background-image":"","background-repeat":"repeat","background-position":"center center","background-size":"auto","background-attachment":"scroll","background-type":"","background-media":"","overlay-type":"","overlay-color":"","overlay-opacity":"","overlay-gradient":""}},"ast-content-background-meta":{"desktop":{"background-color":"var(--ast-global-color-5)","background-image":"","background-repeat":"repeat","background-position":"center center","background-size":"auto","background-attachment":"scroll","background-type":"","background-media":"","overlay-type":"","overlay-color":"","overlay-opacity":"","overlay-gradient":""},"tablet":{"background-color":"var(--ast-global-color-5)","background-image":"","background-repeat":"repeat","background-position":"center center","background-size":"auto","background-attachment":"scroll","background-type":"","background-media":"","overlay-type":"","overlay-color":"","overlay-opacity":"","overlay-gradient":""},"mobile":{"background-color":"var(--ast-global-color-5)","background-image":"","background-repeat":"repeat","background-position":"center center","background-size":"auto","background-attachment":"scroll","background-type":"","background-media":"","overlay-type":"","overlay-color":"","overlay-opacity":"","overlay-gradient":""}},"footnotes":""},"class_list":["post-872380","page","type-page","status-publish","hentry"],"_wp_attached_file":null,"siteground_optimizer_is_optimized":null,"wp-smush-lossy":null,"wp-smpro-smush-data":null,"wpml_media_processed":null,"wp-smush-ignore-bulk":null,"_wp_attachment_image_alt":null,"_astra_sites_image_hash":null,"_elementor_source_image_hash":null,"_wp_attachment_context":null,"_oembed_82a5c35e9300b18f214e29423b80ccc1":null,"_wp_attachment_backup_sizes":null,"_oembed_962f988bbbdcfd4a23c50360ead75e99":null,"wp-smush-error":null,"wp-smush-optimization-errors":null,"_wp_trash_meta_status":null,"_wp_trash_meta_time":null,"_menu_item_type":null,"_menu_item_menu_item_parent":null,"_menu_item_object_id":null,"_menu_item_object":null,"_menu_item_target":null,"_menu_item_classes":null,"_menu_item_xfn":null,"_menu_item_url":null,"_customize_changeset_uuid":null,"site-post-title":null,"site-sidebar-layout":null,"site-content-layout":null,"_yoast_wpseo_content_score":null,"astra-main-page-id":null,"_yoast_wpseo_estimated-reading-time-minutes":null,"ast_ist_mapping":null,"ast_self_id_48452":null,"rank_math_title":null,"rank_math_description":null,"site-content-style":null,"site-sidebar-style":null,"_wp_page_template":null,"ast_self_id_48450":null,"ast_self_id_48451":null,"ast_self_id_48449":null,"ast_self_id_48453":null,"ast-featured-img":null,"_oembed_57b40ba93a9ad9878fb0f0fa6f613ecc":null,"_oembed_time_57b40ba93a9ad9878fb0f0fa6f613ecc":null,"_oembed_41c9285399048f9301d0d1168e43343d":null,"_oembed_time_41c9285399048f9301d0d1168e43343d":null,"_oembed_38f3fd5741367c2221c86f09f2f9954f":null,"_oembed_time_38f3fd5741367c2221c86f09f2f9954f":null,"_oembed_93ddf6953ee718c6d9a5fefc37ed8568":null,"_oembed_time_93ddf6953ee718c6d9a5fefc37ed8568":null,"_uag_js_file_name":null,"_oembed_06dca8326686b8907e0b4154c81d6f8b":null,"cosmoswp_site_layout":null,"cosmoswp_sidebar_options":null,"cosmoswp_header_layout":null,"cosmoswp_footer_layout":null,"cosmoswp_banner_options_layout":null,"gutentor_dynamic_css":null,"gutentor_css_info":null,"rank_math_primary_category":null,"_pingme":null,"_encloseme":null,"user_id":null,"user_login":null,"_form":null,"_mail":null,"_mail_2":null,"_messages":null,"_additional_settings":null,"_locale":null,"_astra_sites_imported_wp_forms":null,"_wp_attachment_metadata":null,"rank_math_news_sitemap_robots":null,"rank_math_robots":["index"],"_wpml_word_count":null,"_uag_page_assets":{"css":".uag-blocks-common-selector{z-index:var(--z-index-desktop) !important}@media (max-width: 976px){.uag-blocks-common-selector{z-index:var(--z-index-tablet) !important}}@media (max-width: 767px){.uag-blocks-common-selector{z-index:var(--z-index-mobile) !important}}\n","js":"","current_block_list":["core\/paragraph","core\/search","core\/group","core\/heading","core\/latest-posts","core\/latest-comments","core\/archives","core\/categories"],"uag_flag":false,"uag_version":"1775310919","gfonts":[],"gfonts_url":"","gfonts_files":[],"uag_faq_layout":false},"_wxr_import_user_slug":null,"_astra_sites_imported_post":null,"_astra_sites_enable_for_batch":null,"_top_nav_excluded":"","_cms_nav_minihome":"","_wp_old_slug":null,"_edit_lock":null,"_last_translation_edit_mode":"translation-editor","_wp_old_date":null,"_wpml_location_migration_done":null,"rank_math_analytic_object_id":null,"rank_math_internal_links_processed":"1","rank_math_seo_score":null,"_edit_last":null,"_wpml_media_featured":null,"_wpml_media_duplicate":null,"theme-transparent-header-meta":null,"rank_math_focus_keyword":null,"_uag_custom_page_level_css":null,"ast-site-content-layout":null,"adv-header-id-meta":null,"stick-header-meta":null,"astra-migrate-meta-layouts":null,"footnotes":null,"_uag_css_file_name":"uag-css-872380.css","rank_math_og_content_image":null,"_thumbnail_id":null,"data":null,"user_ip":null,"uagb_featured_image_src":{"full":false,"thumbnail":false,"medium":false,"medium_large":false,"large":false,"1536x1536":false,"2048x2048":false},"uagb_author_info":{"display_name":"Albapouilly","author_link":"https:\/\/albatrossglobal.org\/es\/author\/albapouilly\/"},"uagb_comment_info":0,"uagb_excerpt":"Sobre el tema del agua Filtraci\u00f3n del agua (enlace de hipertexto) El ciclo urbano del agua El ciclo natural del agua Contaminaci\u00f3n del agua Contaminaci\u00f3n oce\u00e1nica La creciente escasez de agua dulce \u00bfQu\u00e9 puedo cambiar? Sobre el tema del aire Fuentes de contaminaci\u00f3n atmosf\u00e9rica El efecto invernadero (enlace de hipertexto) El efecto invernadero y la&hellip;","_links":{"self":[{"href":"https:\/\/albatrossglobal.org\/es\/wp-json\/wp\/v2\/pages\/872380","targetHints":{"allow":["GET"]}}],"collection":[{"href":"https:\/\/albatrossglobal.org\/es\/wp-json\/wp\/v2\/pages"}],"about":[{"href":"https:\/\/albatrossglobal.org\/es\/wp-json\/wp\/v2\/types\/page"}],"author":[{"embeddable":true,"href":"https:\/\/albatrossglobal.org\/es\/wp-json\/wp\/v2\/users\/7"}],"replies":[{"embeddable":true,"href":"https:\/\/albatrossglobal.org\/es\/wp-json\/wp\/v2\/comments?post=872380"}],"version-history":[{"count":1,"href":"https:\/\/albatrossglobal.org\/es\/wp-json\/wp\/v2\/pages\/872380\/revisions"}],"predecessor-version":[{"id":872381,"href":"https:\/\/albatrossglobal.org\/es\/wp-json\/wp\/v2\/pages\/872380\/revisions\/872381"}],"wp:attachment":[{"href":"https:\/\/albatrossglobal.org\/es\/wp-json\/wp\/v2\/media?parent=872380"}],"curies":[{"name":"wp","href":"https:\/\/api.w.org\/{rel}","templated":true}]}}