{"id":872342,"date":"2022-03-25T08:27:27","date_gmt":"2022-03-25T07:27:27","guid":{"rendered":"https:\/\/albatrossglobal.org\/quienes-somos\/"},"modified":"2025-04-28T21:37:26","modified_gmt":"2025-04-28T19:37:26","slug":"quienes-somos","status":"publish","type":"page","link":"https:\/\/albatrossglobal.org\/es\/quienes-somos\/","title":{"rendered":"\u00bfQui\u00e9nes somos?"},"content":{"rendered":"\n<div class=\"wp-block-cover alignfull is-position-center-center\" style=\"min-height:600px;aspect-ratio:unset;\"><img decoding=\"async\" width=\"900\" height=\"377\" class=\"wp-block-cover__image-background wp-image-867 lazyload\" alt=\"\" data-src=\"https:\/\/albatrossglobal.org\/wp-content\/uploads\/2022\/04\/LANCEMENT.jpg\" data-object-fit=\"cover\" data-srcset=\"https:\/\/albatrossglobal.org\/wp-content\/uploads\/2022\/04\/LANCEMENT.jpg 900w, https:\/\/albatrossglobal.org\/wp-content\/uploads\/2022\/04\/LANCEMENT-300x126.jpg 300w, https:\/\/albatrossglobal.org\/wp-content\/uploads\/2022\/04\/LANCEMENT-768x322.jpg 768w\" data-sizes=\"(max-width: 900px) 100vw, 900px\" src=\"data:image\/svg+xml;base64,PHN2ZyB3aWR0aD0iMSIgaGVpZ2h0PSIxIiB4bWxucz0iaHR0cDovL3d3dy53My5vcmcvMjAwMC9zdmciPjwvc3ZnPg==\" style=\"--smush-placeholder-width: 900px; --smush-placeholder-aspect-ratio: 900\/377;\" \/><span aria-hidden=\"true\" class=\"wp-block-cover__background has-ast-global-color-2-background-color has-background-dim\"><\/span><div class=\"wp-block-cover__inner-container is-layout-flow wp-block-cover-is-layout-flow\">\n<h1 class=\"wp-block-heading has-text-align-center has-text-color\" style=\"color:#ffffff\">\u00bfQui\u00e9nes somos?<\/h1>\n<\/div><\/div>\n\n<div style=\"height:50px\" aria-hidden=\"true\" class=\"wp-block-spacer\"><\/div>\n\n<section class=\"wp-block-uagb-section uagb-section__wrap uagb-section__background-undefined uagb-block-739232d2\"><div class=\"uagb-section__overlay\"><\/div><div class=\"uagb-section__inner-wrap\">\n<p class=\"has-ast-global-color-2-color has-text-color\" style=\"font-size:18px\">La Fundaci\u00f3n Albatross es una asociaci\u00f3n sin \u00e1nimo de lucro, creada legalmente en 2011 en Singapur, en 2012 en China y en 2017 en Francia. Su misi\u00f3n es promover la educaci\u00f3n gratuita para todos y crear una organizaci\u00f3n mundial para <strong>educar a los j\u00f3venes sobre el desarrollo sostenible<\/strong> utilizando herramientas innovadoras, interactivas y divertidas. <\/p>\n<\/div><\/section>\n\n<div class=\"inherit-container-width wp-block-group alignfull has-white-background-color has-background is-layout-constrained wp-block-group-is-layout-constrained\"><div class=\"wp-block-group__inner-container\">\n<div class=\"wp-block-media-text alignwide has-media-on-the-right is-stacked-on-mobile is-vertically-aligned-center is-image-fill-element\" style=\"grid-template-columns:auto 48%\"><div class=\"wp-block-media-text__content\">\n<h2 class=\"wp-block-heading has-ast-global-color-2-color has-text-color\">\u00bfCu\u00e1les son nuestros objetivos?<\/h2>\n\n\n\n<p class=\"has-ast-global-color-3-color has-text-color\">La continua destrucci\u00f3n del medio ambiente de la Tierra es un problema que requiere acci\u00f3n. Creemos que la educaci\u00f3n es una forma de acci\u00f3n eficaz y sostenible. Juntos, podemos sentar las bases para construir un mundo m\u00e1s sano.<br\/>Por ello, queremos <strong>sensibilizar y educar a los ni\u00f1os sobre el desarrollo sostenible y los valores humanistas<\/strong>, porque creemos que ellos son el futuro y que desempe\u00f1ar\u00e1n un papel importante a la hora de afrontar el reto de proteger el planeta. <br\/>Porque estamos convencidos de que la protecci\u00f3n del planeta no debe ser monopolio de una sola organizaci\u00f3n, trabajamos de m\u00faltiples formas con distintos socios para concienciar sobre el desarrollo sostenible en todo el mundo.  <\/p>\n<\/div><figure class=\"wp-block-media-text__media\"><img decoding=\"async\" width=\"900\" height=\"602\" data-src=\"https:\/\/albatrossglobal.org\/wp-content\/uploads\/2022\/04\/CAMPS.jpg\" alt=\"\" class=\"wp-image-870 size-full lazyload\" style=\"--smush-placeholder-width: 900px; --smush-placeholder-aspect-ratio: 900\/602;object-position:50% 50%\" data-srcset=\"https:\/\/albatrossglobal.org\/wp-content\/uploads\/2022\/04\/CAMPS.jpg 900w, https:\/\/albatrossglobal.org\/wp-content\/uploads\/2022\/04\/CAMPS-300x201.jpg 300w, https:\/\/albatrossglobal.org\/wp-content\/uploads\/2022\/04\/CAMPS-768x514.jpg 768w\" data-sizes=\"(max-width: 900px) 100vw, 900px\" src=\"data:image\/svg+xml;base64,PHN2ZyB3aWR0aD0iMSIgaGVpZ2h0PSIxIiB4bWxucz0iaHR0cDovL3d3dy53My5vcmcvMjAwMC9zdmciPjwvc3ZnPg==\" \/><\/figure><\/div>\n<\/div><\/div>\n\n<div class=\"inherit-container-width wp-block-group alignfull has-ast-global-color-5-background-color has-background is-layout-constrained wp-block-group-is-layout-constrained\"><div class=\"wp-block-group__inner-container\">\n<div class=\"wp-block-media-text alignwide is-stacked-on-mobile is-vertically-aligned-center is-image-fill-element\" style=\"grid-template-columns:48% auto\"><figure class=\"wp-block-media-text__media\"><img decoding=\"async\" width=\"945\" height=\"746\" data-src=\"https:\/\/albatrossglobal.org\/wp-content\/uploads\/2022\/04\/decouverte-de-saphir-en-classe.jpeg\" alt=\"\" class=\"wp-image-765 size-full lazyload\" style=\"--smush-placeholder-width: 945px; --smush-placeholder-aspect-ratio: 945\/746;object-position:51% 100%\" data-srcset=\"https:\/\/albatrossglobal.org\/wp-content\/uploads\/2022\/04\/decouverte-de-saphir-en-classe.jpeg 945w, https:\/\/albatrossglobal.org\/wp-content\/uploads\/2022\/04\/decouverte-de-saphir-en-classe-300x237.jpeg 300w, https:\/\/albatrossglobal.org\/wp-content\/uploads\/2022\/04\/decouverte-de-saphir-en-classe-768x606.jpeg 768w\" data-sizes=\"(max-width: 945px) 100vw, 945px\" src=\"data:image\/svg+xml;base64,PHN2ZyB3aWR0aD0iMSIgaGVpZ2h0PSIxIiB4bWxucz0iaHR0cDovL3d3dy53My5vcmcvMjAwMC9zdmciPjwvc3ZnPg==\" \/><\/figure><div class=\"wp-block-media-text__content\">\n<h2 class=\"wp-block-heading has-ast-global-color-2-color has-text-color\">\u00bfQu\u00e9 hacemos?<\/h2>\n\n\n\n<p>Albatross trabaja para sensibilizar de varias maneras:  <\/p>\n\n\n\n<ul class=\"wp-block-list\">\n<li>A trav\u00e9s de una colecci\u00f3n de <a href=\"https:\/\/albatrossglobal.org\/es\/coleccion-de-libros-infantiles-sobre-el-medio-ambiente\/\">6 libros triling\u00fces<\/a> (franc\u00e9s, ingl\u00e9s, chino) de cuentos infantiles, actividades y juegos, destinados a ayudar a los ni\u00f1os a explorar el mundo y respetar mejor su entorno.<\/li>\n\n\n\n<li>Mediante un programa de <a href=\"https:\/\/albatrossglobal.org\/es\/nuestro-programa-de-formacion\/\">formaci\u00f3n para adultos y j\u00f3venes adultos<\/a>, que luego pueden ense\u00f1ar los cursos de Albatros a los ni\u00f1os.<\/li>\n\n\n\n<li>A trav\u00e9s de <a href=\"https:\/\/albatrossglobal.org\/es\/nuestra-aplicacion-saphir\/\">la aplicaci\u00f3n Saphir<\/a> desarrollada por el CNRS-Liris, que ofrece un completo viaje de descubrimiento del medio ambiente, de forma interactiva y divertida, con secciones educativas, tests y juegos de memoria.  <\/li>\n\n\n\n<li>Mediante talleres tem\u00e1ticos (cocina, permacultura) y campamentos de verano para ni\u00f1os.<\/li>\n<\/ul>\n<\/div><\/div>\n<\/div><\/div>\n\n<div class=\"inherit-container-width wp-block-group alignfull has-white-background-color has-background is-layout-constrained wp-block-group-is-layout-constrained\"><div class=\"wp-block-group__inner-container\">\n<div class=\"wp-block-media-text alignwide has-media-on-the-right is-stacked-on-mobile is-vertically-aligned-center is-image-fill-element\" style=\"grid-template-columns:auto 48%\"><div class=\"wp-block-media-text__content\">\n<h2 class=\"wp-block-heading has-ast-global-color-2-color has-text-color\">\u00bfC\u00f3mo trabajamos?<\/h2>\n\n\n\n<p class=\"has-ast-global-color-3-color has-text-color\">Albatross es una \u00abi-fundaci\u00f3n\u00bb que funciona con <strong>cero costes fijos, cero empleados<\/strong> y 100 miembros fundadores honorarios de alto nivel de todo el mundo.<\/p>\n\n\n\n<p class=\"has-ast-global-color-3-color has-text-color\">Los miembros son 1\/3 cient\u00edficos, 1\/3 abogados y 1\/3 artistas. Todos ellos trabajan como voluntarios para la asociaci\u00f3n, ayudando a desarrollar unas condiciones de vida sostenibles. <\/p>\n<\/div><figure class=\"wp-block-media-text__media\"><img decoding=\"async\" width=\"605\" height=\"403\" data-src=\"https:\/\/albatrossglobal.org\/wp-content\/uploads\/2022\/03\/Albatross-Dir.jpg\" alt=\"\" class=\"wp-image-585 size-full lazyload\" style=\"--smush-placeholder-width: 605px; --smush-placeholder-aspect-ratio: 605\/403;object-position:51% 100%\" data-srcset=\"https:\/\/albatrossglobal.org\/wp-content\/uploads\/2022\/03\/Albatross-Dir.jpg 605w, https:\/\/albatrossglobal.org\/wp-content\/uploads\/2022\/03\/Albatross-Dir-300x200.jpg 300w\" data-sizes=\"(max-width: 605px) 100vw, 605px\" src=\"data:image\/svg+xml;base64,PHN2ZyB3aWR0aD0iMSIgaGVpZ2h0PSIxIiB4bWxucz0iaHR0cDovL3d3dy53My5vcmcvMjAwMC9zdmciPjwvc3ZnPg==\" \/><\/figure><\/div>\n<\/div><\/div>\n\n<div class=\"inherit-container-width wp-block-group alignfull has-ast-global-color-5-background-color has-background is-layout-constrained wp-block-group-is-layout-constrained\"><div class=\"wp-block-group__inner-container\">\n<div class=\"wp-block-media-text alignwide is-stacked-on-mobile is-vertically-aligned-center is-image-fill-element\" style=\"grid-template-columns:48% auto\"><figure class=\"wp-block-media-text__media\"><img decoding=\"async\" width=\"1024\" height=\"614\" data-src=\"https:\/\/albatrossglobal.org\/wp-content\/uploads\/2022\/04\/map-of-the-world-g6c480095c_1920-1024x614.jpg\" alt=\"\" class=\"wp-image-705 size-full lazyload\" style=\"--smush-placeholder-width: 1024px; --smush-placeholder-aspect-ratio: 1024\/614;object-position:50% 50%\" data-srcset=\"https:\/\/albatrossglobal.org\/wp-content\/uploads\/2022\/04\/map-of-the-world-g6c480095c_1920-1024x614.jpg 1024w, https:\/\/albatrossglobal.org\/wp-content\/uploads\/2022\/04\/map-of-the-world-g6c480095c_1920-300x180.jpg 300w, https:\/\/albatrossglobal.org\/wp-content\/uploads\/2022\/04\/map-of-the-world-g6c480095c_1920-768x460.jpg 768w, https:\/\/albatrossglobal.org\/wp-content\/uploads\/2022\/04\/map-of-the-world-g6c480095c_1920-1536x921.jpg 1536w, https:\/\/albatrossglobal.org\/wp-content\/uploads\/2022\/04\/map-of-the-world-g6c480095c_1920.jpg 1920w\" data-sizes=\"(max-width: 1024px) 100vw, 1024px\" src=\"data:image\/svg+xml;base64,PHN2ZyB3aWR0aD0iMSIgaGVpZ2h0PSIxIiB4bWxucz0iaHR0cDovL3d3dy53My5vcmcvMjAwMC9zdmciPjwvc3ZnPg==\" \/><\/figure><div class=\"wp-block-media-text__content\">\n<h2 class=\"wp-block-heading has-ast-global-color-2-color has-text-color\"><strong>\u00bfD\u00f3nde estamos?  <\/strong><\/h2>\n\n\n\n<p class=\"has-ast-global-color-3-color has-text-color\">Debido a los retos medioambientales de China, los primeros trabajos de la Fundaci\u00f3n Albatross se centraron en la formaci\u00f3n de ni\u00f1os chinos en escuelas primarias.  <\/p>\n\n\n\n<p class=\"has-ast-global-color-3-color has-text-color\">Tambi\u00e9n se ha formado a ni\u00f1os en la regi\u00f3n brasile\u00f1a de San Pablo.  <\/p>\n\n\n\n<p class=\"has-ast-global-color-3-color has-text-color\">Desde 2015, nuestro trabajo se centra en Francia, con presencia en la regi\u00f3n de AuRA, con programas sobre medio ambiente y conservaci\u00f3n de los ecosistemas.<\/p>\n<\/div><\/div>\n<\/div><\/div>\n\n<div class=\"inherit-container-width wp-block-group alignfull has-white-background-color has-background is-layout-constrained wp-block-group-is-layout-constrained\"><div class=\"wp-block-group__inner-container\">\n<div class=\"wp-block-media-text alignwide has-media-on-the-right is-stacked-on-mobile is-vertically-aligned-center is-image-fill-element\" style=\"grid-template-columns:auto 48%\"><div class=\"wp-block-media-text__content\">\n<h2 class=\"wp-block-heading has-ast-global-color-2-color has-text-color\">Nuestros premios<\/h2>\n\n\n\n<p>En diciembre de 2019, la Fundaci\u00f3n Albatross recibi\u00f3 el <strong>premio a la innovaci\u00f3n<\/strong> del comit\u00e9 franco-chino del MEDEF por su proyecto de actividades l\u00fadicas de filtraci\u00f3n de agua en el aula y a trav\u00e9s de la aplicaci\u00f3n digital SAPHIR, desarrollada por el laboratorio de IA Liris\/CNRS.<\/p>\n\n\n\n<p>En 2020, Albatross gan\u00f3 el Troph\u00e9e Pro Bono del Colegio de Abogados de Par\u00eds en la categor\u00eda Prix Paris-Qu\u00e9bec.<\/p>\n\n\n\n<p>Y en 2021, Albatross recibi\u00f3 el Premio de la Fundaci\u00f3n Rey Balduino.<\/p>\n<\/div><figure class=\"wp-block-media-text__media\"><img decoding=\"async\" width=\"640\" height=\"480\" data-src=\"https:\/\/albatrossglobal.org\/wp-content\/uploads\/2022\/05\/prix.jpeg\" alt=\"\" class=\"wp-image-1708 size-full lazyload\" style=\"--smush-placeholder-width: 640px; --smush-placeholder-aspect-ratio: 640\/480;object-position:51% 0%\" data-srcset=\"https:\/\/albatrossglobal.org\/wp-content\/uploads\/2022\/05\/prix.jpeg 640w, https:\/\/albatrossglobal.org\/wp-content\/uploads\/2022\/05\/prix-300x225.jpeg 300w\" data-sizes=\"(max-width: 640px) 100vw, 640px\" src=\"data:image\/svg+xml;base64,PHN2ZyB3aWR0aD0iMSIgaGVpZ2h0PSIxIiB4bWxucz0iaHR0cDovL3d3dy53My5vcmcvMjAwMC9zdmciPjwvc3ZnPg==\" \/><\/figure><\/div>\n<\/div><\/div>\n\n<div class=\"inherit-container-width wp-block-group alignfull has-ast-global-color-5-background-color has-background is-layout-constrained wp-block-group-is-layout-constrained\"><div class=\"wp-block-group__inner-container\">\n<div class=\"wp-block-media-text alignwide is-stacked-on-mobile is-vertically-aligned-center is-image-fill-element\" style=\"grid-template-columns:48% auto\"><figure class=\"wp-block-media-text__media\"><img decoding=\"async\" width=\"1024\" height=\"576\" data-src=\"https:\/\/albatrossglobal.org\/wp-content\/uploads\/2020\/07\/bg-10-free-img-1024x576.jpg\" alt=\"Imagen de fondo\" class=\"wp-image-135 size-full lazyload\" style=\"--smush-placeholder-width: 1024px; --smush-placeholder-aspect-ratio: 1024\/576;object-position:50% 50%\" data-srcset=\"https:\/\/albatrossglobal.org\/wp-content\/uploads\/2020\/07\/bg-10-free-img-1024x576.jpg 1024w, https:\/\/albatrossglobal.org\/wp-content\/uploads\/2020\/07\/bg-10-free-img-300x169.jpg 300w, https:\/\/albatrossglobal.org\/wp-content\/uploads\/2020\/07\/bg-10-free-img-768x432.jpg 768w, https:\/\/albatrossglobal.org\/wp-content\/uploads\/2020\/07\/bg-10-free-img-1536x864.jpg 1536w, https:\/\/albatrossglobal.org\/wp-content\/uploads\/2020\/07\/bg-10-free-img.jpg 1920w\" data-sizes=\"(max-width: 1024px) 100vw, 1024px\" src=\"data:image\/svg+xml;base64,PHN2ZyB3aWR0aD0iMSIgaGVpZ2h0PSIxIiB4bWxucz0iaHR0cDovL3d3dy53My5vcmcvMjAwMC9zdmciPjwvc3ZnPg==\" \/><\/figure><div class=\"wp-block-media-text__content\">\n<h2 class=\"wp-block-heading has-ast-global-color-2-color has-text-color\"><strong>Nuestro apoyo a las asociaciones<\/strong><\/h2>\n\n\n\n<p>Apoyamos regularmente a otras asociaciones como :<\/p>\n\n\n\n<ul class=\"wp-block-list\">\n<li><a href=\"http:\/\/www.noise-emlyon\">www.noise-emlyon<\/a> &#8211; Asociaci\u00f3n de estudiantes para el emprendimiento social y medioambiental en EMLyon Business School.  <\/li>\n\n\n\n<li><a href=\"http:\/\/www.minese-stetienne.fr\" target=\"_blank\" rel=\"noopener\">http:\/\/www.minese-stetienne.fr<\/a> &#8211; Una escuela de ingenier\u00eda de alto nivel con investigaci\u00f3n centrada en la industria, que ha desarrollado un kit de filtraci\u00f3n de agua para Albatross.<\/li>\n\n\n\n<li><a href=\"http:\/\/www.aadh.fr\" target=\"_blank\" rel=\"noreferrer noopener\">AADH<\/a> &#8211; Alliance des Avocats pour les Droits de l&#8217;Homme: \u00ab\u00catre D\u00e9fendu, un Droit Universel\u00bb.<\/li>\n\n\n\n<li><a href=\"http:\/\/www.jeunes-ambassadeurs.com\" target=\"_blank\" rel=\"noopener\">www.jeunes-ambassadeurs.com<\/a> para forjar v\u00ednculos duraderos entre los estudiantes internacionales y los agentes clave de la regi\u00f3n de Auvernia-R\u00f3dano-Alpes.<\/li>\n\n\n\n<li><a href=\"http:\/\/www.tigercenter.org\" target=\"_blank\" rel=\"noopener\">www.tigercenter.org,<\/a> El Centro del Tigre, en el centro de la India (el lugar donde Kippling escribi\u00f3 \u00abEl libro de la selva\u00bb), es una reserva natural dedicada a preservar la vida salvaje y, en particular, a proteger a los tigres de Bengala. Sus actividades incluyen tambi\u00e9n un dispensario, una escuela de costura y una galer\u00eda de arte tradicional baiga. Estas actividades econ\u00f3micas de RSC (Responsabilidad Social Corporativa) le ayudaron a ganar el Premio a la Empresa Social Innovadora 2023.  <\/li>\n<\/ul>\n<\/div><\/div>\n<\/div><\/div>\n\n<p><\/p>\n","protected":false},"excerpt":{"rendered":"<p>\u00bfCu\u00e1les son nuestros objetivos? La continua destrucci\u00f3n del medio ambiente de la Tierra es un problema que requiere acci\u00f3n. Creemos que la educaci\u00f3n es una forma de acci\u00f3n eficaz y sostenible. Juntos, podemos sentar las bases para construir un mundo m\u00e1s sano.Por ello, queremos sensibilizar y educar a los ni\u00f1os sobre el desarrollo sostenible y [&hellip;]<\/p>\n","protected":false},"author":7,"featured_media":0,"parent":0,"menu_order":0,"comment_status":"closed","ping_status":"closed","template":"","meta":{"_uag_custom_page_level_css":"","site-sidebar-layout":"default","site-content-layout":"plain-container","ast-site-content-layout":"normal-width-container","site-content-style":"unboxed","site-sidebar-style":"unboxed","ast-global-header-display":"","ast-banner-title-visibility":"","ast-main-header-display":"","ast-hfb-above-header-display":"","ast-hfb-below-header-display":"","ast-hfb-mobile-header-display":"","site-post-title":"disabled","ast-breadcrumbs-content":"","ast-featured-img":"","footer-sml-layout":"","ast-disable-related-posts":"","theme-transparent-header-meta":"enabled","adv-header-id-meta":"","stick-header-meta":"","header-above-stick-meta":"","header-main-stick-meta":"","header-below-stick-meta":"","astra-migrate-meta-layouts":"default","ast-page-background-enabled":"default","ast-page-background-meta":{"desktop":{"background-color":"","background-image":"","background-repeat":"repeat","background-position":"center center","background-size":"auto","background-attachment":"scroll","background-type":"","background-media":"","overlay-type":"","overlay-color":"","overlay-opacity":"","overlay-gradient":""},"tablet":{"background-color":"","background-image":"","background-repeat":"repeat","background-position":"center center","background-size":"auto","background-attachment":"scroll","background-type":"","background-media":"","overlay-type":"","overlay-color":"","overlay-opacity":"","overlay-gradient":""},"mobile":{"background-color":"","background-image":"","background-repeat":"repeat","background-position":"center center","background-size":"auto","background-attachment":"scroll","background-type":"","background-media":"","overlay-type":"","overlay-color":"","overlay-opacity":"","overlay-gradient":""}},"ast-content-background-meta":{"desktop":{"background-color":"var(--ast-global-color-5)","background-image":"","background-repeat":"repeat","background-position":"center center","background-size":"auto","background-attachment":"scroll","background-type":"","background-media":"","overlay-type":"","overlay-color":"","overlay-opacity":"","overlay-gradient":""},"tablet":{"background-color":"var(--ast-global-color-5)","background-image":"","background-repeat":"repeat","background-position":"center center","background-size":"auto","background-attachment":"scroll","background-type":"","background-media":"","overlay-type":"","overlay-color":"","overlay-opacity":"","overlay-gradient":""},"mobile":{"background-color":"var(--ast-global-color-5)","background-image":"","background-repeat":"repeat","background-position":"center center","background-size":"auto","background-attachment":"scroll","background-type":"","background-media":"","overlay-type":"","overlay-color":"","overlay-opacity":"","overlay-gradient":""}},"footnotes":""},"class_list":["post-872342","page","type-page","status-publish","hentry"],"_wp_attached_file":null,"siteground_optimizer_is_optimized":null,"wp-smush-lossy":null,"wp-smpro-smush-data":null,"wpml_media_processed":null,"wp-smush-ignore-bulk":null,"_wp_attachment_image_alt":null,"_astra_sites_image_hash":null,"_elementor_source_image_hash":null,"_wp_attachment_context":null,"_oembed_82a5c35e9300b18f214e29423b80ccc1":null,"_wp_attachment_backup_sizes":null,"_oembed_962f988bbbdcfd4a23c50360ead75e99":null,"wp-smush-error":null,"wp-smush-optimization-errors":null,"_wp_trash_meta_status":null,"_wp_trash_meta_time":null,"_menu_item_type":null,"_menu_item_menu_item_parent":null,"_menu_item_object_id":null,"_menu_item_object":null,"_menu_item_target":null,"_menu_item_classes":null,"_menu_item_xfn":null,"_menu_item_url":null,"_customize_changeset_uuid":null,"site-post-title":"disabled","site-sidebar-layout":"default","site-content-layout":"plain-container","_yoast_wpseo_content_score":null,"astra-main-page-id":null,"_yoast_wpseo_estimated-reading-time-minutes":null,"ast_ist_mapping":null,"ast_self_id_48452":null,"rank_math_title":null,"rank_math_description":null,"site-content-style":"unboxed","site-sidebar-style":"unboxed","_wp_page_template":"","ast_self_id_48450":null,"ast_self_id_48451":null,"ast_self_id_48449":null,"ast_self_id_48453":null,"ast-featured-img":"","_oembed_57b40ba93a9ad9878fb0f0fa6f613ecc":null,"_oembed_time_57b40ba93a9ad9878fb0f0fa6f613ecc":null,"_oembed_41c9285399048f9301d0d1168e43343d":null,"_oembed_time_41c9285399048f9301d0d1168e43343d":null,"_oembed_38f3fd5741367c2221c86f09f2f9954f":null,"_oembed_time_38f3fd5741367c2221c86f09f2f9954f":null,"_oembed_93ddf6953ee718c6d9a5fefc37ed8568":null,"_oembed_time_93ddf6953ee718c6d9a5fefc37ed8568":null,"_uag_js_file_name":null,"_oembed_06dca8326686b8907e0b4154c81d6f8b":null,"cosmoswp_site_layout":null,"cosmoswp_sidebar_options":null,"cosmoswp_header_layout":null,"cosmoswp_footer_layout":null,"cosmoswp_banner_options_layout":null,"gutentor_dynamic_css":null,"gutentor_css_info":null,"rank_math_primary_category":null,"_pingme":null,"_encloseme":null,"user_id":null,"user_login":null,"_form":null,"_mail":null,"_mail_2":null,"_messages":null,"_additional_settings":null,"_locale":null,"_astra_sites_imported_wp_forms":null,"_wp_attachment_metadata":null,"rank_math_news_sitemap_robots":null,"rank_math_robots":["index"],"_wpml_word_count":"713","_uag_page_assets":{"css":".uagb-section__wrap{position:relative}.uagb-section__wrap .uagb-section__inner-wrap{position:relative;z-index:2;margin-right:auto;margin-left:auto}.uagb-section__wrap .uagb-section__overlay{position:absolute;top:0;left:0;width:100%;height:100%}.uagb-section__wrap .uagb-section__video-wrap{position:absolute;top:0;left:0;z-index:0;width:100%;height:100%;transition:opacity 1s;overflow:hidden;-webkit-transition:opacity 1s;-o-transition:opacity 1s}.uagb-section__wrap .uagb-section__video-wrap video{display:inline-block;vertical-align:baseline;width:100%;height:100%;max-width:100%;margin:0;background-size:cover;border:none;object-fit:cover;line-height:1;-o-object-fit:cover}@media(min-width: 768px)and (max-width: 1024px){.wp-block-uagb-section.uagb-section__wrap.uagb-section__background-image{background-attachment:scroll}}.uagb-block-739232d2.uagb-section__wrap{padding-top: 20px;padding-bottom: 0px;padding-left: 20px;padding-right: 20px;margin-top: 0px;margin-bottom: 0px;border-style: none;margin-right: 0px;margin-left: 0px;max-width: 100%;}.uagb-block-739232d2 > .uagb-section__video-wrap{opacity: 0.5;}.uagb-block-739232d2 > .uagb-section__inner-wrap{max-width: 1200px;}.uagb-block-739232d2.wp-block-uagb-section{box-shadow: 0px 0px    ;}.uagb-block-739232d2 > .uagb-section__overlay{border-radius:    ;}@media only screen and (max-width: 976px) {.uagb-block-739232d2.uagb-section__wrap{border-style: none;}}@media only screen and (max-width: 767px) {.uagb-block-739232d2.uagb-section__wrap{border-style: none;}}.uag-blocks-common-selector{z-index:var(--z-index-desktop) !important}@media(max-width: 976px){.uag-blocks-common-selector{z-index:var(--z-index-tablet) !important}}@media(max-width: 767px){.uag-blocks-common-selector{z-index:var(--z-index-mobile) !important}}","js":"","current_block_list":["core\/cover","core\/heading","core\/spacer","uagb\/section","core\/paragraph","core\/group","core\/media-text","core\/list","core\/list-item","core\/search","core\/latest-posts","core\/latest-comments","core\/archives","core\/categories"],"uag_flag":true,"uag_version":"1777728855","gfonts":[],"gfonts_url":"","gfonts_files":[],"uag_faq_layout":false},"_wxr_import_user_slug":null,"_astra_sites_imported_post":null,"_astra_sites_enable_for_batch":null,"_top_nav_excluded":"","_cms_nav_minihome":"","_wp_old_slug":null,"_edit_lock":null,"_last_translation_edit_mode":"translation-editor","_wp_old_date":null,"_wpml_location_migration_done":null,"rank_math_analytic_object_id":null,"rank_math_internal_links_processed":"1","rank_math_seo_score":null,"_edit_last":null,"_wpml_media_featured":null,"_wpml_media_duplicate":null,"theme-transparent-header-meta":"enabled","rank_math_focus_keyword":null,"_uag_custom_page_level_css":null,"ast-site-content-layout":"normal-width-container","adv-header-id-meta":"","stick-header-meta":"","astra-migrate-meta-layouts":null,"footnotes":null,"_uag_css_file_name":"uag-css-872342.css","rank_math_og_content_image":{"check":"ba56cc63d20a92c82f3c668c51ea24f5","images":[867]},"_thumbnail_id":null,"data":null,"user_ip":null,"uagb_featured_image_src":{"full":false,"thumbnail":false,"medium":false,"medium_large":false,"large":false,"1536x1536":false,"2048x2048":false},"uagb_author_info":{"display_name":"Albapouilly","author_link":"https:\/\/albatrossglobal.org\/es\/"},"uagb_comment_info":0,"uagb_excerpt":"\u00bfCu\u00e1les son nuestros objetivos? La continua destrucci\u00f3n del medio ambiente de la Tierra es un problema que requiere acci\u00f3n. Creemos que la educaci\u00f3n es una forma de acci\u00f3n eficaz y sostenible. Juntos, podemos sentar las bases para construir un mundo m\u00e1s sano.Por ello, queremos sensibilizar y educar a los ni\u00f1os sobre el desarrollo sostenible y&hellip;","_links":{"self":[{"href":"https:\/\/albatrossglobal.org\/es\/wp-json\/wp\/v2\/pages\/872342","targetHints":{"allow":["GET"]}}],"collection":[{"href":"https:\/\/albatrossglobal.org\/es\/wp-json\/wp\/v2\/pages"}],"about":[{"href":"https:\/\/albatrossglobal.org\/es\/wp-json\/wp\/v2\/types\/page"}],"author":[{"embeddable":true,"href":"https:\/\/albatrossglobal.org\/es\/wp-json\/wp\/v2\/users\/7"}],"replies":[{"embeddable":true,"href":"https:\/\/albatrossglobal.org\/es\/wp-json\/wp\/v2\/comments?post=872342"}],"version-history":[{"count":6,"href":"https:\/\/albatrossglobal.org\/es\/wp-json\/wp\/v2\/pages\/872342\/revisions"}],"predecessor-version":[{"id":1040422,"href":"https:\/\/albatrossglobal.org\/es\/wp-json\/wp\/v2\/pages\/872342\/revisions\/1040422"}],"wp:attachment":[{"href":"https:\/\/albatrossglobal.org\/es\/wp-json\/wp\/v2\/media?parent=872342"}],"curies":[{"name":"wp","href":"https:\/\/api.w.org\/{rel}","templated":true}]}}