{"id":872223,"date":"2022-05-17T10:03:38","date_gmt":"2022-05-17T08:03:38","guid":{"rendered":"https:\/\/albatrossglobal.org\/informacion-legal\/"},"modified":"2025-04-13T17:58:37","modified_gmt":"2025-04-13T15:58:37","slug":"informacion-legal","status":"publish","type":"page","link":"https:\/\/albatrossglobal.org\/es\/informacion-legal\/","title":{"rendered":"Informaci\u00f3n legal"},"content":{"rendered":"\n<div class=\"wp-block-cover alignfull\" style=\"min-height:600px;aspect-ratio:unset;\"><span aria-hidden=\"true\" class=\"wp-block-cover__background has-ast-global-color-2-background-color has-background-dim-80 has-background-dim\"><\/span><img decoding=\"async\" width=\"1600\" height=\"898\" class=\"wp-block-cover__image-background wp-image-1691 lazyload\" alt=\"\" data-src=\"https:\/\/albatrossglobal.org\/wp-content\/uploads\/2022\/05\/le-buis-2.jpeg\" style=\"--smush-placeholder-width: 1600px; --smush-placeholder-aspect-ratio: 1600\/898;object-position:55% 59%\" data-object-fit=\"cover\" data-object-position=\"55% 59%\" data-srcset=\"https:\/\/albatrossglobal.org\/wp-content\/uploads\/2022\/05\/le-buis-2.jpeg 1600w, https:\/\/albatrossglobal.org\/wp-content\/uploads\/2022\/05\/le-buis-2-300x168.jpeg 300w, https:\/\/albatrossglobal.org\/wp-content\/uploads\/2022\/05\/le-buis-2-1024x575.jpeg 1024w, https:\/\/albatrossglobal.org\/wp-content\/uploads\/2022\/05\/le-buis-2-768x431.jpeg 768w, https:\/\/albatrossglobal.org\/wp-content\/uploads\/2022\/05\/le-buis-2-1536x862.jpeg 1536w\" data-sizes=\"(max-width: 1600px) 100vw, 1600px\" src=\"data:image\/svg+xml;base64,PHN2ZyB3aWR0aD0iMSIgaGVpZ2h0PSIxIiB4bWxucz0iaHR0cDovL3d3dy53My5vcmcvMjAwMC9zdmciPjwvc3ZnPg==\" \/><div class=\"wp-block-cover__inner-container is-layout-flow wp-block-cover-is-layout-flow\">\n<h1 class=\"wp-block-heading has-text-color\" style=\"color:#ffffff\">Informaci\u00f3n legal<\/h1>\n<\/div><\/div>\n\n<div style=\"height:50px\" aria-hidden=\"true\" class=\"wp-block-spacer\"><\/div>\n\n<section class=\"wp-block-uagb-section uagb-section__wrap uagb-section__background-undefined uagb-block-de7071a4\"><div class=\"uagb-section__overlay\"><\/div><div class=\"uagb-section__inner-wrap\">\n<p>Lee atentamente las diferentes condiciones de uso de los sitios web: www.albatrossglobal.org, www.albatrosslegal.org, www.create2donate.org (en lo sucesivo denominados por separado o conjuntamente \u00abel Sitio\u00bb) antes de navegar por las p\u00e1ginas.<\/p>\n\n\n\n<p>  Al conectarte a estos sitios, aceptas sin reservas estas condiciones.<\/p>\n\n\n\n<h2 class=\"wp-block-heading\">I. Informaci\u00f3n sobre el emplazamiento<\/h2>\n\n\n\n<p>De conformidad con el art\u00edculo 6 de la Ley n\u00ba 2004-575 de 21 de junio de 2004 sobre la confianza en la econom\u00eda digital, las personas responsables del Sitio Web son :<\/p>\n\n\n\n<p><b>Editora del sitio web: <\/b> Ghislaine Bouillet-Cordonnier (en adelante \u00abEditora\u00bb)<\/p>\n\n\n\n<p>Asociaci\u00f3n: Fundaci\u00f3n Albatros<\/p>\n\n\n\n<p>N\u00famero SIRET: 837 532 019 000 10  <\/p>\n\n\n\n<p>Director editorial: el Editor<\/p>\n\n\n\n<p>Direcci\u00f3n: Domaine Le Buis, 42110 Pouilly-les-Feurs<\/p>\n\n\n\n<p>Tel\u00e9fono: + 33 6 19 58 00 68<\/p>\n\n\n\n<p>Correo electr\u00f3nico : info@albatrossglobal.org  <\/p>\n\n\n\n<p>Anfitri\u00f3n : OVH 2 rue Kellermann, 59100 Roubaix, Francia  <\/p>\n\n\n\n<p>P\u00e1gina web: <a href=\"http:\/\/www.ovhcloud.com\" target=\"_blank\" rel=\"noopener\">www.ovhcloud.com<\/a><\/p>\n\n\n\n<p><b>Desarrollo : <\/b> Aurore Belle Yang  <\/p>\n\n\n\n<p>Direcci\u00f3n: 78 chemin Rambaud, 42110 Pouilly-les-Feurs  <\/p>\n\n\n\n<p>P\u00e1gina web: <a href=\"http:\/\/oraconseils.fr\" target=\"_blank\" rel=\"noopener\">oraconseils.fr<\/a><br\/><\/p>\n\n\n\n<h2 class=\"wp-block-heading\">II.  <b>Condiciones de uso  <\/b><\/h2>\n\n\n\n<p>Este Sitio Web est\u00e1 disponible en varios lenguajes web (HTML, HTML5, Javascript, CSS, etc.) para una mayor facilidad de uso y unos gr\u00e1ficos m\u00e1s atractivos. Te recomendamos que utilices navegadores modernos como Internet Explorer, Safari, Firefox, Google Chrome, etc.<\/p>\n\n\n\n<p>La Editorial hace todo lo posible por proporcionar informaci\u00f3n fiable y actualizar sus sitios web de forma fidedigna. Sin embargo, pueden producirse errores u omisiones. Por lo tanto, los usuarios de Internet deben comprobar la exactitud de la informaci\u00f3n proporcionada por , y notificar cualquier cambio que consideren \u00fatil. El Editor no es responsable en modo alguno del uso que se haga de esta informaci\u00f3n, ni de los perjuicios directos o indirectos que puedan derivarse de ella.   <\/p>\n\n\n\n<h2 class=\"wp-block-heading\">III.  <b>Cookies<\/b><\/h2>\n\n\n\n<p>El Sitio puede pedirte que aceptes cookies con fines estad\u00edsticos y de visualizaci\u00f3n. Una cookie es un fragmento de informaci\u00f3n que el servidor del sitio que est\u00e1s visitando coloca en tu disco duro. Contiene una serie de datos que se almacenan en tu ordenador en un simple archivo de texto al que accede un servidor para leer y registrar informaci\u00f3n. Algunas partes de este sitio no pueden utilizarse sin aceptar las cookies.   <\/p>\n\n\n\n<h2 class=\"wp-block-heading\">IV.  <b>Enlaces de hipertexto  <\/b><\/h2>\n\n\n\n<p>Los sitios web pueden proporcionar enlaces a otros sitios web u otros recursos disponibles en Internet. La Editorial no dispone de medios para controlar los sitios enlazados a sus sitios web. No es responsable de la disponibilidad de dichos sitios y fuentes externos, ni los garantiza. No se hace responsable de ning\u00fan da\u00f1o derivado del contenido de estos sitios o fuentes externas y, en particular, de la informaci\u00f3n, productos o servicios que ofrecen, ni del uso que pueda hacerse de estos elementos. Los riesgos asociados a dicha utilizaci\u00f3n son de la entera responsabilidad del internauta, que debe respetar sus condiciones de uso. Los usuarios, suscriptores y visitantes del Sitio Web no podr\u00e1n establecer un hiperv\u00ednculo al Sitio Web sin la autorizaci\u00f3n previa y expresa del Editor. En caso de que un usuario o visitante desee establecer un hiperv\u00ednculo al Sitio del Editor, deber\u00e1 enviar un correo electr\u00f3nico accesible en el sitio para formular su solicitud de establecimiento de un hiperv\u00ednculo. El Editor se reserva el derecho de aceptar o rechazar un hiperenlace sin tener que justificar su decisi\u00f3n.         <br\/><\/p>\n\n\n\n<h2 class=\"wp-block-heading\"><b>V. Servicios prestados  <\/b><\/h2>\n\n\n\n<p>Todas las actividades e informaci\u00f3n se presentan en el Sitio Web.<\/p>\n\n\n\n<p>El Editor se esfuerza por proporcionar en el Sitio informaci\u00f3n lo m\u00e1s exacta posible. La informaci\u00f3n del Sitio no es exhaustiva y las fotos no son contractuales. Se proporciona a condici\u00f3n de que se hayan realizado modificaciones desde su puesta en l\u00ednea. Adem\u00e1s, toda la informaci\u00f3n indicada en el Sitio   <b> <\/b>se dan s\u00f3lo a t\u00edtulo informativo y est\u00e1n sujetas a cambios o evoluciones sin previo aviso.  <br\/><\/p>\n\n\n\n<h2 class=\"wp-block-heading\"><b>VI. Restricciones contractuales sobre los datos  <\/b><\/h2>\n\n\n\n<p>La informaci\u00f3n contenida en el Sitio es lo m\u00e1s exacta posible y el Sitio se actualiza en diferentes momentos del a\u00f1o, pero puede contener inexactitudes u omisiones. Si observas una laguna, un error o lo que parece ser un funcionamiento incorrecto, notif\u00edcalo por correo electr\u00f3nico a info@albatrossglobal.org o por correo postal a Albatross, Domaine du Buis, 207 chemin du Buis, 42110 Pouilly les Feurs, Francia, describiendo el problema con la mayor precisi\u00f3n posible (p\u00e1gina que causa el problema, tipo de ordenador y navegador utilizados, etc.).<\/p>\n\n\n\n<p>Cualquier contenido descargado se hace por cuenta y riesgo del usuario y bajo su exclusiva responsabilidad. En consecuencia, la empresa no se hace responsable de ning\u00fan da\u00f1o al ordenador del usuario ni de ninguna p\u00e9rdida de datos derivada de la descarga. Adem\u00e1s, los usuarios del Sitio se comprometen a acceder al mismo utilizando equipos recientes, libres de virus y con un navegador actualizado de \u00faltima generaci\u00f3n.  <\/p>\n\n\n\n<p>El Editor no se hace responsable de los enlaces de hipertexto establecidos en el Sitio Web a otros recursos de Internet.<br\/><\/p>\n\n\n\n<h2 class=\"wp-block-heading\">VII.  <b>Propiedad intelectual  <\/b><\/h2>\n\n\n\n<p>Todos los contenidos del Sitio, incluidos, entre otros, gr\u00e1ficos, im\u00e1genes, textos, v\u00eddeos, animaciones, sonidos, logotipos, gifs e iconos, as\u00ed como su disposici\u00f3n, son propiedad exclusiva del Editor, a excepci\u00f3n de las marcas comerciales, logotipos o contenidos pertenecientes a otras empresas asociadas o autores.<\/p>\n\n\n\n<p>Cualquier reproducci\u00f3n, distribuci\u00f3n, modificaci\u00f3n, adaptaci\u00f3n, retransmisi\u00f3n o publicaci\u00f3n, incluso parcial, de estos distintos elementos est\u00e1 estrictamente prohibida sin el consentimiento expreso y por escrito del Editor. Dicha representaci\u00f3n o reproducci\u00f3n, por cualquier medio, constituye una infracci\u00f3n sancionada por los art\u00edculos L.335-2 y siguientes del C\u00f3digo franc\u00e9s de la Propiedad Intelectual. El incumplimiento de esta prohibici\u00f3n constituye una infracci\u00f3n que puede acarrear la responsabilidad civil y penal del infractor. Adem\u00e1s, los propietarios del contenido copiado pueden emprender acciones legales contra ti.   <\/p>\n\n\n\n<h2 class=\"wp-block-heading\">VIII.  <b>Litigios  <\/b><\/h2>\n\n\n\n<p>Estas condiciones del Sitio se rigen, interpretan y aplican de acuerdo con la legislaci\u00f3n francesa, siendo la lengua de interpretaci\u00f3n el franc\u00e9s. En caso de litigio, deber\u00e1 llegarse a una soluci\u00f3n amistosa. A falta de acuerdo amistoso, cualquier litigio se someter\u00e1 a la jurisdicci\u00f3n exclusiva de los tribunales franceses.    <br\/><\/p>\n\n\n\n<h2 class=\"wp-block-heading\">IX.  <b>Datos personales<\/b><\/h2>\n\n\n\n<p>En general, no est\u00e1s obligado a proporcionarnos tus datos personales cuando visitas el Sitio.<\/p>\n\n\n\n<p>Sin embargo, hay ciertas excepciones a este principio. Para determinados servicios ofrecidos por el Sitio, se te puede pedir que nos facilites ciertos datos como: tu nombre, tu cargo, el nombre de tu empresa, tu direcci\u00f3n de correo electr\u00f3nico y tu n\u00famero de tel\u00e9fono. Este es el caso cuando rellenas el formulario online en la secci\u00f3n \u00abcontacto\u00bb. En todos los casos, puedes negarte a facilitar tus datos personales. En este caso, no podr\u00e1s utilizar los servicios del Sitio.    <\/p>\n\n\n\n<p>Por \u00faltimo, podemos recoger autom\u00e1ticamente cierta informaci\u00f3n sobre ti cuando simplemente navegas por el Sitio, en particular: informaci\u00f3n sobre tu uso del Sitio, como las \u00e1reas que visitas y los servicios a los que accedes, tu direcci\u00f3n IP, el tipo de navegador que utilizas y tus horas de acceso. Esta informaci\u00f3n se utiliza exclusivamente con fines estad\u00edsticos internos, para mejorar la calidad de los servicios que se te ofrecen.  Las bases de datos est\u00e1n protegidas por las disposiciones de la Ley de 1 de julio de 1998 que transpone la Directiva 96\/9 de 11 de marzo de 1996 sobre la protecci\u00f3n jur\u00eddica de las bases de datos.<\/p>\n\n\n\n<p><\/p>\n<\/div><\/section>\n","protected":false},"excerpt":{"rendered":"","protected":false},"author":7,"featured_media":0,"parent":0,"menu_order":0,"comment_status":"closed","ping_status":"closed","template":"","meta":{"_uag_custom_page_level_css":"","site-sidebar-layout":"default","site-content-layout":"plain-container","ast-site-content-layout":"normal-width-container","site-content-style":"unboxed","site-sidebar-style":"unboxed","ast-global-header-display":"","ast-banner-title-visibility":"","ast-main-header-display":"","ast-hfb-above-header-display":"","ast-hfb-below-header-display":"","ast-hfb-mobile-header-display":"","site-post-title":"disabled","ast-breadcrumbs-content":"","ast-featured-img":"","footer-sml-layout":"","ast-disable-related-posts":"","theme-transparent-header-meta":"enabled","adv-header-id-meta":"","stick-header-meta":"","header-above-stick-meta":"","header-main-stick-meta":"","header-below-stick-meta":"","astra-migrate-meta-layouts":"default","ast-page-background-enabled":"default","ast-page-background-meta":{"desktop":{"background-color":"","background-image":"","background-repeat":"repeat","background-position":"center center","background-size":"auto","background-attachment":"scroll","background-type":"","background-media":"","overlay-type":"","overlay-color":"","overlay-opacity":"","overlay-gradient":""},"tablet":{"background-color":"","background-image":"","background-repeat":"repeat","background-position":"center center","background-size":"auto","background-attachment":"scroll","background-type":"","background-media":"","overlay-type":"","overlay-color":"","overlay-opacity":"","overlay-gradient":""},"mobile":{"background-color":"","background-image":"","background-repeat":"repeat","background-position":"center center","background-size":"auto","background-attachment":"scroll","background-type":"","background-media":"","overlay-type":"","overlay-color":"","overlay-opacity":"","overlay-gradient":""}},"ast-content-background-meta":{"desktop":{"background-color":"var(--ast-global-color-5)","background-image":"","background-repeat":"repeat","background-position":"center center","background-size":"auto","background-attachment":"scroll","background-type":"","background-media":"","overlay-type":"","overlay-color":"","overlay-opacity":"","overlay-gradient":""},"tablet":{"background-color":"var(--ast-global-color-5)","background-image":"","background-repeat":"repeat","background-position":"center center","background-size":"auto","background-attachment":"scroll","background-type":"","background-media":"","overlay-type":"","overlay-color":"","overlay-opacity":"","overlay-gradient":""},"mobile":{"background-color":"var(--ast-global-color-5)","background-image":"","background-repeat":"repeat","background-position":"center center","background-size":"auto","background-attachment":"scroll","background-type":"","background-media":"","overlay-type":"","overlay-color":"","overlay-opacity":"","overlay-gradient":""}},"footnotes":""},"class_list":["post-872223","page","type-page","status-publish","hentry"],"_wp_attached_file":null,"siteground_optimizer_is_optimized":null,"wp-smush-lossy":null,"wp-smpro-smush-data":null,"wpml_media_processed":null,"wp-smush-ignore-bulk":null,"_wp_attachment_image_alt":null,"_astra_sites_image_hash":null,"_elementor_source_image_hash":null,"_wp_attachment_context":null,"_oembed_82a5c35e9300b18f214e29423b80ccc1":null,"_wp_attachment_backup_sizes":null,"_oembed_962f988bbbdcfd4a23c50360ead75e99":null,"wp-smush-error":null,"wp-smush-optimization-errors":null,"_wp_trash_meta_status":null,"_wp_trash_meta_time":null,"_menu_item_type":null,"_menu_item_menu_item_parent":null,"_menu_item_object_id":null,"_menu_item_object":null,"_menu_item_target":null,"_menu_item_classes":null,"_menu_item_xfn":null,"_menu_item_url":null,"_customize_changeset_uuid":null,"site-post-title":"disabled","site-sidebar-layout":"default","site-content-layout":"plain-container","_yoast_wpseo_content_score":null,"astra-main-page-id":null,"_yoast_wpseo_estimated-reading-time-minutes":null,"ast_ist_mapping":null,"ast_self_id_48452":null,"rank_math_title":null,"rank_math_description":null,"site-content-style":"unboxed","site-sidebar-style":"unboxed","_wp_page_template":"","ast_self_id_48450":null,"ast_self_id_48451":null,"ast_self_id_48449":null,"ast_self_id_48453":null,"ast-featured-img":"","_oembed_57b40ba93a9ad9878fb0f0fa6f613ecc":null,"_oembed_time_57b40ba93a9ad9878fb0f0fa6f613ecc":null,"_oembed_41c9285399048f9301d0d1168e43343d":null,"_oembed_time_41c9285399048f9301d0d1168e43343d":null,"_oembed_38f3fd5741367c2221c86f09f2f9954f":null,"_oembed_time_38f3fd5741367c2221c86f09f2f9954f":null,"_oembed_93ddf6953ee718c6d9a5fefc37ed8568":null,"_oembed_time_93ddf6953ee718c6d9a5fefc37ed8568":null,"_uag_js_file_name":null,"_oembed_06dca8326686b8907e0b4154c81d6f8b":null,"cosmoswp_site_layout":null,"cosmoswp_sidebar_options":null,"cosmoswp_header_layout":null,"cosmoswp_footer_layout":null,"cosmoswp_banner_options_layout":null,"gutentor_dynamic_css":null,"gutentor_css_info":null,"rank_math_primary_category":null,"_pingme":null,"_encloseme":null,"user_id":null,"user_login":null,"_form":null,"_mail":null,"_mail_2":null,"_messages":null,"_additional_settings":null,"_locale":null,"_astra_sites_imported_wp_forms":null,"_wp_attachment_metadata":null,"rank_math_news_sitemap_robots":null,"rank_math_robots":["index"],"_wpml_word_count":"1274","_uag_page_assets":{"css":".uagb-section__wrap{position:relative}.uagb-section__wrap .uagb-section__inner-wrap{position:relative;z-index:2;margin-right:auto;margin-left:auto}.uagb-section__wrap .uagb-section__overlay{position:absolute;top:0;left:0;width:100%;height:100%}.uagb-section__wrap .uagb-section__video-wrap{position:absolute;top:0;left:0;z-index:0;width:100%;height:100%;transition:opacity 1s;overflow:hidden;-webkit-transition:opacity 1s;-o-transition:opacity 1s}.uagb-section__wrap .uagb-section__video-wrap video{display:inline-block;vertical-align:baseline;width:100%;height:100%;max-width:100%;margin:0;background-size:cover;border:none;object-fit:cover;line-height:1;-o-object-fit:cover}@media (min-width: 768px) and (max-width: 1024px){.wp-block-uagb-section.uagb-section__wrap.uagb-section__background-image{background-attachment:scroll}}\n.uagb-block-de7071a4.uagb-section__wrap{padding-top: 20px;padding-bottom: 20px;padding-left: 20px;padding-right: 20px;margin-top: 0px;margin-bottom: 0px;border-style: none;margin-right: auto;margin-left: auto;max-width: 1200px;}.uagb-block-de7071a4 > .uagb-section__video-wrap{opacity: 0.5;}.uagb-block-de7071a4 > .uagb-section__inner-wrap{max-width: 100%;}.uagb-block-de7071a4.wp-block-uagb-section{box-shadow: 0px 0px    ;}.uagb-block-de7071a4 > .uagb-section__overlay{border-radius:    ;}@media only screen and (max-width: 976px) {.uagb-block-de7071a4.uagb-section__wrap{border-style: none;}}@media only screen and (max-width: 767px) {.uagb-block-de7071a4.uagb-section__wrap{border-style: none;}}.uag-blocks-common-selector{z-index:var(--z-index-desktop) !important}@media (max-width: 976px){.uag-blocks-common-selector{z-index:var(--z-index-tablet) !important}}@media (max-width: 767px){.uag-blocks-common-selector{z-index:var(--z-index-mobile) !important}}\n","js":"","current_block_list":["core\/cover","core\/heading","core\/spacer","uagb\/section","core\/paragraph","core\/search","core\/group","core\/latest-posts","core\/latest-comments","core\/archives","core\/categories"],"uag_flag":true,"uag_version":"1775469993","gfonts":[],"gfonts_url":"","gfonts_files":[],"uag_faq_layout":false},"_wxr_import_user_slug":null,"_astra_sites_imported_post":null,"_astra_sites_enable_for_batch":null,"_top_nav_excluded":"","_cms_nav_minihome":"","_wp_old_slug":null,"_edit_lock":null,"_last_translation_edit_mode":"translation-editor","_wp_old_date":null,"_wpml_location_migration_done":null,"rank_math_analytic_object_id":"185","rank_math_internal_links_processed":"1","rank_math_seo_score":null,"_edit_last":null,"_wpml_media_featured":null,"_wpml_media_duplicate":null,"theme-transparent-header-meta":"enabled","rank_math_focus_keyword":null,"_uag_custom_page_level_css":null,"ast-site-content-layout":"normal-width-container","adv-header-id-meta":"","stick-header-meta":"","astra-migrate-meta-layouts":null,"footnotes":null,"_uag_css_file_name":"uag-css-872223.css","rank_math_og_content_image":{"check":"039951bd0c90e21226217e8ea052adfe","images":[1691]},"_thumbnail_id":null,"data":null,"user_ip":null,"uagb_featured_image_src":{"full":false,"thumbnail":false,"medium":false,"medium_large":false,"large":false,"1536x1536":false,"2048x2048":false},"uagb_author_info":{"display_name":"Albapouilly","author_link":"https:\/\/albatrossglobal.org\/es\/"},"uagb_comment_info":0,"uagb_excerpt":null,"_links":{"self":[{"href":"https:\/\/albatrossglobal.org\/es\/wp-json\/wp\/v2\/pages\/872223","targetHints":{"allow":["GET"]}}],"collection":[{"href":"https:\/\/albatrossglobal.org\/es\/wp-json\/wp\/v2\/pages"}],"about":[{"href":"https:\/\/albatrossglobal.org\/es\/wp-json\/wp\/v2\/types\/page"}],"author":[{"embeddable":true,"href":"https:\/\/albatrossglobal.org\/es\/wp-json\/wp\/v2\/users\/7"}],"replies":[{"embeddable":true,"href":"https:\/\/albatrossglobal.org\/es\/wp-json\/wp\/v2\/comments?post=872223"}],"version-history":[{"count":7,"href":"https:\/\/albatrossglobal.org\/es\/wp-json\/wp\/v2\/pages\/872223\/revisions"}],"predecessor-version":[{"id":1021476,"href":"https:\/\/albatrossglobal.org\/es\/wp-json\/wp\/v2\/pages\/872223\/revisions\/1021476"}],"wp:attachment":[{"href":"https:\/\/albatrossglobal.org\/es\/wp-json\/wp\/v2\/media?parent=872223"}],"curies":[{"name":"wp","href":"https:\/\/api.w.org\/{rel}","templated":true}]}}