{"id":872216,"date":"2022-05-17T11:02:23","date_gmt":"2022-05-17T09:02:23","guid":{"rendered":"https:\/\/albatrossglobal.org\/politica-de-privacidad\/"},"modified":"2025-04-13T18:07:38","modified_gmt":"2025-04-13T16:07:38","slug":"politica-de-privacidad","status":"publish","type":"page","link":"https:\/\/albatrossglobal.org\/es\/politica-de-privacidad\/","title":{"rendered":"Pol\u00edtica de privacidad"},"content":{"rendered":"\n<div class=\"wp-block-cover alignfull\" style=\"min-height:600px;aspect-ratio:unset;\"><span aria-hidden=\"true\" class=\"wp-block-cover__background has-ast-global-color-2-background-color has-background-dim-80 has-background-dim\"><\/span><img decoding=\"async\" width=\"1600\" height=\"898\" class=\"wp-block-cover__image-background wp-image-1691 lazyload\" alt=\"\" data-src=\"https:\/\/albatrossglobal.org\/wp-content\/uploads\/2022\/05\/le-buis-2.jpeg\" style=\"--smush-placeholder-width: 1600px; --smush-placeholder-aspect-ratio: 1600\/898;object-position:55% 59%\" data-object-fit=\"cover\" data-object-position=\"55% 59%\" data-srcset=\"https:\/\/albatrossglobal.org\/wp-content\/uploads\/2022\/05\/le-buis-2.jpeg 1600w, https:\/\/albatrossglobal.org\/wp-content\/uploads\/2022\/05\/le-buis-2-300x168.jpeg 300w, https:\/\/albatrossglobal.org\/wp-content\/uploads\/2022\/05\/le-buis-2-1024x575.jpeg 1024w, https:\/\/albatrossglobal.org\/wp-content\/uploads\/2022\/05\/le-buis-2-768x431.jpeg 768w, https:\/\/albatrossglobal.org\/wp-content\/uploads\/2022\/05\/le-buis-2-1536x862.jpeg 1536w\" data-sizes=\"(max-width: 1600px) 100vw, 1600px\" src=\"data:image\/svg+xml;base64,PHN2ZyB3aWR0aD0iMSIgaGVpZ2h0PSIxIiB4bWxucz0iaHR0cDovL3d3dy53My5vcmcvMjAwMC9zdmciPjwvc3ZnPg==\" \/><div class=\"wp-block-cover__inner-container is-layout-flow wp-block-cover-is-layout-flow\">\n<h1 class=\"wp-block-heading has-text-color\" style=\"color:#ffffff\">Pol\u00edtica de privacidad<\/h1>\n<\/div><\/div>\n\n<div style=\"height:50px\" aria-hidden=\"true\" class=\"wp-block-spacer\"><\/div>\n\n<section class=\"wp-block-uagb-section uagb-section__wrap uagb-section__background-undefined uagb-block-ce7782c0\"><div class=\"uagb-section__overlay\"><\/div><div class=\"uagb-section__inner-wrap\">\n<h2 class=\"wp-block-heading\">I. Gesti\u00f3n de datos personales<\/h2>\n\n\n\n<p>Esta Pol\u00edtica de Privacidad se aplica a la Fundaci\u00f3n Albatross (sitio web: www.albatrossglobal.org), Albatross Legal (sitio web: www.albatrosslegal.org) y Create2Donate (sitio web: www.create2donate.org) (denominados conjunta o separadamente \u00abel Sitio\u00bb).<\/p>\n\n\n\n<p>  El Sitio se compromete a proteger la privacidad de los datos personales de los usuarios de su sitio web. Esta pol\u00edtica de privacidad explica c\u00f3mo recopilamos, utilizamos, almacenamos y protegemos tus datos personales de acuerdo con el Reglamento General de Protecci\u00f3n de Datos (RGPD) y las leyes aplicables. <\/p>\n\n\n\n<p>Al acceder o conectarte al Sitio y utilizarlo, aceptas los t\u00e9rminos de esta pol\u00edtica de confidencialidad.  <\/p>\n\n\n\n<p>En Francia, los datos personales est\u00e1n protegidos por la ley n\u00ba 78-87 de 6 de enero de 1978, la ley n\u00ba 2004-801 de 6 de agosto de 2004, el art\u00edculo L. 226-13 del C\u00f3digo Penal y la Directiva Europea de 24 de octubre de 1995.<\/p>\n\n\n\n<p>En el Sitio, el propietario del mismo recoge informaci\u00f3n personal relativa al usuario \u00fanicamente para la necesidad de determinados servicios ofrecidos por el Sitio. Los usuarios facilitan esta informaci\u00f3n con pleno conocimiento de causa, sobre todo cuando la introducen ellos mismos. A continuaci\u00f3n, se informa a los usuarios del Sitio de si est\u00e1n obligados o no a facilitar esta informaci\u00f3n.  <\/p>\n\n\n\n<p>De conformidad con lo dispuesto en los art\u00edculos 38 y siguientes de la Ley 78-17, de 6 de enero de 1978, relativa a la inform\u00e1tica, a los ficheros y a las libertades, todo usuario dispone de un derecho de acceso, rectificaci\u00f3n, supresi\u00f3n y oposici\u00f3n a los datos de car\u00e1cter personal que le conciernan. Para ejercer este derecho, env\u00eda tu solicitud por correo electr\u00f3nico a: info@albatrossglobal.org o por correo postal a: Albatross, Domaine du Buis, 207 chemin du Buis, 42110 Pouilly les Feurs, Francia enviando una solicitud escrita y firmada, acompa\u00f1ada de una copia del documento de identidad con la firma del portador del documento, especificando la direcci\u00f3n a la que debe enviarse la respuesta. <\/p>\n\n\n\n<p>Ninguna informaci\u00f3n personal del usuario del Sitio es publicada sin su conocimiento, intercambiada, transferida, cedida o vendida en ning\u00fan soporte a terceros. S\u00f3lo la asunci\u00f3n de la compra del Sitio por parte del propietario del Sitio y sus derechos permitir\u00eda la transmisi\u00f3n de dicha informaci\u00f3n al eventual comprador que, a su vez, estar\u00eda sujeto a la misma obligaci\u00f3n de conservaci\u00f3n y modificaci\u00f3n de los datos con respecto al usuario del Sitio. <\/p>\n\n\n\n<p>Las bases de datos est\u00e1n protegidas por las disposiciones de la Ley de 1 de julio de 1998 que transpone la Directiva 96\/9 de 11 de marzo de 1996 sobre la protecci\u00f3n jur\u00eddica de las bases de datos.<\/p>\n\n\n\n<h2 class=\"wp-block-heading\">II. Reglamento Europeo de Protecci\u00f3n de Datos (RGPD)<\/h2>\n\n\n\n<p>Con la entrada en vigor del Reglamento Europeo de Protecci\u00f3n de Datos (RGPD), queremos recordarte nuestros compromisos en materia de seguridad y confidencialidad de los datos personales en el Sitio Web.<\/p>\n\n\n\n<p><strong>En concreto<\/strong>:<\/p>\n\n\n\n<ul class=\"wp-block-list\">\n<li>Actualizar nuestros sistemas de acceso a los datos.<\/li>\n\n\n\n<li>M\u00f3dulo de gesti\u00f3n de cookies en el Sitio<\/li>\n\n\n\n<li>Actualizaci\u00f3n de nuestra carta interna para el uso de los sistemas de informaci\u00f3n.<\/li>\n<\/ul>\n\n\n\n<p>Nos comprometemos a no compartir los datos personales que recopilamos con otras organizaciones.<\/p>\n\n\n\n<h2 class=\"wp-block-heading\">III. Contenido incrustado de otros sitios<\/h2>\n\n\n\n<p>Los art\u00edculos del Sitio pueden incluir contenido incrustado (por ejemplo, v\u00eddeos, im\u00e1genes, art\u00edculos, etc.). El contenido incrustado de otros sitios se comporta de la misma manera que si el visitante estuviera visitando ese otro sitio. <\/p>\n\n\n\n<p>Estos sitios web pueden recopilar datos sobre ti, utilizar cookies, incrustar herramientas de seguimiento de terceros y rastrear tus interacciones con este contenido incrustado si tienes una cuenta conectada a su sitio web.<\/p>\n\n\n\n<h2 class=\"wp-block-heading\">IV. Gesti\u00f3n de cookies<\/h2>\n\n\n\n<p>El Sitio utiliza cookies para mejorar tu experiencia de usuario y recopilar estad\u00edsticas de visitas.<\/p>\n\n\n\n<h3 class=\"wp-block-heading\">\u00bfQu\u00e9 es una galleta?<\/h3>\n\n\n\n<p>Las cookies son peque\u00f1os archivos de texto que se instalan en tu ordenador o dispositivo cuando visitas nuestro sitio web.<\/p>\n\n\n\n<h3 class=\"wp-block-heading\">Finalidad de las cookies<\/h3>\n\n\n\n<p>Utilizamos cookies para que tus visitas al Sitio sean m\u00e1s eficaces. Las cookies tambi\u00e9n nos permiten mejorar la navegaci\u00f3n en el Sitio y comprender tu comportamiento. <\/p>\n\n\n\n<h3 class=\"wp-block-heading\">Nuestro uso de cookies<\/h3>\n\n\n\n<p>Utilizamos cookies para :<\/p>\n\n\n\n<ul class=\"wp-block-list\">\n<li>Recuerda tus datos de acceso.<\/li>\n\n\n\n<li>Identificarte cuando te conectas al Sitio.<\/li>\n\n\n\n<li>Para recordar tus preferencias de navegaci\u00f3n, de modo que puedas navegar por nuestro sitio m\u00e1s r\u00e1pida y f\u00e1cilmente.<\/li>\n\n\n\n<li>Recopilar informaci\u00f3n anal\u00edtica para, por ejemplo, contar el n\u00famero de visitantes del Sitio Web e identificar las p\u00e1ginas que visitas con m\u00e1s frecuencia.<\/li>\n\n\n\n<li>Utilizamos los datos de an\u00e1lisis que recopilamos con fines de marketing y planificaci\u00f3n de recursos.<\/li>\n\n\n\n<li>Para determinar si nuestros clientes y visitantes se adaptan f\u00e1cilmente a los cambios que podamos introducir en el Sitio.<\/li>\n<\/ul>\n\n\n\n<h3 class=\"wp-block-heading\">Informaci\u00f3n recogida a trav\u00e9s de cookies<\/h3>\n\n\n\n<p>Las cookies nos ayudan a recopilar informaci\u00f3n sobre c\u00f3mo utilizas el Sitio, pero no almacenamos ninguna informaci\u00f3n personal identificable sobre ti en los datos de nuestras cookies. S\u00f3lo registramos un identificador de sesi\u00f3n \u00fanico que nos ayudar\u00e1 a encontrar un perfil de usuario y tus preferencias la pr\u00f3xima vez que nos visites. <\/p>\n\n\n\n<h3 class=\"wp-block-heading\">Tipos de cookies<\/h3>\n\n\n\n<p>Cookies de sesi\u00f3n: las cookies de este tipo se almacenan temporalmente en tu ordenador o dispositivo durante una sesi\u00f3n de navegaci\u00f3n. Se eliminan de tu ordenador o dispositivo al final de la sesi\u00f3n de navegaci\u00f3n. Cookies permanentes: las cookies de este tipo permanecen en tu ordenador durante un periodo de tiempo m\u00e1s largo. Las cookies permanentes nos ayudan a reconocerte cuando necesitamos saber qui\u00e9n eres durante m\u00e1s de una sesi\u00f3n de navegaci\u00f3n.   <\/p>\n\n\n\n<h3 class=\"wp-block-heading\">Gesti\u00f3n de cookies<\/h3>\n\n\n\n<p>El men\u00fa de la mayor\u00eda de los navegadores incluye opciones que te permiten gestionar tus cookies ajustando o configurando sus par\u00e1metros. Generalmente, el navegador te ofrece la posibilidad : <\/p>\n\n\n\n<ul class=\"wp-block-list\">\n<li>mostrar tus cookies;<\/li>\n\n\n\n<li>permitir cookies;<\/li>\n\n\n\n<li>desactivar todas las cookies, o s\u00f3lo determinadas cookies;<\/li>\n\n\n\n<li>desactiva todas las cookies cuando cierres tu navegador;<\/li>\n\n\n\n<li>bloquear cookies;<\/li>\n\n\n\n<li>para ser informado cuando recibas una cookie.<\/li>\n<\/ul>\n\n\n\n<p>Ten en cuenta que si decides bloquear nuestras cookies, la mayor parte de la funcionalidad del Sitio quedar\u00e1 deshabilitada (incluido el registro, la posibilidad de publicar comentarios y otras interacciones) y tu navegaci\u00f3n tambi\u00e9n puede verse afectada. Si configuras las opciones de tu navegador para que elimine todas las cookies, tus preferencias de navegaci\u00f3n se borrar\u00e1n cuando cierres el navegador. <\/p>\n\n\n\n<p>Ten en cuenta que, a menos que hayas configurado los par\u00e1metros de tu navegador para rechazar las cookies, nuestro sistema emitir\u00e1 cookies en cuanto visites el Sitio.<\/p>\n<\/div><\/section>\n","protected":false},"excerpt":{"rendered":"","protected":false},"author":7,"featured_media":0,"parent":0,"menu_order":0,"comment_status":"closed","ping_status":"closed","template":"","meta":{"_uag_custom_page_level_css":"","site-sidebar-layout":"default","site-content-layout":"plain-container","ast-site-content-layout":"normal-width-container","site-content-style":"unboxed","site-sidebar-style":"unboxed","ast-global-header-display":"","ast-banner-title-visibility":"","ast-main-header-display":"","ast-hfb-above-header-display":"","ast-hfb-below-header-display":"","ast-hfb-mobile-header-display":"","site-post-title":"disabled","ast-breadcrumbs-content":"","ast-featured-img":"","footer-sml-layout":"","ast-disable-related-posts":"","theme-transparent-header-meta":"enabled","adv-header-id-meta":"","stick-header-meta":"","header-above-stick-meta":"","header-main-stick-meta":"","header-below-stick-meta":"","astra-migrate-meta-layouts":"default","ast-page-background-enabled":"default","ast-page-background-meta":{"desktop":{"background-color":"","background-image":"","background-repeat":"repeat","background-position":"center center","background-size":"auto","background-attachment":"scroll","background-type":"","background-media":"","overlay-type":"","overlay-color":"","overlay-opacity":"","overlay-gradient":""},"tablet":{"background-color":"","background-image":"","background-repeat":"repeat","background-position":"center center","background-size":"auto","background-attachment":"scroll","background-type":"","background-media":"","overlay-type":"","overlay-color":"","overlay-opacity":"","overlay-gradient":""},"mobile":{"background-color":"","background-image":"","background-repeat":"repeat","background-position":"center center","background-size":"auto","background-attachment":"scroll","background-type":"","background-media":"","overlay-type":"","overlay-color":"","overlay-opacity":"","overlay-gradient":""}},"ast-content-background-meta":{"desktop":{"background-color":"var(--ast-global-color-5)","background-image":"","background-repeat":"repeat","background-position":"center center","background-size":"auto","background-attachment":"scroll","background-type":"","background-media":"","overlay-type":"","overlay-color":"","overlay-opacity":"","overlay-gradient":""},"tablet":{"background-color":"var(--ast-global-color-5)","background-image":"","background-repeat":"repeat","background-position":"center center","background-size":"auto","background-attachment":"scroll","background-type":"","background-media":"","overlay-type":"","overlay-color":"","overlay-opacity":"","overlay-gradient":""},"mobile":{"background-color":"var(--ast-global-color-5)","background-image":"","background-repeat":"repeat","background-position":"center center","background-size":"auto","background-attachment":"scroll","background-type":"","background-media":"","overlay-type":"","overlay-color":"","overlay-opacity":"","overlay-gradient":""}},"footnotes":""},"class_list":["post-872216","page","type-page","status-publish","hentry"],"_wp_attached_file":null,"siteground_optimizer_is_optimized":null,"wp-smush-lossy":null,"wp-smpro-smush-data":null,"wpml_media_processed":null,"wp-smush-ignore-bulk":null,"_wp_attachment_image_alt":null,"_astra_sites_image_hash":null,"_elementor_source_image_hash":null,"_wp_attachment_context":null,"_oembed_82a5c35e9300b18f214e29423b80ccc1":null,"_wp_attachment_backup_sizes":null,"_oembed_962f988bbbdcfd4a23c50360ead75e99":null,"wp-smush-error":null,"wp-smush-optimization-errors":null,"_wp_trash_meta_status":null,"_wp_trash_meta_time":null,"_menu_item_type":null,"_menu_item_menu_item_parent":null,"_menu_item_object_id":null,"_menu_item_object":null,"_menu_item_target":null,"_menu_item_classes":null,"_menu_item_xfn":null,"_menu_item_url":null,"_customize_changeset_uuid":null,"site-post-title":"disabled","site-sidebar-layout":"default","site-content-layout":"plain-container","_yoast_wpseo_content_score":null,"astra-main-page-id":null,"_yoast_wpseo_estimated-reading-time-minutes":null,"ast_ist_mapping":null,"ast_self_id_48452":null,"rank_math_title":null,"rank_math_description":null,"site-content-style":"unboxed","site-sidebar-style":"unboxed","_wp_page_template":"","ast_self_id_48450":null,"ast_self_id_48451":null,"ast_self_id_48449":null,"ast_self_id_48453":null,"ast-featured-img":"","_oembed_57b40ba93a9ad9878fb0f0fa6f613ecc":null,"_oembed_time_57b40ba93a9ad9878fb0f0fa6f613ecc":null,"_oembed_41c9285399048f9301d0d1168e43343d":null,"_oembed_time_41c9285399048f9301d0d1168e43343d":null,"_oembed_38f3fd5741367c2221c86f09f2f9954f":null,"_oembed_time_38f3fd5741367c2221c86f09f2f9954f":null,"_oembed_93ddf6953ee718c6d9a5fefc37ed8568":null,"_oembed_time_93ddf6953ee718c6d9a5fefc37ed8568":null,"_uag_js_file_name":null,"_oembed_06dca8326686b8907e0b4154c81d6f8b":null,"cosmoswp_site_layout":null,"cosmoswp_sidebar_options":null,"cosmoswp_header_layout":null,"cosmoswp_footer_layout":null,"cosmoswp_banner_options_layout":null,"gutentor_dynamic_css":null,"gutentor_css_info":null,"rank_math_primary_category":null,"_pingme":null,"_encloseme":null,"user_id":null,"user_login":null,"_form":null,"_mail":null,"_mail_2":null,"_messages":null,"_additional_settings":null,"_locale":null,"_astra_sites_imported_wp_forms":null,"_wp_attachment_metadata":null,"rank_math_news_sitemap_robots":null,"rank_math_robots":["index"],"_wpml_word_count":"1131","_uag_page_assets":{"css":".uagb-section__wrap{position:relative}.uagb-section__wrap .uagb-section__inner-wrap{position:relative;z-index:2;margin-right:auto;margin-left:auto}.uagb-section__wrap .uagb-section__overlay{position:absolute;top:0;left:0;width:100%;height:100%}.uagb-section__wrap .uagb-section__video-wrap{position:absolute;top:0;left:0;z-index:0;width:100%;height:100%;transition:opacity 1s;overflow:hidden;-webkit-transition:opacity 1s;-o-transition:opacity 1s}.uagb-section__wrap .uagb-section__video-wrap video{display:inline-block;vertical-align:baseline;width:100%;height:100%;max-width:100%;margin:0;background-size:cover;border:none;object-fit:cover;line-height:1;-o-object-fit:cover}@media (min-width: 768px) and (max-width: 1024px){.wp-block-uagb-section.uagb-section__wrap.uagb-section__background-image{background-attachment:scroll}}\n.uagb-block-ce7782c0.uagb-section__wrap{padding-top: 20px;padding-bottom: 20px;padding-left: 20px;padding-right: 20px;margin-top: 0px;margin-bottom: 0px;border-style: none;margin-right: auto;margin-left: auto;max-width: 1200px;}.uagb-block-ce7782c0 > .uagb-section__video-wrap{opacity: 0.5;}.uagb-block-ce7782c0 > .uagb-section__inner-wrap{max-width: 100%;}.uagb-block-ce7782c0.wp-block-uagb-section{box-shadow: 0px 0px    ;}.uagb-block-ce7782c0 > .uagb-section__overlay{border-radius:    ;}@media only screen and (max-width: 976px) {.uagb-block-ce7782c0.uagb-section__wrap{border-style: none;}}@media only screen and (max-width: 767px) {.uagb-block-ce7782c0.uagb-section__wrap{border-style: none;}}.uag-blocks-common-selector{z-index:var(--z-index-desktop) !important}@media (max-width: 976px){.uag-blocks-common-selector{z-index:var(--z-index-tablet) !important}}@media (max-width: 767px){.uag-blocks-common-selector{z-index:var(--z-index-mobile) !important}}\n","js":"","current_block_list":["core\/cover","core\/heading","core\/spacer","uagb\/section","core\/paragraph","core\/list","core\/list-item","core\/search","core\/group","core\/latest-posts","core\/latest-comments","core\/archives","core\/categories"],"uag_flag":true,"uag_version":"1775989119","gfonts":[],"gfonts_url":"","gfonts_files":[],"uag_faq_layout":false},"_wxr_import_user_slug":null,"_astra_sites_imported_post":null,"_astra_sites_enable_for_batch":null,"_top_nav_excluded":"","_cms_nav_minihome":"","_wp_old_slug":null,"_edit_lock":null,"_last_translation_edit_mode":"translation-editor","_wp_old_date":null,"_wpml_location_migration_done":null,"rank_math_analytic_object_id":"124","rank_math_internal_links_processed":"1","rank_math_seo_score":null,"_edit_last":null,"_wpml_media_featured":null,"_wpml_media_duplicate":null,"theme-transparent-header-meta":"enabled","rank_math_focus_keyword":null,"_uag_custom_page_level_css":null,"ast-site-content-layout":"normal-width-container","adv-header-id-meta":"","stick-header-meta":"","astra-migrate-meta-layouts":null,"footnotes":null,"_uag_css_file_name":"uag-css-872216.css","rank_math_og_content_image":{"check":"22a5043d8a110f45afffec5386a80e86","images":[1691]},"_thumbnail_id":null,"data":null,"user_ip":null,"uagb_featured_image_src":{"full":false,"thumbnail":false,"medium":false,"medium_large":false,"large":false,"1536x1536":false,"2048x2048":false},"uagb_author_info":{"display_name":"Albapouilly","author_link":"https:\/\/albatrossglobal.org\/es\/"},"uagb_comment_info":0,"uagb_excerpt":null,"_links":{"self":[{"href":"https:\/\/albatrossglobal.org\/es\/wp-json\/wp\/v2\/pages\/872216","targetHints":{"allow":["GET"]}}],"collection":[{"href":"https:\/\/albatrossglobal.org\/es\/wp-json\/wp\/v2\/pages"}],"about":[{"href":"https:\/\/albatrossglobal.org\/es\/wp-json\/wp\/v2\/types\/page"}],"author":[{"embeddable":true,"href":"https:\/\/albatrossglobal.org\/es\/wp-json\/wp\/v2\/users\/7"}],"replies":[{"embeddable":true,"href":"https:\/\/albatrossglobal.org\/es\/wp-json\/wp\/v2\/comments?post=872216"}],"version-history":[{"count":6,"href":"https:\/\/albatrossglobal.org\/es\/wp-json\/wp\/v2\/pages\/872216\/revisions"}],"predecessor-version":[{"id":1021548,"href":"https:\/\/albatrossglobal.org\/es\/wp-json\/wp\/v2\/pages\/872216\/revisions\/1021548"}],"wp:attachment":[{"href":"https:\/\/albatrossglobal.org\/es\/wp-json\/wp\/v2\/media?parent=872216"}],"curies":[{"name":"wp","href":"https:\/\/api.w.org\/{rel}","templated":true}]}}