{"id":1296168,"date":"2026-03-29T17:35:44","date_gmt":"2026-03-29T15:35:44","guid":{"rendered":"https:\/\/albatrossglobal.org\/ia-inteligencia-atenta\/"},"modified":"2026-04-04T09:49:02","modified_gmt":"2026-04-04T07:49:02","slug":"ia-inteligencia-atenta","status":"publish","type":"page","link":"https:\/\/albatrossglobal.org\/es\/ia-inteligencia-atenta\/","title":{"rendered":"IA: Inteligencia Atenta"},"content":{"rendered":"\n<p><\/p>\n\n<h3 class=\"wp-block-heading\"><strong>IA contra IA<\/strong><\/h3>\n\n<ul class=\"wp-block-list\">\n<li>Sistemas actuales de IA:\n<ul class=\"wp-block-list\">\n<li>Optimiza la velocidad, la eficacia y el rendimiento<\/li>\n\n\n\n<li>Centrarse en las respuestas, no en la comprensi\u00f3n<\/li>\n<\/ul>\n<\/li>\n\n\n\n<li>Dimensi\u00f3n que falta:\n<ul class=\"wp-block-list\">\n<li><strong>Conciencia humana, contexto emocional y significado<\/strong><\/li>\n<\/ul>\n<\/li>\n\n\n\n<li>Consecuencias:\n<ul class=\"wp-block-list\">\n<li>Sobrecarga de informaci\u00f3n sin sabidur\u00eda<\/li>\n\n\n\n<li>Compromiso sin transformaci\u00f3n<\/li>\n\n\n\n<li>Tecnolog\u00eda que escala el conocimiento, pero no la conciencia<\/li>\n<\/ul>\n<\/li>\n\n\n\n<li><\/li>\n<\/ul>\n\n<hr class=\"wp-block-separator has-alpha-channel-opacity\"\/>\n\n<h2 class=\"wp-block-heading\"><strong>3. \u00bfQu\u00e9 es la Inteligencia Atenta?<\/strong><\/h2>\n\n<h3 class=\"wp-block-heading\"><strong>Una nueva categor\u00eda de inteligencia<\/strong><\/h3>\n\n<ul class=\"wp-block-list\">\n<li>Definici\u00f3n:\n<ul class=\"wp-block-list\">\n<li>IA dise\u00f1ada para <strong>favorecer la atenci\u00f3n, la conciencia y el crecimiento humano<\/strong><\/li>\n<\/ul>\n<\/li>\n\n\n\n<li>Idea central:\n<ul class=\"wp-block-list\">\n<li>La inteligencia no consiste s\u00f3lo en resolver problemas<br\/>\u2192 Se trata de <strong>c\u00f3mo percibimos, interpretamos y respondemos al mundo<\/strong><\/li>\n<\/ul>\n<\/li>\n<\/ul>\n\n<p><strong>Inteligencia atenta es:<\/strong><\/p>\n\n<ul class=\"wp-block-list\">\n<li>Consciente del contexto<\/li>\n\n\n\n<li>Centrado en el ser humano<\/li>\n\n\n\n<li>Reflexivo, no reactivo<\/li>\n\n\n\n<li>Dise\u00f1ado para el <strong>desarrollo interior<\/strong><\/li>\n<\/ul>\n\n<hr class=\"wp-block-separator has-alpha-channel-opacity\"\/>\n\n<h2 class=\"wp-block-heading\"><strong>4. La base: Mindfulness reimaginado<\/strong><\/h2>\n\n<h3 class=\"wp-block-heading\"><strong>Inspirado en la obra de Ellen Langer<\/strong><\/h3>\n\n<ul class=\"wp-block-list\">\n<li>No la atenci\u00f3n plena basada en la meditaci\u00f3n<\/li>\n\n\n\n<li>En lugar de eso:\n<ul class=\"wp-block-list\">\n<li>Notificaci\u00f3n activa<\/li>\n\n\n\n<li>Curiosidad<\/li>\n\n\n\n<li>Flexibilidad cognitiva<\/li>\n<\/ul>\n<\/li>\n<\/ul>\n\n<p><strong>Principios:<\/strong><\/p>\n\n<ul class=\"wp-block-list\">\n<li>Siempre hay m\u00e1s de una perspectiva<\/li>\n\n\n\n<li>La atenci\u00f3n crea significado<\/li>\n\n\n\n<li>La concienciaci\u00f3n cambia los resultados<\/li>\n<\/ul>\n\n<p><strong>Conexi\u00f3n con la IA:<\/strong><\/p>\n\n<ul class=\"wp-block-list\">\n<li>La IA puede ayudar a entrenar la atenci\u00f3n:\n<ul class=\"wp-block-list\">\n<li>Incitando a la reflexi\u00f3n<\/li>\n\n\n\n<li>Ofreciendo nuevas perspectivas<\/li>\n\n\n\n<li>Fomentando la elecci\u00f3n consciente<\/li>\n<\/ul>\n<\/li>\n<\/ul>\n\n<hr class=\"wp-block-separator has-alpha-channel-opacity\"\/>\n\n<h2 class=\"wp-block-heading\"><strong>5. C\u00f3mo funciona la inteligencia atenta<\/strong><\/h2>\n\n<h3 class=\"wp-block-heading\"><strong>De la reacci\u00f3n a la reflexi\u00f3n<\/strong><\/h3>\n\n<p>Compara:<\/p>\n\n<figure class=\"wp-block-table\"><table class=\"has-fixed-layout\"><thead><tr><th>IA tradicional<\/th><th>Inteligencia Atenta<\/th><\/tr><\/thead><tbody><tr><td>Da respuestas<\/td><td>Gu\u00edas de pensamiento<\/td><\/tr><tr><td>Optimiza las tareas<\/td><td>Desarrolla la conciencia<\/td><\/tr><tr><td>Reactivo<\/td><td>Reflectante<\/td><\/tr><tr><td>Informaci\u00f3n<\/td><td>Impulsado por el sentido<\/td><\/tr><\/tbody><\/table><\/figure>\n\n<p><strong>Capacidades:<\/strong><\/p>\n\n<ul class=\"wp-block-list\">\n<li>Plantea mejores preguntas<\/li>\n\n\n\n<li>Fomenta la pausa y la reflexi\u00f3n<\/li>\n\n\n\n<li>Se adapta al contexto emocional y cognitivo<\/li>\n\n\n\n<li>Apoya el aprendizaje, no s\u00f3lo el rendimiento<\/li>\n<\/ul>\n\n<hr class=\"wp-block-separator has-alpha-channel-opacity\"\/>\n\n<h2 class=\"wp-block-heading\"><strong>6. Aplicaciones<\/strong><\/h2>\n\n<h3 class=\"wp-block-heading\"><strong>Donde la Inteligencia Atenta Crea Impacto<\/strong><\/h3>\n\n<h4 class=\"wp-block-heading\"><strong>Salud Mental Juvenil<\/strong><\/h4>\n\n<ul class=\"wp-block-list\">\n<li>Herramientas de psicoeducaci\u00f3n (por ejemplo, Gaia Voice)<\/li>\n\n\n\n<li>Desarrolla la conciencia emocional y la resiliencia<\/li>\n<\/ul>\n\n<h4 class=\"wp-block-heading\"><strong>Educaci\u00f3n<\/strong><\/h4>\n\n<ul class=\"wp-block-list\">\n<li>Ense\u00f1a <em>c\u00f3mo pensar<\/em>, no s\u00f3lo <em>qu\u00e9 aprender<\/em><\/li>\n\n\n\n<li>Fomenta la curiosidad y la exploraci\u00f3n<\/li>\n<\/ul>\n\n<h4 class=\"wp-block-heading\"><strong>Toma de decisiones<\/strong><\/h4>\n\n<ul class=\"wp-block-list\">\n<li>Ayuda a las personas a ver m\u00faltiples perspectivas<\/li>\n\n\n\n<li>Reduce los prejuicios y el pensamiento autom\u00e1tico<\/li>\n<\/ul>\n\n<h4 class=\"wp-block-heading\"><strong>Vida cotidiana<\/strong><\/h4>\n\n<ul class=\"wp-block-list\">\n<li>Apoya las elecciones conscientes<\/li>\n\n\n\n<li>Mejora las relaciones y la comunicaci\u00f3n<\/li>\n<\/ul>\n\n<hr class=\"wp-block-separator has-alpha-channel-opacity\"\/>\n\n<h2 class=\"wp-block-heading\"><strong>7. La inteligencia atenta en acci\u00f3n<\/strong><\/h2>\n\n<h3 class=\"wp-block-heading\"><strong>Voz de Gaia<\/strong><\/h3>\n\n<ul class=\"wp-block-list\">\n<li>Compa\u00f1ero de IA para j\u00f3venes<\/li>\n\n\n\n<li>Ense\u00f1a:\n<ul class=\"wp-block-list\">\n<li>Conciencia emocional<\/li>\n\n\n\n<li>Toma de perspectiva<\/li>\n\n\n\n<li>Autorreflexi\u00f3n<\/li>\n<\/ul>\n<\/li>\n<\/ul>\n\n<h3 class=\"wp-block-heading\"><strong>Gemelo digital de la Fundaci\u00f3n Albatros<\/strong><\/h3>\n\n<ul class=\"wp-block-list\">\n<li>Escala la filosof\u00eda globalmente<\/li>\n\n\n\n<li>Hace que el conocimiento sea interactivo y accesible<\/li>\n<\/ul>\n\n<hr class=\"wp-block-separator has-alpha-channel-opacity\"\/>\n\n<h2 class=\"wp-block-heading\"><strong>8. Por qu\u00e9 es importante<\/strong><\/h2>\n\n<ul class=\"wp-block-list\">\n<li>Estamos entrando en una era en la que:\n<ul class=\"wp-block-list\">\n<li>La IA da forma a c\u00f3mo pensamos, aprendemos y nos comportamos<\/li>\n<\/ul>\n<\/li>\n\n\n\n<li>El riesgo:\n<ul class=\"wp-block-list\">\n<li>Escalar la distracci\u00f3n, la automatizaci\u00f3n y la pasividad<\/li>\n<\/ul>\n<\/li>\n\n\n\n<li>La oportunidad:\n<ul class=\"wp-block-list\">\n<li>Utiliza la IA para <strong>mejorar la concienciaci\u00f3n, no para sustituirla<\/strong><\/li>\n<\/ul>\n<\/li>\n<\/ul>\n\n<p><strong>Declaraci\u00f3n clave:<\/strong><br\/><em>El futuro de la inteligencia no es artificial, es atento.<\/em><\/p>\n\n<hr class=\"wp-block-separator has-alpha-channel-opacity\"\/>\n\n<h2 class=\"wp-block-heading\"><strong>9. Conexi\u00f3n con el ODS 18<\/strong><\/h2>\n\n<h3 class=\"wp-block-heading\"><strong>Respeto y buena voluntad a trav\u00e9s de la concienciaci\u00f3n<\/strong><\/h3>\n\n<ul class=\"wp-block-list\">\n<li>La Inteligencia Atenta permite:\n<ul class=\"wp-block-list\">\n<li>Empat\u00eda<\/li>\n\n\n\n<li>Responsabilidad<\/li>\n\n\n\n<li>Interacci\u00f3n consciente con los dem\u00e1s y con el planeta<\/li>\n<\/ul>\n<\/li>\n\n\n\n<li>Es un <strong>elemento esencial del ODS 18<\/strong><\/li>\n<\/ul>\n","protected":false},"excerpt":{"rendered":"<p>IA contra IA 3. \u00bfQu\u00e9 es la Inteligencia Atenta? Una nueva categor\u00eda de inteligencia Inteligencia atenta es: 4. La base: Mindfulness reimaginado Inspirado en la obra de Ellen Langer Principios: Conexi\u00f3n con la IA: 5. C\u00f3mo funciona la inteligencia atenta De la reacci\u00f3n a la reflexi\u00f3n Compara: IA tradicional Inteligencia Atenta Da respuestas Gu\u00edas de [&hellip;]<\/p>\n","protected":false},"author":7,"featured_media":0,"parent":0,"menu_order":0,"comment_status":"closed","ping_status":"closed","template":"","meta":{"_uag_custom_page_level_css":"","site-sidebar-layout":"default","site-content-layout":"","ast-site-content-layout":"default","site-content-style":"default","site-sidebar-style":"default","ast-global-header-display":"","ast-banner-title-visibility":"","ast-main-header-display":"","ast-hfb-above-header-display":"","ast-hfb-below-header-display":"","ast-hfb-mobile-header-display":"","site-post-title":"","ast-breadcrumbs-content":"","ast-featured-img":"","footer-sml-layout":"","ast-disable-related-posts":"","theme-transparent-header-meta":"","adv-header-id-meta":"","stick-header-meta":"","header-above-stick-meta":"","header-main-stick-meta":"","header-below-stick-meta":"","astra-migrate-meta-layouts":"default","ast-page-background-enabled":"default","ast-page-background-meta":{"desktop":{"background-color":"","background-image":"","background-repeat":"repeat","background-position":"center center","background-size":"auto","background-attachment":"scroll","background-type":"","background-media":"","overlay-type":"","overlay-color":"","overlay-opacity":"","overlay-gradient":""},"tablet":{"background-color":"","background-image":"","background-repeat":"repeat","background-position":"center center","background-size":"auto","background-attachment":"scroll","background-type":"","background-media":"","overlay-type":"","overlay-color":"","overlay-opacity":"","overlay-gradient":""},"mobile":{"background-color":"","background-image":"","background-repeat":"repeat","background-position":"center center","background-size":"auto","background-attachment":"scroll","background-type":"","background-media":"","overlay-type":"","overlay-color":"","overlay-opacity":"","overlay-gradient":""}},"ast-content-background-meta":{"desktop":{"background-color":"var(--ast-global-color-5)","background-image":"","background-repeat":"repeat","background-position":"center center","background-size":"auto","background-attachment":"scroll","background-type":"","background-media":"","overlay-type":"","overlay-color":"","overlay-opacity":"","overlay-gradient":""},"tablet":{"background-color":"var(--ast-global-color-5)","background-image":"","background-repeat":"repeat","background-position":"center center","background-size":"auto","background-attachment":"scroll","background-type":"","background-media":"","overlay-type":"","overlay-color":"","overlay-opacity":"","overlay-gradient":""},"mobile":{"background-color":"var(--ast-global-color-5)","background-image":"","background-repeat":"repeat","background-position":"center center","background-size":"auto","background-attachment":"scroll","background-type":"","background-media":"","overlay-type":"","overlay-color":"","overlay-opacity":"","overlay-gradient":""}},"footnotes":""},"class_list":["post-1296168","page","type-page","status-publish","hentry"],"_wp_attached_file":null,"siteground_optimizer_is_optimized":null,"wp-smush-lossy":null,"wp-smpro-smush-data":null,"wpml_media_processed":null,"wp-smush-ignore-bulk":null,"_wp_attachment_image_alt":null,"_astra_sites_image_hash":null,"_elementor_source_image_hash":null,"_wp_attachment_context":null,"_oembed_82a5c35e9300b18f214e29423b80ccc1":null,"_wp_attachment_backup_sizes":null,"_oembed_962f988bbbdcfd4a23c50360ead75e99":null,"wp-smush-error":null,"wp-smush-optimization-errors":null,"_wp_trash_meta_status":null,"_wp_trash_meta_time":null,"_menu_item_type":null,"_menu_item_menu_item_parent":null,"_menu_item_object_id":null,"_menu_item_object":null,"_menu_item_target":null,"_menu_item_classes":null,"_menu_item_xfn":null,"_menu_item_url":null,"_customize_changeset_uuid":null,"site-post-title":"","site-sidebar-layout":"default","site-content-layout":"","_yoast_wpseo_content_score":null,"astra-main-page-id":null,"_yoast_wpseo_estimated-reading-time-minutes":null,"ast_ist_mapping":null,"ast_self_id_48452":null,"rank_math_title":null,"rank_math_description":null,"site-content-style":"default","site-sidebar-style":"default","_wp_page_template":"","ast_self_id_48450":null,"ast_self_id_48451":null,"ast_self_id_48449":null,"ast_self_id_48453":null,"ast-featured-img":"","_oembed_57b40ba93a9ad9878fb0f0fa6f613ecc":null,"_oembed_time_57b40ba93a9ad9878fb0f0fa6f613ecc":null,"_oembed_41c9285399048f9301d0d1168e43343d":null,"_oembed_time_41c9285399048f9301d0d1168e43343d":null,"_oembed_38f3fd5741367c2221c86f09f2f9954f":null,"_oembed_time_38f3fd5741367c2221c86f09f2f9954f":null,"_oembed_93ddf6953ee718c6d9a5fefc37ed8568":null,"_oembed_time_93ddf6953ee718c6d9a5fefc37ed8568":null,"_uag_js_file_name":null,"_oembed_06dca8326686b8907e0b4154c81d6f8b":null,"cosmoswp_site_layout":null,"cosmoswp_sidebar_options":null,"cosmoswp_header_layout":null,"cosmoswp_footer_layout":null,"cosmoswp_banner_options_layout":null,"gutentor_dynamic_css":null,"gutentor_css_info":null,"rank_math_primary_category":null,"_pingme":null,"_encloseme":null,"user_id":null,"user_login":null,"_form":null,"_mail":null,"_mail_2":null,"_messages":null,"_additional_settings":null,"_locale":null,"_astra_sites_imported_wp_forms":null,"_wp_attachment_metadata":null,"rank_math_news_sitemap_robots":null,"rank_math_robots":null,"_wpml_word_count":"524","_uag_page_assets":{"css":".uag-blocks-common-selector{z-index:var(--z-index-desktop) !important}@media (max-width: 976px){.uag-blocks-common-selector{z-index:var(--z-index-tablet) !important}}@media (max-width: 767px){.uag-blocks-common-selector{z-index:var(--z-index-mobile) !important}}\n","js":"","current_block_list":["core\/paragraph","core\/heading","core\/list","core\/list-item","core\/separator","core\/table","core\/search","core\/group","core\/latest-posts","core\/latest-comments","core\/archives","core\/categories"],"uag_flag":false,"uag_version":"1776620206","gfonts":[],"gfonts_url":"","gfonts_files":[],"uag_faq_layout":false},"_wxr_import_user_slug":null,"_astra_sites_imported_post":null,"_astra_sites_enable_for_batch":null,"_top_nav_excluded":"","_cms_nav_minihome":"","_wp_old_slug":null,"_edit_lock":null,"_last_translation_edit_mode":"translation-editor","_wp_old_date":null,"_wpml_location_migration_done":null,"rank_math_analytic_object_id":"237","rank_math_internal_links_processed":"1","rank_math_seo_score":null,"_edit_last":null,"_wpml_media_featured":null,"_wpml_media_duplicate":null,"theme-transparent-header-meta":"","rank_math_focus_keyword":null,"_uag_custom_page_level_css":null,"ast-site-content-layout":"default","adv-header-id-meta":"","stick-header-meta":"","astra-migrate-meta-layouts":null,"footnotes":null,"_uag_css_file_name":"uag-css-1296168.css","rank_math_og_content_image":null,"_thumbnail_id":null,"data":null,"user_ip":null,"uagb_featured_image_src":{"full":false,"thumbnail":false,"medium":false,"medium_large":false,"large":false,"1536x1536":false,"2048x2048":false},"uagb_author_info":{"display_name":"Albapouilly","author_link":"https:\/\/albatrossglobal.org\/es\/"},"uagb_comment_info":0,"uagb_excerpt":"IA contra IA 3. \u00bfQu\u00e9 es la Inteligencia Atenta? Una nueva categor\u00eda de inteligencia Inteligencia atenta es: 4. La base: Mindfulness reimaginado Inspirado en la obra de Ellen Langer Principios: Conexi\u00f3n con la IA: 5. C\u00f3mo funciona la inteligencia atenta De la reacci\u00f3n a la reflexi\u00f3n Compara: IA tradicional Inteligencia Atenta Da respuestas Gu\u00edas de&hellip;","_links":{"self":[{"href":"https:\/\/albatrossglobal.org\/es\/wp-json\/wp\/v2\/pages\/1296168","targetHints":{"allow":["GET"]}}],"collection":[{"href":"https:\/\/albatrossglobal.org\/es\/wp-json\/wp\/v2\/pages"}],"about":[{"href":"https:\/\/albatrossglobal.org\/es\/wp-json\/wp\/v2\/types\/page"}],"author":[{"embeddable":true,"href":"https:\/\/albatrossglobal.org\/es\/wp-json\/wp\/v2\/users\/7"}],"replies":[{"embeddable":true,"href":"https:\/\/albatrossglobal.org\/es\/wp-json\/wp\/v2\/comments?post=1296168"}],"version-history":[{"count":2,"href":"https:\/\/albatrossglobal.org\/es\/wp-json\/wp\/v2\/pages\/1296168\/revisions"}],"predecessor-version":[{"id":1296204,"href":"https:\/\/albatrossglobal.org\/es\/wp-json\/wp\/v2\/pages\/1296168\/revisions\/1296204"}],"wp:attachment":[{"href":"https:\/\/albatrossglobal.org\/es\/wp-json\/wp\/v2\/media?parent=1296168"}],"curies":[{"name":"wp","href":"https:\/\/api.w.org\/{rel}","templated":true}]}}